{"id":65,"date":"2021-01-11T08:00:06","date_gmt":"2021-01-11T08:00:06","guid":{"rendered":"https:\/\/www.toneluckswitches.com\/?page_id=65"},"modified":"2022-10-28T02:51:43","modified_gmt":"2022-10-28T02:51:43","slug":"cong-tac-cua","status":"publish","type":"page","link":"https:\/\/www.toneluckswitches.com\/vi\/cong-tac-cua\/","title":{"rendered":"C\u00f4ng t\u1eafc c\u1eeda"},"content":{"rendered":"<p><div class=\"fusion-fullwidth fullwidth-box fusion-builder-row-1 fusion-flex-container nonhundred-percent-fullwidth non-hundred-percent-height-scrolling\" style=\"--awb-border-radius-top-left:0px;--awb-border-radius-top-right:0px;--awb-border-radius-bottom-right:0px;--awb-border-radius-bottom-left:0px;--awb-flex-wrap:wrap;\" ><div class=\"fusion-builder-row fusion-row fusion-flex-align-items-flex-start fusion-flex-content-wrap\" style=\"max-width:1560px;margin-left: calc(-4% \/ 2 );margin-right: calc(-4% \/ 2 );\"><div class=\"fusion-layout-column fusion_builder_column fusion-builder-column-0 fusion_builder_column_1_1 1_1 fusion-flex-column\" style=\"--awb-bg-size:cover;--awb-width-large:100%;--awb-margin-top-large:10px;--awb-spacing-right-large:1.92%;--awb-margin-bottom-large:10px;--awb-spacing-left-large:1.92%;--awb-width-medium:100%;--awb-order-medium:0;--awb-spacing-right-medium:1.92%;--awb-spacing-left-medium:1.92%;--awb-width-small:100%;--awb-order-small:0;--awb-spacing-right-small:1.92%;--awb-spacing-left-small:1.92%;\"><div class=\"fusion-column-wrapper fusion-column-has-shadow fusion-flex-justify-content-flex-start fusion-content-layout-column\"><div class=\"fusion-image-element\" style=\"text-align:center;--awb-caption-title-font-family:var(--h2_typography-font-family);--awb-caption-title-font-weight:var(--h2_typography-font-weight);--awb-caption-title-font-style:var(--h2_typography-font-style);--awb-caption-title-size:var(--h2_typography-font-size);--awb-caption-title-transform:var(--h2_typography-text-transform);--awb-caption-title-line-height:var(--h2_typography-line-height);--awb-caption-title-letter-spacing:var(--h2_typography-letter-spacing);\"><span class=\"fusion-imageframe imageframe-none imageframe-1 hover-type-none\"><img decoding=\"async\" width=\"1024\" height=\"355\" alt=\"Bi\u1ec3u ng\u1eef c\u00f4ng t\u1eafc c\u1eeda\" title=\"C\u00f4ng t\u1eafc c\u1eeda banner1200\" src=\"https:\/\/www.toneluckswitches.com\/wp-content\/uploads\/2022\/10\/Door-switch-banner1200-1024x355.jpg\" class=\"img-responsive wp-image-3053\" srcset=\"https:\/\/www.toneluckswitches.com\/wp-content\/uploads\/2022\/10\/Door-switch-banner1200-200x69.jpg 200w, https:\/\/www.toneluckswitches.com\/wp-content\/uploads\/2022\/10\/Door-switch-banner1200-400x139.jpg 400w, https:\/\/www.toneluckswitches.com\/wp-content\/uploads\/2022\/10\/Door-switch-banner1200-600x208.jpg 600w, https:\/\/www.toneluckswitches.com\/wp-content\/uploads\/2022\/10\/Door-switch-banner1200-800x277.jpg 800w, https:\/\/www.toneluckswitches.com\/wp-content\/uploads\/2022\/10\/Door-switch-banner1200.jpg 1200w\" sizes=\"(max-width: 640px) 100vw, 1024px\" \/><\/span><\/div><div class=\"fusion-separator fusion-full-width-sep\" style=\"align-self: center;margin-left: auto;margin-right: auto;margin-top:15px;margin-bottom:15px;width:100%;\"><\/div><div class=\"fusion-title title fusion-title-1 fusion-sep-none fusion-title-text fusion-title-size-two\" style=\"--awb-margin-top-small:10px;--awb-margin-right-small:0px;--awb-margin-bottom-small:10px;--awb-margin-left-small:0px;--awb-font-size:20px;\"><h2 class=\"fusion-title-heading title-heading-left\" style=\"margin:0;font-size:1em;\"><strong>M\u00f4 t\u1ea3 c\u00f4ng t\u1eafc c\u1eeda<\/strong><\/h2><\/div><div class=\"fusion-text fusion-text-1\"><p>D\u00f2ng c\u00f4ng t\u1eafc c\u1eeda Toneluck c\u00f3 \u1ee9ng d\u1ee5ng r\u1ed9ng r\u00e3i trong c\u00e1c thi\u1ebft b\u1ecb gia d\u1ee5ng. Kh\u00e1ch h\u00e0ng c\u1ee7a ch\u00fang t\u00f4i th\u01b0\u1eddng s\u1eed d\u1ee5ng D2, D3 v\u00e0 D5 trong t\u1ee7 l\u1ea1nh, t\u1ee7 \u0111i\u1ec7n, t\u1ee7 s\u1ea5y, l\u00f2 s\u01b0\u1edfi, v.v. Trong khi \u0111\u00f3, d\u00f2ng D6 s\u1ebd \u0111\u01b0\u1ee3c s\u1eed d\u1ee5ng trong m\u00e1y s\u1ea5y, m\u00e1y gi\u1eb7t, m\u00e1y gi\u1eb7t, v.v. C\u00f4ng t\u1eafc \u0111\u01b0\u1ee3c thi\u1ebft k\u1ebf \u0111\u1ec3 \u0111i\u1ec1u khi\u1ec3n m\u1ea1ch \u0111i\u1ec7n B\u1eacT v\u00e0 T\u1eaeT \u0111\u1ec3 \u0111i\u1ec1u khi\u1ec3n c\u00e1c b\u1ed9 ph\u1eadn c\u1ee7a m\u00e1y. V\u00ed d\u1ee5, c\u00f4ng t\u1eafc s\u1ebd \u0111i\u1ec1u khi\u1ec3n \u0111\u00e8n c\u1ee7a thi\u1ebft b\u1ecb, khi c\u1eeda m\u1edf, \u0111\u00e8n s\u1ebd s\u00e1ng nh\u01b0ng s\u1ebd t\u1eaft khi c\u1eeda \u0111\u00f3ng.<\/p>\n<p>C\u00f4ng t\u1eafc c\u1ee7a ch\u00fang t\u00f4i c\u00f3 ch\u1ea5t l\u01b0\u1ee3ng cao v\u00e0 n\u1ed5i ti\u1ebfng, \u0111\u01b0\u1ee3c nhi\u1ec1u kh\u00e1ch h\u00e0ng n\u1ed5i ti\u1ebfng th\u1ebf gi\u1edbi c\u00f4ng nh\u1eadn. Ch\u1eb3ng h\u1ea1n nh\u01b0 W<span class=\"\">hirlpool, <\/span><span class=\"\">Haier, GE, Midea, Electrolux, v.v.<\/span><\/p>\n<\/div><div class=\"fusion-text fusion-text-2\"><p>B\u00ean c\u1ea1nh \u0111\u00f3, s\u1ea3n ph\u1ea9m chuy\u1ec3n m\u1ea1ch c\u1ee7a ch\u00fang t\u00f4i c\u00f3 ch\u1ee9ng nh\u1eadn UL, <a href=\"https:\/\/www.enec.com\/\" target=\"_blank\" rel=\"noopener\">ENEC<\/a>, ch\u1ee9ng nh\u1eadn CQC v\u00e0 v\u1eadt li\u1ec7u \u0111\u1ea1t chu\u1ea9n ROHS &amp; REACH \u0111\u00e1p \u1ee9ng y\u00eau c\u1ea7u c\u1ee7a kh\u00e1ch h\u00e0ng. S\u1ea3n ph\u1ea9m m\u1eabu c\u00f3 s\u1eb5n tr\u01b0\u1edbc khi \u0111\u1eb7t h\u00e0ng.<\/p>\n<\/div><\/div><\/div><\/div><\/div><div class=\"fusion-fullwidth fullwidth-box fusion-builder-row-2 fusion-flex-container nonhundred-percent-fullwidth non-hundred-percent-height-scrolling\" style=\"--awb-border-radius-top-left:0px;--awb-border-radius-top-right:0px;--awb-border-radius-bottom-right:0px;--awb-border-radius-bottom-left:0px;--awb-flex-wrap:wrap;\" ><div class=\"fusion-builder-row fusion-row fusion-flex-align-items-flex-start fusion-flex-content-wrap\" style=\"max-width:1560px;margin-left: calc(-4% \/ 2 );margin-right: calc(-4% \/ 2 );\"><div class=\"fusion-layout-column fusion_builder_column fusion-builder-column-1 fusion_builder_column_1_1 1_1 fusion-flex-column\" style=\"--awb-bg-color:#00205b;--awb-bg-color-hover:#00205b;--awb-bg-size:cover;--awb-width-large:100%;--awb-margin-top-large:10px;--awb-spacing-right-large:1.92%;--awb-margin-bottom-large:10px;--awb-spacing-left-large:1.92%;--awb-width-medium:100%;--awb-order-medium:0;--awb-spacing-right-medium:1.92%;--awb-spacing-left-medium:1.92%;--awb-width-small:100%;--awb-order-small:0;--awb-spacing-right-small:1.92%;--awb-spacing-left-small:1.92%;\"><div class=\"fusion-column-wrapper fusion-column-has-shadow fusion-flex-justify-content-flex-start fusion-content-layout-column\"><div class=\"fusion-text fusion-text-3\" style=\"--awb-font-size:20px;\"><h3><strong><span style=\"color: #ffffff;\">\u00a0 D\u00f2ng c\u00f4ng t\u1eafc c\u1eeda Toneluck<\/span><\/strong><\/h3>\n<\/div><\/div><\/div><\/div><\/div><div class=\"fusion-fullwidth fullwidth-box fusion-builder-row-3 fusion-flex-container nonhundred-percent-fullwidth non-hundred-percent-height-scrolling\" style=\"--awb-border-radius-top-left:0px;--awb-border-radius-top-right:0px;--awb-border-radius-bottom-right:0px;--awb-border-radius-bottom-left:0px;--awb-flex-wrap:wrap;\" ><div class=\"fusion-builder-row fusion-row fusion-flex-align-items-flex-start fusion-flex-content-wrap\" style=\"max-width:1560px;margin-left: calc(-4% \/ 2 );margin-right: calc(-4% \/ 2 );\"><div class=\"fusion-layout-column fusion_builder_column fusion-builder-column-2 fusion_builder_column_1_1 1_1 fusion-flex-column\" style=\"--awb-bg-size:cover;--awb-width-large:100%;--awb-margin-top-large:10px;--awb-spacing-right-large:1.92%;--awb-margin-bottom-large:10px;--awb-spacing-left-large:1.92%;--awb-width-medium:100%;--awb-order-medium:0;--awb-spacing-right-medium:1.92%;--awb-spacing-left-medium:1.92%;--awb-width-small:100%;--awb-order-small:0;--awb-spacing-right-small:1.92%;--awb-spacing-left-small:1.92%;\"><div class=\"fusion-column-wrapper fusion-column-has-shadow fusion-flex-justify-content-flex-start fusion-content-layout-column\"><div class=\"fusion-text fusion-text-4\"><p>N\u1ebfu b\u1ea1n kh\u00f4ng bi\u1ebft c\u00e1ch ch\u1ecdn m\u1eabu c\u00f4ng t\u1eafc c\u1eeda ho\u1eb7c mu\u1ed1n bi\u1ebft gi\u00e1 c\u00f4ng t\u1eafc c\u1eeda, b\u1ea3ng d\u1eef li\u1ec7u ho\u1eb7c th\u00f4ng tin kh\u00e1c, vui l\u00f2ng li\u00ean h\u1ec7 v\u1edbi ch\u00fang t\u00f4i \u0111\u1ec3 bi\u1ebft th\u00eam th\u00f4ng tin, xin c\u1ea3m \u01a1n!<\/p>\n<\/div><div class=\"fusion-builder-row fusion-builder-row-inner fusion-row fusion-flex-align-items-flex-start fusion-flex-content-wrap\" style=\"--awb-flex-grow:0;--awb-flex-grow-medium:0;--awb-flex-grow-small:0;--awb-flex-shrink:0;--awb-flex-shrink-medium:0;--awb-flex-shrink-small:0;width:104% !important;max-width:104% !important;margin-left: calc(-4% \/ 2 );margin-right: calc(-4% \/ 2 );\"><div class=\"fusion-layout-column fusion_builder_column_inner fusion-builder-nested-column-0 fusion_builder_column_inner_1_2 1_2 fusion-flex-column\" style=\"--awb-bg-size:cover;--awb-width-large:50%;--awb-margin-top-large:10px;--awb-spacing-right-large:3.84%;--awb-margin-bottom-large:10px;--awb-spacing-left-large:3.84%;--awb-width-medium:50%;--awb-order-medium:0;--awb-spacing-right-medium:3.84%;--awb-spacing-left-medium:3.84%;--awb-width-small:100%;--awb-order-small:0;--awb-spacing-right-small:1.92%;--awb-spacing-left-small:1.92%;\"><div class=\"fusion-column-wrapper fusion-column-has-shadow fusion-flex-justify-content-flex-start fusion-content-layout-column\">\n<table border=\"0\" width=\"100%\">\n<tbody>\n<tr bgcolor=\"#d2d2d2\">\n<th style=\"padding-left: 40px;\" align=\"left\" height=\"40\"><a href=\"https:\/\/www.toneluckswitches.com\/vi\/cong-tac-cua-dong-d2\/\"><strong>D\u00f2ng c\u00f4ng t\u1eafc D2<\/strong><\/a><\/th>\n<\/tr>\n<\/tbody>\n<\/table>\n<div class=\"fusion-image-element\" style=\"--awb-caption-title-font-family:var(--h2_typography-font-family);--awb-caption-title-font-weight:var(--h2_typography-font-weight);--awb-caption-title-font-style:var(--h2_typography-font-style);--awb-caption-title-size:var(--h2_typography-font-size);--awb-caption-title-transform:var(--h2_typography-text-transform);--awb-caption-title-line-height:var(--h2_typography-line-height);--awb-caption-title-letter-spacing:var(--h2_typography-letter-spacing);\"><span class=\"fusion-imageframe imageframe-none imageframe-2 hover-type-none\"><a class=\"fusion-no-lightbox\" href=\"https:\/\/www.toneluckswitches.com\/vi\/cong-tac-cua-dong-d2\/\" target=\"_blank\" aria-label=\"D\u00f2ng Toneluck D2\" rel=\"noopener noreferrer\"><img decoding=\"async\" width=\"500\" height=\"250\" alt=\"D\u00f2ng Toneluck D2\" src=\"https:\/\/www.toneluckswitches.com\/wp-content\/uploads\/2021\/10\/D2.jpg\" class=\"img-responsive wp-image-2212\" srcset=\"https:\/\/www.toneluckswitches.com\/wp-content\/uploads\/2021\/10\/D2-200x100.jpg 200w, https:\/\/www.toneluckswitches.com\/wp-content\/uploads\/2021\/10\/D2-400x200.jpg 400w, https:\/\/www.toneluckswitches.com\/wp-content\/uploads\/2021\/10\/D2.jpg 500w\" sizes=\"(max-width: 640px) 100vw, 500px\" title=\"\"><\/a><\/span><\/div><div class=\"fusion-separator fusion-full-width-sep\" style=\"align-self: center;margin-left: auto;margin-right: auto;margin-top:15px;margin-bottom:15px;width:100%;\"><\/div>\n<table border=\"0\" width=\"100%\">\n<tbody>\n<tr bgcolor=\"#d2d2d2\">\n<th style=\"padding-left: 40px;\" align=\"left\" height=\"40\"><a href=\"https:\/\/www.toneluckswitches.com\/vi\/cong-tac-den-cua-d5\/\"><strong>D\u00f2ng c\u00f4ng t\u1eafc D5 Toneluck<\/strong><\/a><\/th>\n<\/tr>\n<\/tbody>\n<\/table>\n<div class=\"fusion-image-element\" style=\"--awb-caption-title-font-family:var(--h2_typography-font-family);--awb-caption-title-font-weight:var(--h2_typography-font-weight);--awb-caption-title-font-style:var(--h2_typography-font-style);--awb-caption-title-size:var(--h2_typography-font-size);--awb-caption-title-transform:var(--h2_typography-text-transform);--awb-caption-title-line-height:var(--h2_typography-line-height);--awb-caption-title-letter-spacing:var(--h2_typography-letter-spacing);\"><span class=\"fusion-imageframe imageframe-none imageframe-3 hover-type-none\"><a class=\"fusion-no-lightbox\" href=\"https:\/\/www.toneluckswitches.com\/vi\/cong-tac-den-cua-d5\/\" target=\"_blank\" aria-label=\"D\u00f2ng c\u00f4ng t\u1eafc D5\" rel=\"noopener noreferrer\"><img decoding=\"async\" width=\"500\" height=\"250\" alt=\"D\u00f2ng c\u00f4ng t\u1eafc D5\" src=\"https:\/\/www.toneluckswitches.com\/wp-content\/uploads\/2021\/10\/D5.jpg\" class=\"img-responsive wp-image-2214\" srcset=\"https:\/\/www.toneluckswitches.com\/wp-content\/uploads\/2021\/10\/D5-200x100.jpg 200w, https:\/\/www.toneluckswitches.com\/wp-content\/uploads\/2021\/10\/D5-400x200.jpg 400w, https:\/\/www.toneluckswitches.com\/wp-content\/uploads\/2021\/10\/D5.jpg 500w\" sizes=\"(max-width: 640px) 100vw, 500px\" title=\"\"><\/a><\/span><\/div><\/div><\/div><div class=\"fusion-layout-column fusion_builder_column_inner fusion-builder-nested-column-1 fusion_builder_column_inner_1_2 1_2 fusion-flex-column\" style=\"--awb-bg-size:cover;--awb-width-large:50%;--awb-margin-top-large:10px;--awb-spacing-right-large:3.84%;--awb-margin-bottom-large:10px;--awb-spacing-left-large:3.84%;--awb-width-medium:50%;--awb-order-medium:0;--awb-spacing-right-medium:3.84%;--awb-spacing-left-medium:3.84%;--awb-width-small:100%;--awb-order-small:0;--awb-spacing-right-small:1.92%;--awb-spacing-left-small:1.92%;\"><div class=\"fusion-column-wrapper fusion-column-has-shadow fusion-flex-justify-content-flex-start fusion-content-layout-column\">\n<table border=\"0\" width=\"100%\">\n<tbody>\n<tr bgcolor=\"#d2d2d2\">\n<th style=\"padding-left: 40px;\" align=\"left\" height=\"40\"><a href=\"https:\/\/www.toneluckswitches.com\/vi\/cong-tac-cua-d3-cho-den\/\"><strong>D\u00f2ng c\u00f4ng t\u1eafc \u0111\u00e8n c\u1eeda D3<\/strong><\/a><\/th>\n<\/tr>\n<\/tbody>\n<\/table>\n<div class=\"fusion-image-element\" style=\"--awb-caption-title-font-family:var(--h2_typography-font-family);--awb-caption-title-font-weight:var(--h2_typography-font-weight);--awb-caption-title-font-style:var(--h2_typography-font-style);--awb-caption-title-size:var(--h2_typography-font-size);--awb-caption-title-transform:var(--h2_typography-text-transform);--awb-caption-title-line-height:var(--h2_typography-line-height);--awb-caption-title-letter-spacing:var(--h2_typography-letter-spacing);\"><span class=\"fusion-imageframe imageframe-none imageframe-4 hover-type-none\"><a class=\"fusion-no-lightbox\" href=\"https:\/\/www.toneluckswitches.com\/vi\/cong-tac-cua-d3-cho-den\/\" target=\"_blank\" aria-label=\"C\u00f4ng t\u1eafc \u0111\u00e8n c\u1eeda Toneluck D3\" rel=\"noopener noreferrer\"><img decoding=\"async\" width=\"500\" height=\"250\" alt=\"C\u00f4ng t\u1eafc \u0111\u00e8n c\u1eeda Toneluck D3\" src=\"https:\/\/www.toneluckswitches.com\/wp-content\/uploads\/2021\/10\/D3.jpg\" class=\"img-responsive wp-image-2213\" srcset=\"https:\/\/www.toneluckswitches.com\/wp-content\/uploads\/2021\/10\/D3-200x100.jpg 200w, https:\/\/www.toneluckswitches.com\/wp-content\/uploads\/2021\/10\/D3-400x200.jpg 400w, https:\/\/www.toneluckswitches.com\/wp-content\/uploads\/2021\/10\/D3.jpg 500w\" sizes=\"(max-width: 640px) 100vw, 500px\" title=\"\"><\/a><\/span><\/div><div class=\"fusion-separator fusion-full-width-sep\" style=\"align-self: center;margin-left: auto;margin-right: auto;margin-top:15px;margin-bottom:15px;width:100%;\"><\/div>\n<table border=\"0\" width=\"100%\">\n<tbody>\n<tr bgcolor=\"#d2d2d2\">\n<th style=\"padding-left: 40px;\" align=\"left\" height=\"40\"><a href=\"https:\/\/www.toneluckswitches.com\/vi\/cong-tac-cua-d6-cho-may-say\/\"><strong>D\u00f2ng c\u00f4ng t\u1eafc m\u00e1y s\u1ea5y v\u00e0 m\u00e1y gi\u1eb7t D6<\/strong><\/a><\/th>\n<\/tr>\n<\/tbody>\n<\/table>\n<div class=\"fusion-image-element\" style=\"--awb-caption-title-font-family:var(--h2_typography-font-family);--awb-caption-title-font-weight:var(--h2_typography-font-weight);--awb-caption-title-font-style:var(--h2_typography-font-style);--awb-caption-title-size:var(--h2_typography-font-size);--awb-caption-title-transform:var(--h2_typography-text-transform);--awb-caption-title-line-height:var(--h2_typography-line-height);--awb-caption-title-letter-spacing:var(--h2_typography-letter-spacing);\"><span class=\"fusion-imageframe imageframe-none imageframe-5 hover-type-none\"><a class=\"fusion-no-lightbox\" href=\"https:\/\/www.toneluckswitches.com\/vi\/cong-tac-cua-d6-cho-may-say\/\" target=\"_blank\" aria-label=\"D\u00f2ng c\u00f4ng t\u1eafc m\u00e1y s\u1ea5y D6\" rel=\"noopener noreferrer\"><img decoding=\"async\" width=\"500\" height=\"250\" alt=\"D\u00f2ng c\u00f4ng t\u1eafc m\u00e1y s\u1ea5y D6\" src=\"https:\/\/www.toneluckswitches.com\/wp-content\/uploads\/2021\/10\/D6.jpg\" class=\"img-responsive wp-image-2215\" srcset=\"https:\/\/www.toneluckswitches.com\/wp-content\/uploads\/2021\/10\/D6-200x100.jpg 200w, https:\/\/www.toneluckswitches.com\/wp-content\/uploads\/2021\/10\/D6-400x200.jpg 400w, https:\/\/www.toneluckswitches.com\/wp-content\/uploads\/2021\/10\/D6.jpg 500w\" sizes=\"(max-width: 640px) 100vw, 500px\" title=\"\"><\/a><\/span><\/div><\/div><\/div><\/div><\/div><\/div><\/div><\/div><\/p>","protected":false},"excerpt":{"rendered":"","protected":false},"author":1,"featured_media":0,"parent":0,"menu_order":0,"comment_status":"closed","ping_status":"closed","template":"","meta":{"footnotes":""},"class_list":["post-65","page","type-page","status-publish","hentry"],"_links":{"self":[{"href":"https:\/\/www.toneluckswitches.com\/vi\/wp-json\/wp\/v2\/pages\/65","targetHints":{"allow":["GET"]}}],"collection":[{"href":"https:\/\/www.toneluckswitches.com\/vi\/wp-json\/wp\/v2\/pages"}],"about":[{"href":"https:\/\/www.toneluckswitches.com\/vi\/wp-json\/wp\/v2\/types\/page"}],"author":[{"embeddable":true,"href":"https:\/\/www.toneluckswitches.com\/vi\/wp-json\/wp\/v2\/users\/1"}],"replies":[{"embeddable":true,"href":"https:\/\/www.toneluckswitches.com\/vi\/wp-json\/wp\/v2\/comments?post=65"}],"version-history":[{"count":5,"href":"https:\/\/www.toneluckswitches.com\/vi\/wp-json\/wp\/v2\/pages\/65\/revisions"}],"predecessor-version":[{"id":3054,"href":"https:\/\/www.toneluckswitches.com\/vi\/wp-json\/wp\/v2\/pages\/65\/revisions\/3054"}],"wp:attachment":[{"href":"https:\/\/www.toneluckswitches.com\/vi\/wp-json\/wp\/v2\/media?parent=65"}],"curies":[{"name":"wp","href":"https:\/\/api.w.org\/{rel}","templated":true}]}}