{"id":62,"date":"2021-01-11T07:59:31","date_gmt":"2021-01-11T07:59:31","guid":{"rendered":"https:\/\/www.toneluckswitches.com\/?page_id=62"},"modified":"2022-03-25T05:41:07","modified_gmt":"2022-03-25T05:41:07","slug":"cong-tac-nut-nhan","status":"publish","type":"page","link":"https:\/\/www.toneluckswitches.com\/vi\/cong-tac-nut-nhan\/","title":{"rendered":"C\u00f4ng t\u1eafc n\u00fat nh\u1ea5n"},"content":{"rendered":"<div class=\"fusion-fullwidth fullwidth-box fusion-builder-row-1 fusion-flex-container nonhundred-percent-fullwidth non-hundred-percent-height-scrolling\" style=\"--awb-border-radius-top-left:0px;--awb-border-radius-top-right:0px;--awb-border-radius-bottom-right:0px;--awb-border-radius-bottom-left:0px;--awb-flex-wrap:wrap;\" ><div class=\"fusion-builder-row fusion-row fusion-flex-align-items-flex-start fusion-flex-content-wrap\" style=\"max-width:1560px;margin-left: calc(-4% \/ 2 );margin-right: calc(-4% \/ 2 );\"><div class=\"fusion-layout-column fusion_builder_column fusion-builder-column-0 fusion_builder_column_1_1 1_1 fusion-flex-column\" style=\"--awb-bg-size:cover;--awb-width-large:100%;--awb-margin-top-large:10px;--awb-spacing-right-large:1.92%;--awb-margin-bottom-large:10px;--awb-spacing-left-large:1.92%;--awb-width-medium:100%;--awb-order-medium:0;--awb-spacing-right-medium:1.92%;--awb-spacing-left-medium:1.92%;--awb-width-small:100%;--awb-order-small:0;--awb-spacing-right-small:1.92%;--awb-spacing-left-small:1.92%;\"><div class=\"fusion-column-wrapper fusion-column-has-shadow fusion-flex-justify-content-flex-start fusion-content-layout-column\"><div class=\"fusion-text fusion-text-1\"><p class=\"entry-title fusion-responsive-typography-calculated\" data-fontsize=\"26\" data-lineheight=\"36.4px\">L\u00e0 nh\u00e0 cung c\u1ea5p s\u1ea3n xu\u1ea5t c\u00f4ng t\u1eafc n\u00fat nh\u1ea5n, ch\u00fang t\u00f4i kh\u00f4ng ch\u1ec9 cung c\u1ea5p c\u00f4ng t\u1eafc Toneluck m\u00e0 c\u00f2n cung c\u1ea5p d\u1ef1 \u00e1n <a href=\"https:\/\/en.wikipedia.org\/wiki\/Original_equipment_manufacturer\" target=\"_blank\" rel=\"noopener\">OEM<\/a> H\u1ed7 tr\u1ee3 ti\u1ebft ki\u1ec7m th\u1eddi gian v\u00e0 ti\u1ec1n b\u1ea1c cho kh\u00e1ch h\u00e0ng. Thi\u1ebft b\u1ecb chuy\u1ec3n m\u1ea1ch c\u1ee7a ch\u00fang t\u00f4i kh\u00f4ng ch\u1ec9 n\u1ed5i ti\u1ebfng tr\u00ean to\u00e0n th\u1ebf gi\u1edbi m\u00e0 c\u00f2n \u0111\u01b0\u1ee3c kh\u00e1ch h\u00e0ng t\u1eeb nhi\u1ec1u qu\u1ed1c gia kh\u00e1c nhau c\u00f4ng nh\u1eadn. V\u00ed d\u1ee5: b\u1ea1n c\u00f3 th\u1ec3 nh\u1ea5p v\u00e0o \u0111\u00e2y \u0111\u1ec3 \u0111\u1ebfn trang ch\u1ee7 c\u1ee7a ch\u00fang t\u00f4i \u0111\u1ec3 xem <a href=\"https:\/\/www.toneluckswitches.com\/vi\/\" target=\"_blank\" rel=\"noopener\">kh\u00e1ch h\u00e0ng c\u1ee7a ch\u00fang t\u00f4i<\/a>. Ngo\u00e0i ra, ch\u00fang t\u00f4i c\u00f2n c\u00f3 nhi\u1ec1u lo\u1ea1i c\u00f4ng t\u1eafc n\u00fat nh\u1ea5n \u0111\u1ec3 l\u1ef1a ch\u1ecdn. Ch\u1eb3ng h\u1ea1n nh\u01b0 Key, LTV, MPN, MPV, PBA, PBN. Nh\u00ecn chung, <span class=\"\">c\u00f4ng t\u1eafc n\u00fat nh\u1ea5n t\u1ea1m th\u1eddi, <\/span><span class=\"\">c\u00f4ng t\u1eafc \u0111i\u1ec7n n\u00fat nh\u1ea5n, <\/span><span class=\"\">N\u00fat nh\u1ea5n c\u00f4ng t\u1eafc 12v, <\/span><span class=\"\">n\u00fat nh\u1ea5n b\u1eadt-t\u1eaft.<\/span><\/p>\n<p class=\"entry-title fusion-responsive-typography-calculated\" data-fontsize=\"26\" data-lineheight=\"36.4px\">Trong khi \u0111\u00f3, c\u00f4ng t\u1eafc n\u00fat nh\u1ea5n \u0111\u01b0\u1ee3c s\u1eed d\u1ee5ng r\u1ed9ng r\u00e3i trong \u00f4 t\u00f4, thi\u1ebft b\u1ecb \u00e2m thanh, thi\u1ebft b\u1ecb \u0111i\u1ec7n t\u1eed, v.v.<\/p>\n<\/div><div class=\"fusion-text fusion-text-2\"><p class=\"entry-title fusion-responsive-typography-calculated\" data-fontsize=\"26\" data-lineheight=\"36.4px\">Ngo\u00e0i ra, ng\u01b0\u1eddi mua c\u00f3 th\u1ec3 l\u1ef1a ch\u1ecdn c\u00e1c th\u00f4ng s\u1ed1 theo y\u00eau c\u1ea7u c\u1ee7a m\u00ecnh. Ch\u1eb3ng h\u1ea1n nh\u01b0 ch\u1ee9c n\u0103ng t\u1ea1m th\u1eddi, t\u1ef1 kh\u00f3a, kh\u00f4ng ch\u1ed1t, \u0111\u1ecbnh m\u1ee9c d\u00f2ng \u0111i\u1ec7n v\u00e0 \u0111i\u1ec7n \u00e1p, c\u00e1c th\u00f4ng s\u1ed1 c\u1ee7a PT, l\u1ef1c, ti\u1ebfp x\u00fac, v.v.<\/p>\n<\/div><div class=\"fusion-text fusion-text-3\"><p>Nh\u00ecn chung, Toneluck l\u00e0 nh\u00e0 cung c\u1ea5p \u0111\u00e1ng tin c\u1eady v\u00ec ch\u00fang t\u00f4i \u0111\u01b0\u1ee3c th\u00e0nh l\u1eadp v\u00e0o n\u0103m 1973.<\/p>\n<ul>\n<li>\u0110\u1ed1i v\u1edbi kh\u00e1ch h\u00e0ng: Cung c\u1ea5p s\u1ea3n ph\u1ea9m v\u00e0 d\u1ecbch v\u1ee5 t\u1ed1t h\u01a1n<\/li>\n<li>\u0110\u1ed1i v\u1edbi nh\u00e2n vi\u00ean: T\u1ea1o c\u01a1 h\u1ed9i h\u1ecdc t\u1eadp, c\u1ea3i thi\u1ec7n m\u00f4i tr\u01b0\u1eddng l\u00e0m vi\u1ec7c v\u00e0 thu nh\u1eadp kinh t\u1ebf<\/li>\n<li>\u0110\u1ed1i v\u1edbi c\u1ed5 \u0111\u00f4ng: N\u00e2ng cao l\u1ee3i nhu\u1eadn v\u00e0 ch\u1ea5t l\u01b0\u1ee3ng \u0111\u1ea7u t\u01b0<\/li>\n<li>\u0110\u1ed1i v\u1edbi \u0111\u1ed1i t\u00e1c: Kh\u00e1m ph\u00e1 s\u1ef1 ph\u00e1t tri\u1ec3n chung v\u00e0 t\u0103ng c\u01b0\u1eddng l\u1ee3i \u00edch hi\u1ec7p \u0111\u1ed3ng.<\/li>\n<li>\u0110\u1ed1i v\u1edbi x\u00e3 h\u1ed9i: T\u1ea1o vi\u1ec7c l\u00e0m, th\u00fac \u0111\u1ea9y kinh t\u1ebf v\u00e0 s\u1ef1 h\u00e0i h\u00f2a, \u1ed5n \u0111\u1ecbnh<\/li>\n<\/ul>\n<\/div><div class=\"fusion-separator fusion-full-width-sep\" style=\"align-self: center;margin-left: auto;margin-right: auto;margin-top:15px;margin-bottom:15px;width:100%;\"><\/div><div class=\"fusion-image-element\" style=\"text-align:left;--awb-caption-title-font-family:var(--h2_typography-font-family);--awb-caption-title-font-weight:var(--h2_typography-font-weight);--awb-caption-title-font-style:var(--h2_typography-font-style);--awb-caption-title-size:var(--h2_typography-font-size);--awb-caption-title-transform:var(--h2_typography-text-transform);--awb-caption-title-line-height:var(--h2_typography-line-height);--awb-caption-title-letter-spacing:var(--h2_typography-letter-spacing);\"><span class=\"fusion-imageframe imageframe-none imageframe-1 hover-type-none\"><img decoding=\"async\" width=\"1024\" height=\"320\" alt=\"bi\u1ec3u ng\u1eef n\u00fat nh\u1ea5n chuy\u1ec3n \u0111\u1ed5i\" title=\"bi\u1ec3u ng\u1eef n\u00fat nh\u1ea5n chuy\u1ec3n \u0111\u1ed5i\" src=\"https:\/\/www.toneluckswitches.com\/wp-content\/uploads\/2021\/04\/push-button-switch-1024x320.jpg\" class=\"img-responsive wp-image-1691\" srcset=\"https:\/\/www.toneluckswitches.com\/wp-content\/uploads\/2021\/04\/push-button-switch-200x63.jpg 200w, https:\/\/www.toneluckswitches.com\/wp-content\/uploads\/2021\/04\/push-button-switch-400x125.jpg 400w, https:\/\/www.toneluckswitches.com\/wp-content\/uploads\/2021\/04\/push-button-switch-600x188.jpg 600w, https:\/\/www.toneluckswitches.com\/wp-content\/uploads\/2021\/04\/push-button-switch-800x250.jpg 800w, https:\/\/www.toneluckswitches.com\/wp-content\/uploads\/2021\/04\/push-button-switch-1200x375.jpg 1200w, https:\/\/www.toneluckswitches.com\/wp-content\/uploads\/2021\/04\/push-button-switch.jpg 1920w\" sizes=\"(max-width: 640px) 100vw, 1024px\" \/><\/span><\/div><div class=\"fusion-separator fusion-full-width-sep\" style=\"align-self: center;margin-left: auto;margin-right: auto;margin-top:15px;margin-bottom:15px;width:100%;\"><\/div><div class=\"fusion-title title fusion-title-1 fusion-sep-none fusion-title-text fusion-title-size-two\" style=\"--awb-margin-top-small:10px;--awb-margin-right-small:0px;--awb-margin-bottom-small:10px;--awb-margin-left-small:0px;--awb-font-size:20px;\"><h2 class=\"fusion-title-heading title-heading-left\" style=\"margin:0;font-size:1em;\"><strong>M\u1ee5c c\u00f4ng t\u1eafc n\u00fat nh\u1ea5n cho c\u00e1c t\u00f9y ch\u1ecdn<\/strong><\/h2><\/div><div class=\"fusion-builder-row fusion-builder-row-inner fusion-row fusion-flex-align-items-flex-start fusion-flex-content-wrap\" style=\"--awb-flex-grow:0;--awb-flex-grow-medium:0;--awb-flex-grow-small:0;--awb-flex-shrink:0;--awb-flex-shrink-medium:0;--awb-flex-shrink-small:0;width:104% !important;max-width:104% !important;margin-left: calc(-4% \/ 2 );margin-right: calc(-4% \/ 2 );\"><div class=\"fusion-layout-column fusion_builder_column_inner fusion-builder-nested-column-0 fusion_builder_column_inner_1_2 1_2 fusion-flex-column\" style=\"--awb-bg-size:cover;--awb-width-large:50%;--awb-margin-top-large:10px;--awb-spacing-right-large:3.84%;--awb-margin-bottom-large:10px;--awb-spacing-left-large:3.84%;--awb-width-medium:50%;--awb-order-medium:0;--awb-spacing-right-medium:3.84%;--awb-spacing-left-medium:3.84%;--awb-width-small:100%;--awb-order-small:0;--awb-spacing-right-small:1.92%;--awb-spacing-left-small:1.92%;\"><div class=\"fusion-column-wrapper fusion-column-has-shadow fusion-flex-justify-content-flex-start fusion-content-layout-column\">\n<table border=\"0\" width=\"100%\">\n<tbody>\n<tr bgcolor=\"#d2d2d2\">\n<th style=\"padding-left: 40px;\" align=\"left\" height=\"40\"><strong>D\u00f2ng LTV<\/strong><\/th>\n<\/tr>\n<\/tbody>\n<\/table>\n<div class=\"fusion-text fusion-text-4\"><p>D\u00f2ng LTV bao g\u1ed3m LTV-75 &amp; 76, LTV-77, LTV-85 &amp; 86, LTV-87, LTV-88 v\u00e0 LTV-89.<\/p>\n<\/div><div class=\"fusion-image-element\" style=\"--awb-caption-title-font-family:var(--h2_typography-font-family);--awb-caption-title-font-weight:var(--h2_typography-font-weight);--awb-caption-title-font-style:var(--h2_typography-font-style);--awb-caption-title-size:var(--h2_typography-font-size);--awb-caption-title-transform:var(--h2_typography-text-transform);--awb-caption-title-line-height:var(--h2_typography-line-height);--awb-caption-title-letter-spacing:var(--h2_typography-letter-spacing);\"><span class=\"fusion-imageframe imageframe-none imageframe-2 hover-type-none\"><a class=\"fusion-no-lightbox\" href=\"https:\/\/www.toneluckswitches.com\/vi\/nut-chuyen-doi-ltv\/\" target=\"_blank\" aria-label=\"C\u00f4ng t\u1eafc n\u00fat LTV\" rel=\"noopener noreferrer\"><img decoding=\"async\" width=\"500\" height=\"250\" alt=\"C\u00f4ng t\u1eafc n\u00fat LTV\" src=\"https:\/\/www.toneluckswitches.com\/wp-content\/uploads\/2021\/10\/LTV.jpg\" class=\"img-responsive wp-image-2183\" srcset=\"https:\/\/www.toneluckswitches.com\/wp-content\/uploads\/2021\/10\/LTV-200x100.jpg 200w, https:\/\/www.toneluckswitches.com\/wp-content\/uploads\/2021\/10\/LTV-400x200.jpg 400w, https:\/\/www.toneluckswitches.com\/wp-content\/uploads\/2021\/10\/LTV.jpg 500w\" sizes=\"(max-width: 640px) 100vw, 500px\" title=\"\"><\/a><\/span><\/div><\/div><\/div><div class=\"fusion-layout-column fusion_builder_column_inner fusion-builder-nested-column-1 fusion_builder_column_inner_1_2 1_2 fusion-flex-column\" style=\"--awb-bg-size:cover;--awb-width-large:50%;--awb-margin-top-large:10px;--awb-spacing-right-large:3.84%;--awb-margin-bottom-large:10px;--awb-spacing-left-large:3.84%;--awb-width-medium:50%;--awb-order-medium:0;--awb-spacing-right-medium:3.84%;--awb-spacing-left-medium:3.84%;--awb-width-small:100%;--awb-order-small:0;--awb-spacing-right-small:1.92%;--awb-spacing-left-small:1.92%;\"><div class=\"fusion-column-wrapper fusion-column-has-shadow fusion-flex-justify-content-flex-start fusion-content-layout-column\">\n<table border=\"0\" width=\"100%\">\n<tbody>\n<tr bgcolor=\"#d2d2d2\">\n<th style=\"padding-left: 40px;\" align=\"left\" height=\"40\"><strong>D\u00f2ng MPN<\/strong><\/th>\n<\/tr>\n<\/tbody>\n<\/table>\n<div class=\"fusion-text fusion-text-5\"><p>D\u00f2ng MPN c\u00f3 \u0111\u1ecbnh m\u1ee9c 0,10A 30VDC v\u1edbi 10.000 chu k\u1ef3 \u0111i\u1ec7n \u0111\u01b0\u1ee3c ch\u1ee9ng nh\u1eadn, ho\u1ea1t \u0111\u1ed9ng trong ph\u1ea1m vi nhi\u1ec7t \u0111\u1ed9 t\u1eeb -10\u00baC \u0111\u1ebfn 60\u00baC. Ng\u01b0\u1eddi mua c\u00f3 th\u1ec3 ch\u1ecdn ch\u1ee9c n\u0103ng t\u1ef1 kh\u00f3a v\u00e0 ch\u1ee9c n\u0103ng kh\u00f3a t\u1ea1m th\u1eddi, \u0111\u1ed3ng th\u1eddi c\u00f3 hai, b\u1ed1n ho\u1eb7c s\u00e1u c\u1ef1c cho m\u1ea1ch \u0111i\u1ec7n.<\/p>\n<\/div><div class=\"fusion-image-element\" style=\"--awb-caption-title-font-family:var(--h2_typography-font-family);--awb-caption-title-font-weight:var(--h2_typography-font-weight);--awb-caption-title-font-style:var(--h2_typography-font-style);--awb-caption-title-size:var(--h2_typography-font-size);--awb-caption-title-transform:var(--h2_typography-text-transform);--awb-caption-title-line-height:var(--h2_typography-line-height);--awb-caption-title-letter-spacing:var(--h2_typography-letter-spacing);\"><span class=\"fusion-imageframe imageframe-none imageframe-3 hover-type-none\"><a class=\"fusion-no-lightbox\" href=\"https:\/\/www.toneluckswitches.com\/vi\/nut-nhan-mpn-bat-tat-cong-tac\/\" target=\"_blank\" aria-label=\"C\u00f4ng t\u1eafc n\u00fat nhi\u1ec1u c\u1ef1c MPN\" rel=\"noopener noreferrer\"><img decoding=\"async\" width=\"500\" height=\"250\" alt=\"C\u00f4ng t\u1eafc n\u00fat nhi\u1ec1u c\u1ef1c MPN\" src=\"https:\/\/www.toneluckswitches.com\/wp-content\/uploads\/2021\/10\/MPN.jpg\" class=\"img-responsive wp-image-2186\" srcset=\"https:\/\/www.toneluckswitches.com\/wp-content\/uploads\/2021\/10\/MPN-200x100.jpg 200w, https:\/\/www.toneluckswitches.com\/wp-content\/uploads\/2021\/10\/MPN-400x200.jpg 400w, https:\/\/www.toneluckswitches.com\/wp-content\/uploads\/2021\/10\/MPN.jpg 500w\" sizes=\"(max-width: 640px) 100vw, 500px\" title=\"\"><\/a><\/span><\/div><\/div><\/div><\/div><div class=\"fusion-builder-row fusion-builder-row-inner fusion-row fusion-flex-align-items-flex-start fusion-flex-content-wrap\" style=\"--awb-flex-grow:0;--awb-flex-grow-medium:0;--awb-flex-grow-small:0;--awb-flex-shrink:0;--awb-flex-shrink-medium:0;--awb-flex-shrink-small:0;width:104% !important;max-width:104% !important;margin-left: calc(-4% \/ 2 );margin-right: calc(-4% \/ 2 );\"><div class=\"fusion-layout-column fusion_builder_column_inner fusion-builder-nested-column-2 fusion_builder_column_inner_1_2 1_2 fusion-flex-column\" style=\"--awb-bg-size:cover;--awb-width-large:50%;--awb-margin-top-large:10px;--awb-spacing-right-large:3.84%;--awb-margin-bottom-large:10px;--awb-spacing-left-large:3.84%;--awb-width-medium:50%;--awb-order-medium:0;--awb-spacing-right-medium:3.84%;--awb-spacing-left-medium:3.84%;--awb-width-small:100%;--awb-order-small:0;--awb-spacing-right-small:1.92%;--awb-spacing-left-small:1.92%;\"><div class=\"fusion-column-wrapper fusion-column-has-shadow fusion-flex-justify-content-flex-start fusion-content-layout-column\">\n<table border=\"0\" width=\"100%\">\n<tbody>\n<tr bgcolor=\"#d2d2d2\">\n<th style=\"padding-left: 40px;\" align=\"left\" height=\"40\"><strong>D\u00f2ng kh\u00f3a<\/strong><\/th>\n<\/tr>\n<\/tbody>\n<\/table>\n<div class=\"fusion-text fusion-text-6\"><p>D\u00f2ng c\u00f4ng t\u1eafc n\u00fat nh\u1ea5n c\u00f3 k\u00edch th\u01b0\u1edbc nh\u1ecf v\u1edbi nhi\u1ec1u m\u00e0u s\u1eafc kh\u00e1c nhau, \u0111\u1ecbnh m\u1ee9c l\u00e0 0,01A 35VDC 100.000 chu k\u1ef3.<\/p>\n<\/div><div class=\"fusion-image-element\" style=\"--awb-caption-title-font-family:var(--h2_typography-font-family);--awb-caption-title-font-weight:var(--h2_typography-font-weight);--awb-caption-title-font-style:var(--h2_typography-font-style);--awb-caption-title-size:var(--h2_typography-font-size);--awb-caption-title-transform:var(--h2_typography-text-transform);--awb-caption-title-line-height:var(--h2_typography-line-height);--awb-caption-title-letter-spacing:var(--h2_typography-letter-spacing);\"><span class=\"fusion-imageframe imageframe-none imageframe-4 hover-type-none\"><a class=\"fusion-no-lightbox\" href=\"https:\/\/www.toneluckswitches.com\/vi\/cong-tac-khoi-dong-bang-nut-nhan-chia-khoa\/\" target=\"_blank\" aria-label=\"C\u00f4ng t\u1eafc n\u00fat nh\u1ea5n mini KEY\" rel=\"noopener noreferrer\"><img decoding=\"async\" width=\"500\" height=\"250\" alt=\"C\u00f4ng t\u1eafc n\u00fat nh\u1ea5n mini KEY\" src=\"https:\/\/www.toneluckswitches.com\/wp-content\/uploads\/2021\/10\/KEY.jpg\" class=\"img-responsive wp-image-2185\" srcset=\"https:\/\/www.toneluckswitches.com\/wp-content\/uploads\/2021\/10\/KEY-200x100.jpg 200w, https:\/\/www.toneluckswitches.com\/wp-content\/uploads\/2021\/10\/KEY-400x200.jpg 400w, https:\/\/www.toneluckswitches.com\/wp-content\/uploads\/2021\/10\/KEY.jpg 500w\" sizes=\"(max-width: 640px) 100vw, 500px\" title=\"\"><\/a><\/span><\/div><\/div><\/div><div class=\"fusion-layout-column fusion_builder_column_inner fusion-builder-nested-column-3 fusion_builder_column_inner_1_2 1_2 fusion-flex-column\" style=\"--awb-bg-size:cover;--awb-width-large:50%;--awb-margin-top-large:10px;--awb-spacing-right-large:3.84%;--awb-margin-bottom-large:10px;--awb-spacing-left-large:3.84%;--awb-width-medium:50%;--awb-order-medium:0;--awb-spacing-right-medium:3.84%;--awb-spacing-left-medium:3.84%;--awb-width-small:100%;--awb-order-small:0;--awb-spacing-right-small:1.92%;--awb-spacing-left-small:1.92%;\"><div class=\"fusion-column-wrapper fusion-column-has-shadow fusion-flex-justify-content-flex-start fusion-content-layout-column\">\n<table border=\"0\" width=\"100%\">\n<tbody>\n<tr bgcolor=\"#d2d2d2\">\n<th style=\"padding-left: 40px;\" align=\"left\" height=\"40\"><strong>D\u00f2ng PBN<\/strong><\/th>\n<\/tr>\n<\/tbody>\n<\/table>\n<div class=\"fusion-text fusion-text-7\"><p>PBN c\u0169ng c\u00f3 nhi\u1ec1u lo\u1ea1i c\u1ef1c \u0111\u1ec3 l\u1ef1a ch\u1ecdn, ch\u1eb3ng h\u1ea1n nh\u01b0 2, 4 v\u00e0 6 c\u1ef1c. B\u00ean c\u1ea1nh \u0111\u00f3, ng\u01b0\u1eddi mua c\u0169ng c\u00f3 th\u1ec3 ch\u1ecdn ch\u1ee9c n\u0103ng t\u1ef1 kh\u00f3a v\u00e0 kh\u00f4ng kh\u00f3a. N\u1ebfu b\u1ea1n c\u00f3 nhu c\u1ea7u di chuy\u1ec3n, ch\u00fang t\u00f4i c\u0169ng c\u00f3 lo\u1ea1i 3,5mm v\u00e0 2,5mm cho b\u1ea1n.<\/p>\n<\/div><div class=\"fusion-image-element\" style=\"--awb-caption-title-font-family:var(--h2_typography-font-family);--awb-caption-title-font-weight:var(--h2_typography-font-weight);--awb-caption-title-font-style:var(--h2_typography-font-style);--awb-caption-title-size:var(--h2_typography-font-size);--awb-caption-title-transform:var(--h2_typography-text-transform);--awb-caption-title-line-height:var(--h2_typography-line-height);--awb-caption-title-letter-spacing:var(--h2_typography-letter-spacing);\"><span class=\"fusion-imageframe imageframe-none imageframe-5 hover-type-none\"><a class=\"fusion-no-lightbox\" href=\"https:\/\/www.toneluckswitches.com\/vi\/nut-chuyen-mach-pbn\/\" target=\"_blank\" aria-label=\"Ng\u00e2n h\u00e0ng n\u00fat nh\u1ea5n PBN\" rel=\"noopener noreferrer\"><img decoding=\"async\" width=\"500\" height=\"250\" alt=\"Ng\u00e2n h\u00e0ng n\u00fat nh\u1ea5n PBN\" src=\"https:\/\/www.toneluckswitches.com\/wp-content\/uploads\/2021\/10\/PBN.jpg\" class=\"img-responsive wp-image-2184\" srcset=\"https:\/\/www.toneluckswitches.com\/wp-content\/uploads\/2021\/10\/PBN-200x100.jpg 200w, https:\/\/www.toneluckswitches.com\/wp-content\/uploads\/2021\/10\/PBN-400x200.jpg 400w, https:\/\/www.toneluckswitches.com\/wp-content\/uploads\/2021\/10\/PBN.jpg 500w\" sizes=\"(max-width: 640px) 100vw, 500px\" title=\"\"><\/a><\/span><\/div><\/div><\/div><\/div><div class=\"fusion-builder-row fusion-builder-row-inner fusion-row fusion-flex-align-items-flex-start fusion-flex-content-wrap\" style=\"--awb-flex-grow:0;--awb-flex-grow-medium:0;--awb-flex-grow-small:0;--awb-flex-shrink:0;--awb-flex-shrink-medium:0;--awb-flex-shrink-small:0;width:104% !important;max-width:104% !important;margin-left: calc(-4% \/ 2 );margin-right: calc(-4% \/ 2 );\"><div class=\"fusion-layout-column fusion_builder_column_inner fusion-builder-nested-column-4 fusion_builder_column_inner_1_2 1_2 fusion-flex-column\" style=\"--awb-bg-size:cover;--awb-width-large:50%;--awb-margin-top-large:10px;--awb-spacing-right-large:3.84%;--awb-margin-bottom-large:10px;--awb-spacing-left-large:3.84%;--awb-width-medium:50%;--awb-order-medium:0;--awb-spacing-right-medium:3.84%;--awb-spacing-left-medium:3.84%;--awb-width-small:100%;--awb-order-small:0;--awb-spacing-right-small:1.92%;--awb-spacing-left-small:1.92%;\"><div class=\"fusion-column-wrapper fusion-column-has-shadow fusion-flex-justify-content-flex-start fusion-content-layout-column\">\n<table border=\"0\" width=\"100%\">\n<tbody>\n<tr bgcolor=\"#d2d2d2\">\n<th style=\"padding-left: 40px;\" align=\"left\" height=\"40\"><span style=\"color: #333333;\"><strong>D\u00f2ng xe MPV<\/strong><\/span><\/th>\n<\/tr>\n<\/tbody>\n<\/table>\n<div class=\"fusion-text fusion-text-8\"><p>MPV l\u00e0 c\u00f4ng t\u1eafc n\u00fat nh\u1ea5n c\u00f3 tu\u1ed5i th\u1ecd \u0111i\u1ec7n cao, c\u00f3 \u00edt nh\u1ea5t 20.000 chu k\u1ef3 \u0111\u00f3ng ng\u1eaft \u1edf m\u1ee9c \u0111\u1ecbnh m\u1ee9c 0,1A 30VDC. V\u1eadt li\u1ec7u v\u1ecf ngo\u00e0i \u0111\u00e1p \u1ee9ng y\u00eau c\u1ea7u nh\u1ef1a nhi\u1ec7t d\u1ebbo UL94 V-0.<\/p>\n<\/div><div class=\"fusion-image-element\" style=\"--awb-caption-title-font-family:var(--h2_typography-font-family);--awb-caption-title-font-weight:var(--h2_typography-font-weight);--awb-caption-title-font-style:var(--h2_typography-font-style);--awb-caption-title-size:var(--h2_typography-font-size);--awb-caption-title-transform:var(--h2_typography-text-transform);--awb-caption-title-line-height:var(--h2_typography-line-height);--awb-caption-title-letter-spacing:var(--h2_typography-letter-spacing);\"><span class=\"fusion-imageframe imageframe-none imageframe-6 hover-type-none\"><a class=\"fusion-no-lightbox\" href=\"https:\/\/www.toneluckswitches.com\/vi\/cong-tac-nut-nhan-mpv\/\" target=\"_blank\" aria-label=\"C\u00f4ng t\u1eafc MPV Toneluck\" rel=\"noopener noreferrer\"><img decoding=\"async\" width=\"500\" height=\"250\" alt=\"C\u00f4ng t\u1eafc MPV Toneluck\" src=\"https:\/\/www.toneluckswitches.com\/wp-content\/uploads\/2021\/10\/MPV.jpg\" class=\"img-responsive wp-image-2187\" srcset=\"https:\/\/www.toneluckswitches.com\/wp-content\/uploads\/2021\/10\/MPV-200x100.jpg 200w, https:\/\/www.toneluckswitches.com\/wp-content\/uploads\/2021\/10\/MPV-400x200.jpg 400w, https:\/\/www.toneluckswitches.com\/wp-content\/uploads\/2021\/10\/MPV.jpg 500w\" sizes=\"(max-width: 640px) 100vw, 500px\" title=\"\"><\/a><\/span><\/div><\/div><\/div><div class=\"fusion-layout-column fusion_builder_column_inner fusion-builder-nested-column-5 fusion_builder_column_inner_1_2 1_2 fusion-flex-column\" style=\"--awb-bg-size:cover;--awb-width-large:50%;--awb-margin-top-large:10px;--awb-spacing-right-large:3.84%;--awb-margin-bottom-large:10px;--awb-spacing-left-large:3.84%;--awb-width-medium:50%;--awb-order-medium:0;--awb-spacing-right-medium:3.84%;--awb-spacing-left-medium:3.84%;--awb-width-small:100%;--awb-order-small:0;--awb-spacing-right-small:1.92%;--awb-spacing-left-small:1.92%;\"><div class=\"fusion-column-wrapper fusion-column-has-shadow fusion-flex-justify-content-flex-start fusion-content-layout-column\">\n<table border=\"0\" width=\"100%\">\n<tbody>\n<tr bgcolor=\"#d2d2d2\">\n<th style=\"padding-left: 40px;\" align=\"left\" height=\"40\"><strong>D\u00f2ng c\u00f4ng t\u1eafc PBA<\/strong><\/th>\n<\/tr>\n<\/tbody>\n<\/table>\n<div class=\"fusion-text fusion-text-9\"><p>Toneluck PBA ch\u1ec9 c\u00f3 2 v\u00e0 4 c\u1ef1c, c\u0169ng c\u00f3 th\u1ec3 \u0111\u01b0\u1ee3c s\u1ea3n xu\u1ea5t d\u01b0\u1edbi d\u1ea1ng b\u1ed9 chuy\u1ec3n m\u1ea1ch. T\u1ed5ng h\u00e0nh tr\u00ecnh c\u1ee7a n\u00f3 l\u00e0 3,5mm v\u00e0 h\u00e0nh tr\u00ecnh kh\u00f3a l\u00e0 2,5mm.<\/p>\n<\/div><div class=\"fusion-image-element\" style=\"--awb-caption-title-font-family:var(--h2_typography-font-family);--awb-caption-title-font-weight:var(--h2_typography-font-weight);--awb-caption-title-font-style:var(--h2_typography-font-style);--awb-caption-title-size:var(--h2_typography-font-size);--awb-caption-title-transform:var(--h2_typography-text-transform);--awb-caption-title-line-height:var(--h2_typography-line-height);--awb-caption-title-letter-spacing:var(--h2_typography-letter-spacing);\"><span class=\"fusion-imageframe imageframe-none imageframe-7 hover-type-none\"><a class=\"fusion-no-lightbox\" href=\"https:\/\/www.toneluckswitches.com\/vi\/cong-tac-dien-nut-nhan-pba\/\" target=\"_blank\" aria-label=\"N\u00fat nh\u1ea5n PBA\" rel=\"noopener noreferrer\"><img decoding=\"async\" width=\"500\" height=\"250\" alt=\"N\u00fat nh\u1ea5n PBA\" src=\"https:\/\/www.toneluckswitches.com\/wp-content\/uploads\/2021\/10\/PBA.jpg\" class=\"img-responsive wp-image-2188\" srcset=\"https:\/\/www.toneluckswitches.com\/wp-content\/uploads\/2021\/10\/PBA-200x100.jpg 200w, https:\/\/www.toneluckswitches.com\/wp-content\/uploads\/2021\/10\/PBA-400x200.jpg 400w, https:\/\/www.toneluckswitches.com\/wp-content\/uploads\/2021\/10\/PBA.jpg 500w\" sizes=\"(max-width: 640px) 100vw, 500px\" title=\"\"><\/a><\/span><\/div><\/div><\/div><\/div><\/div><\/div><\/div><\/div>","protected":false},"excerpt":{"rendered":"","protected":false},"author":1,"featured_media":0,"parent":0,"menu_order":0,"comment_status":"closed","ping_status":"closed","template":"","meta":{"footnotes":""},"class_list":["post-62","page","type-page","status-publish","hentry"],"_links":{"self":[{"href":"https:\/\/www.toneluckswitches.com\/vi\/wp-json\/wp\/v2\/pages\/62","targetHints":{"allow":["GET"]}}],"collection":[{"href":"https:\/\/www.toneluckswitches.com\/vi\/wp-json\/wp\/v2\/pages"}],"about":[{"href":"https:\/\/www.toneluckswitches.com\/vi\/wp-json\/wp\/v2\/types\/page"}],"author":[{"embeddable":true,"href":"https:\/\/www.toneluckswitches.com\/vi\/wp-json\/wp\/v2\/users\/1"}],"replies":[{"embeddable":true,"href":"https:\/\/www.toneluckswitches.com\/vi\/wp-json\/wp\/v2\/comments?post=62"}],"version-history":[{"count":7,"href":"https:\/\/www.toneluckswitches.com\/vi\/wp-json\/wp\/v2\/pages\/62\/revisions"}],"predecessor-version":[{"id":2368,"href":"https:\/\/www.toneluckswitches.com\/vi\/wp-json\/wp\/v2\/pages\/62\/revisions\/2368"}],"wp:attachment":[{"href":"https:\/\/www.toneluckswitches.com\/vi\/wp-json\/wp\/v2\/media?parent=62"}],"curies":[{"name":"wp","href":"https:\/\/api.w.org\/{rel}","templated":true}]}}