{"id":46,"date":"2021-01-11T07:42:50","date_gmt":"2021-01-11T07:42:50","guid":{"rendered":"https:\/\/www.toneluckswitches.com\/?page_id=46"},"modified":"2022-07-15T08:20:03","modified_gmt":"2022-07-15T08:20:03","slug":"o-to","status":"publish","type":"page","link":"https:\/\/www.toneluckswitches.com\/vi\/o-to\/","title":{"rendered":"\u00d4 t\u00f4"},"content":{"rendered":"<div class=\"fusion-fullwidth fullwidth-box fusion-builder-row-1 fusion-flex-container nonhundred-percent-fullwidth non-hundred-percent-height-scrolling\" style=\"--awb-border-radius-top-left:0px;--awb-border-radius-top-right:0px;--awb-border-radius-bottom-right:0px;--awb-border-radius-bottom-left:0px;--awb-flex-wrap:wrap;\" ><div class=\"fusion-builder-row fusion-row fusion-flex-align-items-flex-start fusion-flex-content-wrap\" style=\"max-width:1560px;margin-left: calc(-4% \/ 2 );margin-right: calc(-4% \/ 2 );\"><div class=\"fusion-layout-column fusion_builder_column fusion-builder-column-0 fusion_builder_column_1_1 1_1 fusion-flex-column\" style=\"--awb-bg-size:cover;--awb-width-large:100%;--awb-margin-top-large:10px;--awb-spacing-right-large:20px;--awb-margin-bottom-large:10px;--awb-spacing-left-large:20px;--awb-width-medium:100%;--awb-order-medium:0;--awb-spacing-right-medium:20px;--awb-spacing-left-medium:20px;--awb-width-small:100%;--awb-order-small:0;--awb-spacing-right-small:1.92%;--awb-spacing-left-small:1.92%;\"><div class=\"fusion-column-wrapper fusion-column-has-shadow fusion-flex-justify-content-flex-start fusion-content-layout-column\"><div class=\"fusion-text fusion-text-1\"><p>C\u00f4ng t\u1eafc Toneluck \u0111\u01b0\u1ee3c s\u1eed d\u1ee5ng r\u1ed9ng r\u00e3i trong ng\u00e0nh c\u00f4ng nghi\u1ec7p \u00f4 t\u00f4, ch\u1eb3ng h\u1ea1n nh\u01b0 c\u1eeda b\u00ean\/\u0111u\u00f4i, b\u1ed9 ph\u1eadn kh\u00f3a n\u1eafp capo, h\u1ec7 th\u1ed1ng chi\u1ebfu s\u00e1ng, thi\u1ebft b\u1ecb chuy\u1ec3n s\u1ed1, gh\u1ebf ng\u1ed3i, v.v. Ch\u00fang t\u00f4i c\u00f3 <a href=\"https:\/\/www.iso.org\/iso-14001-environmental-management.html\" target=\"_blank\" rel=\"noopener\">Ti\u00eau chu\u1ea9n ISO 14001<\/a> v\u00e0 ch\u1ee9ng ch\u1ec9 TS16949 \u0111\u1ec3 s\u1ea3n xu\u1ea5t ph\u1ee5 t\u00f9ng \u00f4 t\u00f4. \u0110\u1ed3ng th\u1eddi, ch\u00fang t\u00f4i c\u00f3 nhi\u1ec1u n\u0103m kinh nghi\u1ec7m trong l\u0129nh v\u1ef1c ki\u1ec3m so\u00e1t ch\u1ea5t l\u01b0\u1ee3ng chuy\u1ec3n m\u1ea1ch v\u00e0 nghi\u00ean c\u1ee9u v\u00e0 ph\u00e1t tri\u1ec3n ph\u1ee5 t\u00f9ng OEM \u00f4 t\u00f4.<\/p>\n<\/div><div class=\"fusion-text fusion-text-2\"><p>Toneluck \u0111\u00e3 chi\u1ebfm v\u1ecb th\u1ebf l\u00e0 nh\u00e0 cung c\u1ea5p linh ki\u1ec7n cao c\u1ea5p h\u00e0ng \u0111\u1ea7u ch\u00e2u \u00c1 v\u00e0 tr\u1edf th\u00e0nh th\u01b0\u01a1ng hi\u1ec7u n\u1ed5i ti\u1ebfng th\u1ebf gi\u1edbi. Ch\u00fang t\u00f4i cung c\u1ea5p s\u1ea3n ph\u1ea9m cho nhi\u1ec1u kh\u00e1ch h\u00e0ng n\u1ed5i ti\u1ebfng th\u1ebf gi\u1edbi trong ng\u00e0nh c\u00f4ng nghi\u1ec7p \u00f4 t\u00f4, ch\u1eb3ng h\u1ea1n nh\u01b0 Brose, Continental, Bitron, Kiekert, BAIC Motor, v.v. H\u1ecd l\u00e0 kh\u00e1ch h\u00e0ng tr\u1ef1c ti\u1ebfp c\u1ee7a Toneluck. B\u00ean c\u1ea1nh \u0111\u00f3, \u0111\u1ed1i v\u1edbi kh\u00e1ch h\u00e0ng \u0111\u1ea7u cu\u1ed1i, ch\u00fang t\u00f4i c\u0169ng cung c\u1ea5p cho Volkswagen, Volvo, Land Rover, BYD, Maserati, Ford, GM, Toyota, v.v.<\/p>\n<\/div><div class=\"fusion-image-element\" style=\"text-align:left;--awb-caption-title-font-family:var(--h2_typography-font-family);--awb-caption-title-font-weight:var(--h2_typography-font-weight);--awb-caption-title-font-style:var(--h2_typography-font-style);--awb-caption-title-size:var(--h2_typography-font-size);--awb-caption-title-transform:var(--h2_typography-text-transform);--awb-caption-title-line-height:var(--h2_typography-line-height);--awb-caption-title-letter-spacing:var(--h2_typography-letter-spacing);\"><span class=\"fusion-imageframe imageframe-none imageframe-1 hover-type-none\"><img decoding=\"async\" width=\"1000\" height=\"417\" alt=\"Ng\u00e0nh c\u00f4ng nghi\u1ec7p \u00f4 t\u00f4\" title=\"Ng\u00e0nh c\u00f4ng nghi\u1ec7p \u00f4 t\u00f4\" src=\"https:\/\/www.toneluckswitches.com\/wp-content\/uploads\/2021\/09\/Automotive-industry.jpg\" class=\"img-responsive wp-image-2054\" srcset=\"https:\/\/www.toneluckswitches.com\/wp-content\/uploads\/2021\/09\/Automotive-industry-200x83.jpg 200w, https:\/\/www.toneluckswitches.com\/wp-content\/uploads\/2021\/09\/Automotive-industry-400x167.jpg 400w, https:\/\/www.toneluckswitches.com\/wp-content\/uploads\/2021\/09\/Automotive-industry-600x250.jpg 600w, https:\/\/www.toneluckswitches.com\/wp-content\/uploads\/2021\/09\/Automotive-industry-800x334.jpg 800w, https:\/\/www.toneluckswitches.com\/wp-content\/uploads\/2021\/09\/Automotive-industry.jpg 1000w\" sizes=\"(max-width: 640px) 100vw, 1000px\" \/><\/span><\/div><div class=\"fusion-separator fusion-full-width-sep\" style=\"align-self: center;margin-left: auto;margin-right: auto;margin-top:20px;margin-bottom:20px;width:100%;\"><\/div><div class=\"fusion-separator fusion-full-width-sep\" style=\"align-self: center;margin-left: auto;margin-right: auto;margin-top:10px;width:100%;\"><\/div><div class=\"fusion-blog-shortcode fusion-blog-shortcode-1 fusion-blog-archive fusion-blog-layout-grid-wrapper fusion-blog-infinite fusion-blog-layout-center\"><style type=\"text\/css\">.fusion-blog-shortcode-1 .fusion-blog-layout-grid .fusion-post-grid{padding:20px;}.fusion-blog-shortcode-1 .fusion-posts-container{margin-left: -20px !important; margin-right:-20px !important;}<\/style><div class=\"fusion-posts-container fusion-posts-container-infinite fusion-posts-container-load-more fusion-no-meta-info fusion-blog-rollover fusion-blog-layout-grid fusion-blog-layout-grid-2 isotope fusion-blog-equal-heights\" data-pages=\"3\" data-grid-col-space=\"40\" style=\"margin: -20px -20px 0;min-height:500px;\"><article id=\"blog-1-post-5754\" class=\"fusion-post-grid post-5754 post type-post status-publish format-standard has-post-thumbnail hentry category-automotive tag-mqs-9a-series-micro-switch\">\n<div class=\"fusion-post-wrapper\" style=\"background-color:rgba(255,255,255,0);border:1px solid #f2f3f5;border-bottom-width:3px;\">\n\n\t\t\t<div class=\"fusion-flexslider flexslider fusion-flexslider-loading fusion-post-slideshow\" style=\"border-color:#f2f3f5;\">\n\t\t<ul class=\"slides\">\n\t\t\t\n\t\t\t\t\t\t\t\t\t\t\t\t\t\t<li><div  class=\"fusion-image-wrapper\" aria-haspopup=\"true\">\n\t\t\t\t<img decoding=\"async\" width=\"800\" height=\"800\" src=\"https:\/\/www.toneluckswitches.com\/wp-content\/uploads\/2026\/04\/TONELUCK-MQS-9A-Waterproof-Micro-Switches.jpg\" class=\"attachment-full size-full wp-post-image\" alt=\"\" srcset=\"https:\/\/www.toneluckswitches.com\/wp-content\/uploads\/2026\/04\/TONELUCK-MQS-9A-Waterproof-Micro-Switches-200x200.jpg 200w, https:\/\/www.toneluckswitches.com\/wp-content\/uploads\/2026\/04\/TONELUCK-MQS-9A-Waterproof-Micro-Switches-400x400.jpg 400w, https:\/\/www.toneluckswitches.com\/wp-content\/uploads\/2026\/04\/TONELUCK-MQS-9A-Waterproof-Micro-Switches-600x600.jpg 600w, https:\/\/www.toneluckswitches.com\/wp-content\/uploads\/2026\/04\/TONELUCK-MQS-9A-Waterproof-Micro-Switches.jpg 800w\" sizes=\"(min-width: 2200px) 100vw, (min-width: 712px) 784px, (min-width: 640px) 712px, \" title=\"\"><div class=\"fusion-rollover\">\n\t<div class=\"fusion-rollover-content\">\n\n\t\t\t\t\t\t\t\t\t\t\t\t\t\t<a class=\"fusion-rollover-link\" href=\"https:\/\/www.toneluckswitches.com\/vi\/automotive-reliability-with-toneluck-mqs-9a-waterproof-micro-switches\/\">B\u00e0i vi\u1ebft \u1ee9ng d\u1ee5ng: N\u00e2ng cao \u0111\u1ed9 tin c\u1eady trong ng\u00e0nh \u00f4 t\u00f4 v\u1edbi c\u00f4ng t\u1eafc vi m\u1ea1ch ch\u1ed1ng th\u1ea5m n\u01b0\u1edbc TONELUCK MQS-9A<\/a>\n\t\t\t\n\t\t\t\t\t\t\t\t\n\t\t\n\t\t\t\t\t\t\t\t\t\t\t\t<h4 class=\"fusion-rollover-title\">\n\t\t\t\t\t<a class=\"fusion-rollover-title-link\" href=\"https:\/\/www.toneluckswitches.com\/vi\/automotive-reliability-with-toneluck-mqs-9a-waterproof-micro-switches\/\">\n\t\t\t\t\t\tB\u00e0i vi\u1ebft \u1ee9ng d\u1ee5ng: N\u00e2ng cao \u0111\u1ed9 tin c\u1eady trong ng\u00e0nh \u00f4 t\u00f4 v\u1edbi c\u00f4ng t\u1eafc vi m\u1ea1ch ch\u1ed1ng th\u1ea5m n\u01b0\u1edbc TONELUCK MQS-9A\t\t\t\t\t<\/a>\n\t\t\t\t<\/h4>\n\t\t\t\n\t\t\t\t\t\t\t\t\n\t\t\n\t\t\t\t\t\t<a class=\"fusion-link-wrapper\" href=\"https:\/\/www.toneluckswitches.com\/vi\/automotive-reliability-with-toneluck-mqs-9a-waterproof-micro-switches\/\" aria-label=\"B\u00e0i vi\u1ebft \u1ee9ng d\u1ee5ng: N\u00e2ng cao \u0111\u1ed9 tin c\u1eady trong ng\u00e0nh \u00f4 t\u00f4 v\u1edbi c\u00f4ng t\u1eafc vi m\u1ea1ch ch\u1ed1ng th\u1ea5m n\u01b0\u1edbc TONELUCK MQS-9A\"><\/a>\n\t<\/div>\n<\/div>\n<\/div>\n<\/li>\n\t\t\t\n\t\t\t\n\t\t\t\t\t\t\t\t\t\t\t\t\t\t\t\t\t\t\t\t\t\t\t\t\t\t\t\t\t\t\t\t\t\t\t\t\t\t\t\t\t\t\t\t\t\t\t\t\t\t\t\t\t\t\t\t\t\t\t\t\t\t\t\t\t\t\t\t<\/ul>\n\t<\/div>\n\t<div class=\"fusion-post-content-wrapper\" style=\"padding:10px 10px 10px 10px; display:none;\"><div class=\"fusion-post-content post-content\"><\/div><\/div><div class=\"fusion-clearfix\"><\/div><\/div>\n<\/article>\n<article id=\"blog-1-post-5620\" class=\"fusion-post-grid post-5620 post type-post status-publish format-standard has-post-thumbnail hentry category-automotive\">\n<div class=\"fusion-post-wrapper\" style=\"background-color:rgba(255,255,255,0);border:1px solid #f2f3f5;border-bottom-width:3px;\">\n\n\t\t\t<div class=\"fusion-flexslider flexslider fusion-flexslider-loading fusion-post-slideshow\" style=\"border-color:#f2f3f5;\">\n\t\t<ul class=\"slides\">\n\t\t\t\n\t\t\t\t\t\t\t\t\t\t\t\t\t\t<li><div  class=\"fusion-image-wrapper\" aria-haspopup=\"true\">\n\t\t\t\t<img decoding=\"async\" width=\"800\" height=\"533\" src=\"https:\/\/www.toneluckswitches.com\/wp-content\/uploads\/2025\/03\/D6-Door-Switch-for-Dryer.jpg\" class=\"attachment-full size-full wp-post-image\" alt=\"\" srcset=\"https:\/\/www.toneluckswitches.com\/wp-content\/uploads\/2025\/03\/D6-Door-Switch-for-Dryer-200x133.jpg 200w, https:\/\/www.toneluckswitches.com\/wp-content\/uploads\/2025\/03\/D6-Door-Switch-for-Dryer-400x267.jpg 400w, https:\/\/www.toneluckswitches.com\/wp-content\/uploads\/2025\/03\/D6-Door-Switch-for-Dryer-600x400.jpg 600w, https:\/\/www.toneluckswitches.com\/wp-content\/uploads\/2025\/03\/D6-Door-Switch-for-Dryer.jpg 800w\" sizes=\"(min-width: 2200px) 100vw, (min-width: 712px) 784px, (min-width: 640px) 712px, \" title=\"\"><div class=\"fusion-rollover\">\n\t<div class=\"fusion-rollover-content\">\n\n\t\t\t\t\t\t\t\t\t\t\t\t\t\t<a class=\"fusion-rollover-link\" href=\"https:\/\/www.toneluckswitches.com\/vi\/bo-cong-tac-cua-toneluck-d6-la-bo-dieu-khien-thiet-yeu-cho-hoat-dong-nap-coc\/\">D\u00f2ng c\u00f4ng t\u1eafc c\u1eeda Toneluck D6: Ki\u1ec3m so\u00e1t thi\u1ebft y\u1ebfu cho ho\u1ea1t \u0111\u1ed9ng n\u1ea1p c\u1ecdc<\/a>\n\t\t\t\n\t\t\t\t\t\t\t\t\n\t\t\n\t\t\t\t\t\t\t\t\t\t\t\t<h4 class=\"fusion-rollover-title\">\n\t\t\t\t\t<a class=\"fusion-rollover-title-link\" href=\"https:\/\/www.toneluckswitches.com\/vi\/bo-cong-tac-cua-toneluck-d6-la-bo-dieu-khien-thiet-yeu-cho-hoat-dong-nap-coc\/\">\n\t\t\t\t\t\tD\u00f2ng c\u00f4ng t\u1eafc c\u1eeda Toneluck D6: Ki\u1ec3m so\u00e1t thi\u1ebft y\u1ebfu cho ho\u1ea1t \u0111\u1ed9ng n\u1ea1p c\u1ecdc\t\t\t\t\t<\/a>\n\t\t\t\t<\/h4>\n\t\t\t\n\t\t\t\t\t\t\t\t\n\t\t\n\t\t\t\t\t\t<a class=\"fusion-link-wrapper\" href=\"https:\/\/www.toneluckswitches.com\/vi\/bo-cong-tac-cua-toneluck-d6-la-bo-dieu-khien-thiet-yeu-cho-hoat-dong-nap-coc\/\" aria-label=\"D\u00f2ng c\u00f4ng t\u1eafc c\u1eeda Toneluck D6: Ki\u1ec3m so\u00e1t thi\u1ebft y\u1ebfu cho ho\u1ea1t \u0111\u1ed9ng n\u1ea1p c\u1ecdc\"><\/a>\n\t<\/div>\n<\/div>\n<\/div>\n<\/li>\n\t\t\t\n\t\t\t\n\t\t\t\t\t\t\t\t\t\t\t\t\t\t\t\t\t\t\t\t\t\t\t\t\t\t\t\t\t\t\t\t\t\t\t\t\t\t\t\t\t\t\t\t\t\t\t\t\t\t\t\t\t\t\t\t\t\t\t\t\t\t\t\t\t\t\t\t<\/ul>\n\t<\/div>\n\t<div class=\"fusion-post-content-wrapper\" style=\"padding:10px 10px 10px 10px; display:none;\"><div class=\"fusion-post-content post-content\"><\/div><\/div><div class=\"fusion-clearfix\"><\/div><\/div>\n<\/article>\n<article id=\"blog-1-post-5611\" class=\"fusion-post-grid post-5611 post type-post status-publish format-standard has-post-thumbnail hentry category-automotive\">\n<div class=\"fusion-post-wrapper\" style=\"background-color:rgba(255,255,255,0);border:1px solid #f2f3f5;border-bottom-width:3px;\">\n\n\t\t\t<div class=\"fusion-flexslider flexslider fusion-flexslider-loading fusion-post-slideshow\" style=\"border-color:#f2f3f5;\">\n\t\t<ul class=\"slides\">\n\t\t\t\n\t\t\t\t\t\t\t\t\t\t\t\t\t\t<li><div  class=\"fusion-image-wrapper\" aria-haspopup=\"true\">\n\t\t\t\t<img decoding=\"async\" width=\"442\" height=\"217\" src=\"https:\/\/www.toneluckswitches.com\/wp-content\/uploads\/2025\/03\/20250312093010.png\" class=\"attachment-full size-full wp-post-image\" alt=\"\" srcset=\"https:\/\/www.toneluckswitches.com\/wp-content\/uploads\/2025\/03\/20250312093010-200x98.png 200w, https:\/\/www.toneluckswitches.com\/wp-content\/uploads\/2025\/03\/20250312093010-400x196.png 400w, https:\/\/www.toneluckswitches.com\/wp-content\/uploads\/2025\/03\/20250312093010.png 442w\" sizes=\"(min-width: 2200px) 100vw, (min-width: 712px) 784px, (min-width: 640px) 712px, \" title=\"\"><div class=\"fusion-rollover\">\n\t<div class=\"fusion-rollover-content\">\n\n\t\t\t\t\t\t\t\t\t\t\t\t\t\t<a class=\"fusion-rollover-link\" href=\"https:\/\/www.toneluckswitches.com\/vi\/cong-tac-vi-mo-truot-toneluck-mqs-9b\/\">C\u00f4ng t\u1eafc vi m\u00f4 tr\u01b0\u1ee3t Toneluck MQS-9B<\/a>\n\t\t\t\n\t\t\t\t\t\t\t\t\n\t\t\n\t\t\t\t\t\t\t\t\t\t\t\t<h4 class=\"fusion-rollover-title\">\n\t\t\t\t\t<a class=\"fusion-rollover-title-link\" href=\"https:\/\/www.toneluckswitches.com\/vi\/cong-tac-vi-mo-truot-toneluck-mqs-9b\/\">\n\t\t\t\t\t\tC\u00f4ng t\u1eafc vi m\u00f4 tr\u01b0\u1ee3t Toneluck MQS-9B\t\t\t\t\t<\/a>\n\t\t\t\t<\/h4>\n\t\t\t\n\t\t\t\t\t\t\t\t\n\t\t\n\t\t\t\t\t\t<a class=\"fusion-link-wrapper\" href=\"https:\/\/www.toneluckswitches.com\/vi\/cong-tac-vi-mo-truot-toneluck-mqs-9b\/\" aria-label=\"C\u00f4ng t\u1eafc vi m\u00f4 tr\u01b0\u1ee3t Toneluck MQS-9B\"><\/a>\n\t<\/div>\n<\/div>\n<\/div>\n<\/li>\n\t\t\t\n\t\t\t\n\t\t\t\t\t\t\t\t\t\t\t\t\t\t\t\t\t\t\t\t\t\t\t\t\t\t\t\t\t\t\t\t\t\t\t\t\t\t\t\t\t\t\t\t\t\t\t\t\t\t\t\t\t\t\t\t\t\t\t\t\t\t\t\t\t\t\t\t<\/ul>\n\t<\/div>\n\t<div class=\"fusion-post-content-wrapper\" style=\"padding:10px 10px 10px 10px; display:none;\"><div class=\"fusion-post-content post-content\"><\/div><\/div><div class=\"fusion-clearfix\"><\/div><\/div>\n<\/article>\n<article id=\"blog-1-post-5595\" class=\"fusion-post-grid post-5595 post type-post status-publish format-standard has-post-thumbnail hentry category-automotive category-technical-news tag-toneluck-switch\">\n<div class=\"fusion-post-wrapper\" style=\"background-color:rgba(255,255,255,0);border:1px solid #f2f3f5;border-bottom-width:3px;\">\n\n\t\t\t<div class=\"fusion-flexslider flexslider fusion-flexslider-loading fusion-post-slideshow\" style=\"border-color:#f2f3f5;\">\n\t\t<ul class=\"slides\">\n\t\t\t\n\t\t\t\t\t\t\t\t\t\t\t\t\t\t<li><div  class=\"fusion-image-wrapper\" aria-haspopup=\"true\">\n\t\t\t\t<img decoding=\"async\" width=\"358\" height=\"226\" src=\"https:\/\/www.toneluckswitches.com\/wp-content\/uploads\/2025\/03\/s3.jpg\" class=\"attachment-full size-full wp-post-image\" alt=\"\" srcset=\"https:\/\/www.toneluckswitches.com\/wp-content\/uploads\/2025\/03\/s3-200x126.jpg 200w, https:\/\/www.toneluckswitches.com\/wp-content\/uploads\/2025\/03\/s3.jpg 358w\" sizes=\"(min-width: 2200px) 100vw, (min-width: 712px) 784px, (min-width: 640px) 712px, \" title=\"\"><div class=\"fusion-rollover\">\n\t<div class=\"fusion-rollover-content\">\n\n\t\t\t\t\t\t\t\t\t\t\t\t\t\t<a class=\"fusion-rollover-link\" href=\"https:\/\/www.toneluckswitches.com\/vi\/cong-tac-vi-mo-toneluck-s3-la-lua-chon-hieu-suat-cao-cho-he-thong-dieu-chinh-ghe-o-to\/\">C\u00f4ng t\u1eafc vi m\u00f4 Toneluck S3: L\u1ef1a ch\u1ecdn hi\u1ec7u su\u1ea5t cao cho h\u1ec7 th\u1ed1ng \u0111i\u1ec1u ch\u1ec9nh gh\u1ebf \u00f4 t\u00f4<\/a>\n\t\t\t\n\t\t\t\t\t\t\t\t\n\t\t\n\t\t\t\t\t\t\t\t\t\t\t\t<h4 class=\"fusion-rollover-title\">\n\t\t\t\t\t<a class=\"fusion-rollover-title-link\" href=\"https:\/\/www.toneluckswitches.com\/vi\/cong-tac-vi-mo-toneluck-s3-la-lua-chon-hieu-suat-cao-cho-he-thong-dieu-chinh-ghe-o-to\/\">\n\t\t\t\t\t\tC\u00f4ng t\u1eafc vi m\u00f4 Toneluck S3: L\u1ef1a ch\u1ecdn hi\u1ec7u su\u1ea5t cao cho h\u1ec7 th\u1ed1ng \u0111i\u1ec1u ch\u1ec9nh gh\u1ebf \u00f4 t\u00f4\t\t\t\t\t<\/a>\n\t\t\t\t<\/h4>\n\t\t\t\n\t\t\t\t\t\t\t\t\n\t\t\n\t\t\t\t\t\t<a class=\"fusion-link-wrapper\" href=\"https:\/\/www.toneluckswitches.com\/vi\/cong-tac-vi-mo-toneluck-s3-la-lua-chon-hieu-suat-cao-cho-he-thong-dieu-chinh-ghe-o-to\/\" aria-label=\"C\u00f4ng t\u1eafc vi m\u00f4 Toneluck S3: L\u1ef1a ch\u1ecdn hi\u1ec7u su\u1ea5t cao cho h\u1ec7 th\u1ed1ng \u0111i\u1ec1u ch\u1ec9nh gh\u1ebf \u00f4 t\u00f4\"><\/a>\n\t<\/div>\n<\/div>\n<\/div>\n<\/li>\n\t\t\t\n\t\t\t\n\t\t\t\t\t\t\t\t\t\t\t\t\t\t\t\t\t\t\t\t\t\t\t\t\t\t\t\t\t\t\t\t\t\t\t\t\t\t\t\t\t\t\t\t\t\t\t\t\t\t\t\t\t\t\t\t\t\t\t\t\t\t\t\t\t\t\t\t<\/ul>\n\t<\/div>\n\t<div class=\"fusion-post-content-wrapper\" style=\"padding:10px 10px 10px 10px; display:none;\"><div class=\"fusion-post-content post-content\"><\/div><\/div><div class=\"fusion-clearfix\"><\/div><\/div>\n<\/article>\n<div class=\"fusion-clearfix\"><\/div><\/div><div class=\"fusion-infinite-scroll-trigger\"><\/div><div class=\"pagination infinite-scroll clearfix\" style=\"display:none;\"><span class=\"current\">1<\/span><a href=\"https:\/\/www.toneluckswitches.com\/wp-json\/wp\/v2\/pages\/46\/page\/2\/\" class=\"inactive\">2<\/a><a class=\"pagination-next\" rel=\"next\" href=\"https:\/\/www.toneluckswitches.com\/wp-json\/wp\/v2\/pages\/46\/page\/2\/\"><span class=\"page-text\">K\u1ebf ti\u1ebfp<\/span><span class=\"page-next\"><\/span><\/a><\/div><div class=\"fusion-clearfix\"><\/div><button class=\"fusion-load-more-button fusion-blog-button fusion-clearfix\">T\u1ea3i th\u00eam b\u00e0i vi\u1ebft<\/button><\/div><\/div><\/div><\/div><\/div>","protected":false},"excerpt":{"rendered":"","protected":false},"author":1,"featured_media":0,"parent":0,"menu_order":0,"comment_status":"closed","ping_status":"closed","template":"","meta":{"footnotes":""},"class_list":["post-46","page","type-page","status-publish","hentry"],"_links":{"self":[{"href":"https:\/\/www.toneluckswitches.com\/vi\/wp-json\/wp\/v2\/pages\/46","targetHints":{"allow":["GET"]}}],"collection":[{"href":"https:\/\/www.toneluckswitches.com\/vi\/wp-json\/wp\/v2\/pages"}],"about":[{"href":"https:\/\/www.toneluckswitches.com\/vi\/wp-json\/wp\/v2\/types\/page"}],"author":[{"embeddable":true,"href":"https:\/\/www.toneluckswitches.com\/vi\/wp-json\/wp\/v2\/users\/1"}],"replies":[{"embeddable":true,"href":"https:\/\/www.toneluckswitches.com\/vi\/wp-json\/wp\/v2\/comments?post=46"}],"version-history":[{"count":2,"href":"https:\/\/www.toneluckswitches.com\/vi\/wp-json\/wp\/v2\/pages\/46\/revisions"}],"predecessor-version":[{"id":2466,"href":"https:\/\/www.toneluckswitches.com\/vi\/wp-json\/wp\/v2\/pages\/46\/revisions\/2466"}],"wp:attachment":[{"href":"https:\/\/www.toneluckswitches.com\/vi\/wp-json\/wp\/v2\/media?parent=46"}],"curies":[{"name":"wp","href":"https:\/\/api.w.org\/{rel}","templated":true}]}}