{"id":386,"date":"2021-01-26T02:25:33","date_gmt":"2021-01-26T02:25:33","guid":{"rendered":"https:\/\/www.toneluckswitches.com\/?page_id=386"},"modified":"2022-12-13T09:13:32","modified_gmt":"2022-12-13T09:13:32","slug":"cong-tac-cua-d3-cho-den","status":"publish","type":"page","link":"https:\/\/www.toneluckswitches.com\/vi\/cong-tac-cua-d3-cho-den\/","title":{"rendered":"C\u00f4ng t\u1eafc c\u1eeda D3 cho \u0111\u00e8n"},"content":{"rendered":"<p><div class=\"fusion-fullwidth fullwidth-box fusion-builder-row-1 fusion-flex-container nonhundred-percent-fullwidth non-hundred-percent-height-scrolling\" style=\"--awb-border-radius-top-left:0px;--awb-border-radius-top-right:0px;--awb-border-radius-bottom-right:0px;--awb-border-radius-bottom-left:0px;--awb-flex-wrap:wrap;\" ><div class=\"fusion-builder-row fusion-row fusion-flex-align-items-flex-start fusion-flex-content-wrap\" style=\"max-width:1560px;margin-left: calc(-4% \/ 2 );margin-right: calc(-4% \/ 2 );\"><div class=\"fusion-layout-column fusion_builder_column fusion-builder-column-0 fusion_builder_column_1_1 1_1 fusion-flex-column\" style=\"--awb-bg-color:rgba(0,32,91,0);--awb-bg-color-hover:rgba(0,32,91,0);--awb-bg-size:cover;--awb-width-large:100%;--awb-margin-top-large:10px;--awb-spacing-right-large:1.92%;--awb-margin-bottom-large:10px;--awb-spacing-left-large:1.92%;--awb-width-medium:100%;--awb-order-medium:0;--awb-spacing-right-medium:1.92%;--awb-spacing-left-medium:1.92%;--awb-width-small:100%;--awb-order-small:0;--awb-spacing-right-small:1.92%;--awb-spacing-left-small:1.92%;\"><div class=\"fusion-column-wrapper fusion-column-has-shadow fusion-flex-justify-content-flex-start fusion-content-layout-column\"><div class=\"fusion-title title fusion-title-1 fusion-sep-none fusion-title-text fusion-title-size-two\" style=\"--awb-margin-top-small:10px;--awb-margin-right-small:0px;--awb-margin-bottom-small:10px;--awb-margin-left-small:0px;--awb-font-size:24px;\"><h2 class=\"fusion-title-heading title-heading-left\" style=\"margin:0;font-size:1em;\"><strong>C\u00f4ng t\u1eafc c\u1eeda D3 cho \u0111\u00e8n M\u00f4 t\u1ea3<\/strong><\/h2><\/div><\/div><\/div><\/div><\/div><div class=\"fusion-fullwidth fullwidth-box fusion-builder-row-2 fusion-flex-container nonhundred-percent-fullwidth non-hundred-percent-height-scrolling\" style=\"--awb-border-radius-top-left:0px;--awb-border-radius-top-right:0px;--awb-border-radius-bottom-right:0px;--awb-border-radius-bottom-left:0px;--awb-flex-wrap:wrap;\" ><div class=\"fusion-builder-row fusion-row fusion-flex-align-items-flex-start fusion-flex-content-wrap\" style=\"max-width:1560px;margin-left: calc(-4% \/ 2 );margin-right: calc(-4% \/ 2 );\"><div class=\"fusion-layout-column fusion_builder_column fusion-builder-column-1 fusion_builder_column_1_1 1_1 fusion-flex-column\" style=\"--awb-bg-size:cover;--awb-width-large:100%;--awb-margin-top-large:10px;--awb-spacing-right-large:1.92%;--awb-margin-bottom-large:10px;--awb-spacing-left-large:1.92%;--awb-width-medium:100%;--awb-order-medium:0;--awb-spacing-right-medium:1.92%;--awb-spacing-left-medium:1.92%;--awb-width-small:100%;--awb-order-small:0;--awb-spacing-right-small:1.92%;--awb-spacing-left-small:1.92%;\"><div class=\"fusion-column-wrapper fusion-column-has-shadow fusion-flex-justify-content-flex-start fusion-content-layout-column\"><div class=\"fusion-builder-row fusion-builder-row-inner fusion-row fusion-flex-align-items-flex-start fusion-flex-content-wrap\" style=\"--awb-flex-grow:0;--awb-flex-grow-medium:0;--awb-flex-grow-small:0;--awb-flex-shrink:0;--awb-flex-shrink-medium:0;--awb-flex-shrink-small:0;width:104% !important;max-width:104% !important;margin-left: calc(-4% \/ 2 );margin-right: calc(-4% \/ 2 );\"><div class=\"fusion-layout-column fusion_builder_column_inner fusion-builder-nested-column-0 fusion_builder_column_inner_1_2 1_2 fusion-flex-column\" style=\"--awb-bg-size:cover;--awb-width-large:50%;--awb-margin-top-large:10px;--awb-spacing-right-large:3.84%;--awb-margin-bottom-large:10px;--awb-spacing-left-large:3.84%;--awb-width-medium:50%;--awb-order-medium:0;--awb-spacing-right-medium:3.84%;--awb-spacing-left-medium:3.84%;--awb-width-small:100%;--awb-order-small:0;--awb-spacing-right-small:1.92%;--awb-spacing-left-small:1.92%;\"><div class=\"fusion-column-wrapper fusion-column-has-shadow fusion-flex-justify-content-flex-start fusion-content-layout-column\"><div class=\"fusion-separator fusion-full-width-sep\" style=\"align-self: center;margin-left: auto;margin-right: auto;margin-top:10px;margin-bottom:10px;width:100%;\"><\/div><div class=\"fusion-text fusion-text-1\"><p>D\u00f2ng Toneluck D3 l\u00e0 c\u00f4ng t\u1eafc c\u1eeda b\u1eadt \u0111\u00e8n khi t\u1ee7 l\u1ea1nh \u0111\u00f3ng m\u1edf. M\u1ed9t s\u1ed1 t\u1ee7 qu\u1ea7n \u00e1o c\u0169ng \u0111\u01b0\u1ee3c thi\u1ebft k\u1ebf v\u1edbi c\u00f4ng t\u1eafc D3 nh\u01b0ng r\u1ea5t \u00edt ng\u01b0\u1eddi \u0111\u1ec3 \u00fd. Th\u00f4ng th\u01b0\u1eddng, khi c\u1eeda m\u1edf, \u0111\u00e8n s\u1ebd b\u1eadt. Khi c\u1eeda \u0111\u00f3ng, \u0111\u00e8n s\u1ebd t\u1eaft.<\/p>\n<\/div><div class=\"fusion-text fusion-text-2\"><p>L\u00e0 m\u1ed9t chuy\u00ean gia <a href=\"https:\/\/www.toneluckswitches.com\/vi\/cong-tac-cua\/\">nh\u00e0 s\u1ea3n xu\u1ea5t c\u00f4ng t\u1eafc c\u1eeda<\/a>, Ch\u00fang t\u00f4i kh\u00f4ng ch\u1ec9 cung c\u1ea5p d\u00f2ng D3 m\u00e0 c\u00f2n c\u00f3 d\u00f2ng D6, D2 v\u00e0 D8. M\u1ed9t s\u1ed1 lo\u1ea1i ch\u1ecbu nhi\u1ec7t \u0111\u1ed9 cao, m\u1ed9t s\u1ed1 lo\u1ea1i ch\u1ecbu d\u00f2ng \u0111i\u1ec7n cao, vui l\u00f2ng xem trang s\u1ea3n ph\u1ea9m c\u1ee7a ch\u00fang t\u00f4i \u0111\u1ec3 bi\u1ebft th\u00eam chi ti\u1ebft. C\u00f4ng t\u1eafc c\u1eeda D3 c\u00f3 nhi\u1ec1u lo\u1ea1i t\u1ea7m nh\u00ecn kh\u00e1c nhau \u0111\u1ec3 b\u1ea1n l\u1ef1a ch\u1ecdn, vui l\u00f2ng ki\u1ec3m tra c\u00e1c th\u00f4ng s\u1ed1 nh\u01b0 sau.<\/p>\n<\/div><\/div><\/div><div class=\"fusion-layout-column fusion_builder_column_inner fusion-builder-nested-column-1 fusion_builder_column_inner_1_2 1_2 fusion-flex-column\" style=\"--awb-bg-size:cover;--awb-width-large:50%;--awb-margin-top-large:10px;--awb-spacing-right-large:3.84%;--awb-margin-bottom-large:10px;--awb-spacing-left-large:3.84%;--awb-width-medium:50%;--awb-order-medium:0;--awb-spacing-right-medium:3.84%;--awb-spacing-left-medium:3.84%;--awb-width-small:100%;--awb-order-small:0;--awb-spacing-right-small:1.92%;--awb-spacing-left-small:1.92%;\"><div class=\"fusion-column-wrapper fusion-column-has-shadow fusion-flex-justify-content-flex-start fusion-content-layout-column\">\n<div class=\"table-1\">\n<table width=\"100%\">\n<thead>\n<tr>\n<th align=\"left\">D\u00f2ng s\u1ea3n ph\u1ea9m<\/th>\n<th align=\"left\">Ng\u00e0y 3<\/th>\n<\/tr>\n<\/thead>\n<tbody>\n<tr>\n<td align=\"left\">X\u1ebfp h\u1ea1ng<\/td>\n<td align=\"left\">8A 250VAC 6000 chu k\u1ef3 <a href=\"https:\/\/www.ul.com\/\" target=\"_blank\" rel=\"noopener\">UL<\/a><br \/>\n1\/3HP 125\/250VAC 6000 chu k\u1ef3 UL<br \/>\n8A 250VAC 100.000 chu k\u1ef3 (KH\u00d4NG) UL<br \/>\n6A 250VAC 50.000 chu k\u1ef3 ENEC<\/td>\n<\/tr>\n<tr>\n<td align=\"left\">Cu\u1ed9c s\u1ed1ng c\u01a1 h\u1ecdc<\/td>\n<td align=\"left\">T\u1ed1i thi\u1ec3u 1.000.000 chu k\u1ef3.<\/td>\n<\/tr>\n<tr>\n<td align=\"left\">Nhi\u1ec7t \u0111\u1ed9 ho\u1ea1t \u0111\u1ed9ng.<\/td>\n<td align=\"left\">25T85<\/td>\n<\/tr>\n<tr>\n<td align=\"left\">\u0110i\u1ec7n tr\u1edf c\u00e1ch \u0111i\u1ec7n<\/td>\n<td align=\"left\">100 M\u03a9 ph\u00fat<\/td>\n<\/tr>\n<tr>\n<td align=\"left\">\u0110i\u1ec7n \u00e1p \u0111i\u1ec7n m\u00f4i<\/td>\n<td align=\"left\">1250 VAC trong 60+\/-5 gi\u00e2y.<\/td>\n<\/tr>\n<tr>\n<td align=\"left\">Ph\u00ea duy\u1ec7t an to\u00e0n<\/td>\n<td align=\"left\">UL, ENEC<\/td>\n<\/tr>\n<tr>\n<td align=\"left\">L\u1ef1c l\u01b0\u1ee3ng ho\u1ea1t \u0111\u1ed9ng<\/td>\n<td align=\"left\">150~350gf<\/td>\n<\/tr>\n<tr>\n<td align=\"left\">Nh\u00e0 \u1edf<\/td>\n<td align=\"left\">UL94 V-2<\/td>\n<\/tr>\n<tr>\n<td align=\"left\">PTI<\/td>\n<td align=\"left\">250V<\/td>\n<\/tr>\n<\/tbody>\n<\/table>\n<\/div>\n<\/div><\/div><\/div><\/div><\/div><\/div><\/div><div class=\"fusion-fullwidth fullwidth-box fusion-builder-row-3 fusion-flex-container nonhundred-percent-fullwidth non-hundred-percent-height-scrolling\" style=\"--awb-border-radius-top-left:0px;--awb-border-radius-top-right:0px;--awb-border-radius-bottom-right:0px;--awb-border-radius-bottom-left:0px;--awb-flex-wrap:wrap;\" ><div class=\"fusion-builder-row fusion-row fusion-flex-align-items-flex-start fusion-flex-content-wrap\" style=\"max-width:1560px;margin-left: calc(-4% \/ 2 );margin-right: calc(-4% \/ 2 );\"><div class=\"fusion-layout-column fusion_builder_column fusion-builder-column-2 fusion_builder_column_1_1 1_1 fusion-flex-column\" style=\"--awb-bg-color:rgba(0,32,91,0);--awb-bg-color-hover:rgba(0,32,91,0);--awb-bg-size:cover;--awb-width-large:100%;--awb-margin-top-large:10px;--awb-spacing-right-large:1.92%;--awb-margin-bottom-large:10px;--awb-spacing-left-large:1.92%;--awb-width-medium:100%;--awb-order-medium:0;--awb-spacing-right-medium:1.92%;--awb-spacing-left-medium:1.92%;--awb-width-small:100%;--awb-order-small:0;--awb-spacing-right-small:1.92%;--awb-spacing-left-small:1.92%;\"><div class=\"fusion-column-wrapper fusion-column-has-shadow fusion-flex-justify-content-flex-start fusion-content-layout-column\"><div class=\"fusion-title title fusion-title-2 fusion-sep-none fusion-title-text fusion-title-size-three\" style=\"--awb-margin-top-small:10px;--awb-margin-right-small:0px;--awb-margin-bottom-small:10px;--awb-margin-left-small:0px;--awb-font-size:20px;\"><h3 class=\"fusion-title-heading title-heading-left\" style=\"margin:0;font-size:1em;\"><strong>Gi\u1edbi thi\u1ec7u v\u1ec1 \u0110\u1eb7t h\u00e0ng C\u00f4ng t\u1eafc c\u1eeda D3<\/strong><\/h3><\/div><\/div><\/div><\/div><\/div><div class=\"fusion-fullwidth fullwidth-box fusion-builder-row-4 fusion-flex-container nonhundred-percent-fullwidth non-hundred-percent-height-scrolling\" style=\"--awb-border-radius-top-left:0px;--awb-border-radius-top-right:0px;--awb-border-radius-bottom-right:0px;--awb-border-radius-bottom-left:0px;--awb-flex-wrap:wrap;\" ><div class=\"fusion-builder-row fusion-row fusion-flex-align-items-flex-start fusion-flex-content-wrap\" style=\"max-width:1560px;margin-left: calc(-4% \/ 2 );margin-right: calc(-4% \/ 2 );\"><div class=\"fusion-layout-column fusion_builder_column fusion-builder-column-3 fusion_builder_column_1_1 1_1 fusion-flex-column\" style=\"--awb-bg-size:cover;--awb-width-large:100%;--awb-margin-top-large:10px;--awb-spacing-right-large:1.92%;--awb-margin-bottom-large:10px;--awb-spacing-left-large:1.92%;--awb-width-medium:100%;--awb-order-medium:0;--awb-spacing-right-medium:1.92%;--awb-spacing-left-medium:1.92%;--awb-width-small:100%;--awb-order-small:0;--awb-spacing-right-small:1.92%;--awb-spacing-left-small:1.92%;\"><div class=\"fusion-column-wrapper fusion-column-has-shadow fusion-flex-justify-content-flex-start fusion-content-layout-column\"><div class=\"fusion-text fusion-text-3\"><p>B\u1ea1n c\u00f3 th\u1ec3 ki\u1ec3m tra m\u1ee5c \u0111\u1eb7t h\u00e0ng n\u00e0y \u0111\u1ec3 ch\u1ecdn th\u00f4ng s\u1ed1 c\u00f4ng t\u1eafc c\u1eeda D3 v\u00e0 n\u1ebfu b\u1ea1n c\u1ea7n th\u00eam th\u00f4ng tin, vui l\u00f2ng li\u00ean h\u1ec7 v\u1edbi ch\u00fang t\u00f4i.<\/p>\n<\/div><div class=\"fusion-builder-row fusion-builder-row-inner fusion-row fusion-flex-align-items-flex-start fusion-flex-content-wrap\" style=\"--awb-flex-grow:0;--awb-flex-grow-medium:0;--awb-flex-grow-small:0;--awb-flex-shrink:0;--awb-flex-shrink-medium:0;--awb-flex-shrink-small:0;width:104% !important;max-width:104% !important;margin-left: calc(-4% \/ 2 );margin-right: calc(-4% \/ 2 );\"><div class=\"fusion-layout-column fusion_builder_column_inner fusion-builder-nested-column-2 fusion_builder_column_inner_1_2 1_2 fusion-flex-column\" style=\"--awb-bg-size:cover;--awb-width-large:50%;--awb-margin-top-large:10px;--awb-spacing-right-large:3.84%;--awb-margin-bottom-large:10px;--awb-spacing-left-large:3.84%;--awb-width-medium:50%;--awb-order-medium:0;--awb-spacing-right-medium:3.84%;--awb-spacing-left-medium:3.84%;--awb-width-small:100%;--awb-order-small:0;--awb-spacing-right-small:1.92%;--awb-spacing-left-small:1.92%;\"><div class=\"fusion-column-wrapper fusion-column-has-shadow fusion-flex-justify-content-flex-start fusion-content-layout-column\"><div class=\"fusion-image-element\" style=\"--awb-caption-title-font-family:var(--h2_typography-font-family);--awb-caption-title-font-weight:var(--h2_typography-font-weight);--awb-caption-title-font-style:var(--h2_typography-font-style);--awb-caption-title-size:var(--h2_typography-font-size);--awb-caption-title-transform:var(--h2_typography-text-transform);--awb-caption-title-line-height:var(--h2_typography-line-height);--awb-caption-title-letter-spacing:var(--h2_typography-letter-spacing);\"><span class=\"fusion-imageframe imageframe-none imageframe-1 hover-type-none\"><img decoding=\"async\" width=\"1000\" height=\"349\" alt=\"C\u00f4ng t\u1eafc c\u1eeda D3 \u0111\u1ec3 l\u1ef1a ch\u1ecdn th\u1ee9 t\u1ef1 \u0111\u00e8n\" title=\"C\u00f4ng t\u1eafc c\u1eeda D3 \u0111\u1ec3 l\u1ef1a ch\u1ecdn th\u1ee9 t\u1ef1 \u0111\u00e8n\" src=\"https:\/\/www.toneluckswitches.com\/wp-content\/uploads\/2022\/12\/D3-Door-Switch-for-Light-order-selection.jpg\" class=\"img-responsive wp-image-3326\" srcset=\"https:\/\/www.toneluckswitches.com\/wp-content\/uploads\/2022\/12\/D3-Door-Switch-for-Light-order-selection-200x70.jpg 200w, https:\/\/www.toneluckswitches.com\/wp-content\/uploads\/2022\/12\/D3-Door-Switch-for-Light-order-selection-400x140.jpg 400w, https:\/\/www.toneluckswitches.com\/wp-content\/uploads\/2022\/12\/D3-Door-Switch-for-Light-order-selection-600x209.jpg 600w, https:\/\/www.toneluckswitches.com\/wp-content\/uploads\/2022\/12\/D3-Door-Switch-for-Light-order-selection-800x279.jpg 800w, https:\/\/www.toneluckswitches.com\/wp-content\/uploads\/2022\/12\/D3-Door-Switch-for-Light-order-selection.jpg 1000w\" sizes=\"(max-width: 640px) 100vw, 800px\" \/><\/span><\/div><\/div><\/div><div class=\"fusion-layout-column fusion_builder_column_inner fusion-builder-nested-column-3 fusion_builder_column_inner_1_2 1_2 fusion-flex-column\" style=\"--awb-bg-size:cover;--awb-width-large:50%;--awb-margin-top-large:10px;--awb-spacing-right-large:3.84%;--awb-margin-bottom-large:10px;--awb-spacing-left-large:3.84%;--awb-width-medium:50%;--awb-order-medium:0;--awb-spacing-right-medium:3.84%;--awb-spacing-left-medium:3.84%;--awb-width-small:100%;--awb-order-small:0;--awb-spacing-right-small:1.92%;--awb-spacing-left-small:1.92%;\"><div class=\"fusion-column-wrapper fusion-column-has-shadow fusion-flex-justify-content-flex-start fusion-content-layout-column\"><div class=\"fusion-image-element\" style=\"--awb-caption-title-font-family:var(--h2_typography-font-family);--awb-caption-title-font-weight:var(--h2_typography-font-weight);--awb-caption-title-font-style:var(--h2_typography-font-style);--awb-caption-title-size:var(--h2_typography-font-size);--awb-caption-title-transform:var(--h2_typography-text-transform);--awb-caption-title-line-height:var(--h2_typography-line-height);--awb-caption-title-letter-spacing:var(--h2_typography-letter-spacing);\"><span class=\"fusion-imageframe imageframe-none imageframe-2 hover-type-none\"><img decoding=\"async\" width=\"1000\" height=\"528\" alt=\"C\u00f4ng t\u1eafc c\u1eeda D3 cho k\u00edch th\u01b0\u1edbc \u0111\u00e8n\" title=\"C\u00f4ng t\u1eafc c\u1eeda D3 cho k\u00edch th\u01b0\u1edbc \u0111\u00e8n\" src=\"https:\/\/www.toneluckswitches.com\/wp-content\/uploads\/2022\/12\/D3-Door-Switch-for-Light-size.jpg\" class=\"img-responsive wp-image-3327\" srcset=\"https:\/\/www.toneluckswitches.com\/wp-content\/uploads\/2022\/12\/D3-Door-Switch-for-Light-size-200x106.jpg 200w, https:\/\/www.toneluckswitches.com\/wp-content\/uploads\/2022\/12\/D3-Door-Switch-for-Light-size-400x211.jpg 400w, https:\/\/www.toneluckswitches.com\/wp-content\/uploads\/2022\/12\/D3-Door-Switch-for-Light-size-600x317.jpg 600w, https:\/\/www.toneluckswitches.com\/wp-content\/uploads\/2022\/12\/D3-Door-Switch-for-Light-size-800x422.jpg 800w, https:\/\/www.toneluckswitches.com\/wp-content\/uploads\/2022\/12\/D3-Door-Switch-for-Light-size.jpg 1000w\" sizes=\"(max-width: 640px) 100vw, 800px\" \/><\/span><\/div><\/div><\/div><\/div><\/div><\/div><\/div><\/div><div class=\"fusion-fullwidth fullwidth-box fusion-builder-row-5 fusion-flex-container nonhundred-percent-fullwidth non-hundred-percent-height-scrolling\" style=\"--awb-border-radius-top-left:0px;--awb-border-radius-top-right:0px;--awb-border-radius-bottom-right:0px;--awb-border-radius-bottom-left:0px;--awb-flex-wrap:wrap;\" ><div class=\"fusion-builder-row fusion-row fusion-flex-align-items-flex-start fusion-flex-content-wrap\" style=\"max-width:1560px;margin-left: calc(-4% \/ 2 );margin-right: calc(-4% \/ 2 );\"><div class=\"fusion-layout-column fusion_builder_column fusion-builder-column-4 fusion_builder_column_1_1 1_1 fusion-flex-column\" style=\"--awb-bg-color:#00205b;--awb-bg-color-hover:#00205b;--awb-bg-size:cover;--awb-width-large:100%;--awb-margin-top-large:10px;--awb-spacing-right-large:1.92%;--awb-margin-bottom-large:10px;--awb-spacing-left-large:1.92%;--awb-width-medium:100%;--awb-order-medium:0;--awb-spacing-right-medium:1.92%;--awb-spacing-left-medium:1.92%;--awb-width-small:100%;--awb-order-small:0;--awb-spacing-right-small:1.92%;--awb-spacing-left-small:1.92%;\"><div class=\"fusion-column-wrapper fusion-column-has-shadow fusion-flex-justify-content-flex-start fusion-content-layout-column\"><div class=\"fusion-title title fusion-title-3 fusion-sep-none fusion-title-text fusion-title-size-three\" style=\"--awb-margin-top-small:10px;--awb-margin-right-small:0px;--awb-margin-bottom-small:10px;--awb-margin-left-small:0px;--awb-font-size:20px;\"><h3 class=\"fusion-title-heading title-heading-left\" style=\"margin:0;font-size:1em;\"><h3><span style=\"color: #ffffff;\"><strong>C\u00f4ng t\u1eafc c\u1eeda D3 cho m\u00e0n h\u00ecnh hi\u1ec3n th\u1ecb \u00e1nh s\u00e1ng<\/strong><\/span><\/h3><\/h3><\/div><\/div><\/div><\/div><\/div><div class=\"fusion-fullwidth fullwidth-box fusion-builder-row-6 fusion-flex-container nonhundred-percent-fullwidth non-hundred-percent-height-scrolling\" style=\"--awb-border-radius-top-left:0px;--awb-border-radius-top-right:0px;--awb-border-radius-bottom-right:0px;--awb-border-radius-bottom-left:0px;--awb-flex-wrap:wrap;\" ><div class=\"fusion-builder-row fusion-row fusion-flex-align-items-flex-start fusion-flex-content-wrap\" style=\"max-width:1560px;margin-left: calc(-4% \/ 2 );margin-right: calc(-4% \/ 2 );\"><div class=\"fusion-layout-column fusion_builder_column fusion-builder-column-5 fusion_builder_column_1_1 1_1 fusion-flex-column\" style=\"--awb-bg-size:cover;--awb-width-large:100%;--awb-margin-top-large:10px;--awb-spacing-right-large:1.92%;--awb-margin-bottom-large:10px;--awb-spacing-left-large:1.92%;--awb-width-medium:100%;--awb-order-medium:0;--awb-spacing-right-medium:1.92%;--awb-spacing-left-medium:1.92%;--awb-width-small:100%;--awb-order-small:0;--awb-spacing-right-small:1.92%;--awb-spacing-left-small:1.92%;\"><div class=\"fusion-column-wrapper fusion-column-has-shadow fusion-flex-justify-content-flex-start fusion-content-layout-column\"><style type=\"text\/css\">.fusion-portfolio-wrapper#fusion-portfolio-1 .fusion-portfolio-content{ padding: 10px 10px 10px 10px; text-align: center; }<\/style><div class=\"fusion-recent-works fusion-portfolio-element fusion-portfolio fusion-portfolio-1 fusion-portfolio-grid fusion-portfolio-paging-load-more-button fusion-portfolio-four fusion-portfolio-boxed fusion-portfolio-text fusion-portfolio-equal-heights fusion-portfolio-rollover\" data-id=\"-rw-1\" data-columns=\"four\"><style type=\"text\/css\">.fusion-portfolio-1 .fusion-portfolio-wrapper .fusion-col-spacing{padding:5px;}<\/style><div class=\"fusion-portfolio-wrapper\" id=\"fusion-portfolio-1\" data-picturesize=\"auto\" data-pages=\"1\" style=\"margin:-5px;\"><article id=\"portfolio-1-post-793\" class=\"fusion-portfolio-post d3-door-switch-for-light fusion-col-spacing post-793\"><div class=\"fusion-portfolio-content-wrapper\" style=\"border:1px solid #f2f3f5;border-bottom-width:3px;background-color:rgba(255,255,255,0);\"><span class=\"vcard rich-snippet-hidden\"><span class=\"fn\"><a href=\"https:\/\/www.toneluckswitches.com\/vi\/author\/toneluckadmin\/\" title=\"\u0110\u0103ng b\u1edfi ToneLuckAdmin\" rel=\"author\">ToneLuckAdmin<\/a><\/span><\/span><span class=\"updated rich-snippet-hidden\">2023-02-15T02:54:17+00:00<\/span><div  class=\"fusion-image-wrapper\" aria-haspopup=\"true\">\n\t\t\t\t<img decoding=\"async\" width=\"800\" height=\"800\" src=\"https:\/\/www.toneluckswitches.com\/wp-content\/uploads\/2021\/02\/1-11.jpg\" class=\"attachment-full size-full wp-post-image\" alt=\"c\u00f4ng t\u1eafc \u0111\u00e8n c\u1eeda t\u1ee7 l\u1ea1nh 1\" srcset=\"https:\/\/www.toneluckswitches.com\/wp-content\/uploads\/2021\/02\/1-11-200x200.jpg 200w, https:\/\/www.toneluckswitches.com\/wp-content\/uploads\/2021\/02\/1-11-400x400.jpg 400w, https:\/\/www.toneluckswitches.com\/wp-content\/uploads\/2021\/02\/1-11-600x600.jpg 600w, https:\/\/www.toneluckswitches.com\/wp-content\/uploads\/2021\/02\/1-11.jpg 800w\" sizes=\"(min-width: 2200px) 100vw, (min-width: 856px) 368px, (min-width: 784px) 490px, (min-width: 712px) 784px, (min-width: 640px) 712px, \" title=\"\"><div class=\"fusion-rollover\">\n\t<div class=\"fusion-rollover-content\">\n\n\t\t\t\t\t\t\t\t\t\t\t\t\t\t<a class=\"fusion-rollover-link\" href=\"https:\/\/www.toneluckswitches.com\/vi\/san-pham\/cong-tac-den-cua-tu-lanh\/\">C\u00f4ng t\u1eafc \u0111\u00e8n c\u1eeda t\u1ee7 l\u1ea1nh 6A 8A 125V\/ 250VAC SPST s\u1ed1 25T85<\/a>\n\t\t\t\n\t\t\t\t\t\t\t\t\n\t\t\n\t\t\t\t\t\t\t\t\t\t\t\t<h4 class=\"fusion-rollover-title\">\n\t\t\t\t\t<a class=\"fusion-rollover-title-link\" href=\"https:\/\/www.toneluckswitches.com\/vi\/san-pham\/cong-tac-den-cua-tu-lanh\/\">\n\t\t\t\t\t\tC\u00f4ng t\u1eafc \u0111\u00e8n c\u1eeda t\u1ee7 l\u1ea1nh 6A 8A 125V\/ 250VAC SPST s\u1ed1 25T85\t\t\t\t\t<\/a>\n\t\t\t\t<\/h4>\n\t\t\t\n\t\t\t\t\t\t\t\t\n\t\t\n\t\t\t\t\t\t<a class=\"fusion-link-wrapper\" href=\"https:\/\/www.toneluckswitches.com\/vi\/san-pham\/cong-tac-den-cua-tu-lanh\/\" aria-label=\"C\u00f4ng t\u1eafc \u0111\u00e8n c\u1eeda t\u1ee7 l\u1ea1nh 6A 8A 125V\/ 250VAC SPST s\u1ed1 25T85\"><\/a>\n\t<\/div>\n<\/div>\n<\/div>\n<div class=\"fusion-portfolio-content\" style=\"background-color:rgba(255,255,255,0);\"><h2 class=\"entry-title fusion-post-title\"><a href=\"https:\/\/www.toneluckswitches.com\/vi\/san-pham\/cong-tac-den-cua-tu-lanh\/\">C\u00f4ng t\u1eafc \u0111\u00e8n c\u1eeda t\u1ee7 l\u1ea1nh 6A 8A 125V\/ 250VAC SPST s\u1ed1 25T85<\/a><\/h2><div class=\"fusion-post-content\"><\/div><\/div><\/div><\/article><\/div><\/div><\/div><\/div><\/div><\/div><\/p>","protected":false},"excerpt":{"rendered":"","protected":false},"author":1,"featured_media":0,"parent":0,"menu_order":0,"comment_status":"closed","ping_status":"closed","template":"","meta":{"footnotes":""},"class_list":["post-386","page","type-page","status-publish","hentry"],"_links":{"self":[{"href":"https:\/\/www.toneluckswitches.com\/vi\/wp-json\/wp\/v2\/pages\/386","targetHints":{"allow":["GET"]}}],"collection":[{"href":"https:\/\/www.toneluckswitches.com\/vi\/wp-json\/wp\/v2\/pages"}],"about":[{"href":"https:\/\/www.toneluckswitches.com\/vi\/wp-json\/wp\/v2\/types\/page"}],"author":[{"embeddable":true,"href":"https:\/\/www.toneluckswitches.com\/vi\/wp-json\/wp\/v2\/users\/1"}],"replies":[{"embeddable":true,"href":"https:\/\/www.toneluckswitches.com\/vi\/wp-json\/wp\/v2\/comments?post=386"}],"version-history":[{"count":3,"href":"https:\/\/www.toneluckswitches.com\/vi\/wp-json\/wp\/v2\/pages\/386\/revisions"}],"predecessor-version":[{"id":3329,"href":"https:\/\/www.toneluckswitches.com\/vi\/wp-json\/wp\/v2\/pages\/386\/revisions\/3329"}],"wp:attachment":[{"href":"https:\/\/www.toneluckswitches.com\/vi\/wp-json\/wp\/v2\/media?parent=386"}],"curies":[{"name":"wp","href":"https:\/\/api.w.org\/{rel}","templated":true}]}}