{"id":3147,"date":"2022-11-17T07:35:20","date_gmt":"2022-11-17T07:35:20","guid":{"rendered":"https:\/\/www.toneluckswitches.com\/?page_id=3147"},"modified":"2022-11-17T07:35:20","modified_gmt":"2022-11-17T07:35:20","slug":"cong-tac-ap-suat-khong-khi-ps","status":"publish","type":"page","link":"https:\/\/www.toneluckswitches.com\/vi\/cong-tac-ap-suat-khong-khi-ps\/","title":{"rendered":"C\u00f4ng t\u1eafc \u00e1p su\u1ea5t kh\u00f4ng kh\u00ed PS"},"content":{"rendered":"<p><div class=\"fusion-fullwidth fullwidth-box fusion-builder-row-1 fusion-flex-container nonhundred-percent-fullwidth non-hundred-percent-height-scrolling\" style=\"--awb-border-radius-top-left:0px;--awb-border-radius-top-right:0px;--awb-border-radius-bottom-right:0px;--awb-border-radius-bottom-left:0px;--awb-flex-wrap:wrap;\" ><div class=\"fusion-builder-row fusion-row fusion-flex-align-items-flex-start fusion-flex-content-wrap\" style=\"max-width:1560px;margin-left: calc(-4% \/ 2 );margin-right: calc(-4% \/ 2 );\"><div class=\"fusion-layout-column fusion_builder_column fusion-builder-column-0 fusion_builder_column_1_1 1_1 fusion-flex-column\" style=\"--awb-bg-size:cover;--awb-width-large:100%;--awb-margin-top-large:10px;--awb-spacing-right-large:1.92%;--awb-margin-bottom-large:10px;--awb-spacing-left-large:1.92%;--awb-width-medium:100%;--awb-order-medium:0;--awb-spacing-right-medium:1.92%;--awb-spacing-left-medium:1.92%;--awb-width-small:100%;--awb-order-small:0;--awb-spacing-right-small:1.92%;--awb-spacing-left-small:1.92%;\"><div class=\"fusion-column-wrapper fusion-column-has-shadow fusion-flex-justify-content-flex-start fusion-content-layout-column\"><div class=\"fusion-text fusion-text-1\"><p>C\u00f4ng t\u1eafc \u00e1p su\u1ea5t kh\u00ed n\u00e9n Toneluck PS ch\u1ea5t l\u01b0\u1ee3ng cao v\u00e0 n\u1ed5i ti\u1ebfng, c\u00f3 c\u1ea3 \u00e1p su\u1ea5t \u00e2m v\u00e0 d\u01b0\u01a1ng \u0111\u1ec3 l\u1ef1a ch\u1ecdn. T\u00f9y thu\u1ed9c v\u00e0o nhu c\u1ea7u s\u1eed d\u1ee5ng c\u1ee7a kh\u00e1ch h\u00e0ng. Ng\u01b0\u1eddi d\u00f9ng c\u00f3 th\u1ec3 c\u00e0i \u0111\u1eb7t gi\u00e1 tr\u1ecb \u00e1p su\u1ea5t B\u1eacT v\u00e0 T\u1eaeT. \u0110\u1ed3ng th\u1eddi, s\u1ea3n ph\u1ea9m n\u00e0y \u0111\u1ea1t ti\u00eau chu\u1ea9n UL353 v\u00e0 <a href=\"https:\/\/en.wikipedia.org\/wiki\/CE_marking\" target=\"_blank\" rel=\"noopener\">CE<\/a> y\u00eau c\u1ea7u.<\/p>\n<\/div><div class=\"fusion-image-element\" style=\"text-align:center;--awb-max-width:1300px;--awb-caption-title-font-family:var(--h2_typography-font-family);--awb-caption-title-font-weight:var(--h2_typography-font-weight);--awb-caption-title-font-style:var(--h2_typography-font-style);--awb-caption-title-size:var(--h2_typography-font-size);--awb-caption-title-transform:var(--h2_typography-text-transform);--awb-caption-title-line-height:var(--h2_typography-line-height);--awb-caption-title-letter-spacing:var(--h2_typography-letter-spacing);\"><span class=\"fusion-imageframe imageframe-none imageframe-1 hover-type-none\"><img decoding=\"async\" width=\"1200\" height=\"480\" alt=\"Bi\u1ec3u ng\u1eef c\u00f4ng t\u1eafc \u00e1p su\u1ea5t kh\u00f4ng kh\u00ed PS3\" title=\"Bi\u1ec3u ng\u1eef c\u00f4ng t\u1eafc \u00e1p su\u1ea5t kh\u00f4ng kh\u00ed PS3\" src=\"https:\/\/www.toneluckswitches.com\/wp-content\/uploads\/2022\/11\/Air-pressure-switch-banner3.jpg\" class=\"img-responsive wp-image-3160\" srcset=\"https:\/\/www.toneluckswitches.com\/wp-content\/uploads\/2022\/11\/Air-pressure-switch-banner3-200x80.jpg 200w, https:\/\/www.toneluckswitches.com\/wp-content\/uploads\/2022\/11\/Air-pressure-switch-banner3-400x160.jpg 400w, https:\/\/www.toneluckswitches.com\/wp-content\/uploads\/2022\/11\/Air-pressure-switch-banner3-600x240.jpg 600w, https:\/\/www.toneluckswitches.com\/wp-content\/uploads\/2022\/11\/Air-pressure-switch-banner3-800x320.jpg 800w, https:\/\/www.toneluckswitches.com\/wp-content\/uploads\/2022\/11\/Air-pressure-switch-banner3.jpg 1200w\" sizes=\"(max-width: 640px) 100vw, 1200px\" \/><\/span><\/div><div class=\"fusion-title title fusion-title-1 fusion-sep-none fusion-title-text fusion-title-size-two\" style=\"--awb-margin-top-small:10px;--awb-margin-right-small:0px;--awb-margin-bottom-small:10px;--awb-margin-left-small:0px;--awb-font-size:22px;\"><h2 class=\"fusion-title-heading title-heading-left\" style=\"margin:0;font-size:1em;\"><h2><strong>C\u00f4ng t\u1eafc \u00e1p su\u1ea5t kh\u00f4ng kh\u00ed PS l\u00e0 g\u00ec?<\/strong><\/h2><\/h2><\/div><div class=\"fusion-text fusion-text-2\"><p>C\u00f4ng t\u1eafc \u00e1p su\u1ea5t gi\u00f3 l\u00e0 m\u1ed9t thi\u1ebft b\u1ecb c\u1ea3m bi\u1ebfn, th\u01b0\u1eddng \u0111\u01b0\u1ee3c s\u1eed d\u1ee5ng trong c\u00e1c m\u00e1y m\u00f3c c\u1ea7n \u00e1p su\u1ea5t gi\u00f3, ch\u1eb3ng h\u1ea1n nh\u01b0 m\u00e1y \u00e9p kh\u00ed n\u00e9n, m\u00e1y c\u1eaft kh\u00ed n\u00e9n, m\u00e1y n\u01b0\u1edbc n\u00f3ng gas, l\u00f2 h\u01a1i gas, l\u00f2 s\u01b0\u1edfi gas, l\u00f2 s\u01b0\u1edfi treo t\u01b0\u1eddng v\u00e0 c\u00e1c s\u1ea3n ph\u1ea9m \u0111i\u1ec7n kh\u00e1c s\u1eed d\u1ee5ng gas. \u00c1p su\u1ea5t t\u0129nh c\u1ee7a gas \u0111\u01b0\u1ee3c s\u1eed d\u1ee5ng \u0111\u1ec3 \u0111\u1ea9y c\u00f4ng t\u1eafc vi m\u00f4 \u0111\u1ec3 th\u1ef1c hi\u1ec7n b\u1eadt\/t\u1eaft d\u00f2ng \u0111i\u1ec7n.<\/p>\n<p>Ch\u1ee9c n\u0103ng quan tr\u1ecdng c\u1ee7a c\u00f4ng t\u1eafc \u00e1p su\u1ea5t kh\u00ed l\u00e0 \u0111\u1ea3m b\u1ea3o thi\u1ebft b\u1ecb c\u00f3 th\u1ec3 \u0111\u00f3ng k\u00eanh d\u1eabn kh\u00ed k\u1ecbp th\u1eddi khi kh\u00ed th\u1ea3i kh\u00f4ng \u0111\u1ec1u, \u0111\u1ea3m b\u1ea3o kh\u00ed kh\u00f4ng b\u1ecb r\u00f2 r\u1ec9 ra ngo\u00e0i, t\u1eeb \u0111\u00f3 b\u1ea3o v\u1ec7 an to\u00e0n c\u00e1 nh\u00e2n. Nh\u00e0 s\u1ea3n xu\u1ea5t c\u00f4ng t\u1eafc \u00e1p su\u1ea5t kh\u00ed s\u1ebd t\u00f9y ch\u1ec9nh \u00e1p su\u1ea5t cho kh\u00e1ch h\u00e0ng.<\/p>\n<\/div><\/div><\/div><\/div><\/div><div class=\"fusion-fullwidth fullwidth-box fusion-builder-row-2 fusion-flex-container nonhundred-percent-fullwidth non-hundred-percent-height-scrolling\" style=\"--awb-border-radius-top-left:0px;--awb-border-radius-top-right:0px;--awb-border-radius-bottom-right:0px;--awb-border-radius-bottom-left:0px;--awb-background-color:#00205b;--awb-flex-wrap:wrap;\" ><div class=\"fusion-builder-row fusion-row fusion-flex-align-items-flex-start fusion-flex-content-wrap\" style=\"max-width:1560px;margin-left: calc(-4% \/ 2 );margin-right: calc(-4% \/ 2 );\"><div class=\"fusion-layout-column fusion_builder_column fusion-builder-column-1 fusion_builder_column_1_1 1_1 fusion-flex-column\" style=\"--awb-bg-size:cover;--awb-width-large:100%;--awb-margin-top-large:10px;--awb-spacing-right-large:1.92%;--awb-margin-bottom-large:10px;--awb-spacing-left-large:1.92%;--awb-width-medium:100%;--awb-order-medium:0;--awb-spacing-right-medium:1.92%;--awb-spacing-left-medium:1.92%;--awb-width-small:100%;--awb-order-small:0;--awb-spacing-right-small:1.92%;--awb-spacing-left-small:1.92%;\"><div class=\"fusion-column-wrapper fusion-column-has-shadow fusion-flex-justify-content-flex-start fusion-content-layout-column\"><div class=\"fusion-title title fusion-title-2 fusion-sep-none fusion-title-text fusion-title-size-three\" style=\"--awb-margin-top-small:10px;--awb-margin-right-small:0px;--awb-margin-bottom-small:10px;--awb-margin-left-small:0px;--awb-font-size:24px;\"><h3 class=\"fusion-title-heading title-heading-left\" style=\"margin:0;font-size:1em;\"><p style=\"padding-left: 40px;\"><span style=\"color: #ffffff;\"><strong>S\u1ea3n ph\u1ea9m c\u00f4ng t\u1eafc \u00e1p su\u1ea5t kh\u00f4ng kh\u00ed PS<\/strong><\/span><\/p><\/h3><\/div><\/div><\/div><\/div><\/div><div class=\"fusion-fullwidth fullwidth-box fusion-builder-row-3 fusion-flex-container nonhundred-percent-fullwidth non-hundred-percent-height-scrolling\" style=\"--awb-border-radius-top-left:0px;--awb-border-radius-top-right:0px;--awb-border-radius-bottom-right:0px;--awb-border-radius-bottom-left:0px;--awb-flex-wrap:wrap;\" ><div class=\"fusion-builder-row fusion-row fusion-flex-align-items-flex-start fusion-flex-content-wrap\" style=\"max-width:1560px;margin-left: calc(-4% \/ 2 );margin-right: calc(-4% \/ 2 );\"><div class=\"fusion-layout-column fusion_builder_column fusion-builder-column-2 fusion_builder_column_1_1 1_1 fusion-flex-column\" style=\"--awb-bg-size:cover;--awb-width-large:100%;--awb-margin-top-large:10px;--awb-spacing-right-large:1.92%;--awb-margin-bottom-large:10px;--awb-spacing-left-large:1.92%;--awb-width-medium:100%;--awb-order-medium:0;--awb-spacing-right-medium:1.92%;--awb-spacing-left-medium:1.92%;--awb-width-small:100%;--awb-order-small:0;--awb-spacing-right-small:1.92%;--awb-spacing-left-small:1.92%;\"><div class=\"fusion-column-wrapper fusion-column-has-shadow fusion-flex-justify-content-flex-start fusion-content-layout-column\"><div class=\"fusion-text fusion-text-3\"><p>N\u1ebfu b\u1ea1n c\u1ea7n th\u00eam t\u00f9y ch\u1ecdn c\u00f4ng t\u1eafc kh\u00e1c, vui l\u00f2ng nh\u1ea5p v\u00e0o li\u00ean k\u1ebft \u0111\u1ec3 xem s\u1ea3n ph\u1ea9m c\u1ee7a ch\u00fang t\u00f4i. <a href=\"https:\/\/www.toneluckswitches.com\/vi\/san-pham-toneluck\/\">https:\/\/www.toneluckswitches.com\/toneluck-products\/<\/a><\/p>\n<\/div><style type=\"text\/css\">.fusion-portfolio-wrapper#fusion-portfolio-1 .fusion-portfolio-content{ padding: 10px 10px 10px 10px; text-align: center; }<\/style><div class=\"fusion-recent-works fusion-portfolio-element fusion-portfolio fusion-portfolio-1 fusion-portfolio-grid fusion-portfolio-paging-load-more-button fusion-portfolio-four fusion-portfolio-boxed fusion-portfolio-text fusion-portfolio-equal-heights fusion-portfolio-rollover\" data-id=\"-rw-1\" data-columns=\"four\"><style type=\"text\/css\">.fusion-portfolio-1 .fusion-portfolio-wrapper .fusion-col-spacing{padding:5px;}<\/style><div class=\"fusion-portfolio-wrapper\" id=\"fusion-portfolio-1\" data-picturesize=\"auto\" data-pages=\"1\" style=\"margin:-5px;\"><article id=\"portfolio-1-post-3238\" class=\"fusion-portfolio-post ps-air-pressure-switch fusion-col-spacing post-3238\"><div class=\"fusion-portfolio-content-wrapper\" style=\"border:1px solid #f2f3f5;border-bottom-width:3px;background-color:rgba(255,255,255,0);\"><span class=\"vcard rich-snippet-hidden\"><span class=\"fn\"><a href=\"https:\/\/www.toneluckswitches.com\/vi\/author\/toneluckadmin\/\" title=\"\u0110\u0103ng b\u1edfi ToneLuckAdmin\" rel=\"author\">ToneLuckAdmin<\/a><\/span><\/span><span class=\"updated rich-snippet-hidden\">2023-02-15T01:53:50+00:00<\/span><div  class=\"fusion-image-wrapper\" aria-haspopup=\"true\">\n\t\t\t\t<img decoding=\"async\" width=\"800\" height=\"800\" src=\"https:\/\/www.toneluckswitches.com\/wp-content\/uploads\/2022\/11\/Furnace-Air-Pressure-Switch-38Pa-OFF-65Pa-ON-Low-Negative-1.jpg\" class=\"attachment-full size-full wp-post-image\" alt=\"C\u00f4ng t\u1eafc \u00e1p su\u1ea5t kh\u00f4ng kh\u00ed l\u00f2 s\u01b0\u1edfi 38Pa T\u1eaeT 65Pa B\u1eacT Th\u1ea5p \u00c2m (1)\" srcset=\"https:\/\/www.toneluckswitches.com\/wp-content\/uploads\/2022\/11\/Furnace-Air-Pressure-Switch-38Pa-OFF-65Pa-ON-Low-Negative-1-200x200.jpg 200w, https:\/\/www.toneluckswitches.com\/wp-content\/uploads\/2022\/11\/Furnace-Air-Pressure-Switch-38Pa-OFF-65Pa-ON-Low-Negative-1-400x400.jpg 400w, https:\/\/www.toneluckswitches.com\/wp-content\/uploads\/2022\/11\/Furnace-Air-Pressure-Switch-38Pa-OFF-65Pa-ON-Low-Negative-1-600x600.jpg 600w, https:\/\/www.toneluckswitches.com\/wp-content\/uploads\/2022\/11\/Furnace-Air-Pressure-Switch-38Pa-OFF-65Pa-ON-Low-Negative-1.jpg 800w\" sizes=\"(min-width: 2200px) 100vw, (min-width: 856px) 368px, (min-width: 784px) 490px, (min-width: 712px) 784px, (min-width: 640px) 712px, \" title=\"\"><div class=\"fusion-rollover\">\n\t<div class=\"fusion-rollover-content\">\n\n\t\t\t\t\t\t\t\t\t\t\t\t\t\t<a class=\"fusion-rollover-link\" href=\"https:\/\/www.toneluckswitches.com\/vi\/san-pham\/cong-tac-ap-suat-khong-khi-lo-suoi\/\">C\u00f4ng t\u1eafc \u00e1p su\u1ea5t kh\u00f4ng kh\u00ed l\u00f2 \u00e2m th\u1ea5p 38Pa T\u1eaeT 65Pa B\u1eacT<\/a>\n\t\t\t\n\t\t\t\t\t\t\t\t\n\t\t\n\t\t\t\t\t\t\t\t\t\t\t\t<h4 class=\"fusion-rollover-title\">\n\t\t\t\t\t<a class=\"fusion-rollover-title-link\" href=\"https:\/\/www.toneluckswitches.com\/vi\/san-pham\/cong-tac-ap-suat-khong-khi-lo-suoi\/\">\n\t\t\t\t\t\tC\u00f4ng t\u1eafc \u00e1p su\u1ea5t kh\u00f4ng kh\u00ed l\u00f2 \u00e2m th\u1ea5p 38Pa T\u1eaeT 65Pa B\u1eacT\t\t\t\t\t<\/a>\n\t\t\t\t<\/h4>\n\t\t\t\n\t\t\t\t\t\t\t\t\n\t\t\n\t\t\t\t\t\t<a class=\"fusion-link-wrapper\" href=\"https:\/\/www.toneluckswitches.com\/vi\/san-pham\/cong-tac-ap-suat-khong-khi-lo-suoi\/\" aria-label=\"C\u00f4ng t\u1eafc \u00e1p su\u1ea5t kh\u00f4ng kh\u00ed l\u00f2 \u00e2m th\u1ea5p 38Pa T\u1eaeT 65Pa B\u1eacT\"><\/a>\n\t<\/div>\n<\/div>\n<\/div>\n<div class=\"fusion-portfolio-content\" style=\"background-color:rgba(255,255,255,0);\"><h2 class=\"entry-title fusion-post-title\"><a href=\"https:\/\/www.toneluckswitches.com\/vi\/san-pham\/cong-tac-ap-suat-khong-khi-lo-suoi\/\">C\u00f4ng t\u1eafc \u00e1p su\u1ea5t kh\u00f4ng kh\u00ed l\u00f2 \u00e2m th\u1ea5p 38Pa T\u1eaeT 65Pa B\u1eacT<\/a><\/h2><div class=\"fusion-post-content\"><\/div><\/div><\/div><\/article><article id=\"portfolio-1-post-3116\" class=\"fusion-portfolio-post ps-air-pressure-switch fusion-col-spacing post-3116\"><div class=\"fusion-portfolio-content-wrapper\" style=\"border:1px solid #f2f3f5;border-bottom-width:3px;background-color:rgba(255,255,255,0);\"><span class=\"vcard rich-snippet-hidden\"><span class=\"fn\"><a href=\"https:\/\/www.toneluckswitches.com\/vi\/author\/toneluckadmin\/\" title=\"\u0110\u0103ng b\u1edfi ToneLuckAdmin\" rel=\"author\">ToneLuckAdmin<\/a><\/span><\/span><span class=\"updated rich-snippet-hidden\">2022-11-22T02:11:49+00:00<\/span><div  class=\"fusion-image-wrapper\" aria-haspopup=\"true\">\n\t\t\t\t<img decoding=\"async\" width=\"800\" height=\"800\" src=\"https:\/\/www.toneluckswitches.com\/wp-content\/uploads\/2022\/11\/PS113-NO-NC-Air-Pressure-Sensor-Switch-For-Boiler-Furnace-4.jpg\" class=\"attachment-full size-full wp-post-image\" alt=\"C\u00f4ng t\u1eafc c\u1ea3m bi\u1ebfn \u00e1p su\u1ea5t kh\u00f4ng kh\u00ed PS113 NO NC cho l\u00f2 h\u01a1i (4)\" srcset=\"https:\/\/www.toneluckswitches.com\/wp-content\/uploads\/2022\/11\/PS113-NO-NC-Air-Pressure-Sensor-Switch-For-Boiler-Furnace-4-200x200.jpg 200w, https:\/\/www.toneluckswitches.com\/wp-content\/uploads\/2022\/11\/PS113-NO-NC-Air-Pressure-Sensor-Switch-For-Boiler-Furnace-4-400x400.jpg 400w, https:\/\/www.toneluckswitches.com\/wp-content\/uploads\/2022\/11\/PS113-NO-NC-Air-Pressure-Sensor-Switch-For-Boiler-Furnace-4-600x600.jpg 600w, https:\/\/www.toneluckswitches.com\/wp-content\/uploads\/2022\/11\/PS113-NO-NC-Air-Pressure-Sensor-Switch-For-Boiler-Furnace-4.jpg 800w\" sizes=\"(min-width: 2200px) 100vw, (min-width: 856px) 368px, (min-width: 784px) 490px, (min-width: 712px) 784px, (min-width: 640px) 712px, \" title=\"\"><div class=\"fusion-rollover\">\n\t<div class=\"fusion-rollover-content\">\n\n\t\t\t\t\t\t\t\t\t\t\t\t\t\t<a class=\"fusion-rollover-link\" href=\"https:\/\/www.toneluckswitches.com\/vi\/san-pham\/cong-tac-cam-bien-ap-suat-khong-khi\/\">C\u00f4ng t\u1eafc c\u1ea3m bi\u1ebfn \u00e1p su\u1ea5t kh\u00f4ng kh\u00ed PS113 NO NC cho l\u00f2 h\u01a1i<\/a>\n\t\t\t\n\t\t\t\t\t\t\t\t\n\t\t\n\t\t\t\t\t\t\t\t\t\t\t\t<h4 class=\"fusion-rollover-title\">\n\t\t\t\t\t<a class=\"fusion-rollover-title-link\" href=\"https:\/\/www.toneluckswitches.com\/vi\/san-pham\/cong-tac-cam-bien-ap-suat-khong-khi\/\">\n\t\t\t\t\t\tC\u00f4ng t\u1eafc c\u1ea3m bi\u1ebfn \u00e1p su\u1ea5t kh\u00f4ng kh\u00ed PS113 NO NC cho l\u00f2 h\u01a1i\t\t\t\t\t<\/a>\n\t\t\t\t<\/h4>\n\t\t\t\n\t\t\t\t\t\t\t\t\n\t\t\n\t\t\t\t\t\t<a class=\"fusion-link-wrapper\" href=\"https:\/\/www.toneluckswitches.com\/vi\/san-pham\/cong-tac-cam-bien-ap-suat-khong-khi\/\" aria-label=\"C\u00f4ng t\u1eafc c\u1ea3m bi\u1ebfn \u00e1p su\u1ea5t kh\u00f4ng kh\u00ed PS113 NO NC cho l\u00f2 h\u01a1i\"><\/a>\n\t<\/div>\n<\/div>\n<\/div>\n<div class=\"fusion-portfolio-content\" style=\"background-color:rgba(255,255,255,0);\"><h2 class=\"entry-title fusion-post-title\"><a href=\"https:\/\/www.toneluckswitches.com\/vi\/san-pham\/cong-tac-cam-bien-ap-suat-khong-khi\/\">C\u00f4ng t\u1eafc c\u1ea3m bi\u1ebfn \u00e1p su\u1ea5t kh\u00f4ng kh\u00ed PS113 NO NC cho l\u00f2 h\u01a1i<\/a><\/h2><div class=\"fusion-post-content\"><\/div><\/div><\/div><\/article><article id=\"portfolio-1-post-2156\" class=\"fusion-portfolio-post ps-air-pressure-switch fusion-col-spacing post-2156\"><div class=\"fusion-portfolio-content-wrapper\" style=\"border:1px solid #f2f3f5;border-bottom-width:3px;background-color:rgba(255,255,255,0);\"><span class=\"vcard rich-snippet-hidden\"><span class=\"fn\"><a href=\"https:\/\/www.toneluckswitches.com\/vi\/author\/toneluckadmin\/\" title=\"\u0110\u0103ng b\u1edfi ToneLuckAdmin\" rel=\"author\">ToneLuckAdmin<\/a><\/span><\/span><span class=\"updated rich-snippet-hidden\">2023-02-13T03:59:44+00:00<\/span><div  class=\"fusion-image-wrapper\" aria-haspopup=\"true\">\n\t\t\t\t<img decoding=\"async\" width=\"800\" height=\"800\" src=\"https:\/\/www.toneluckswitches.com\/wp-content\/uploads\/2021\/09\/1-8.jpg\" class=\"attachment-full size-full wp-post-image\" alt=\"c\u00f4ng t\u1eafc \u00e1p su\u1ea5t m\u00e1y n\u01b0\u1edbc n\u00f3ng PS100-A1310-C001\" srcset=\"https:\/\/www.toneluckswitches.com\/wp-content\/uploads\/2021\/09\/1-8-200x200.jpg 200w, https:\/\/www.toneluckswitches.com\/wp-content\/uploads\/2021\/09\/1-8-400x400.jpg 400w, https:\/\/www.toneluckswitches.com\/wp-content\/uploads\/2021\/09\/1-8-600x600.jpg 600w, https:\/\/www.toneluckswitches.com\/wp-content\/uploads\/2021\/09\/1-8.jpg 800w\" sizes=\"(min-width: 2200px) 100vw, (min-width: 856px) 368px, (min-width: 784px) 490px, (min-width: 712px) 784px, (min-width: 640px) 712px, \" title=\"\"><div class=\"fusion-rollover\">\n\t<div class=\"fusion-rollover-content\">\n\n\t\t\t\t\t\t\t\t\t\t\t\t\t\t<a class=\"fusion-rollover-link\" href=\"https:\/\/www.toneluckswitches.com\/vi\/san-pham\/cong-tac-ap-suat-may-nuoc-nong\/\">C\u00f4ng t\u1eafc \u00e1p su\u1ea5t m\u00e1y n\u01b0\u1edbc n\u00f3ng kh\u00ed n\u00f3ng 120VAC 30VDC<\/a>\n\t\t\t\n\t\t\t\t\t\t\t\t\n\t\t\n\t\t\t\t\t\t\t\t\t\t\t\t<h4 class=\"fusion-rollover-title\">\n\t\t\t\t\t<a class=\"fusion-rollover-title-link\" href=\"https:\/\/www.toneluckswitches.com\/vi\/san-pham\/cong-tac-ap-suat-may-nuoc-nong\/\">\n\t\t\t\t\t\tC\u00f4ng t\u1eafc \u00e1p su\u1ea5t m\u00e1y n\u01b0\u1edbc n\u00f3ng kh\u00ed n\u00f3ng 120VAC 30VDC\t\t\t\t\t<\/a>\n\t\t\t\t<\/h4>\n\t\t\t\n\t\t\t\t\t\t\t\t\n\t\t\n\t\t\t\t\t\t<a class=\"fusion-link-wrapper\" href=\"https:\/\/www.toneluckswitches.com\/vi\/san-pham\/cong-tac-ap-suat-may-nuoc-nong\/\" aria-label=\"C\u00f4ng t\u1eafc \u00e1p su\u1ea5t m\u00e1y n\u01b0\u1edbc n\u00f3ng kh\u00ed n\u00f3ng 120VAC 30VDC\"><\/a>\n\t<\/div>\n<\/div>\n<\/div>\n<div class=\"fusion-portfolio-content\" style=\"background-color:rgba(255,255,255,0);\"><h2 class=\"entry-title fusion-post-title\"><a href=\"https:\/\/www.toneluckswitches.com\/vi\/san-pham\/cong-tac-ap-suat-may-nuoc-nong\/\">C\u00f4ng t\u1eafc \u00e1p su\u1ea5t m\u00e1y n\u01b0\u1edbc n\u00f3ng kh\u00ed n\u00f3ng 120VAC 30VDC<\/a><\/h2><div class=\"fusion-post-content\"><\/div><\/div><\/div><\/article><\/div><\/div><\/div><\/div><\/div><\/div><\/p>","protected":false},"excerpt":{"rendered":"","protected":false},"author":1,"featured_media":0,"parent":0,"menu_order":0,"comment_status":"closed","ping_status":"closed","template":"","meta":{"footnotes":""},"class_list":["post-3147","page","type-page","status-publish","hentry"],"_links":{"self":[{"href":"https:\/\/www.toneluckswitches.com\/vi\/wp-json\/wp\/v2\/pages\/3147","targetHints":{"allow":["GET"]}}],"collection":[{"href":"https:\/\/www.toneluckswitches.com\/vi\/wp-json\/wp\/v2\/pages"}],"about":[{"href":"https:\/\/www.toneluckswitches.com\/vi\/wp-json\/wp\/v2\/types\/page"}],"author":[{"embeddable":true,"href":"https:\/\/www.toneluckswitches.com\/vi\/wp-json\/wp\/v2\/users\/1"}],"replies":[{"embeddable":true,"href":"https:\/\/www.toneluckswitches.com\/vi\/wp-json\/wp\/v2\/comments?post=3147"}],"version-history":[{"count":21,"href":"https:\/\/www.toneluckswitches.com\/vi\/wp-json\/wp\/v2\/pages\/3147\/revisions"}],"predecessor-version":[{"id":3171,"href":"https:\/\/www.toneluckswitches.com\/vi\/wp-json\/wp\/v2\/pages\/3147\/revisions\/3171"}],"wp:attachment":[{"href":"https:\/\/www.toneluckswitches.com\/vi\/wp-json\/wp\/v2\/media?parent=3147"}],"curies":[{"name":"wp","href":"https:\/\/api.w.org\/{rel}","templated":true}]}}