{"id":5196,"date":"2024-09-06T02:32:01","date_gmt":"2024-09-06T02:32:01","guid":{"rendered":"https:\/\/www.toneluckswitches.com\/?page_id=5196"},"modified":"2024-09-20T05:49:17","modified_gmt":"2024-09-20T05:49:17","slug":"mqs-8-su-gecirmez-mikro-anahtar","status":"publish","type":"page","link":"https:\/\/www.toneluckswitches.com\/tr\/mqs-8-su-gecirmez-mikro-anahtar\/","title":{"rendered":"MQS-8 Su Ge\u00e7irmez Mikro Anahtar"},"content":{"rendered":"<div class=\"fusion-fullwidth fullwidth-box fusion-builder-row-1 fusion-flex-container nonhundred-percent-fullwidth non-hundred-percent-height-scrolling\" style=\"--awb-border-radius-top-left:0px;--awb-border-radius-top-right:0px;--awb-border-radius-bottom-right:0px;--awb-border-radius-bottom-left:0px;--awb-flex-wrap:wrap;\" ><div class=\"fusion-builder-row fusion-row fusion-flex-align-items-flex-start fusion-flex-content-wrap\" style=\"max-width:1560px;margin-left: calc(-4% \/ 2 );margin-right: calc(-4% \/ 2 );\"><div class=\"fusion-layout-column fusion_builder_column fusion-builder-column-0 fusion_builder_column_1_1 1_1 fusion-flex-column\" style=\"--awb-bg-size:cover;--awb-width-large:100%;--awb-margin-top-large:10px;--awb-spacing-right-large:1.92%;--awb-margin-bottom-large:10px;--awb-spacing-left-large:1.92%;--awb-width-medium:100%;--awb-order-medium:0;--awb-spacing-right-medium:1.92%;--awb-spacing-left-medium:1.92%;--awb-width-small:100%;--awb-order-small:0;--awb-spacing-right-small:1.92%;--awb-spacing-left-small:1.92%;\"><div class=\"fusion-column-wrapper fusion-column-has-shadow fusion-flex-justify-content-flex-start fusion-content-layout-column\"><style type=\"text\/css\">.fusion-portfolio-wrapper#fusion-portfolio-1 .fusion-portfolio-content{ padding: 10px 10px 10px 10px; text-align: center; }<\/style><div class=\"fusion-recent-works fusion-portfolio-element fusion-portfolio fusion-portfolio-1 fusion-portfolio-grid fusion-portfolio-paging-load-more-button fusion-portfolio-four fusion-portfolio-boxed fusion-portfolio-text fusion-portfolio-equal-heights fusion-portfolio-rollover\" data-id=\"-rw-1\" data-columns=\"four\"><style type=\"text\/css\">.fusion-portfolio-1 .fusion-portfolio-wrapper .fusion-col-spacing{padding:5px;}<\/style><div class=\"fusion-portfolio-wrapper\" id=\"fusion-portfolio-1\" data-picturesize=\"auto\" data-pages=\"1\" style=\"margin:-5px;\"><article id=\"portfolio-1-post-5186\" class=\"fusion-portfolio-post mqs-8-micro-switch fusion-col-spacing post-5186\"><div class=\"fusion-portfolio-content-wrapper\" style=\"border:1px solid #f2f3f5;border-bottom-width:3px;background-color:rgba(255,255,255,0);\"><span class=\"vcard rich-snippet-hidden\"><span class=\"fn\"><a href=\"https:\/\/www.toneluckswitches.com\/tr\/author\/toneluckadmin\/\" title=\"ToneLuckAdmin taraf\u0131ndan yaz\u0131lan yaz\u0131lar\" rel=\"author\">ToneLuckAdmin<\/a><\/span><\/span><span class=\"updated rich-snippet-hidden\">2024-09-06T07:15:22+00:00<\/span><div  class=\"fusion-image-wrapper\" aria-haspopup=\"true\">\n\t\t\t\t<img decoding=\"async\" width=\"800\" height=\"800\" src=\"https:\/\/www.toneluckswitches.com\/wp-content\/uploads\/2024\/09\/Car-Automotive-Auto-Parts-IP67-12VDC-24V-DC-Double-Waterproof-Sealed-Two-Positions-Micro-Switches-4-Pins-Micro-Switch-5.jpg\" class=\"attachment-full size-full wp-post-image\" alt=\"\" srcset=\"https:\/\/www.toneluckswitches.com\/wp-content\/uploads\/2024\/09\/Car-Automotive-Auto-Parts-IP67-12VDC-24V-DC-Double-Waterproof-Sealed-Two-Positions-Micro-Switches-4-Pins-Micro-Switch-5-200x200.jpg 200w, https:\/\/www.toneluckswitches.com\/wp-content\/uploads\/2024\/09\/Car-Automotive-Auto-Parts-IP67-12VDC-24V-DC-Double-Waterproof-Sealed-Two-Positions-Micro-Switches-4-Pins-Micro-Switch-5-400x400.jpg 400w, https:\/\/www.toneluckswitches.com\/wp-content\/uploads\/2024\/09\/Car-Automotive-Auto-Parts-IP67-12VDC-24V-DC-Double-Waterproof-Sealed-Two-Positions-Micro-Switches-4-Pins-Micro-Switch-5-600x600.jpg 600w, https:\/\/www.toneluckswitches.com\/wp-content\/uploads\/2024\/09\/Car-Automotive-Auto-Parts-IP67-12VDC-24V-DC-Double-Waterproof-Sealed-Two-Positions-Micro-Switches-4-Pins-Micro-Switch-5.jpg 800w\" sizes=\"(min-width: 2200px) 100vw, (min-width: 856px) 368px, (min-width: 784px) 490px, (min-width: 712px) 784px, (min-width: 640px) 712px, \" title=\"\"><div class=\"fusion-rollover\">\n\t<div class=\"fusion-rollover-content\">\n\n\t\t\t\t\t\t\t\t\t\t\t\t\t\t<a class=\"fusion-rollover-link\" href=\"https:\/\/www.toneluckswitches.com\/tr\/urun\/su-gecirmez-mikro-anahtar-otomobil-parcalari-toneluck-mqs-8-a003\/\">Su Ge\u00e7irmez Mikro Anahtar Otomobil Par\u00e7alar\u0131 Toneluck MQS-8-A003<\/a>\n\t\t\t\n\t\t\t\t\t\t\t\t\n\t\t\n\t\t\t\t\t\t\t\t\t\t\t\t<h4 class=\"fusion-rollover-title\">\n\t\t\t\t\t<a class=\"fusion-rollover-title-link\" href=\"https:\/\/www.toneluckswitches.com\/tr\/urun\/su-gecirmez-mikro-anahtar-otomobil-parcalari-toneluck-mqs-8-a003\/\">\n\t\t\t\t\t\tSu Ge\u00e7irmez Mikro Anahtar Otomobil Par\u00e7alar\u0131 Toneluck MQS-8-A003\t\t\t\t\t<\/a>\n\t\t\t\t<\/h4>\n\t\t\t\n\t\t\t\t\t\t\t\t\n\t\t\n\t\t\t\t\t\t<a class=\"fusion-link-wrapper\" href=\"https:\/\/www.toneluckswitches.com\/tr\/urun\/su-gecirmez-mikro-anahtar-otomobil-parcalari-toneluck-mqs-8-a003\/\" aria-label=\"Su Ge\u00e7irmez Mikro Anahtar Otomobil Par\u00e7alar\u0131 Toneluck MQS-8-A003\"><\/a>\n\t<\/div>\n<\/div>\n<\/div>\n<div class=\"fusion-portfolio-content\" style=\"background-color:rgba(255,255,255,0);\"><h2 class=\"entry-title fusion-post-title\"><a href=\"https:\/\/www.toneluckswitches.com\/tr\/urun\/su-gecirmez-mikro-anahtar-otomobil-parcalari-toneluck-mqs-8-a003\/\">Su Ge\u00e7irmez Mikro Anahtar Otomobil Par\u00e7alar\u0131 Toneluck MQS-8-A003<\/a><\/h2><div class=\"fusion-post-content\"><\/div><\/div><\/div><\/article><article id=\"portfolio-1-post-5173\" class=\"fusion-portfolio-post mqs-8-micro-switch fusion-col-spacing post-5173\"><div class=\"fusion-portfolio-content-wrapper\" style=\"border:1px solid #f2f3f5;border-bottom-width:3px;background-color:rgba(255,255,255,0);\"><span class=\"vcard rich-snippet-hidden\"><span class=\"fn\"><a href=\"https:\/\/www.toneluckswitches.com\/tr\/author\/toneluckadmin\/\" title=\"ToneLuckAdmin taraf\u0131ndan yaz\u0131lan yaz\u0131lar\" rel=\"author\">ToneLuckAdmin<\/a><\/span><\/span><span class=\"updated rich-snippet-hidden\">2024-09-06T07:13:39+00:00<\/span><div  class=\"fusion-image-wrapper\" aria-haspopup=\"true\">\n\t\t\t\t<img decoding=\"async\" width=\"800\" height=\"800\" src=\"https:\/\/www.toneluckswitches.com\/wp-content\/uploads\/2024\/09\/1-13.jpg\" class=\"attachment-full size-full wp-post-image\" alt=\"\" srcset=\"https:\/\/www.toneluckswitches.com\/wp-content\/uploads\/2024\/09\/1-13-200x200.jpg 200w, https:\/\/www.toneluckswitches.com\/wp-content\/uploads\/2024\/09\/1-13-400x400.jpg 400w, https:\/\/www.toneluckswitches.com\/wp-content\/uploads\/2024\/09\/1-13-600x600.jpg 600w, https:\/\/www.toneluckswitches.com\/wp-content\/uploads\/2024\/09\/1-13.jpg 800w\" sizes=\"(min-width: 2200px) 100vw, (min-width: 856px) 368px, (min-width: 784px) 490px, (min-width: 712px) 784px, (min-width: 640px) 712px, \" title=\"\"><div class=\"fusion-rollover\">\n\t<div class=\"fusion-rollover-content\">\n\n\t\t\t\t\t\t\t\t\t\t\t\t\t\t<a class=\"fusion-rollover-link\" href=\"https:\/\/www.toneluckswitches.com\/tr\/urun\/ip67-su-gecirmez-mikro-anahtar-otomobil-parcalari-toneluck-mqs-8-a001\/\">IP67 Su Ge\u00e7irmez Mikro Anahtar Otomobil Par\u00e7alar\u0131 Toneluck MQS-8-A001<\/a>\n\t\t\t\n\t\t\t\t\t\t\t\t\n\t\t\n\t\t\t\t\t\t\t\t\t\t\t\t<h4 class=\"fusion-rollover-title\">\n\t\t\t\t\t<a class=\"fusion-rollover-title-link\" href=\"https:\/\/www.toneluckswitches.com\/tr\/urun\/ip67-su-gecirmez-mikro-anahtar-otomobil-parcalari-toneluck-mqs-8-a001\/\">\n\t\t\t\t\t\tIP67 Su Ge\u00e7irmez Mikro Anahtar Otomobil Par\u00e7alar\u0131 Toneluck MQS-8-A001\t\t\t\t\t<\/a>\n\t\t\t\t<\/h4>\n\t\t\t\n\t\t\t\t\t\t\t\t\n\t\t\n\t\t\t\t\t\t<a class=\"fusion-link-wrapper\" href=\"https:\/\/www.toneluckswitches.com\/tr\/urun\/ip67-su-gecirmez-mikro-anahtar-otomobil-parcalari-toneluck-mqs-8-a001\/\" aria-label=\"IP67 Su Ge\u00e7irmez Mikro Anahtar Otomobil Par\u00e7alar\u0131 Toneluck MQS-8-A001\"><\/a>\n\t<\/div>\n<\/div>\n<\/div>\n<div class=\"fusion-portfolio-content\" style=\"background-color:rgba(255,255,255,0);\"><h2 class=\"entry-title fusion-post-title\"><a href=\"https:\/\/www.toneluckswitches.com\/tr\/urun\/ip67-su-gecirmez-mikro-anahtar-otomobil-parcalari-toneluck-mqs-8-a001\/\">IP67 Su Ge\u00e7irmez Mikro Anahtar Otomobil Par\u00e7alar\u0131 Toneluck MQS-8-A001<\/a><\/h2><div class=\"fusion-post-content\"><\/div><\/div><\/div><\/article><\/div><\/div><div class=\"fusion-builder-row fusion-builder-row-inner fusion-row fusion-flex-align-items-flex-start fusion-flex-content-wrap\" style=\"--awb-flex-grow:0;--awb-flex-grow-medium:0;--awb-flex-grow-small:0;--awb-flex-shrink:0;--awb-flex-shrink-medium:0;--awb-flex-shrink-small:0;width:104% !important;max-width:104% !important;margin-left: calc(-4% \/ 2 );margin-right: calc(-4% \/ 2 );\"><div class=\"fusion-layout-column fusion_builder_column_inner fusion-builder-nested-column-0 fusion_builder_column_inner_3_4 3_4 fusion-flex-column\" style=\"--awb-bg-size:cover;--awb-width-large:75%;--awb-margin-top-large:10px;--awb-spacing-right-large:2.56%;--awb-margin-bottom-large:10px;--awb-spacing-left-large:2.56%;--awb-width-medium:75%;--awb-order-medium:0;--awb-spacing-right-medium:2.56%;--awb-spacing-left-medium:2.56%;--awb-width-small:100%;--awb-order-small:0;--awb-spacing-right-small:1.92%;--awb-spacing-left-small:1.92%;\"><div class=\"fusion-column-wrapper fusion-column-has-shadow fusion-flex-justify-content-flex-start fusion-content-layout-column\">\n<table width=\"100%\">\n<tbody>\n<tr bgcolor=\"#00205b\">\n<th align=\"left\" height=\"40\"><span style=\"color: #ffffff;\"><strong>\u015eartname<\/strong><\/span><\/th>\n<\/tr>\n<\/tbody>\n<\/table>\n\n<p>\u00c7al\u0131\u015fma kuvveti: 160\u00b180 gf<br \/>\nGeri y\u00fckleme kuvveti: 30gf Min<br \/>\nDiferansiyel strok: 0,30 mm Maks.<br \/>\nEylem pozisyonu: 3,45\u00b10,20 mm<br \/>\nSerbest pozisyon: 4.10 mm Maks.<br \/>\nAnma y\u00fck\u00fc: 10~50mA 12~24VDC<br \/>\n\u00c7al\u0131\u015fma \u00f6mr\u00fc: 250.000 d\u00f6ng\u00fc<br \/>\nTemas direnci: 100 M\u03a9 Maks.<br \/>\nYal\u0131t\u0131m direnci: 100 M\u03a9 Min.<br \/>\nDielektrik dayan\u0131m\u0131: 500VAC (50~60HZ)<br \/>\nMekanik \u00f6m\u00fcr: 500.000 Min.<br \/>\nKullan\u0131m s\u0131cakl\u0131\u011f\u0131 ortam\u0131: -40~85\u2103<\/p>\n<\/div><\/div><div class=\"fusion-layout-column fusion_builder_column_inner fusion-builder-nested-column-1 fusion_builder_column_inner_1_4 1_4 fusion-flex-column\" style=\"--awb-bg-size:cover;--awb-width-large:25%;--awb-margin-top-large:10px;--awb-spacing-right-large:7.68%;--awb-margin-bottom-large:10px;--awb-spacing-left-large:7.68%;--awb-width-medium:25%;--awb-order-medium:0;--awb-spacing-right-medium:7.68%;--awb-spacing-left-medium:7.68%;--awb-width-small:100%;--awb-order-small:0;--awb-spacing-right-small:1.92%;--awb-spacing-left-small:1.92%;\"><div class=\"fusion-column-wrapper fusion-column-has-shadow fusion-flex-justify-content-flex-start fusion-content-layout-column\">\n<table width=\"100%\">\n<tbody>\n<tr bgcolor=\"#00205b\">\n<th align=\"left\" height=\"40\"><strong><span style=\"color: #ffffff;\">Bize Ula\u015f\u0131n<\/span><\/strong><\/th>\n<\/tr>\n<\/tbody>\n<\/table>\n<div ><a class=\"fusion-button button-flat fusion-button-default-size button-default fusion-button-default button-1 fusion-button-default-span fusion-button-default-type\" target=\"_blank\" rel=\"noopener noreferrer\" href=\"https:\/\/www.toneluckswitches.com\/wp-content\/uploads\/2024\/09\/MQS-8-Catalog.pdf\"><span class=\"fusion-button-text awb-button__text awb-button__text--default\">MQS-8 PDF&#039;ini indirin<\/span><\/a><\/div><\/div><\/div><\/div><\/div><\/div><\/div><\/div>","protected":false},"excerpt":{"rendered":"","protected":false},"author":1,"featured_media":0,"parent":0,"menu_order":0,"comment_status":"closed","ping_status":"closed","template":"","meta":{"footnotes":""},"class_list":["post-5196","page","type-page","status-publish","hentry"],"_links":{"self":[{"href":"https:\/\/www.toneluckswitches.com\/tr\/wp-json\/wp\/v2\/pages\/5196","targetHints":{"allow":["GET"]}}],"collection":[{"href":"https:\/\/www.toneluckswitches.com\/tr\/wp-json\/wp\/v2\/pages"}],"about":[{"href":"https:\/\/www.toneluckswitches.com\/tr\/wp-json\/wp\/v2\/types\/page"}],"author":[{"embeddable":true,"href":"https:\/\/www.toneluckswitches.com\/tr\/wp-json\/wp\/v2\/users\/1"}],"replies":[{"embeddable":true,"href":"https:\/\/www.toneluckswitches.com\/tr\/wp-json\/wp\/v2\/comments?post=5196"}],"version-history":[{"count":7,"href":"https:\/\/www.toneluckswitches.com\/tr\/wp-json\/wp\/v2\/pages\/5196\/revisions"}],"predecessor-version":[{"id":5313,"href":"https:\/\/www.toneluckswitches.com\/tr\/wp-json\/wp\/v2\/pages\/5196\/revisions\/5313"}],"wp:attachment":[{"href":"https:\/\/www.toneluckswitches.com\/tr\/wp-json\/wp\/v2\/media?parent=5196"}],"curies":[{"name":"wp","href":"https:\/\/api.w.org\/{rel}","templated":true}]}}