{"id":437,"date":"2021-01-26T02:57:25","date_gmt":"2021-01-26T02:57:25","guid":{"rendered":"https:\/\/www.toneluckswitches.com\/?page_id=437"},"modified":"2021-01-26T02:57:25","modified_gmt":"2021-01-26T02:57:25","slug":"mpn-basmali-dugme-acma-kapama-anahtarlari","status":"publish","type":"page","link":"https:\/\/www.toneluckswitches.com\/tr\/mpn-basmali-dugme-acma-kapama-anahtarlari\/","title":{"rendered":"MPN Basmal\u0131 D\u00fc\u011fme A\u00c7IK KAPALI Anahtarlar\u0131"},"content":{"rendered":"<div class=\"fusion-fullwidth fullwidth-box fusion-builder-row-1 fusion-flex-container nonhundred-percent-fullwidth non-hundred-percent-height-scrolling\" style=\"--awb-border-radius-top-left:0px;--awb-border-radius-top-right:0px;--awb-border-radius-bottom-right:0px;--awb-border-radius-bottom-left:0px;--awb-flex-wrap:wrap;\" ><div class=\"fusion-builder-row fusion-row fusion-flex-align-items-flex-start fusion-flex-content-wrap\" style=\"max-width:1560px;margin-left: calc(-4% \/ 2 );margin-right: calc(-4% \/ 2 );\"><div class=\"fusion-layout-column fusion_builder_column fusion-builder-column-0 fusion_builder_column_1_1 1_1 fusion-flex-column\" style=\"--awb-bg-size:cover;--awb-width-large:100%;--awb-margin-top-large:10px;--awb-spacing-right-large:1.92%;--awb-margin-bottom-large:10px;--awb-spacing-left-large:1.92%;--awb-width-medium:100%;--awb-order-medium:0;--awb-spacing-right-medium:1.92%;--awb-spacing-left-medium:1.92%;--awb-width-small:100%;--awb-order-small:0;--awb-spacing-right-small:1.92%;--awb-spacing-left-small:1.92%;\"><div class=\"fusion-column-wrapper fusion-column-has-shadow fusion-flex-justify-content-flex-start fusion-content-layout-column\"><style type=\"text\/css\">.fusion-portfolio-wrapper#fusion-portfolio-1 .fusion-portfolio-content{ padding: 10px 10px 10px 10px; text-align: center; }<\/style><div class=\"fusion-recent-works fusion-portfolio-element fusion-portfolio fusion-portfolio-1 fusion-portfolio-grid fusion-portfolio-paging-load-more-button fusion-portfolio-four fusion-portfolio-boxed fusion-portfolio-text fusion-portfolio-equal-heights fusion-portfolio-rollover\" data-id=\"-rw-1\" data-columns=\"four\"><style type=\"text\/css\">.fusion-portfolio-1 .fusion-portfolio-wrapper .fusion-col-spacing{padding:5px;}<\/style><div class=\"fusion-portfolio-wrapper\" id=\"fusion-portfolio-1\" data-picturesize=\"auto\" data-pages=\"1\" style=\"margin:-5px;\"><article id=\"portfolio-1-post-3013\" class=\"fusion-portfolio-post mpn-push-button-on-off-switches fusion-col-spacing post-3013\"><div class=\"fusion-portfolio-content-wrapper\" style=\"border:1px solid #f2f3f5;border-bottom-width:3px;background-color:rgba(255,255,255,0);\"><span class=\"vcard rich-snippet-hidden\"><span class=\"fn\"><a href=\"https:\/\/www.toneluckswitches.com\/tr\/author\/toneluckadmin\/\" title=\"ToneLuckAdmin taraf\u0131ndan yaz\u0131lan yaz\u0131lar\" rel=\"author\">ToneLuckAdmin<\/a><\/span><\/span><span class=\"updated rich-snippet-hidden\">2023-02-10T08:31:56+00:00<\/span><div  class=\"fusion-image-wrapper\" aria-haspopup=\"true\">\n\t\t\t\t<img decoding=\"async\" width=\"800\" height=\"800\" src=\"https:\/\/www.toneluckswitches.com\/wp-content\/uploads\/2022\/10\/Double-Pole-Push-Button-Switch-2-mm-PT-0.10A-30VDC-3.jpg\" class=\"attachment-full size-full wp-post-image\" alt=\"\u00c7ift Kutuplu Basmal\u0131 D\u00fc\u011fme Anahtar\u0131 2 mm PT 0,10A 30VDC (3)\" srcset=\"https:\/\/www.toneluckswitches.com\/wp-content\/uploads\/2022\/10\/Double-Pole-Push-Button-Switch-2-mm-PT-0.10A-30VDC-3-200x200.jpg 200w, https:\/\/www.toneluckswitches.com\/wp-content\/uploads\/2022\/10\/Double-Pole-Push-Button-Switch-2-mm-PT-0.10A-30VDC-3-400x400.jpg 400w, https:\/\/www.toneluckswitches.com\/wp-content\/uploads\/2022\/10\/Double-Pole-Push-Button-Switch-2-mm-PT-0.10A-30VDC-3-600x600.jpg 600w, https:\/\/www.toneluckswitches.com\/wp-content\/uploads\/2022\/10\/Double-Pole-Push-Button-Switch-2-mm-PT-0.10A-30VDC-3.jpg 800w\" sizes=\"(min-width: 2200px) 100vw, (min-width: 856px) 368px, (min-width: 784px) 490px, (min-width: 712px) 784px, (min-width: 640px) 712px, \" title=\"\"><div class=\"fusion-rollover\">\n\t<div class=\"fusion-rollover-content\">\n\n\t\t\t\t\t\t\t\t\t\t\t\t\t\t<a class=\"fusion-rollover-link\" href=\"https:\/\/www.toneluckswitches.com\/tr\/urun\/double-pole-push-button-switch\/\">\u00c7ift Kutuplu Basmal\u0131 D\u00fc\u011fme Anahtar\u0131 2 mm PT 0,10A 30VDC<\/a>\n\t\t\t\n\t\t\t\t\t\t\t\t\n\t\t\n\t\t\t\t\t\t\t\t\t\t\t\t<h4 class=\"fusion-rollover-title\">\n\t\t\t\t\t<a class=\"fusion-rollover-title-link\" href=\"https:\/\/www.toneluckswitches.com\/tr\/urun\/double-pole-push-button-switch\/\">\n\t\t\t\t\t\t\u00c7ift Kutuplu Basmal\u0131 D\u00fc\u011fme Anahtar\u0131 2 mm PT 0,10A 30VDC\t\t\t\t\t<\/a>\n\t\t\t\t<\/h4>\n\t\t\t\n\t\t\t\t\t\t\t\t\n\t\t\n\t\t\t\t\t\t<a class=\"fusion-link-wrapper\" href=\"https:\/\/www.toneluckswitches.com\/tr\/urun\/double-pole-push-button-switch\/\" aria-label=\"\u00c7ift Kutuplu Basmal\u0131 D\u00fc\u011fme Anahtar\u0131 2 mm PT 0,10A 30VDC\"><\/a>\n\t<\/div>\n<\/div>\n<\/div>\n<div class=\"fusion-portfolio-content\" style=\"background-color:rgba(255,255,255,0);\"><h2 class=\"entry-title fusion-post-title\"><a href=\"https:\/\/www.toneluckswitches.com\/tr\/urun\/double-pole-push-button-switch\/\">\u00c7ift Kutuplu Basmal\u0131 D\u00fc\u011fme Anahtar\u0131 2 mm PT 0,10A 30VDC<\/a><\/h2><div class=\"fusion-post-content\"><\/div><\/div><\/div><\/article><article id=\"portfolio-1-post-1583\" class=\"fusion-portfolio-post mpn-push-button-on-off-switches fusion-col-spacing post-1583\"><div class=\"fusion-portfolio-content-wrapper\" style=\"border:1px solid #f2f3f5;border-bottom-width:3px;background-color:rgba(255,255,255,0);\"><span class=\"vcard rich-snippet-hidden\"><span class=\"fn\"><a href=\"https:\/\/www.toneluckswitches.com\/tr\/author\/toneluckadmin\/\" title=\"ToneLuckAdmin taraf\u0131ndan yaz\u0131lan yaz\u0131lar\" rel=\"author\">ToneLuckAdmin<\/a><\/span><\/span><span class=\"updated rich-snippet-hidden\">2023-02-15T02:42:42+00:00<\/span><div  class=\"fusion-image-wrapper\" aria-haspopup=\"true\">\n\t\t\t\t<img decoding=\"async\" width=\"800\" height=\"800\" src=\"https:\/\/www.toneluckswitches.com\/wp-content\/uploads\/2021\/03\/1-34.jpg\" class=\"attachment-full size-full wp-post-image\" alt=\"Mandall\u0131 Basmal\u0131 D\u00fc\u011fme Anahtar\u0131 Kendinden Kilitli 6 Kutuplu 12V 24V 30V MPN-S6H-A\" srcset=\"https:\/\/www.toneluckswitches.com\/wp-content\/uploads\/2021\/03\/1-34-200x200.jpg 200w, https:\/\/www.toneluckswitches.com\/wp-content\/uploads\/2021\/03\/1-34-400x400.jpg 400w, https:\/\/www.toneluckswitches.com\/wp-content\/uploads\/2021\/03\/1-34-600x600.jpg 600w, https:\/\/www.toneluckswitches.com\/wp-content\/uploads\/2021\/03\/1-34.jpg 800w\" sizes=\"(min-width: 2200px) 100vw, (min-width: 856px) 368px, (min-width: 784px) 490px, (min-width: 712px) 784px, (min-width: 640px) 712px, \" title=\"\"><div class=\"fusion-rollover\">\n\t<div class=\"fusion-rollover-content\">\n\n\t\t\t\t\t\t\t\t\t\t\t\t\t\t<a class=\"fusion-rollover-link\" href=\"https:\/\/www.toneluckswitches.com\/tr\/urun\/mandalli-basmali-dugme-anahtari\/\">Mandall\u0131 Basmal\u0131 D\u00fc\u011fme Anahtar\u0131 Kendinden Kilitli 6 Kutuplu 12V 24V 30V<\/a>\n\t\t\t\n\t\t\t\t\t\t\t\t\n\t\t\n\t\t\t\t\t\t\t\t\t\t\t\t<h4 class=\"fusion-rollover-title\">\n\t\t\t\t\t<a class=\"fusion-rollover-title-link\" href=\"https:\/\/www.toneluckswitches.com\/tr\/urun\/mandalli-basmali-dugme-anahtari\/\">\n\t\t\t\t\t\tMandall\u0131 Basmal\u0131 D\u00fc\u011fme Anahtar\u0131 Kendinden Kilitli 6 Kutuplu 12V 24V 30V\t\t\t\t\t<\/a>\n\t\t\t\t<\/h4>\n\t\t\t\n\t\t\t\t\t\t\t\t\n\t\t\n\t\t\t\t\t\t<a class=\"fusion-link-wrapper\" href=\"https:\/\/www.toneluckswitches.com\/tr\/urun\/mandalli-basmali-dugme-anahtari\/\" aria-label=\"Mandall\u0131 Basmal\u0131 D\u00fc\u011fme Anahtar\u0131 Kendinden Kilitli 6 Kutuplu 12V 24V 30V\"><\/a>\n\t<\/div>\n<\/div>\n<\/div>\n<div class=\"fusion-portfolio-content\" style=\"background-color:rgba(255,255,255,0);\"><h2 class=\"entry-title fusion-post-title\"><a href=\"https:\/\/www.toneluckswitches.com\/tr\/urun\/mandalli-basmali-dugme-anahtari\/\">Mandall\u0131 Basmal\u0131 D\u00fc\u011fme Anahtar\u0131 Kendinden Kilitli 6 Kutuplu 12V 24V 30V<\/a><\/h2><div class=\"fusion-post-content\"><\/div><\/div><\/div><\/article><article id=\"portfolio-1-post-1316\" class=\"fusion-portfolio-post mpn-push-button-on-off-switches fusion-col-spacing post-1316\"><div class=\"fusion-portfolio-content-wrapper\" style=\"border:1px solid #f2f3f5;border-bottom-width:3px;background-color:rgba(255,255,255,0);\"><span class=\"vcard rich-snippet-hidden\"><span class=\"fn\"><a href=\"https:\/\/www.toneluckswitches.com\/tr\/author\/toneluckadmin\/\" title=\"ToneLuckAdmin taraf\u0131ndan yaz\u0131lan yaz\u0131lar\" rel=\"author\">ToneLuckAdmin<\/a><\/span><\/span><span class=\"updated rich-snippet-hidden\">2023-02-10T08:30:49+00:00<\/span><div  class=\"fusion-image-wrapper\" aria-haspopup=\"true\">\n\t\t\t\t<img decoding=\"async\" width=\"800\" height=\"800\" src=\"https:\/\/www.toneluckswitches.com\/wp-content\/uploads\/2021\/03\/1-8.jpg\" class=\"attachment-full size-full wp-post-image\" alt=\"2 kutuplu basmal\u0131 d\u00fc\u011fme anahtar\u0131\" srcset=\"https:\/\/www.toneluckswitches.com\/wp-content\/uploads\/2021\/03\/1-8-200x200.jpg 200w, https:\/\/www.toneluckswitches.com\/wp-content\/uploads\/2021\/03\/1-8-400x400.jpg 400w, https:\/\/www.toneluckswitches.com\/wp-content\/uploads\/2021\/03\/1-8-600x600.jpg 600w, https:\/\/www.toneluckswitches.com\/wp-content\/uploads\/2021\/03\/1-8.jpg 800w\" sizes=\"(min-width: 2200px) 100vw, (min-width: 856px) 368px, (min-width: 784px) 490px, (min-width: 712px) 784px, (min-width: 640px) 712px, \" title=\"\"><div class=\"fusion-rollover\">\n\t<div class=\"fusion-rollover-content\">\n\n\t\t\t\t\t\t\t\t\t\t\t\t\t\t<a class=\"fusion-rollover-link\" href=\"https:\/\/www.toneluckswitches.com\/tr\/urun\/2-kutuplu-basmali-dugme-anahtari\/\">2 Kutuplu Basmal\u0131 D\u00fc\u011fme Anahtar\u0131 PCB NO NC 6Pin<\/a>\n\t\t\t\n\t\t\t\t\t\t\t\t\n\t\t\n\t\t\t\t\t\t\t\t\t\t\t\t<h4 class=\"fusion-rollover-title\">\n\t\t\t\t\t<a class=\"fusion-rollover-title-link\" href=\"https:\/\/www.toneluckswitches.com\/tr\/urun\/2-kutuplu-basmali-dugme-anahtari\/\">\n\t\t\t\t\t\t2 Kutuplu Basmal\u0131 D\u00fc\u011fme Anahtar\u0131 PCB NO NC 6Pin\t\t\t\t\t<\/a>\n\t\t\t\t<\/h4>\n\t\t\t\n\t\t\t\t\t\t\t\t\n\t\t\n\t\t\t\t\t\t<a class=\"fusion-link-wrapper\" href=\"https:\/\/www.toneluckswitches.com\/tr\/urun\/2-kutuplu-basmali-dugme-anahtari\/\" aria-label=\"2 Kutuplu Basmal\u0131 D\u00fc\u011fme Anahtar\u0131 PCB NO NC 6Pin\"><\/a>\n\t<\/div>\n<\/div>\n<\/div>\n<div class=\"fusion-portfolio-content\" style=\"background-color:rgba(255,255,255,0);\"><h2 class=\"entry-title fusion-post-title\"><a href=\"https:\/\/www.toneluckswitches.com\/tr\/urun\/2-kutuplu-basmali-dugme-anahtari\/\">2 Kutuplu Basmal\u0131 D\u00fc\u011fme Anahtar\u0131 PCB NO NC 6Pin<\/a><\/h2><div class=\"fusion-post-content\"><\/div><\/div><\/div><\/article><article id=\"portfolio-1-post-1324\" class=\"fusion-portfolio-post mpn-push-button-on-off-switches fusion-col-spacing post-1324\"><div class=\"fusion-portfolio-content-wrapper\" style=\"border:1px solid #f2f3f5;border-bottom-width:3px;background-color:rgba(255,255,255,0);\"><span class=\"vcard rich-snippet-hidden\"><span class=\"fn\"><a href=\"https:\/\/www.toneluckswitches.com\/tr\/author\/toneluckadmin\/\" title=\"ToneLuckAdmin taraf\u0131ndan yaz\u0131lan yaz\u0131lar\" rel=\"author\">ToneLuckAdmin<\/a><\/span><\/span><span class=\"updated rich-snippet-hidden\">2023-02-10T08:38:52+00:00<\/span><div  class=\"fusion-image-wrapper\" aria-haspopup=\"true\">\n\t\t\t\t<img decoding=\"async\" width=\"800\" height=\"800\" src=\"https:\/\/www.toneluckswitches.com\/wp-content\/uploads\/2021\/03\/1-9.jpg\" class=\"attachment-full size-full wp-post-image\" alt=\"PCB montajl\u0131 basmal\u0131 d\u00fc\u011fme anahtar\u0131\" srcset=\"https:\/\/www.toneluckswitches.com\/wp-content\/uploads\/2021\/03\/1-9-200x200.jpg 200w, https:\/\/www.toneluckswitches.com\/wp-content\/uploads\/2021\/03\/1-9-400x400.jpg 400w, https:\/\/www.toneluckswitches.com\/wp-content\/uploads\/2021\/03\/1-9-600x600.jpg 600w, https:\/\/www.toneluckswitches.com\/wp-content\/uploads\/2021\/03\/1-9.jpg 800w\" sizes=\"(min-width: 2200px) 100vw, (min-width: 856px) 368px, (min-width: 784px) 490px, (min-width: 712px) 784px, (min-width: 640px) 712px, \" title=\"\"><div class=\"fusion-rollover\">\n\t<div class=\"fusion-rollover-content\">\n\n\t\t\t\t\t\t\t\t\t\t\t\t\t\t<a class=\"fusion-rollover-link\" href=\"https:\/\/www.toneluckswitches.com\/tr\/urun\/pcb-montajli-basmali-dugme-anahtari\/\">PCB Montajl\u0131 Basmal\u0131 D\u00fc\u011fme Anahtar\u0131 MPN 0.1A 30VDC 4 Kutuplu 10E4<\/a>\n\t\t\t\n\t\t\t\t\t\t\t\t\n\t\t\n\t\t\t\t\t\t\t\t\t\t\t\t<h4 class=\"fusion-rollover-title\">\n\t\t\t\t\t<a class=\"fusion-rollover-title-link\" href=\"https:\/\/www.toneluckswitches.com\/tr\/urun\/pcb-montajli-basmali-dugme-anahtari\/\">\n\t\t\t\t\t\tPCB Montajl\u0131 Basmal\u0131 D\u00fc\u011fme Anahtar\u0131 MPN 0.1A 30VDC 4 Kutuplu 10E4\t\t\t\t\t<\/a>\n\t\t\t\t<\/h4>\n\t\t\t\n\t\t\t\t\t\t\t\t\n\t\t\n\t\t\t\t\t\t<a class=\"fusion-link-wrapper\" href=\"https:\/\/www.toneluckswitches.com\/tr\/urun\/pcb-montajli-basmali-dugme-anahtari\/\" aria-label=\"PCB Montajl\u0131 Basmal\u0131 D\u00fc\u011fme Anahtar\u0131 MPN 0.1A 30VDC 4 Kutuplu 10E4\"><\/a>\n\t<\/div>\n<\/div>\n<\/div>\n<div class=\"fusion-portfolio-content\" style=\"background-color:rgba(255,255,255,0);\"><h2 class=\"entry-title fusion-post-title\"><a href=\"https:\/\/www.toneluckswitches.com\/tr\/urun\/pcb-montajli-basmali-dugme-anahtari\/\">PCB Montajl\u0131 Basmal\u0131 D\u00fc\u011fme Anahtar\u0131 MPN 0.1A 30VDC 4 Kutuplu 10E4<\/a><\/h2><div class=\"fusion-post-content\"><\/div><\/div><\/div><\/article><\/div><\/div><\/div><\/div><\/div><\/div>","protected":false},"excerpt":{"rendered":"","protected":false},"author":1,"featured_media":0,"parent":0,"menu_order":0,"comment_status":"closed","ping_status":"closed","template":"","meta":{"footnotes":""},"class_list":["post-437","page","type-page","status-publish","hentry"],"_links":{"self":[{"href":"https:\/\/www.toneluckswitches.com\/tr\/wp-json\/wp\/v2\/pages\/437","targetHints":{"allow":["GET"]}}],"collection":[{"href":"https:\/\/www.toneluckswitches.com\/tr\/wp-json\/wp\/v2\/pages"}],"about":[{"href":"https:\/\/www.toneluckswitches.com\/tr\/wp-json\/wp\/v2\/types\/page"}],"author":[{"embeddable":true,"href":"https:\/\/www.toneluckswitches.com\/tr\/wp-json\/wp\/v2\/users\/1"}],"replies":[{"embeddable":true,"href":"https:\/\/www.toneluckswitches.com\/tr\/wp-json\/wp\/v2\/comments?post=437"}],"version-history":[{"count":0,"href":"https:\/\/www.toneluckswitches.com\/tr\/wp-json\/wp\/v2\/pages\/437\/revisions"}],"wp:attachment":[{"href":"https:\/\/www.toneluckswitches.com\/tr\/wp-json\/wp\/v2\/media?parent=437"}],"curies":[{"name":"wp","href":"https:\/\/api.w.org\/{rel}","templated":true}]}}