{"id":435,"date":"2021-01-26T02:56:10","date_gmt":"2021-01-26T02:56:10","guid":{"rendered":"https:\/\/www.toneluckswitches.com\/?page_id=435"},"modified":"2021-03-16T06:47:03","modified_gmt":"2021-03-16T06:47:03","slug":"anahtar-basmali-dugme-baslatma-anahtari","status":"publish","type":"page","link":"https:\/\/www.toneluckswitches.com\/tr\/anahtar-basmali-dugme-baslatma-anahtari\/","title":{"rendered":"Anahtar Basmal\u0131 D\u00fc\u011fme Ba\u015flatma Anahtar\u0131"},"content":{"rendered":"<p><div class=\"fusion-fullwidth fullwidth-box fusion-builder-row-1 fusion-flex-container nonhundred-percent-fullwidth non-hundred-percent-height-scrolling\" style=\"--awb-border-radius-top-left:0px;--awb-border-radius-top-right:0px;--awb-border-radius-bottom-right:0px;--awb-border-radius-bottom-left:0px;--awb-flex-wrap:wrap;\" ><div class=\"fusion-builder-row fusion-row fusion-flex-align-items-flex-start fusion-flex-content-wrap\" style=\"max-width:1560px;margin-left: calc(-4% \/ 2 );margin-right: calc(-4% \/ 2 );\"><div class=\"fusion-layout-column fusion_builder_column fusion-builder-column-0 fusion_builder_column_1_1 1_1 fusion-flex-column\" style=\"--awb-bg-size:cover;--awb-width-large:100%;--awb-margin-top-large:10px;--awb-spacing-right-large:1.92%;--awb-margin-bottom-large:10px;--awb-spacing-left-large:1.92%;--awb-width-medium:100%;--awb-order-medium:0;--awb-spacing-right-medium:1.92%;--awb-spacing-left-medium:1.92%;--awb-width-small:100%;--awb-order-small:0;--awb-spacing-right-small:1.92%;--awb-spacing-left-small:1.92%;\"><div class=\"fusion-column-wrapper fusion-column-has-shadow fusion-flex-justify-content-flex-start fusion-content-layout-column\"><style type=\"text\/css\">.fusion-portfolio-wrapper#fusion-portfolio-1 .fusion-portfolio-content{ padding: 10px 10px 10px 10px; text-align: center; }<\/style><div class=\"fusion-recent-works fusion-portfolio-element fusion-portfolio fusion-portfolio-1 fusion-portfolio-grid fusion-portfolio-paging-load-more-button fusion-portfolio-four fusion-portfolio-boxed fusion-portfolio-text fusion-portfolio-equal-heights fusion-portfolio-rollover\" data-id=\"-rw-1\" data-columns=\"four\"><style type=\"text\/css\">.fusion-portfolio-1 .fusion-portfolio-wrapper .fusion-col-spacing{padding:5px;}<\/style><div class=\"fusion-portfolio-wrapper\" id=\"fusion-portfolio-1\" data-picturesize=\"auto\" data-pages=\"1\" style=\"margin:-5px;\"><article id=\"portfolio-1-post-3128\" class=\"fusion-portfolio-post key-push-button-start-switch fusion-col-spacing post-3128\"><div class=\"fusion-portfolio-content-wrapper\" style=\"border:1px solid #f2f3f5;border-bottom-width:3px;background-color:rgba(255,255,255,0);\"><span class=\"vcard rich-snippet-hidden\"><span class=\"fn\"><a href=\"https:\/\/www.toneluckswitches.com\/tr\/author\/toneluckadmin\/\" title=\"ToneLuckAdmin taraf\u0131ndan yaz\u0131lan yaz\u0131lar\" rel=\"author\">ToneLuckAdmin<\/a><\/span><\/span><span class=\"updated rich-snippet-hidden\">2023-02-15T02:50:17+00:00<\/span><div  class=\"fusion-image-wrapper\" aria-haspopup=\"true\">\n\t\t\t\t<img decoding=\"async\" width=\"800\" height=\"800\" src=\"https:\/\/www.toneluckswitches.com\/wp-content\/uploads\/2022\/11\/Small-12V-Push-Button-Switch-Toneluck-Key-Round-3.jpg\" class=\"attachment-full size-full wp-post-image\" alt=\"K\u00fc\u00e7\u00fck 12V Basmal\u0131 D\u00fc\u011fme Anahtar\u0131 Toneluck Anahtar Yuvarlak (3)\" srcset=\"https:\/\/www.toneluckswitches.com\/wp-content\/uploads\/2022\/11\/Small-12V-Push-Button-Switch-Toneluck-Key-Round-3-200x200.jpg 200w, https:\/\/www.toneluckswitches.com\/wp-content\/uploads\/2022\/11\/Small-12V-Push-Button-Switch-Toneluck-Key-Round-3-400x400.jpg 400w, https:\/\/www.toneluckswitches.com\/wp-content\/uploads\/2022\/11\/Small-12V-Push-Button-Switch-Toneluck-Key-Round-3-600x600.jpg 600w, https:\/\/www.toneluckswitches.com\/wp-content\/uploads\/2022\/11\/Small-12V-Push-Button-Switch-Toneluck-Key-Round-3.jpg 800w\" sizes=\"(min-width: 2200px) 100vw, (min-width: 856px) 368px, (min-width: 784px) 490px, (min-width: 712px) 784px, (min-width: 640px) 712px, \" title=\"\"><div class=\"fusion-rollover\">\n\t<div class=\"fusion-rollover-content\">\n\n\t\t\t\t\t\t\t\t\t\t\t\t\t\t<a class=\"fusion-rollover-link\" href=\"https:\/\/www.toneluckswitches.com\/tr\/urun\/small-12v-push-button-switch\/\">Toneluck Key Serisi K\u00fc\u00e7\u00fck 12V Yuvarlak Basmal\u0131 D\u00fc\u011fme Anahtar\u0131<\/a>\n\t\t\t\n\t\t\t\t\t\t\t\t\n\t\t\n\t\t\t\t\t\t\t\t\t\t\t\t<h4 class=\"fusion-rollover-title\">\n\t\t\t\t\t<a class=\"fusion-rollover-title-link\" href=\"https:\/\/www.toneluckswitches.com\/tr\/urun\/small-12v-push-button-switch\/\">\n\t\t\t\t\t\tToneluck Key Serisi K\u00fc\u00e7\u00fck 12V Yuvarlak Basmal\u0131 D\u00fc\u011fme Anahtar\u0131\t\t\t\t\t<\/a>\n\t\t\t\t<\/h4>\n\t\t\t\n\t\t\t\t\t\t\t\t\n\t\t\n\t\t\t\t\t\t<a class=\"fusion-link-wrapper\" href=\"https:\/\/www.toneluckswitches.com\/tr\/urun\/small-12v-push-button-switch\/\" aria-label=\"Toneluck Key Serisi K\u00fc\u00e7\u00fck 12V Yuvarlak Basmal\u0131 D\u00fc\u011fme Anahtar\u0131\"><\/a>\n\t<\/div>\n<\/div>\n<\/div>\n<div class=\"fusion-portfolio-content\" style=\"background-color:rgba(255,255,255,0);\"><h2 class=\"entry-title fusion-post-title\"><a href=\"https:\/\/www.toneluckswitches.com\/tr\/urun\/small-12v-push-button-switch\/\">Toneluck Key Serisi K\u00fc\u00e7\u00fck 12V Yuvarlak Basmal\u0131 D\u00fc\u011fme Anahtar\u0131<\/a><\/h2><div class=\"fusion-post-content\"><\/div><\/div><\/div><\/article><article id=\"portfolio-1-post-2129\" class=\"fusion-portfolio-post key-push-button-start-switch fusion-col-spacing post-2129\"><div class=\"fusion-portfolio-content-wrapper\" style=\"border:1px solid #f2f3f5;border-bottom-width:3px;background-color:rgba(255,255,255,0);\"><span class=\"vcard rich-snippet-hidden\"><span class=\"fn\"><a href=\"https:\/\/www.toneluckswitches.com\/tr\/author\/toneluckadmin\/\" title=\"ToneLuckAdmin taraf\u0131ndan yaz\u0131lan yaz\u0131lar\" rel=\"author\">ToneLuckAdmin<\/a><\/span><\/span><span class=\"updated rich-snippet-hidden\">2023-02-10T09:45:24+00:00<\/span><div  class=\"fusion-image-wrapper\" aria-haspopup=\"true\">\n\t\t\t\t<img decoding=\"async\" width=\"800\" height=\"800\" src=\"https:\/\/www.toneluckswitches.com\/wp-content\/uploads\/2021\/09\/4-6.jpg\" class=\"attachment-full size-full wp-post-image\" alt=\"yuvarlak basmal\u0131 d\u00fc\u011fme anahtar\u0131\" srcset=\"https:\/\/www.toneluckswitches.com\/wp-content\/uploads\/2021\/09\/4-6-200x200.jpg 200w, https:\/\/www.toneluckswitches.com\/wp-content\/uploads\/2021\/09\/4-6-400x400.jpg 400w, https:\/\/www.toneluckswitches.com\/wp-content\/uploads\/2021\/09\/4-6-600x600.jpg 600w, https:\/\/www.toneluckswitches.com\/wp-content\/uploads\/2021\/09\/4-6.jpg 800w\" sizes=\"(min-width: 2200px) 100vw, (min-width: 856px) 368px, (min-width: 784px) 490px, (min-width: 712px) 784px, (min-width: 640px) 712px, \" title=\"\"><div class=\"fusion-rollover\">\n\t<div class=\"fusion-rollover-content\">\n\n\t\t\t\t\t\t\t\t\t\t\t\t\t\t<a class=\"fusion-rollover-link\" href=\"https:\/\/www.toneluckswitches.com\/tr\/urun\/yuvarlak-basmali-dugme-anahtari\/\">Yuvarlak Basmal\u0131 Buton Anahtar\u0131 Anl\u0131k 0.01A 35VDC 100.000 \u00e7evrim min.<\/a>\n\t\t\t\n\t\t\t\t\t\t\t\t\n\t\t\n\t\t\t\t\t\t\t\t\t\t\t\t<h4 class=\"fusion-rollover-title\">\n\t\t\t\t\t<a class=\"fusion-rollover-title-link\" href=\"https:\/\/www.toneluckswitches.com\/tr\/urun\/yuvarlak-basmali-dugme-anahtari\/\">\n\t\t\t\t\t\tYuvarlak Basmal\u0131 Buton Anahtar\u0131 Anl\u0131k 0.01A 35VDC 100.000 \u00e7evrim min.\t\t\t\t\t<\/a>\n\t\t\t\t<\/h4>\n\t\t\t\n\t\t\t\t\t\t\t\t\n\t\t\n\t\t\t\t\t\t<a class=\"fusion-link-wrapper\" href=\"https:\/\/www.toneluckswitches.com\/tr\/urun\/yuvarlak-basmali-dugme-anahtari\/\" aria-label=\"Yuvarlak Basmal\u0131 Buton Anahtar\u0131 Anl\u0131k 0.01A 35VDC 100.000 \u00e7evrim min.\"><\/a>\n\t<\/div>\n<\/div>\n<\/div>\n<div class=\"fusion-portfolio-content\" style=\"background-color:rgba(255,255,255,0);\"><h2 class=\"entry-title fusion-post-title\"><a href=\"https:\/\/www.toneluckswitches.com\/tr\/urun\/yuvarlak-basmali-dugme-anahtari\/\">Yuvarlak Basmal\u0131 Buton Anahtar\u0131 Anl\u0131k 0.01A 35VDC 100.000 \u00e7evrim min.<\/a><\/h2><div class=\"fusion-post-content\"><\/div><\/div><\/div><\/article><article id=\"portfolio-1-post-1520\" class=\"fusion-portfolio-post key-push-button-start-switch fusion-col-spacing post-1520\"><div class=\"fusion-portfolio-content-wrapper\" style=\"border:1px solid #f2f3f5;border-bottom-width:3px;background-color:rgba(255,255,255,0);\"><span class=\"vcard rich-snippet-hidden\"><span class=\"fn\"><a href=\"https:\/\/www.toneluckswitches.com\/tr\/author\/toneluckadmin\/\" title=\"ToneLuckAdmin taraf\u0131ndan yaz\u0131lan yaz\u0131lar\" rel=\"author\">ToneLuckAdmin<\/a><\/span><\/span><span class=\"updated rich-snippet-hidden\">2021-03-24T00:38:44+00:00<\/span><div  class=\"fusion-image-wrapper\" aria-haspopup=\"true\">\n\t\t\t\t<img decoding=\"async\" width=\"800\" height=\"800\" src=\"https:\/\/www.toneluckswitches.com\/wp-content\/uploads\/2021\/03\/5-25.jpg\" class=\"attachment-full size-full wp-post-image\" alt=\"ANAHTAR-PB-0001\" srcset=\"https:\/\/www.toneluckswitches.com\/wp-content\/uploads\/2021\/03\/5-25-200x200.jpg 200w, https:\/\/www.toneluckswitches.com\/wp-content\/uploads\/2021\/03\/5-25-400x400.jpg 400w, https:\/\/www.toneluckswitches.com\/wp-content\/uploads\/2021\/03\/5-25-600x600.jpg 600w, https:\/\/www.toneluckswitches.com\/wp-content\/uploads\/2021\/03\/5-25.jpg 800w\" sizes=\"(min-width: 2200px) 100vw, (min-width: 856px) 368px, (min-width: 784px) 490px, (min-width: 712px) 784px, (min-width: 640px) 712px, \" title=\"\"><div class=\"fusion-rollover\">\n\t<div class=\"fusion-rollover-content\">\n\n\t\t\t\t\t\t\t\t\t\t\t\t\t\t<a class=\"fusion-rollover-link\" href=\"https:\/\/www.toneluckswitches.com\/tr\/urun\/anlik-temas-basma-dugmesi\/\">Anl\u0131k Kontakl\u0131 Basmal\u0131 Buton Anahtar\u0131 0.01A 35VDC<\/a>\n\t\t\t\n\t\t\t\t\t\t\t\t\n\t\t\n\t\t\t\t\t\t\t\t\t\t\t\t<h4 class=\"fusion-rollover-title\">\n\t\t\t\t\t<a class=\"fusion-rollover-title-link\" href=\"https:\/\/www.toneluckswitches.com\/tr\/urun\/anlik-temas-basma-dugmesi\/\">\n\t\t\t\t\t\tAnl\u0131k Kontakl\u0131 Basmal\u0131 Buton Anahtar\u0131 0.01A 35VDC\t\t\t\t\t<\/a>\n\t\t\t\t<\/h4>\n\t\t\t\n\t\t\t\t\t\t\t\t\n\t\t\n\t\t\t\t\t\t<a class=\"fusion-link-wrapper\" href=\"https:\/\/www.toneluckswitches.com\/tr\/urun\/anlik-temas-basma-dugmesi\/\" aria-label=\"Anl\u0131k Kontakl\u0131 Basmal\u0131 Buton Anahtar\u0131 0.01A 35VDC\"><\/a>\n\t<\/div>\n<\/div>\n<\/div>\n<div class=\"fusion-portfolio-content\" style=\"background-color:rgba(255,255,255,0);\"><h2 class=\"entry-title fusion-post-title\"><a href=\"https:\/\/www.toneluckswitches.com\/tr\/urun\/anlik-temas-basma-dugmesi\/\">Anl\u0131k Kontakl\u0131 Basmal\u0131 Buton Anahtar\u0131 0.01A 35VDC<\/a><\/h2><div class=\"fusion-post-content\"><\/div><\/div><\/div><\/article><\/div><\/div><\/div><\/div><\/div><\/div><div class=\"fusion-fullwidth fullwidth-box fusion-builder-row-2 fusion-flex-container nonhundred-percent-fullwidth non-hundred-percent-height-scrolling\" style=\"--awb-border-sizes-left:20px;--awb-border-color:#00205b;--awb-border-radius-top-left:0px;--awb-border-radius-top-right:0px;--awb-border-radius-bottom-right:0px;--awb-border-radius-bottom-left:0px;--awb-background-color:#00205b;--awb-flex-wrap:wrap;\" ><div class=\"fusion-builder-row fusion-row fusion-flex-align-items-flex-start fusion-flex-content-wrap\" style=\"max-width:1560px;margin-left: calc(-4% \/ 2 );margin-right: calc(-4% \/ 2 );\"><div class=\"fusion-layout-column fusion_builder_column fusion-builder-column-1 fusion_builder_column_1_1 1_1 fusion-flex-column\" style=\"--awb-bg-size:cover;--awb-width-large:100%;--awb-margin-top-large:10px;--awb-spacing-right-large:1.92%;--awb-margin-bottom-large:10px;--awb-spacing-left-large:1.92%;--awb-width-medium:100%;--awb-order-medium:0;--awb-spacing-right-medium:1.92%;--awb-spacing-left-medium:1.92%;--awb-width-small:100%;--awb-order-small:0;--awb-spacing-right-small:1.92%;--awb-spacing-left-small:1.92%;\"><div class=\"fusion-column-wrapper fusion-column-has-shadow fusion-flex-justify-content-flex-start fusion-content-layout-column\"><div class=\"fusion-title title fusion-title-1 fusion-sep-none fusion-title-text fusion-title-size-two\" style=\"--awb-margin-top-small:10px;--awb-margin-right-small:0px;--awb-margin-bottom-small:10px;--awb-margin-left-small:0px;--awb-font-size:20px;\"><h2 class=\"fusion-title-heading title-heading-left\" style=\"margin:0;font-size:1em;\"><strong><span style=\"color: #ffffff;\">Anahtar Basmal\u0131 D\u00fc\u011fme Ba\u015flatma Anahtar\u0131 \u00d6zellikleri<\/span><\/strong><\/h2><\/div><\/div><\/div><\/div><\/div><div class=\"fusion-fullwidth fullwidth-box fusion-builder-row-3 fusion-flex-container nonhundred-percent-fullwidth non-hundred-percent-height-scrolling\" style=\"--awb-border-radius-top-left:0px;--awb-border-radius-top-right:0px;--awb-border-radius-bottom-right:0px;--awb-border-radius-bottom-left:0px;--awb-flex-wrap:wrap;\" ><div class=\"fusion-builder-row fusion-row fusion-flex-align-items-flex-start fusion-flex-content-wrap\" style=\"max-width:1560px;margin-left: calc(-4% \/ 2 );margin-right: calc(-4% \/ 2 );\"><div class=\"fusion-layout-column fusion_builder_column fusion-builder-column-2 fusion_builder_column_1_1 1_1 fusion-flex-column\" style=\"--awb-bg-size:cover;--awb-width-large:100%;--awb-margin-top-large:10px;--awb-spacing-right-large:1.92%;--awb-margin-bottom-large:10px;--awb-spacing-left-large:1.92%;--awb-width-medium:100%;--awb-order-medium:0;--awb-spacing-right-medium:1.92%;--awb-spacing-left-medium:1.92%;--awb-width-small:100%;--awb-order-small:0;--awb-spacing-right-small:1.92%;--awb-spacing-left-small:1.92%;\"><div class=\"fusion-column-wrapper fusion-column-has-shadow fusion-flex-justify-content-flex-start fusion-content-layout-column\">\n<div class=\"table-1\">\n<table width=\"100%\">\n<thead>\n<tr>\n<th align=\"left\">Derecelendirme<\/th>\n<th align=\"left\">0,01A 35VDC 100.000 d\u00f6ng\u00fc<\/th>\n<\/tr>\n<\/thead>\n<tbody>\n<tr>\n<td align=\"left\">S\u0131cakl\u0131k<\/td>\n<td align=\"left\">-10 ila 30\u2103<\/td>\n<\/tr>\n<tr>\n<td align=\"left\">Toplam Seyahat<\/td>\n<td align=\"left\">0,8 mm Maksimum<\/td>\n<\/tr>\n<tr>\n<td align=\"left\">Temas Direnci<\/td>\n<td align=\"left\">50 m\u03a9 maks. ba\u015flang\u0131\u00e7<\/td>\n<\/tr>\n<tr>\n<td align=\"left\">Yal\u0131t\u0131m Direnci<\/td>\n<td align=\"left\">100 M\u03a9 min.<\/td>\n<\/tr>\n<tr>\n<td align=\"left\">Dielektrik Dayan\u0131m\u0131<\/td>\n<td align=\"left\">60 +\/- 5 saniye boyunca 500VAC<\/td>\n<\/tr>\n<tr>\n<td align=\"left\">Temel Malzeme<\/td>\n<td align=\"left\">PBT<\/td>\n<\/tr>\n<tr>\n<td align=\"left\">Tu\u015f Tak\u0131m\u0131 Malzemesi<\/td>\n<td align=\"left\">Bilgisayar<\/td>\n<\/tr>\n<tr>\n<td align=\"left\">Temas etmek<\/td>\n<td align=\"left\">G\u00fcm\u00fc\u015f kaplama<\/td>\n<\/tr>\n<tr>\n<td align=\"left\">\u0130\u015flev<\/td>\n<td align=\"left\">Anl\u0131k<\/td>\n<\/tr>\n<tr>\n<td align=\"left\">\u0130\u015fletme G\u00fcc\u00fc<\/td>\n<td align=\"left\">130\u00b150gf<\/td>\n<\/tr>\n<tr>\n<td align=\"left\">Lehimleme Durumu<\/td>\n<td align=\"left\">5 +\/- 1 saniye boyunca maksimum 260\u00baC<\/td>\n<\/tr>\n<tr>\n<td align=\"left\">\u00c7\u00f6z\u00fcc\u00fc y\u0131kama<\/td>\n<td align=\"left\">Y\u0131kanamaz<\/td>\n<\/tr>\n<\/tbody>\n<\/table>\n<\/div>\n<\/div><\/div><\/div><\/div><div class=\"fusion-fullwidth fullwidth-box fusion-builder-row-4 fusion-flex-container nonhundred-percent-fullwidth non-hundred-percent-height-scrolling\" style=\"--awb-border-sizes-left:20px;--awb-border-color:#00205b;--awb-border-radius-top-left:0px;--awb-border-radius-top-right:0px;--awb-border-radius-bottom-right:0px;--awb-border-radius-bottom-left:0px;--awb-background-color:#00205b;--awb-flex-wrap:wrap;\" ><div class=\"fusion-builder-row fusion-row fusion-flex-align-items-flex-start fusion-flex-content-wrap\" style=\"max-width:1560px;margin-left: calc(-4% \/ 2 );margin-right: calc(-4% \/ 2 );\"><div class=\"fusion-layout-column fusion_builder_column fusion-builder-column-3 fusion_builder_column_1_1 1_1 fusion-flex-column\" style=\"--awb-bg-size:cover;--awb-width-large:100%;--awb-margin-top-large:10px;--awb-spacing-right-large:1.92%;--awb-margin-bottom-large:10px;--awb-spacing-left-large:1.92%;--awb-width-medium:100%;--awb-order-medium:0;--awb-spacing-right-medium:1.92%;--awb-spacing-left-medium:1.92%;--awb-width-small:100%;--awb-order-small:0;--awb-spacing-right-small:1.92%;--awb-spacing-left-small:1.92%;\"><div class=\"fusion-column-wrapper fusion-column-has-shadow fusion-flex-justify-content-flex-start fusion-content-layout-column\"><div class=\"fusion-title title fusion-title-2 fusion-sep-none fusion-title-text fusion-title-size-two\" style=\"--awb-margin-top-small:10px;--awb-margin-right-small:0px;--awb-margin-bottom-small:10px;--awb-margin-left-small:0px;--awb-font-size:20px;\"><h2 class=\"fusion-title-heading title-heading-left\" style=\"margin:0;font-size:1em;\"><span style=\"color: #ffffff;\"><strong>Anahtar Basmal\u0131 D\u00fc\u011fme Anahtar\u0131 Sipari\u015f Giri\u015fi<\/strong><\/span><\/h2><\/div><\/div><\/div><\/div><\/div><div class=\"fusion-fullwidth fullwidth-box fusion-builder-row-5 fusion-flex-container nonhundred-percent-fullwidth non-hundred-percent-height-scrolling\" style=\"--awb-border-radius-top-left:0px;--awb-border-radius-top-right:0px;--awb-border-radius-bottom-right:0px;--awb-border-radius-bottom-left:0px;--awb-flex-wrap:wrap;\" ><div class=\"fusion-builder-row fusion-row fusion-flex-align-items-flex-start fusion-flex-content-wrap\" style=\"max-width:1560px;margin-left: calc(-4% \/ 2 );margin-right: calc(-4% \/ 2 );\"><div class=\"fusion-layout-column fusion_builder_column fusion-builder-column-4 fusion_builder_column_1_1 1_1 fusion-flex-column\" style=\"--awb-bg-size:cover;--awb-width-large:100%;--awb-margin-top-large:10px;--awb-spacing-right-large:1.92%;--awb-margin-bottom-large:10px;--awb-spacing-left-large:1.92%;--awb-width-medium:100%;--awb-order-medium:0;--awb-spacing-right-medium:1.92%;--awb-spacing-left-medium:1.92%;--awb-width-small:100%;--awb-order-small:0;--awb-spacing-right-small:1.92%;--awb-spacing-left-small:1.92%;\"><div class=\"fusion-column-wrapper fusion-column-has-shadow fusion-flex-justify-content-flex-start fusion-content-layout-column\">\n<div class=\"table-1\">\n<table width=\"100%\">\n<thead>\n<tr>\n<th align=\"left\"><strong>Seri<\/strong><\/th>\n<th align=\"left\"><strong>Renk Kodu<\/strong><\/th>\n<th align=\"left\"><strong>\u0130\u015fletme G\u00fcc\u00fc<\/strong><\/th>\n<\/tr>\n<\/thead>\n<tbody>\n<tr>\n<td align=\"left\">ANAHTAR-S<\/td>\n<td align=\"left\">W= Beyaz<\/td>\n<td align=\"left\">F1=130 +\/- 50gf<\/td>\n<\/tr>\n<tr>\n<td align=\"left\">ANAHTAR-R<\/td>\n<td align=\"left\">B= Siyah (C)<\/td>\n<td align=\"left\">F2=180 +\/- 80gf<\/td>\n<\/tr>\n<tr>\n<td align=\"left\">ANAHTAR-P<\/td>\n<td align=\"left\">R= K\u0131rm\u0131z\u0131 (199C)<\/td>\n<td align=\"left\"><\/td>\n<\/tr>\n<tr>\n<td align=\"left\">ANAHTAR-R3<\/td>\n<td align=\"left\">L= Mavi (3005C)<\/td>\n<td align=\"left\"><\/td>\n<\/tr>\n<tr>\n<td align=\"left\">ANAHTAR-L ANAHTAR-K<\/td>\n<td align=\"left\">Y= Sar\u0131 (115C)<\/td>\n<td align=\"left\"><\/td>\n<\/tr>\n<tr>\n<td align=\"left\"><\/td>\n<td align=\"left\">DGY= Koyu Gri (11C)<\/td>\n<td align=\"left\"><\/td>\n<\/tr>\n<tr>\n<td align=\"left\"><\/td>\n<td align=\"left\">G= Ye\u015fil (354C)<\/td>\n<td align=\"left\"><\/td>\n<\/tr>\n<tr>\n<td align=\"left\"><\/td>\n<td align=\"left\">LGY= A\u00e7\u0131k Gri (5425C)<\/td>\n<td align=\"left\"><\/td>\n<\/tr>\n<\/tbody>\n<\/table>\n<\/div>\n<\/div><\/div><\/div><\/div><\/p>","protected":false},"excerpt":{"rendered":"","protected":false},"author":1,"featured_media":0,"parent":0,"menu_order":0,"comment_status":"closed","ping_status":"closed","template":"","meta":{"footnotes":""},"class_list":["post-435","page","type-page","status-publish","hentry"],"_links":{"self":[{"href":"https:\/\/www.toneluckswitches.com\/tr\/wp-json\/wp\/v2\/pages\/435","targetHints":{"allow":["GET"]}}],"collection":[{"href":"https:\/\/www.toneluckswitches.com\/tr\/wp-json\/wp\/v2\/pages"}],"about":[{"href":"https:\/\/www.toneluckswitches.com\/tr\/wp-json\/wp\/v2\/types\/page"}],"author":[{"embeddable":true,"href":"https:\/\/www.toneluckswitches.com\/tr\/wp-json\/wp\/v2\/users\/1"}],"replies":[{"embeddable":true,"href":"https:\/\/www.toneluckswitches.com\/tr\/wp-json\/wp\/v2\/comments?post=435"}],"version-history":[{"count":0,"href":"https:\/\/www.toneluckswitches.com\/tr\/wp-json\/wp\/v2\/pages\/435\/revisions"}],"wp:attachment":[{"href":"https:\/\/www.toneluckswitches.com\/tr\/wp-json\/wp\/v2\/media?parent=435"}],"curies":[{"name":"wp","href":"https:\/\/api.w.org\/{rel}","templated":true}]}}