{"id":4332,"date":"2023-05-19T08:00:28","date_gmt":"2023-05-19T08:00:28","guid":{"rendered":"https:\/\/www.toneluckswitches.com\/?page_id=4332"},"modified":"2023-05-19T08:02:19","modified_gmt":"2023-05-19T08:02:19","slug":"gizlilik-politikasi","status":"publish","type":"page","link":"https:\/\/www.toneluckswitches.com\/tr\/gizlilik-politikasi\/","title":{"rendered":"Gizlilik Politikas\u0131"},"content":{"rendered":"<h3>Shenzhen Greater Electronics Co., Ltd.&#039;nin Gizlilik Politikas\u0131.<\/h3>\n<p>www.toneluckswitches.com adresinden eri\u015filebilen Toneluck&#039;ta, ziyaret\u00e7ilerimizin gizlili\u011fi en \u00f6nemli \u00f6nceliklerimizden biridir. Bu Gizlilik Politikas\u0131 belgesi, Toneluck taraf\u0131ndan toplanan ve kaydedilen bilgi t\u00fcrlerini ve bu bilgilerin nas\u0131l kullan\u0131ld\u0131\u011f\u0131n\u0131 i\u00e7ermektedir.<\/p>\n<p>Gizlilik Politikam\u0131z hakk\u0131nda ek sorular\u0131n\u0131z varsa veya daha fazla bilgiye ihtiyac\u0131n\u0131z varsa, l\u00fctfen bizimle ileti\u015fime ge\u00e7mekten \u00e7ekinmeyin.<\/p>\n<p>Bu Gizlilik Politikas\u0131 yaln\u0131zca \u00e7evrimi\u00e7i faaliyetlerimiz i\u00e7in ge\u00e7erlidir ve Toneluck&#039;ta payla\u015ft\u0131\u011f\u0131n\u0131z ve\/veya toplad\u0131\u011f\u0131n\u0131z bilgilerle ilgili olarak web sitemizi ziyaret edenler i\u00e7in ge\u00e7erlidir. Bu politika, \u00e7evrimd\u0131\u015f\u0131 olarak veya bu web sitesi d\u0131\u015f\u0131ndaki kanallar arac\u0131l\u0131\u011f\u0131yla toplanan hi\u00e7bir bilgi i\u00e7in ge\u00e7erli de\u011fildir.<\/p>\n<h3>Onay<\/h3>\n<p>Web sitemizi kullanarak, Gizlilik Politikam\u0131z\u0131 kabul etmi\u015f ve \u015fartlar\u0131na uymay\u0131 onaylam\u0131\u015f olursunuz.<\/p>\n<h3>Toplad\u0131\u011f\u0131m\u0131z bilgiler<\/h3>\n<p>Sizden istenen ki\u015fisel bilgiler ve bu bilgileri neden vermeniz gerekti\u011fi, ki\u015fisel bilgilerinizi vermeniz istendi\u011fi anda size a\u00e7\u0131k\u00e7a belirtilecektir.<\/p>\n<p>Bizimle do\u011frudan ileti\u015fime ge\u00e7erseniz, ad\u0131n\u0131z, e-posta adresiniz, telefon numaran\u0131z, bize g\u00f6nderdi\u011finiz mesaj\u0131n i\u00e7eri\u011fi ve\/veya ekleriniz ve sa\u011flamay\u0131 tercih edebilece\u011finiz di\u011fer bilgiler gibi hakk\u0131n\u0131zda ek bilgiler alabiliriz.<\/p>\n<p>Hesap olu\u015fturmak i\u00e7in kay\u0131t oldu\u011funuzda, ad\u0131n\u0131z, \u015firket ad\u0131n\u0131z, adresiniz, e-posta adresiniz ve telefon numaran\u0131z gibi ileti\u015fim bilgilerinizi isteyebiliriz.<\/p>\n<h3>Bilgilerinizi nas\u0131l kullan\u0131yoruz?<\/h3>\n<p>Toplad\u0131\u011f\u0131m\u0131z bilgileri \u00e7e\u015fitli \u015fekillerde kullan\u0131yoruz, bunlara \u015funlar dahildir:<\/p>\n<ul>\n<li>Web sitemizi sa\u011flamak, i\u015fletmek ve bak\u0131m\u0131n\u0131 yapmak.<\/li>\n<li>Web sitemizi geli\u015ftirin, ki\u015fiselle\u015ftirin ve geni\u015fletin.<\/li>\n<li>Web sitemizi nas\u0131l kulland\u0131\u011f\u0131n\u0131z\u0131 anlay\u0131n ve analiz edin.<\/li>\n<li>Yeni \u00fcr\u00fcnler, hizmetler, \u00f6zellikler ve i\u015flevler geli\u015ftirin.<\/li>\n<li>Sizinle do\u011frudan veya i\u015f ortaklar\u0131m\u0131zdan biri arac\u0131l\u0131\u011f\u0131yla ileti\u015fim kuraca\u011f\u0131z; bu ileti\u015fim, m\u00fc\u015fteri hizmetleri, web sitesiyle ilgili g\u00fcncellemeler ve di\u011fer bilgiler sa\u011flama, ayr\u0131ca pazarlama ve tan\u0131t\u0131m ama\u00e7lar\u0131 i\u00e7in de olabilir.<\/li>\n<li>Size e-posta g\u00f6nderece\u011fim.<\/li>\n<li>Doland\u0131r\u0131c\u0131l\u0131\u011f\u0131 tespit edin ve \u00f6nleyin<\/li>\n<\/ul>\n<h3>G\u00fcnl\u00fck Dosyalar\u0131<\/h3>\n<p>Toneluck, standart bir prosed\u00fcr olarak g\u00fcnl\u00fck dosyalar\u0131n\u0131 kullan\u0131r. Bu dosyalar, ziyaret\u00e7iler web sitelerini ziyaret etti\u011finde kay\u0131t alt\u0131na al\u0131r. T\u00fcm hosting \u015firketleri bunu yapar ve hosting hizmetlerinin analizlerinin bir par\u00e7as\u0131d\u0131r. G\u00fcnl\u00fck dosyalar\u0131 taraf\u0131ndan toplanan bilgiler aras\u0131nda internet protokol\u00fc (IP) adresleri, taray\u0131c\u0131 t\u00fcr\u00fc, \u0130nternet Servis Sa\u011flay\u0131c\u0131s\u0131 (\u0130SS), tarih ve saat damgas\u0131, y\u00f6nlendiren\/\u00e7\u0131k\u0131\u015f sayfalar\u0131 ve muhtemelen t\u0131klama say\u0131s\u0131 bulunur. Bunlar, ki\u015fisel olarak tan\u0131mlanabilir herhangi bir bilgiyle ba\u011flant\u0131l\u0131 de\u011fildir. Bilgilerin amac\u0131, trendleri analiz etmek, siteyi y\u00f6netmek, kullan\u0131c\u0131lar\u0131n web sitesindeki hareketlerini izlemek ve demografik bilgiler toplamakt\u0131r.<\/p>\n<h3>\u00c7erezler ve Web \u0130\u015faret\u00e7ileri<\/h3>\n<p>Di\u011fer t\u00fcm web siteleri gibi Toneluck da &quot;\u00e7erezler&quot; kullanmaktad\u0131r. Bu \u00e7erezler, ziyaret\u00e7ilerin tercihleri ve ziyaret ettikleri web sitesi sayfalar\u0131 da dahil olmak \u00fczere bilgileri depolamak i\u00e7in kullan\u0131l\u0131r. Bu bilgiler, ziyaret\u00e7ilerin taray\u0131c\u0131 t\u00fcr\u00fcne ve\/veya di\u011fer bilgilere g\u00f6re web sayfas\u0131 i\u00e7eri\u011fimizi \u00f6zelle\u015ftirerek kullan\u0131c\u0131 deneyimini optimize etmek i\u00e7in kullan\u0131l\u0131r.<\/p>\n<h3>Google DoubleClick DART \u00c7erezi<\/h3>\n<p>Google, sitemizdeki \u00fc\u00e7\u00fcnc\u00fc taraf sat\u0131c\u0131lardan biridir. Ayr\u0131ca, www.website.com ve internetteki di\u011fer siteleri ziyaretlerine dayanarak site ziyaret\u00e7ilerimize reklam sunmak i\u00e7in DART \u00e7erezleri olarak bilinen \u00e7erezleri kullan\u0131r. Ancak, ziyaret\u00e7iler a\u015fa\u011f\u0131daki URL adresindeki Google reklam ve i\u00e7erik a\u011f\u0131 Gizlilik Politikas\u0131&#039;n\u0131 ziyaret ederek DART \u00e7erezlerinin kullan\u0131m\u0131n\u0131 reddedebilirler. <a href=\"https:\/\/policies.google.com\/technologies\/ads\" target=\"_blank\" rel=\"noopener\">https:\/\/policies.google.com\/technologies\/ads<\/a><\/p>\n<h3>Reklam Ortaklar\u0131m\u0131z<\/h3>\n<p>Sitemizdeki baz\u0131 reklamverenler \u00e7erezler ve web i\u015faret\u00e7ileri kullanabilir. Reklam ortaklar\u0131m\u0131z a\u015fa\u011f\u0131da listelenmi\u015ftir. Reklam ortaklar\u0131m\u0131z\u0131n her birinin kullan\u0131c\u0131 verileriyle ilgili kendi Gizlilik Politikas\u0131 bulunmaktad\u0131r. Daha kolay eri\u015fim i\u00e7in, Gizlilik Politikalar\u0131na a\u015fa\u011f\u0131daki ba\u011flant\u0131lar\u0131 ekledik.<\/p>\n<ul>\n<li>Google<a href=\"https:\/\/policies.google.com\/technologies\/ads\" target=\"_blank\" rel=\"noopener\">https:\/\/policies.google.com\/technologies\/ads<\/a><\/li>\n<\/ul>\n<h3>Reklam Ortaklar\u0131n\u0131n Gizlilik Politikalar\u0131<\/h3>\n<p>Toneluck&#039;\u0131n reklam ortaklar\u0131n\u0131n her birinin Gizlilik Politikas\u0131&#039;na ula\u015fmak i\u00e7in bu listeye ba\u015fvurabilirsiniz.<\/p>\n<p>\u00dc\u00e7\u00fcnc\u00fc taraf reklam sunucular\u0131 veya reklam a\u011flar\u0131, Toneluck&#039;ta g\u00f6r\u00fcnen reklamlar\u0131nda ve ba\u011flant\u0131lar\u0131nda \u00e7erezler, JavaScript veya Web i\u015faret\u00e7ileri gibi teknolojileri kullan\u0131r ve bunlar do\u011frudan kullan\u0131c\u0131lar\u0131n taray\u0131c\u0131lar\u0131na g\u00f6nderilir. Bu ger\u00e7ekle\u015fti\u011finde otomatik olarak IP adresinizi al\u0131rlar. Bu teknolojiler, reklam kampanyalar\u0131n\u0131n etkinli\u011fini \u00f6l\u00e7mek ve\/veya ziyaret etti\u011finiz web sitelerinde g\u00f6rd\u00fc\u011f\u00fcn\u00fcz reklam i\u00e7eri\u011fini ki\u015fiselle\u015ftirmek i\u00e7in kullan\u0131l\u0131r.<\/p>\n<p>Toneluck&#039;\u0131n \u00fc\u00e7\u00fcnc\u00fc taraf reklamc\u0131lar taraf\u0131ndan kullan\u0131lan bu \u00e7erezlere eri\u015fimi veya kontrol\u00fc olmad\u0131\u011f\u0131n\u0131 l\u00fctfen unutmay\u0131n.<\/p>\n<h3>\u00dc\u00e7\u00fcnc\u00fc Taraf Gizlilik Politikalar\u0131<\/h3>\n<p>Toneluck&#039;\u0131n Gizlilik Politikas\u0131 di\u011fer reklamverenler veya web siteleri i\u00e7in ge\u00e7erli de\u011fildir. Bu nedenle, daha ayr\u0131nt\u0131l\u0131 bilgi i\u00e7in bu \u00fc\u00e7\u00fcnc\u00fc taraf reklam sunucular\u0131n\u0131n ilgili Gizlilik Politikalar\u0131na ba\u015fvurman\u0131z\u0131 \u00f6neririz. Bu politikalar, belirli se\u00e7eneklerden nas\u0131l vazge\u00e7ilece\u011fine dair uygulamalar\u0131 ve talimatlar\u0131 i\u00e7erebilir.<\/p>\n<p>\u00c7erezleri, taray\u0131c\u0131n\u0131z\u0131n ayarlar\u0131ndan devre d\u0131\u015f\u0131 b\u0131rakmay\u0131 se\u00e7ebilirsiniz. Belirli web taray\u0131c\u0131lar\u0131yla \u00e7erez y\u00f6netimi hakk\u0131nda daha ayr\u0131nt\u0131l\u0131 bilgi edinmek i\u00e7in, ilgili taray\u0131c\u0131lar\u0131n web sitelerine bakabilirsiniz.<\/p>\n<h3>CCPA Gizlilik Haklar\u0131 (Ki\u015fisel Bilgilerimi Satmay\u0131n)<\/h3>\n<p>CCPA kapsam\u0131nda, di\u011fer haklar\u0131n yan\u0131 s\u0131ra, Kaliforniya t\u00fcketicileri \u015fu haklara sahiptir:<\/p>\n<p>Bir i\u015fletmenin t\u00fcketicinin ki\u015fisel verilerini toplad\u0131\u011f\u0131 durumlarda, i\u015fletmenin t\u00fcketiciler hakk\u0131nda toplad\u0131\u011f\u0131 ki\u015fisel verilerin kategorilerini ve belirli par\u00e7alar\u0131n\u0131 a\u00e7\u0131klamas\u0131n\u0131 talep edin.<\/p>\n<p>Bir i\u015fletmeden, t\u00fcketici hakk\u0131nda toplad\u0131\u011f\u0131 t\u00fcm ki\u015fisel verilerin silinmesini talep edin.<\/p>\n<p>Bir i\u015fletmenin t\u00fcketicinin ki\u015fisel verilerini satmas\u0131 durumunda, bu verileri satmamas\u0131n\u0131 talep edin.<\/p>\n<p>Bir talepte bulunman\u0131z durumunda, size yan\u0131t vermek i\u00e7in bir ay s\u00fcremiz bulunmaktad\u0131r. Bu haklardan herhangi birini kullanmak isterseniz l\u00fctfen bizimle ileti\u015fime ge\u00e7in.<\/p>\n<h3>GDPR Veri Koruma Haklar\u0131<\/h3>\n<p>Ki\u015fisel verilerinizin korunmas\u0131na ili\u015fkin t\u00fcm haklar\u0131n\u0131zdan tam olarak haberdar olman\u0131z\u0131 sa\u011flamak istiyoruz. Her kullan\u0131c\u0131 a\u015fa\u011f\u0131daki haklara sahiptir:<\/p>\n<p>Eri\u015fim hakk\u0131 \u2013 Ki\u015fisel verilerinizin kopyalar\u0131n\u0131 talep etme hakk\u0131na sahipsiniz. Bu hizmet i\u00e7in sizden k\u00fc\u00e7\u00fck bir \u00fccret talep edebiliriz.<\/p>\n<p>D\u00fczeltme hakk\u0131 \u2013 Yanl\u0131\u015f oldu\u011funu d\u00fc\u015f\u00fcnd\u00fc\u011f\u00fcn\u00fcz bilgilerin d\u00fczeltilmesini talep etme hakk\u0131na sahipsiniz. Ayr\u0131ca eksik oldu\u011funu d\u00fc\u015f\u00fcnd\u00fc\u011f\u00fcn\u00fcz bilgilerin tamamlanmas\u0131n\u0131 talep etme hakk\u0131na da sahipsiniz.<\/p>\n<p>Silme hakk\u0131 \u2013 Belirli ko\u015fullar alt\u0131nda, ki\u015fisel verilerinizin silinmesini talep etme hakk\u0131na sahipsiniz.<\/p>\n<p>Veri i\u015fleme k\u0131s\u0131tlama hakk\u0131 \u2013 Belirli ko\u015fullar alt\u0131nda, ki\u015fisel verilerinizin i\u015flenmesini k\u0131s\u0131tlamam\u0131z\u0131 talep etme hakk\u0131na sahipsiniz.<\/p>\n<p>\u0130\u015flemeye itiraz etme hakk\u0131 \u2013 Belirli ko\u015fullar alt\u0131nda, ki\u015fisel verilerinizin taraf\u0131m\u0131zca i\u015flenmesine itiraz etme hakk\u0131na sahipsiniz.<\/p>\n<p>Veri ta\u015f\u0131nabilirli\u011fi hakk\u0131 \u2013 Belirli ko\u015fullar alt\u0131nda, toplad\u0131\u011f\u0131m\u0131z verileri ba\u015fka bir kurulu\u015fa veya do\u011frudan size aktarmam\u0131z\u0131 talep etme hakk\u0131na sahipsiniz.<\/p>\n<p>Bir talepte bulunman\u0131z durumunda, size yan\u0131t vermek i\u00e7in bir ay s\u00fcremiz bulunmaktad\u0131r. Bu haklardan herhangi birini kullanmak isterseniz l\u00fctfen bizimle ileti\u015fime ge\u00e7in.<\/p>\n<h3>\u00c7ocuklara Y\u00f6nelik Bilgiler<\/h3>\n<p>\u00d6nceliklerimizden bir di\u011feri de \u00e7ocuklar\u0131n internet kullan\u0131m\u0131nda korunmas\u0131n\u0131 sa\u011flamakt\u0131r. Ebeveynleri ve velileri, \u00e7ocuklar\u0131n\u0131n \u00e7evrimi\u00e7i aktivitelerini g\u00f6zlemlemeye, bunlara kat\u0131lmaya ve\/veya izlemeye ve y\u00f6nlendirmeye te\u015fvik ediyoruz.<\/p>\n<p>Toneluck, 13 ya\u015f\u0131n alt\u0131ndaki \u00e7ocuklardan bilerek hi\u00e7bir ki\u015fisel tan\u0131mlay\u0131c\u0131 bilgi toplamamaktad\u0131r. \u00c7ocu\u011funuzun web sitemizde bu t\u00fcr bilgiler verdi\u011fini d\u00fc\u015f\u00fcn\u00fcyorsan\u0131z, l\u00fctfen derhal bizimle ileti\u015fime ge\u00e7menizi rica ederiz ve bu bilgileri kay\u0131tlar\u0131m\u0131zdan derhal kald\u0131rmak i\u00e7in elimizden gelenin en iyisini yapaca\u011f\u0131z.<\/p>\n<h3>Bu Gizlilik Politikas\u0131&#039;ndaki De\u011fi\u015fiklikler<\/h3>\n<p>Gizlilik Politikam\u0131z\u0131 zaman zaman g\u00fcncelleyebiliriz. Bu nedenle, herhangi bir de\u011fi\u015fiklik i\u00e7in bu sayfay\u0131 periyodik olarak g\u00f6zden ge\u00e7irmenizi \u00f6neririz. Yeni Gizlilik Politikam\u0131z\u0131 bu sayfada yay\u0131nlayarak sizi de\u011fi\u015fikliklerden haberdar edece\u011fiz. Bu de\u011fi\u015fiklikler, bu sayfada yay\u0131nland\u0131ktan hemen sonra y\u00fcr\u00fcrl\u00fc\u011fe girer.<\/p>\n<p>Gizlilik Politikam\u0131z, a\u015fa\u011f\u0131dakilerin yard\u0131m\u0131yla olu\u015fturulmu\u015ftur: <a href=\"https:\/\/www.termsfeed.com\/privacy-policy-generator\/\" target=\"_blank\" rel=\"noopener\">Gizlilik Politikas\u0131 Olu\u015fturucu<\/a>.<\/p>\n<h3>Bize Ula\u015f\u0131n<\/h3>\n<p>Gizlilik Politikam\u0131z hakk\u0131nda herhangi bir sorunuz veya \u00f6neriniz varsa, l\u00fctfen bizimle ileti\u015fime ge\u00e7mekten \u00e7ekinmeyin.<\/p>","protected":false},"excerpt":{"rendered":"<p>Privacy Policy for Shenzhen Greater Electronics Co., Ltd. At Toneluck, accessible from www.toneluckswitches.com, one of  [&#8230;]<\/p>\n","protected":false},"author":1,"featured_media":0,"parent":0,"menu_order":0,"comment_status":"closed","ping_status":"closed","template":"","meta":{"footnotes":""},"class_list":["post-4332","page","type-page","status-publish","hentry"],"_links":{"self":[{"href":"https:\/\/www.toneluckswitches.com\/tr\/wp-json\/wp\/v2\/pages\/4332","targetHints":{"allow":["GET"]}}],"collection":[{"href":"https:\/\/www.toneluckswitches.com\/tr\/wp-json\/wp\/v2\/pages"}],"about":[{"href":"https:\/\/www.toneluckswitches.com\/tr\/wp-json\/wp\/v2\/types\/page"}],"author":[{"embeddable":true,"href":"https:\/\/www.toneluckswitches.com\/tr\/wp-json\/wp\/v2\/users\/1"}],"replies":[{"embeddable":true,"href":"https:\/\/www.toneluckswitches.com\/tr\/wp-json\/wp\/v2\/comments?post=4332"}],"version-history":[{"count":3,"href":"https:\/\/www.toneluckswitches.com\/tr\/wp-json\/wp\/v2\/pages\/4332\/revisions"}],"predecessor-version":[{"id":4335,"href":"https:\/\/www.toneluckswitches.com\/tr\/wp-json\/wp\/v2\/pages\/4332\/revisions\/4335"}],"wp:attachment":[{"href":"https:\/\/www.toneluckswitches.com\/tr\/wp-json\/wp\/v2\/media?parent=4332"}],"curies":[{"name":"wp","href":"https:\/\/api.w.org\/{rel}","templated":true}]}}