{"id":388,"date":"2021-01-26T02:25:50","date_gmt":"2021-01-26T02:25:50","guid":{"rendered":"https:\/\/www.toneluckswitches.com\/?page_id=388"},"modified":"2021-01-26T02:45:53","modified_gmt":"2021-01-26T02:45:53","slug":"kurutma-makinesi-icin-d6-kapi-anahtari","status":"publish","type":"page","link":"https:\/\/www.toneluckswitches.com\/tr\/kurutma-makinesi-icin-d6-kapi-anahtari\/","title":{"rendered":"Kurutma Makinesi i\u00e7in D6 Kap\u0131 Anahtar\u0131"},"content":{"rendered":"<div class=\"fusion-fullwidth fullwidth-box fusion-builder-row-1 fusion-flex-container nonhundred-percent-fullwidth non-hundred-percent-height-scrolling\" style=\"--awb-border-radius-top-left:0px;--awb-border-radius-top-right:0px;--awb-border-radius-bottom-right:0px;--awb-border-radius-bottom-left:0px;--awb-flex-wrap:wrap;\" ><div class=\"fusion-builder-row fusion-row fusion-flex-align-items-flex-start fusion-flex-content-wrap\" style=\"max-width:1560px;margin-left: calc(-4% \/ 2 );margin-right: calc(-4% \/ 2 );\"><div class=\"fusion-layout-column fusion_builder_column fusion-builder-column-0 fusion_builder_column_1_1 1_1 fusion-flex-column\" style=\"--awb-bg-size:cover;--awb-width-large:100%;--awb-margin-top-large:10px;--awb-spacing-right-large:1.92%;--awb-margin-bottom-large:10px;--awb-spacing-left-large:1.92%;--awb-width-medium:100%;--awb-order-medium:0;--awb-spacing-right-medium:1.92%;--awb-spacing-left-medium:1.92%;--awb-width-small:100%;--awb-order-small:0;--awb-spacing-right-small:1.92%;--awb-spacing-left-small:1.92%;\"><div class=\"fusion-column-wrapper fusion-column-has-shadow fusion-flex-justify-content-flex-start fusion-content-layout-column\"><style type=\"text\/css\">.fusion-portfolio-wrapper#fusion-portfolio-1 .fusion-portfolio-content{ padding: 10px 10px 10px 10px; text-align: center; }<\/style><div class=\"fusion-recent-works fusion-portfolio-element fusion-portfolio fusion-portfolio-1 fusion-portfolio-grid fusion-portfolio-paging-load-more-button fusion-portfolio-four fusion-portfolio-boxed fusion-portfolio-text fusion-portfolio-equal-heights fusion-portfolio-rollover\" data-id=\"-rw-1\" data-columns=\"four\"><style type=\"text\/css\">.fusion-portfolio-1 .fusion-portfolio-wrapper .fusion-col-spacing{padding:5px;}<\/style><div class=\"fusion-portfolio-wrapper\" id=\"fusion-portfolio-1\" data-picturesize=\"auto\" data-pages=\"1\" style=\"margin:-5px;\"><article id=\"portfolio-1-post-5563\" class=\"fusion-portfolio-post d6-door-switch-for-dryer fusion-col-spacing post-5563\"><div class=\"fusion-portfolio-content-wrapper\" style=\"border:1px solid #f2f3f5;border-bottom-width:3px;background-color:rgba(255,255,255,0);\"><span class=\"vcard rich-snippet-hidden\"><span class=\"fn\"><a href=\"https:\/\/www.toneluckswitches.com\/tr\/author\/toneluckadmin\/\" title=\"ToneLuckAdmin taraf\u0131ndan yaz\u0131lan yaz\u0131lar\" rel=\"author\">ToneLuckAdmin<\/a><\/span><\/span><span class=\"updated rich-snippet-hidden\">2025-03-19T02:11:12+00:00<\/span><div  class=\"fusion-image-wrapper\" aria-haspopup=\"true\">\n\t\t\t\t<img decoding=\"async\" width=\"800\" height=\"800\" src=\"https:\/\/www.toneluckswitches.com\/wp-content\/uploads\/2024\/11\/4-9.jpg\" class=\"attachment-full size-full wp-post-image\" alt=\"\" srcset=\"https:\/\/www.toneluckswitches.com\/wp-content\/uploads\/2024\/11\/4-9-200x200.jpg 200w, https:\/\/www.toneluckswitches.com\/wp-content\/uploads\/2024\/11\/4-9-400x400.jpg 400w, https:\/\/www.toneluckswitches.com\/wp-content\/uploads\/2024\/11\/4-9-600x600.jpg 600w, https:\/\/www.toneluckswitches.com\/wp-content\/uploads\/2024\/11\/4-9.jpg 800w\" sizes=\"(min-width: 2200px) 100vw, (min-width: 856px) 368px, (min-width: 784px) 490px, (min-width: 712px) 784px, (min-width: 640px) 712px, \" title=\"\"><div class=\"fusion-rollover\">\n\t<div class=\"fusion-rollover-content\">\n\n\t\t\t\t\t\t\t\t\t\t\t\t\t\t<a class=\"fusion-rollover-link\" href=\"https:\/\/www.toneluckswitches.com\/tr\/urun\/toneluck-refrigerator-door-switch-button-switch\/\">TONELUCK buzdolab\u0131 kap\u0131 anahtar\u0131 d\u00fc\u011fmesi anahtar\u0131<\/a>\n\t\t\t\n\t\t\t\t\t\t\t\t\n\t\t\n\t\t\t\t\t\t\t\t\t\t\t\t<h4 class=\"fusion-rollover-title\">\n\t\t\t\t\t<a class=\"fusion-rollover-title-link\" href=\"https:\/\/www.toneluckswitches.com\/tr\/urun\/toneluck-refrigerator-door-switch-button-switch\/\">\n\t\t\t\t\t\tTONELUCK buzdolab\u0131 kap\u0131 anahtar\u0131 d\u00fc\u011fmesi anahtar\u0131\t\t\t\t\t<\/a>\n\t\t\t\t<\/h4>\n\t\t\t\n\t\t\t\t\t\t\t\t\n\t\t\n\t\t\t\t\t\t<a class=\"fusion-link-wrapper\" href=\"https:\/\/www.toneluckswitches.com\/tr\/urun\/toneluck-refrigerator-door-switch-button-switch\/\" aria-label=\"TONELUCK buzdolab\u0131 kap\u0131 anahtar\u0131 d\u00fc\u011fmesi anahtar\u0131\"><\/a>\n\t<\/div>\n<\/div>\n<\/div>\n<div class=\"fusion-portfolio-content\" style=\"background-color:rgba(255,255,255,0);\"><h2 class=\"entry-title fusion-post-title\"><a href=\"https:\/\/www.toneluckswitches.com\/tr\/urun\/toneluck-refrigerator-door-switch-button-switch\/\">TONELUCK buzdolab\u0131 kap\u0131 anahtar\u0131 d\u00fc\u011fmesi anahtar\u0131<\/a><\/h2><div class=\"fusion-post-content\"><\/div><\/div><\/div><\/article><article id=\"portfolio-1-post-5371\" class=\"fusion-portfolio-post d6-door-switch-for-dryer fusion-col-spacing post-5371\"><div class=\"fusion-portfolio-content-wrapper\" style=\"border:1px solid #f2f3f5;border-bottom-width:3px;background-color:rgba(255,255,255,0);\"><span class=\"vcard rich-snippet-hidden\"><span class=\"fn\"><a href=\"https:\/\/www.toneluckswitches.com\/tr\/author\/toneluckadmin\/\" title=\"ToneLuckAdmin taraf\u0131ndan yaz\u0131lan yaz\u0131lar\" rel=\"author\">ToneLuckAdmin<\/a><\/span><\/span><span class=\"updated rich-snippet-hidden\">2024-10-18T09:36:06+00:00<\/span><div  class=\"fusion-image-wrapper\" aria-haspopup=\"true\">\n\t\t\t\t<img decoding=\"async\" width=\"800\" height=\"800\" src=\"https:\/\/www.toneluckswitches.com\/wp-content\/uploads\/2024\/10\/2-2.jpg\" class=\"attachment-full size-full wp-post-image\" alt=\"\" srcset=\"https:\/\/www.toneluckswitches.com\/wp-content\/uploads\/2024\/10\/2-2-200x200.jpg 200w, https:\/\/www.toneluckswitches.com\/wp-content\/uploads\/2024\/10\/2-2-400x400.jpg 400w, https:\/\/www.toneluckswitches.com\/wp-content\/uploads\/2024\/10\/2-2-600x600.jpg 600w, https:\/\/www.toneluckswitches.com\/wp-content\/uploads\/2024\/10\/2-2.jpg 800w\" sizes=\"(min-width: 2200px) 100vw, (min-width: 856px) 368px, (min-width: 784px) 490px, (min-width: 712px) 784px, (min-width: 640px) 712px, \" title=\"\"><div class=\"fusion-rollover\">\n\t<div class=\"fusion-rollover-content\">\n\n\t\t\t\t\t\t\t\t\t\t\t\t\t\t<a class=\"fusion-rollover-link\" href=\"https:\/\/www.toneluckswitches.com\/tr\/urun\/toneluck-door-switch\/\">TONELUCK buzdolab\u0131 kap\u0131 anahtar\u0131 ev aletleri mikrodalga dezenfeksiyon dolap kap\u0131 anahtar\u0131<\/a>\n\t\t\t\n\t\t\t\t\t\t\t\t\n\t\t\n\t\t\t\t\t\t\t\t\t\t\t\t<h4 class=\"fusion-rollover-title\">\n\t\t\t\t\t<a class=\"fusion-rollover-title-link\" href=\"https:\/\/www.toneluckswitches.com\/tr\/urun\/toneluck-door-switch\/\">\n\t\t\t\t\t\tTONELUCK buzdolab\u0131 kap\u0131 anahtar\u0131 ev aletleri mikrodalga dezenfeksiyon dolap kap\u0131 anahtar\u0131\t\t\t\t\t<\/a>\n\t\t\t\t<\/h4>\n\t\t\t\n\t\t\t\t\t\t\t\t\n\t\t\n\t\t\t\t\t\t<a class=\"fusion-link-wrapper\" href=\"https:\/\/www.toneluckswitches.com\/tr\/urun\/toneluck-door-switch\/\" aria-label=\"TONELUCK buzdolab\u0131 kap\u0131 anahtar\u0131 ev aletleri mikrodalga dezenfeksiyon dolap kap\u0131 anahtar\u0131\"><\/a>\n\t<\/div>\n<\/div>\n<\/div>\n<div class=\"fusion-portfolio-content\" style=\"background-color:rgba(255,255,255,0);\"><h2 class=\"entry-title fusion-post-title\"><a href=\"https:\/\/www.toneluckswitches.com\/tr\/urun\/toneluck-door-switch\/\">TONELUCK buzdolab\u0131 kap\u0131 anahtar\u0131 ev aletleri mikrodalga dezenfeksiyon dolap kap\u0131 anahtar\u0131<\/a><\/h2><div class=\"fusion-post-content\"><\/div><\/div><\/div><\/article><article id=\"portfolio-1-post-5357\" class=\"fusion-portfolio-post d6-door-switch-for-dryer fusion-col-spacing post-5357\"><div class=\"fusion-portfolio-content-wrapper\" style=\"border:1px solid #f2f3f5;border-bottom-width:3px;background-color:rgba(255,255,255,0);\"><span class=\"vcard rich-snippet-hidden\"><span class=\"fn\"><a href=\"https:\/\/www.toneluckswitches.com\/tr\/author\/toneluckadmin\/\" title=\"ToneLuckAdmin taraf\u0131ndan yaz\u0131lan yaz\u0131lar\" rel=\"author\">ToneLuckAdmin<\/a><\/span><\/span><span class=\"updated rich-snippet-hidden\">2024-10-18T09:37:44+00:00<\/span><div  class=\"fusion-image-wrapper\" aria-haspopup=\"true\">\n\t\t\t\t<img decoding=\"async\" width=\"800\" height=\"800\" src=\"https:\/\/www.toneluckswitches.com\/wp-content\/uploads\/2024\/10\/5-1.jpg\" class=\"attachment-full size-full wp-post-image\" alt=\"\" srcset=\"https:\/\/www.toneluckswitches.com\/wp-content\/uploads\/2024\/10\/5-1-200x200.jpg 200w, https:\/\/www.toneluckswitches.com\/wp-content\/uploads\/2024\/10\/5-1-400x400.jpg 400w, https:\/\/www.toneluckswitches.com\/wp-content\/uploads\/2024\/10\/5-1-600x600.jpg 600w, https:\/\/www.toneluckswitches.com\/wp-content\/uploads\/2024\/10\/5-1.jpg 800w\" sizes=\"(min-width: 2200px) 100vw, (min-width: 856px) 368px, (min-width: 784px) 490px, (min-width: 712px) 784px, (min-width: 640px) 712px, \" title=\"\"><div class=\"fusion-rollover\">\n\t<div class=\"fusion-rollover-content\">\n\n\t\t\t\t\t\t\t\t\t\t\t\t\t\t<a class=\"fusion-rollover-link\" href=\"https:\/\/www.toneluckswitches.com\/tr\/urun\/toneluck-ev-tipi-buzdolabi-kapi-isigi-kontrolu-sogutma-anahtari\/\">TONELUCK ev tipi buzdolab\u0131 kap\u0131 \u0131\u015f\u0131\u011f\u0131 kontrol\u00fc so\u011futma anahtar\u0131<\/a>\n\t\t\t\n\t\t\t\t\t\t\t\t\n\t\t\n\t\t\t\t\t\t\t\t\t\t\t\t<h4 class=\"fusion-rollover-title\">\n\t\t\t\t\t<a class=\"fusion-rollover-title-link\" href=\"https:\/\/www.toneluckswitches.com\/tr\/urun\/toneluck-ev-tipi-buzdolabi-kapi-isigi-kontrolu-sogutma-anahtari\/\">\n\t\t\t\t\t\tTONELUCK ev tipi buzdolab\u0131 kap\u0131 \u0131\u015f\u0131\u011f\u0131 kontrol\u00fc so\u011futma anahtar\u0131\t\t\t\t\t<\/a>\n\t\t\t\t<\/h4>\n\t\t\t\n\t\t\t\t\t\t\t\t\n\t\t\n\t\t\t\t\t\t<a class=\"fusion-link-wrapper\" href=\"https:\/\/www.toneluckswitches.com\/tr\/urun\/toneluck-ev-tipi-buzdolabi-kapi-isigi-kontrolu-sogutma-anahtari\/\" aria-label=\"TONELUCK ev tipi buzdolab\u0131 kap\u0131 \u0131\u015f\u0131\u011f\u0131 kontrol\u00fc so\u011futma anahtar\u0131\"><\/a>\n\t<\/div>\n<\/div>\n<\/div>\n<div class=\"fusion-portfolio-content\" style=\"background-color:rgba(255,255,255,0);\"><h2 class=\"entry-title fusion-post-title\"><a href=\"https:\/\/www.toneluckswitches.com\/tr\/urun\/toneluck-ev-tipi-buzdolabi-kapi-isigi-kontrolu-sogutma-anahtari\/\">TONELUCK ev tipi buzdolab\u0131 kap\u0131 \u0131\u015f\u0131\u011f\u0131 kontrol\u00fc so\u011futma anahtar\u0131<\/a><\/h2><div class=\"fusion-post-content\"><\/div><\/div><\/div><\/article><article id=\"portfolio-1-post-3056\" class=\"fusion-portfolio-post d6-door-switch-for-dryer fusion-col-spacing post-3056\"><div class=\"fusion-portfolio-content-wrapper\" style=\"border:1px solid #f2f3f5;border-bottom-width:3px;background-color:rgba(255,255,255,0);\"><span class=\"vcard rich-snippet-hidden\"><span class=\"fn\"><a href=\"https:\/\/www.toneluckswitches.com\/tr\/author\/toneluckadmin\/\" title=\"ToneLuckAdmin taraf\u0131ndan yaz\u0131lan yaz\u0131lar\" rel=\"author\">ToneLuckAdmin<\/a><\/span><\/span><span class=\"updated rich-snippet-hidden\">2023-02-13T02:37:10+00:00<\/span><div  class=\"fusion-image-wrapper\" aria-haspopup=\"true\">\n\t\t\t\t<img decoding=\"async\" width=\"800\" height=\"800\" src=\"https:\/\/www.toneluckswitches.com\/wp-content\/uploads\/2022\/10\/Door-Switch-Dryer-Washer-16GPA-125250VAC-SPDT-3.jpg\" class=\"attachment-full size-full wp-post-image\" alt=\"Kap\u0131 Anahtar\u0131 Kurutma Makinesi \u00c7ama\u015f\u0131r Makinesi 16GPA 125250VAC SPDT (3)\" srcset=\"https:\/\/www.toneluckswitches.com\/wp-content\/uploads\/2022\/10\/Door-Switch-Dryer-Washer-16GPA-125250VAC-SPDT-3-200x200.jpg 200w, https:\/\/www.toneluckswitches.com\/wp-content\/uploads\/2022\/10\/Door-Switch-Dryer-Washer-16GPA-125250VAC-SPDT-3-400x400.jpg 400w, https:\/\/www.toneluckswitches.com\/wp-content\/uploads\/2022\/10\/Door-Switch-Dryer-Washer-16GPA-125250VAC-SPDT-3-600x600.jpg 600w, https:\/\/www.toneluckswitches.com\/wp-content\/uploads\/2022\/10\/Door-Switch-Dryer-Washer-16GPA-125250VAC-SPDT-3.jpg 800w\" sizes=\"(min-width: 2200px) 100vw, (min-width: 856px) 368px, (min-width: 784px) 490px, (min-width: 712px) 784px, (min-width: 640px) 712px, \" title=\"\"><div class=\"fusion-rollover\">\n\t<div class=\"fusion-rollover-content\">\n\n\t\t\t\t\t\t\t\t\t\t\t\t\t\t<a class=\"fusion-rollover-link\" href=\"https:\/\/www.toneluckswitches.com\/tr\/urun\/door-switch-dryer-washer\/\">Kap\u0131 Anahtar\u0131 Kurutma Makinesi \u00c7ama\u015f\u0131r Makinesi 16GPA 125\/250VAC SPDT<\/a>\n\t\t\t\n\t\t\t\t\t\t\t\t\n\t\t\n\t\t\t\t\t\t\t\t\t\t\t\t<h4 class=\"fusion-rollover-title\">\n\t\t\t\t\t<a class=\"fusion-rollover-title-link\" href=\"https:\/\/www.toneluckswitches.com\/tr\/urun\/door-switch-dryer-washer\/\">\n\t\t\t\t\t\tKap\u0131 Anahtar\u0131 Kurutma Makinesi \u00c7ama\u015f\u0131r Makinesi 16GPA 125\/250VAC SPDT\t\t\t\t\t<\/a>\n\t\t\t\t<\/h4>\n\t\t\t\n\t\t\t\t\t\t\t\t\n\t\t\n\t\t\t\t\t\t<a class=\"fusion-link-wrapper\" href=\"https:\/\/www.toneluckswitches.com\/tr\/urun\/door-switch-dryer-washer\/\" aria-label=\"Kap\u0131 Anahtar\u0131 Kurutma Makinesi \u00c7ama\u015f\u0131r Makinesi 16GPA 125\/250VAC SPDT\"><\/a>\n\t<\/div>\n<\/div>\n<\/div>\n<div class=\"fusion-portfolio-content\" style=\"background-color:rgba(255,255,255,0);\"><h2 class=\"entry-title fusion-post-title\"><a href=\"https:\/\/www.toneluckswitches.com\/tr\/urun\/door-switch-dryer-washer\/\">Kap\u0131 Anahtar\u0131 Kurutma Makinesi \u00c7ama\u015f\u0131r Makinesi 16GPA 125\/250VAC SPDT<\/a><\/h2><div class=\"fusion-post-content\"><\/div><\/div><\/div><\/article><article id=\"portfolio-1-post-1425\" class=\"fusion-portfolio-post d6-door-switch-for-dryer fusion-col-spacing post-1425\"><div class=\"fusion-portfolio-content-wrapper\" style=\"border:1px solid #f2f3f5;border-bottom-width:3px;background-color:rgba(255,255,255,0);\"><span class=\"vcard rich-snippet-hidden\"><span class=\"fn\"><a href=\"https:\/\/www.toneluckswitches.com\/tr\/author\/toneluckadmin\/\" title=\"ToneLuckAdmin taraf\u0131ndan yaz\u0131lan yaz\u0131lar\" rel=\"author\">ToneLuckAdmin<\/a><\/span><\/span><span class=\"updated rich-snippet-hidden\">2023-02-15T02:59:06+00:00<\/span><div  class=\"fusion-image-wrapper\" aria-haspopup=\"true\">\n\t\t\t\t<img decoding=\"async\" width=\"800\" height=\"800\" src=\"https:\/\/www.toneluckswitches.com\/wp-content\/uploads\/2021\/03\/2-16.jpg\" class=\"attachment-full size-full wp-post-image\" alt=\"D611M-AA1-01\" srcset=\"https:\/\/www.toneluckswitches.com\/wp-content\/uploads\/2021\/03\/2-16-200x200.jpg 200w, https:\/\/www.toneluckswitches.com\/wp-content\/uploads\/2021\/03\/2-16-400x400.jpg 400w, https:\/\/www.toneluckswitches.com\/wp-content\/uploads\/2021\/03\/2-16-600x600.jpg 600w, https:\/\/www.toneluckswitches.com\/wp-content\/uploads\/2021\/03\/2-16.jpg 800w\" sizes=\"(min-width: 2200px) 100vw, (min-width: 856px) 368px, (min-width: 784px) 490px, (min-width: 712px) 784px, (min-width: 640px) 712px, \" title=\"\"><div class=\"fusion-rollover\">\n\t<div class=\"fusion-rollover-content\">\n\n\t\t\t\t\t\t\t\t\t\t\t\t\t\t<a class=\"fusion-rollover-link\" href=\"https:\/\/www.toneluckswitches.com\/tr\/urun\/clothes-dryer-door-switch\/\">\u00c7ama\u015f\u0131r Kurutma Makinesi Kap\u0131 Anahtar\u0131 SPDT 16GPA 600gf 40T85<\/a>\n\t\t\t\n\t\t\t\t\t\t\t\t\n\t\t\n\t\t\t\t\t\t\t\t\t\t\t\t<h4 class=\"fusion-rollover-title\">\n\t\t\t\t\t<a class=\"fusion-rollover-title-link\" href=\"https:\/\/www.toneluckswitches.com\/tr\/urun\/clothes-dryer-door-switch\/\">\n\t\t\t\t\t\t\u00c7ama\u015f\u0131r Kurutma Makinesi Kap\u0131 Anahtar\u0131 SPDT 16GPA 600gf 40T85\t\t\t\t\t<\/a>\n\t\t\t\t<\/h4>\n\t\t\t\n\t\t\t\t\t\t\t\t\n\t\t\n\t\t\t\t\t\t<a class=\"fusion-link-wrapper\" href=\"https:\/\/www.toneluckswitches.com\/tr\/urun\/clothes-dryer-door-switch\/\" aria-label=\"\u00c7ama\u015f\u0131r Kurutma Makinesi Kap\u0131 Anahtar\u0131 SPDT 16GPA 600gf 40T85\"><\/a>\n\t<\/div>\n<\/div>\n<\/div>\n<div class=\"fusion-portfolio-content\" style=\"background-color:rgba(255,255,255,0);\"><h2 class=\"entry-title fusion-post-title\"><a href=\"https:\/\/www.toneluckswitches.com\/tr\/urun\/clothes-dryer-door-switch\/\">\u00c7ama\u015f\u0131r Kurutma Makinesi Kap\u0131 Anahtar\u0131 SPDT 16GPA 600gf 40T85<\/a><\/h2><div class=\"fusion-post-content\"><\/div><\/div><\/div><\/article><article id=\"portfolio-1-post-1434\" class=\"fusion-portfolio-post d6-door-switch-for-dryer fusion-col-spacing post-1434\"><div class=\"fusion-portfolio-content-wrapper\" style=\"border:1px solid #f2f3f5;border-bottom-width:3px;background-color:rgba(255,255,255,0);\"><span class=\"vcard rich-snippet-hidden\"><span class=\"fn\"><a href=\"https:\/\/www.toneluckswitches.com\/tr\/author\/toneluckadmin\/\" title=\"ToneLuckAdmin taraf\u0131ndan yaz\u0131lan yaz\u0131lar\" rel=\"author\">ToneLuckAdmin<\/a><\/span><\/span><span class=\"updated rich-snippet-hidden\">2023-02-15T03:00:05+00:00<\/span><div  class=\"fusion-image-wrapper\" aria-haspopup=\"true\">\n\t\t\t\t<img decoding=\"async\" width=\"800\" height=\"800\" src=\"https:\/\/www.toneluckswitches.com\/wp-content\/uploads\/2021\/03\/2-17.jpg\" class=\"attachment-full size-full wp-post-image\" alt=\"\" srcset=\"https:\/\/www.toneluckswitches.com\/wp-content\/uploads\/2021\/03\/2-17-200x200.jpg 200w, https:\/\/www.toneluckswitches.com\/wp-content\/uploads\/2021\/03\/2-17-400x400.jpg 400w, https:\/\/www.toneluckswitches.com\/wp-content\/uploads\/2021\/03\/2-17-600x600.jpg 600w, https:\/\/www.toneluckswitches.com\/wp-content\/uploads\/2021\/03\/2-17.jpg 800w\" sizes=\"(min-width: 2200px) 100vw, (min-width: 856px) 368px, (min-width: 784px) 490px, (min-width: 712px) 784px, (min-width: 640px) 712px, \" title=\"\"><div class=\"fusion-rollover\">\n\t<div class=\"fusion-rollover-content\">\n\n\t\t\t\t\t\t\t\t\t\t\t\t\t\t<a class=\"fusion-rollover-link\" href=\"https:\/\/www.toneluckswitches.com\/tr\/urun\/toneluck-dryer-switch\/\">Toneluck Kurutma Makinesi Anahtar Kapa\u011f\u0131 SPST NO Normalde A\u00e7\u0131k<\/a>\n\t\t\t\n\t\t\t\t\t\t\t\t\n\t\t\n\t\t\t\t\t\t\t\t\t\t\t\t<h4 class=\"fusion-rollover-title\">\n\t\t\t\t\t<a class=\"fusion-rollover-title-link\" href=\"https:\/\/www.toneluckswitches.com\/tr\/urun\/toneluck-dryer-switch\/\">\n\t\t\t\t\t\tToneluck Kurutma Makinesi Anahtar Kapa\u011f\u0131 SPST NO Normalde A\u00e7\u0131k\t\t\t\t\t<\/a>\n\t\t\t\t<\/h4>\n\t\t\t\n\t\t\t\t\t\t\t\t\n\t\t\n\t\t\t\t\t\t<a class=\"fusion-link-wrapper\" href=\"https:\/\/www.toneluckswitches.com\/tr\/urun\/toneluck-dryer-switch\/\" aria-label=\"Toneluck Kurutma Makinesi Anahtar Kapa\u011f\u0131 SPST NO Normalde A\u00e7\u0131k\"><\/a>\n\t<\/div>\n<\/div>\n<\/div>\n<div class=\"fusion-portfolio-content\" style=\"background-color:rgba(255,255,255,0);\"><h2 class=\"entry-title fusion-post-title\"><a href=\"https:\/\/www.toneluckswitches.com\/tr\/urun\/toneluck-dryer-switch\/\">Toneluck Kurutma Makinesi Anahtar Kapa\u011f\u0131 SPST NO Normalde A\u00e7\u0131k<\/a><\/h2><div class=\"fusion-post-content\"><\/div><\/div><\/div><\/article><article id=\"portfolio-1-post-1277\" class=\"fusion-portfolio-post d6-door-switch-for-dryer fusion-col-spacing post-1277\"><div class=\"fusion-portfolio-content-wrapper\" style=\"border:1px solid #f2f3f5;border-bottom-width:3px;background-color:rgba(255,255,255,0);\"><span class=\"vcard rich-snippet-hidden\"><span class=\"fn\"><a href=\"https:\/\/www.toneluckswitches.com\/tr\/author\/toneluckadmin\/\" title=\"ToneLuckAdmin taraf\u0131ndan yaz\u0131lan yaz\u0131lar\" rel=\"author\">ToneLuckAdmin<\/a><\/span><\/span><span class=\"updated rich-snippet-hidden\">2023-02-15T03:01:07+00:00<\/span><div  class=\"fusion-image-wrapper\" aria-haspopup=\"true\">\n\t\t\t\t<img decoding=\"async\" width=\"800\" height=\"800\" src=\"https:\/\/www.toneluckswitches.com\/wp-content\/uploads\/2021\/03\/1-4.jpg\" class=\"attachment-full size-full wp-post-image\" alt=\"\u00c7ama\u015f\u0131r Makinesi Anahtar\u0131\" srcset=\"https:\/\/www.toneluckswitches.com\/wp-content\/uploads\/2021\/03\/1-4-200x200.jpg 200w, https:\/\/www.toneluckswitches.com\/wp-content\/uploads\/2021\/03\/1-4-400x400.jpg 400w, https:\/\/www.toneluckswitches.com\/wp-content\/uploads\/2021\/03\/1-4-600x600.jpg 600w, https:\/\/www.toneluckswitches.com\/wp-content\/uploads\/2021\/03\/1-4.jpg 800w\" sizes=\"(min-width: 2200px) 100vw, (min-width: 856px) 368px, (min-width: 784px) 490px, (min-width: 712px) 784px, (min-width: 640px) 712px, \" title=\"\"><div class=\"fusion-rollover\">\n\t<div class=\"fusion-rollover-content\">\n\n\t\t\t\t\t\t\t\t\t\t\t\t\t\t<a class=\"fusion-rollover-link\" href=\"https:\/\/www.toneluckswitches.com\/tr\/urun\/camasir-makinesi-anahtari\/\">Toneluck Ev Aletleri \u00c7ama\u015f\u0131r Makinesi Kap\u0131 Anahtar\u0131 SPST NO 500gf<\/a>\n\t\t\t\n\t\t\t\t\t\t\t\t\n\t\t\n\t\t\t\t\t\t\t\t\t\t\t\t<h4 class=\"fusion-rollover-title\">\n\t\t\t\t\t<a class=\"fusion-rollover-title-link\" href=\"https:\/\/www.toneluckswitches.com\/tr\/urun\/camasir-makinesi-anahtari\/\">\n\t\t\t\t\t\tToneluck Ev Aletleri \u00c7ama\u015f\u0131r Makinesi Kap\u0131 Anahtar\u0131 SPST NO 500gf\t\t\t\t\t<\/a>\n\t\t\t\t<\/h4>\n\t\t\t\n\t\t\t\t\t\t\t\t\n\t\t\n\t\t\t\t\t\t<a class=\"fusion-link-wrapper\" href=\"https:\/\/www.toneluckswitches.com\/tr\/urun\/camasir-makinesi-anahtari\/\" aria-label=\"Toneluck Ev Aletleri \u00c7ama\u015f\u0131r Makinesi Kap\u0131 Anahtar\u0131 SPST NO 500gf\"><\/a>\n\t<\/div>\n<\/div>\n<\/div>\n<div class=\"fusion-portfolio-content\" style=\"background-color:rgba(255,255,255,0);\"><h2 class=\"entry-title fusion-post-title\"><a href=\"https:\/\/www.toneluckswitches.com\/tr\/urun\/camasir-makinesi-anahtari\/\">Toneluck Ev Aletleri \u00c7ama\u015f\u0131r Makinesi Kap\u0131 Anahtar\u0131 SPST NO 500gf<\/a><\/h2><div class=\"fusion-post-content\"><\/div><\/div><\/div><\/article><article id=\"portfolio-1-post-810\" class=\"fusion-portfolio-post d6-door-switch-for-dryer fusion-col-spacing post-810\"><div class=\"fusion-portfolio-content-wrapper\" style=\"border:1px solid #f2f3f5;border-bottom-width:3px;background-color:rgba(255,255,255,0);\"><span class=\"vcard rich-snippet-hidden\"><span class=\"fn\"><a href=\"https:\/\/www.toneluckswitches.com\/tr\/author\/toneluckadmin\/\" title=\"ToneLuckAdmin taraf\u0131ndan yaz\u0131lan yaz\u0131lar\" rel=\"author\">ToneLuckAdmin<\/a><\/span><\/span><span class=\"updated rich-snippet-hidden\">2023-02-15T02:57:21+00:00<\/span><div  class=\"fusion-image-wrapper\" aria-haspopup=\"true\">\n\t\t\t\t<img decoding=\"async\" width=\"800\" height=\"800\" src=\"https:\/\/www.toneluckswitches.com\/wp-content\/uploads\/2021\/02\/1-13.jpg\" class=\"attachment-full size-full wp-post-image\" alt=\"Kurutma Makinesi Anahtar\u0131 1\" srcset=\"https:\/\/www.toneluckswitches.com\/wp-content\/uploads\/2021\/02\/1-13-200x200.jpg 200w, https:\/\/www.toneluckswitches.com\/wp-content\/uploads\/2021\/02\/1-13-400x400.jpg 400w, https:\/\/www.toneluckswitches.com\/wp-content\/uploads\/2021\/02\/1-13-600x600.jpg 600w, https:\/\/www.toneluckswitches.com\/wp-content\/uploads\/2021\/02\/1-13.jpg 800w\" sizes=\"(min-width: 2200px) 100vw, (min-width: 856px) 368px, (min-width: 784px) 490px, (min-width: 712px) 784px, (min-width: 640px) 712px, \" title=\"\"><div class=\"fusion-rollover\">\n\t<div class=\"fusion-rollover-content\">\n\n\t\t\t\t\t\t\t\t\t\t\t\t\t\t<a class=\"fusion-rollover-link\" href=\"https:\/\/www.toneluckswitches.com\/tr\/urun\/kurutma-makinesi-kapi-anahtari\/\">Whirlpool GE Cihazlar\u0131 i\u00e7in D6 Kurutma Makinesi Kap\u0131 Anahtar\u0131 SPDT 10A 125V 250V<\/a>\n\t\t\t\n\t\t\t\t\t\t\t\t\n\t\t\n\t\t\t\t\t\t\t\t\t\t\t\t<h4 class=\"fusion-rollover-title\">\n\t\t\t\t\t<a class=\"fusion-rollover-title-link\" href=\"https:\/\/www.toneluckswitches.com\/tr\/urun\/kurutma-makinesi-kapi-anahtari\/\">\n\t\t\t\t\t\tWhirlpool GE Cihazlar\u0131 i\u00e7in D6 Kurutma Makinesi Kap\u0131 Anahtar\u0131 SPDT 10A 125V 250V\t\t\t\t\t<\/a>\n\t\t\t\t<\/h4>\n\t\t\t\n\t\t\t\t\t\t\t\t\n\t\t\n\t\t\t\t\t\t<a class=\"fusion-link-wrapper\" href=\"https:\/\/www.toneluckswitches.com\/tr\/urun\/kurutma-makinesi-kapi-anahtari\/\" aria-label=\"Whirlpool GE Cihazlar\u0131 i\u00e7in D6 Kurutma Makinesi Kap\u0131 Anahtar\u0131 SPDT 10A 125V 250V\"><\/a>\n\t<\/div>\n<\/div>\n<\/div>\n<div class=\"fusion-portfolio-content\" style=\"background-color:rgba(255,255,255,0);\"><h2 class=\"entry-title fusion-post-title\"><a href=\"https:\/\/www.toneluckswitches.com\/tr\/urun\/kurutma-makinesi-kapi-anahtari\/\">Whirlpool GE Cihazlar\u0131 i\u00e7in D6 Kurutma Makinesi Kap\u0131 Anahtar\u0131 SPDT 10A 125V 250V<\/a><\/h2><div class=\"fusion-post-content\"><\/div><\/div><\/div><\/article><\/div><\/div><\/div><\/div><\/div><\/div>","protected":false},"excerpt":{"rendered":"","protected":false},"author":1,"featured_media":0,"parent":0,"menu_order":0,"comment_status":"closed","ping_status":"closed","template":"","meta":{"footnotes":""},"class_list":["post-388","page","type-page","status-publish","hentry"],"_links":{"self":[{"href":"https:\/\/www.toneluckswitches.com\/tr\/wp-json\/wp\/v2\/pages\/388","targetHints":{"allow":["GET"]}}],"collection":[{"href":"https:\/\/www.toneluckswitches.com\/tr\/wp-json\/wp\/v2\/pages"}],"about":[{"href":"https:\/\/www.toneluckswitches.com\/tr\/wp-json\/wp\/v2\/types\/page"}],"author":[{"embeddable":true,"href":"https:\/\/www.toneluckswitches.com\/tr\/wp-json\/wp\/v2\/users\/1"}],"replies":[{"embeddable":true,"href":"https:\/\/www.toneluckswitches.com\/tr\/wp-json\/wp\/v2\/comments?post=388"}],"version-history":[{"count":0,"href":"https:\/\/www.toneluckswitches.com\/tr\/wp-json\/wp\/v2\/pages\/388\/revisions"}],"wp:attachment":[{"href":"https:\/\/www.toneluckswitches.com\/tr\/wp-json\/wp\/v2\/media?parent=388"}],"curies":[{"name":"wp","href":"https:\/\/api.w.org\/{rel}","templated":true}]}}