{"id":3147,"date":"2022-11-17T07:35:20","date_gmt":"2022-11-17T07:35:20","guid":{"rendered":"https:\/\/www.toneluckswitches.com\/?page_id=3147"},"modified":"2022-11-17T07:35:20","modified_gmt":"2022-11-17T07:35:20","slug":"ps-hava-basinc-salteri","status":"publish","type":"page","link":"https:\/\/www.toneluckswitches.com\/tr\/ps-hava-basinc-salteri\/","title":{"rendered":"PS Hava Bas\u0131n\u00e7 Anahtar\u0131"},"content":{"rendered":"<p><div class=\"fusion-fullwidth fullwidth-box fusion-builder-row-1 fusion-flex-container nonhundred-percent-fullwidth non-hundred-percent-height-scrolling\" style=\"--awb-border-radius-top-left:0px;--awb-border-radius-top-right:0px;--awb-border-radius-bottom-right:0px;--awb-border-radius-bottom-left:0px;--awb-flex-wrap:wrap;\" ><div class=\"fusion-builder-row fusion-row fusion-flex-align-items-flex-start fusion-flex-content-wrap\" style=\"max-width:1560px;margin-left: calc(-4% \/ 2 );margin-right: calc(-4% \/ 2 );\"><div class=\"fusion-layout-column fusion_builder_column fusion-builder-column-0 fusion_builder_column_1_1 1_1 fusion-flex-column\" style=\"--awb-bg-size:cover;--awb-width-large:100%;--awb-margin-top-large:10px;--awb-spacing-right-large:1.92%;--awb-margin-bottom-large:10px;--awb-spacing-left-large:1.92%;--awb-width-medium:100%;--awb-order-medium:0;--awb-spacing-right-medium:1.92%;--awb-spacing-left-medium:1.92%;--awb-width-small:100%;--awb-order-small:0;--awb-spacing-right-small:1.92%;--awb-spacing-left-small:1.92%;\"><div class=\"fusion-column-wrapper fusion-column-has-shadow fusion-flex-justify-content-flex-start fusion-content-layout-column\"><div class=\"fusion-text fusion-text-1\"><p>Toneluck PS hava bas\u0131n\u00e7 anahtarlar\u0131 y\u00fcksek kaliteli ve \u00fcnl\u00fcd\u00fcr; negatif ve pozitif bas\u0131n\u00e7 se\u00e7enekleri mevcuttur. Bu, m\u00fc\u015fterinin uygulamas\u0131na ba\u011fl\u0131d\u0131r. Kullan\u0131c\u0131lar A\u00c7IK ve KAPALI bas\u0131n\u00e7 de\u011ferlerini ayarlayabilir. Bu arada, bu serinin \u00fcr\u00fcn derecelendirmesi UL353 ve UL353 gerekliliklerini kar\u015f\u0131layabilir. <a href=\"https:\/\/en.wikipedia.org\/wiki\/CE_marking\" target=\"_blank\" rel=\"noopener\">CE<\/a> gereklilik.<\/p>\n<\/div><div class=\"fusion-image-element\" style=\"text-align:center;--awb-max-width:1300px;--awb-caption-title-font-family:var(--h2_typography-font-family);--awb-caption-title-font-weight:var(--h2_typography-font-weight);--awb-caption-title-font-style:var(--h2_typography-font-style);--awb-caption-title-size:var(--h2_typography-font-size);--awb-caption-title-transform:var(--h2_typography-text-transform);--awb-caption-title-line-height:var(--h2_typography-line-height);--awb-caption-title-letter-spacing:var(--h2_typography-letter-spacing);\"><span class=\"fusion-imageframe imageframe-none imageframe-1 hover-type-none\"><img decoding=\"async\" width=\"1200\" height=\"480\" alt=\"PS Hava bas\u0131n\u00e7 anahtar\u0131 banner3\" title=\"PS Hava bas\u0131n\u00e7 anahtar\u0131 banner3\" src=\"https:\/\/www.toneluckswitches.com\/wp-content\/uploads\/2022\/11\/Air-pressure-switch-banner3.jpg\" class=\"img-responsive wp-image-3160\" srcset=\"https:\/\/www.toneluckswitches.com\/wp-content\/uploads\/2022\/11\/Air-pressure-switch-banner3-200x80.jpg 200w, https:\/\/www.toneluckswitches.com\/wp-content\/uploads\/2022\/11\/Air-pressure-switch-banner3-400x160.jpg 400w, https:\/\/www.toneluckswitches.com\/wp-content\/uploads\/2022\/11\/Air-pressure-switch-banner3-600x240.jpg 600w, https:\/\/www.toneluckswitches.com\/wp-content\/uploads\/2022\/11\/Air-pressure-switch-banner3-800x320.jpg 800w, https:\/\/www.toneluckswitches.com\/wp-content\/uploads\/2022\/11\/Air-pressure-switch-banner3.jpg 1200w\" sizes=\"(max-width: 640px) 100vw, 1200px\" \/><\/span><\/div><div class=\"fusion-title title fusion-title-1 fusion-sep-none fusion-title-text fusion-title-size-two\" style=\"--awb-margin-top-small:10px;--awb-margin-right-small:0px;--awb-margin-bottom-small:10px;--awb-margin-left-small:0px;--awb-font-size:22px;\"><h2 class=\"fusion-title-heading title-heading-left\" style=\"margin:0;font-size:1em;\"><h2><strong>PS Hava Bas\u0131n\u00e7 Anahtar\u0131 Nedir?<\/strong><\/h2><\/h2><\/div><div class=\"fusion-text fusion-text-2\"><p>R\u00fczgar bas\u0131n\u00e7 \u015falteri, genellikle r\u00fczgar bas\u0131nc\u0131 gerektiren makinelerde (\u00f6rne\u011fin pn\u00f6matik presler, pn\u00f6matik makaslar, gazl\u0131 su \u0131s\u0131t\u0131c\u0131lar\u0131, gaz kazanlar\u0131, gazl\u0131 f\u0131r\u0131nlar, duvara monte f\u0131r\u0131nlar ve gaz kullanan di\u011fer elektrikli \u00fcr\u00fcnler) kullan\u0131lan bir alg\u0131lama eleman\u0131d\u0131r. Gaz\u0131n statik bas\u0131nc\u0131, ak\u0131m\u0131n a\u00e7\u0131l\u0131p kapanmas\u0131n\u0131 sa\u011flayan mikro \u015falteri \u00e7al\u0131\u015ft\u0131rmak i\u00e7in kullan\u0131l\u0131r.<\/p>\n<p>Hava bas\u0131n\u00e7 \u015falterinin \u00f6nemli i\u015flevi, egzoz havas\u0131 d\u00fczg\u00fcn olmad\u0131\u011f\u0131nda ekipman\u0131n gaz kanal\u0131n\u0131 zaman\u0131nda kapatabilmesini sa\u011flayarak gaz\u0131n d\u0131\u015far\u0131 s\u0131zmas\u0131n\u0131 \u00f6nlemek ve b\u00f6ylece ki\u015fisel g\u00fcvenli\u011fi korumakt\u0131r. Hava bas\u0131n\u00e7 \u015falteri \u00fcreticisi, m\u00fc\u015fterilerinin bas\u0131nc\u0131 \u00f6zelle\u015ftirmesini ister.<\/p>\n<\/div><\/div><\/div><\/div><\/div><div class=\"fusion-fullwidth fullwidth-box fusion-builder-row-2 fusion-flex-container nonhundred-percent-fullwidth non-hundred-percent-height-scrolling\" style=\"--awb-border-radius-top-left:0px;--awb-border-radius-top-right:0px;--awb-border-radius-bottom-right:0px;--awb-border-radius-bottom-left:0px;--awb-background-color:#00205b;--awb-flex-wrap:wrap;\" ><div class=\"fusion-builder-row fusion-row fusion-flex-align-items-flex-start fusion-flex-content-wrap\" style=\"max-width:1560px;margin-left: calc(-4% \/ 2 );margin-right: calc(-4% \/ 2 );\"><div class=\"fusion-layout-column fusion_builder_column fusion-builder-column-1 fusion_builder_column_1_1 1_1 fusion-flex-column\" style=\"--awb-bg-size:cover;--awb-width-large:100%;--awb-margin-top-large:10px;--awb-spacing-right-large:1.92%;--awb-margin-bottom-large:10px;--awb-spacing-left-large:1.92%;--awb-width-medium:100%;--awb-order-medium:0;--awb-spacing-right-medium:1.92%;--awb-spacing-left-medium:1.92%;--awb-width-small:100%;--awb-order-small:0;--awb-spacing-right-small:1.92%;--awb-spacing-left-small:1.92%;\"><div class=\"fusion-column-wrapper fusion-column-has-shadow fusion-flex-justify-content-flex-start fusion-content-layout-column\"><div class=\"fusion-title title fusion-title-2 fusion-sep-none fusion-title-text fusion-title-size-three\" style=\"--awb-margin-top-small:10px;--awb-margin-right-small:0px;--awb-margin-bottom-small:10px;--awb-margin-left-small:0px;--awb-font-size:24px;\"><h3 class=\"fusion-title-heading title-heading-left\" style=\"margin:0;font-size:1em;\"><p style=\"padding-left: 40px;\"><span style=\"color: #ffffff;\"><strong>PS Hava Bas\u0131n\u00e7 Anahtar\u0131 \u00dcr\u00fcnleri<\/strong><\/span><\/p><\/h3><\/div><\/div><\/div><\/div><\/div><div class=\"fusion-fullwidth fullwidth-box fusion-builder-row-3 fusion-flex-container nonhundred-percent-fullwidth non-hundred-percent-height-scrolling\" style=\"--awb-border-radius-top-left:0px;--awb-border-radius-top-right:0px;--awb-border-radius-bottom-right:0px;--awb-border-radius-bottom-left:0px;--awb-flex-wrap:wrap;\" ><div class=\"fusion-builder-row fusion-row fusion-flex-align-items-flex-start fusion-flex-content-wrap\" style=\"max-width:1560px;margin-left: calc(-4% \/ 2 );margin-right: calc(-4% \/ 2 );\"><div class=\"fusion-layout-column fusion_builder_column fusion-builder-column-2 fusion_builder_column_1_1 1_1 fusion-flex-column\" style=\"--awb-bg-size:cover;--awb-width-large:100%;--awb-margin-top-large:10px;--awb-spacing-right-large:1.92%;--awb-margin-bottom-large:10px;--awb-spacing-left-large:1.92%;--awb-width-medium:100%;--awb-order-medium:0;--awb-spacing-right-medium:1.92%;--awb-spacing-left-medium:1.92%;--awb-width-small:100%;--awb-order-small:0;--awb-spacing-right-small:1.92%;--awb-spacing-left-small:1.92%;\"><div class=\"fusion-column-wrapper fusion-column-has-shadow fusion-flex-justify-content-flex-start fusion-content-layout-column\"><div class=\"fusion-text fusion-text-3\"><p>Se\u00e7enekler i\u00e7in ba\u015fka bir anahtara ihtiyac\u0131n\u0131z varsa \u00fcr\u00fcnlerimizi g\u00f6rmek i\u00e7in ba\u011flant\u0131ya t\u0131klayabilirsiniz. <a href=\"https:\/\/www.toneluckswitches.com\/tr\/toneluck-urunleri\/\">https:\/\/www.toneluckswitches.com\/toneluck-products\/<\/a><\/p>\n<\/div><style type=\"text\/css\">.fusion-portfolio-wrapper#fusion-portfolio-1 .fusion-portfolio-content{ padding: 10px 10px 10px 10px; text-align: center; }<\/style><div class=\"fusion-recent-works fusion-portfolio-element fusion-portfolio fusion-portfolio-1 fusion-portfolio-grid fusion-portfolio-paging-load-more-button fusion-portfolio-four fusion-portfolio-boxed fusion-portfolio-text fusion-portfolio-equal-heights fusion-portfolio-rollover\" data-id=\"-rw-1\" data-columns=\"four\"><style type=\"text\/css\">.fusion-portfolio-1 .fusion-portfolio-wrapper .fusion-col-spacing{padding:5px;}<\/style><div class=\"fusion-portfolio-wrapper\" id=\"fusion-portfolio-1\" data-picturesize=\"auto\" data-pages=\"1\" style=\"margin:-5px;\"><article id=\"portfolio-1-post-3238\" class=\"fusion-portfolio-post ps-air-pressure-switch fusion-col-spacing post-3238\"><div class=\"fusion-portfolio-content-wrapper\" style=\"border:1px solid #f2f3f5;border-bottom-width:3px;background-color:rgba(255,255,255,0);\"><span class=\"vcard rich-snippet-hidden\"><span class=\"fn\"><a href=\"https:\/\/www.toneluckswitches.com\/tr\/author\/toneluckadmin\/\" title=\"ToneLuckAdmin taraf\u0131ndan yaz\u0131lan yaz\u0131lar\" rel=\"author\">ToneLuckAdmin<\/a><\/span><\/span><span class=\"updated rich-snippet-hidden\">2023-02-15T01:53:50+00:00<\/span><div  class=\"fusion-image-wrapper\" aria-haspopup=\"true\">\n\t\t\t\t<img decoding=\"async\" width=\"800\" height=\"800\" src=\"https:\/\/www.toneluckswitches.com\/wp-content\/uploads\/2022\/11\/Furnace-Air-Pressure-Switch-38Pa-OFF-65Pa-ON-Low-Negative-1.jpg\" class=\"attachment-full size-full wp-post-image\" alt=\"F\u0131r\u0131n Hava Bas\u0131n\u00e7 Anahtar\u0131 38Pa KAPALI 65Pa A\u00c7IK D\u00fc\u015f\u00fck Negatif (1)\" srcset=\"https:\/\/www.toneluckswitches.com\/wp-content\/uploads\/2022\/11\/Furnace-Air-Pressure-Switch-38Pa-OFF-65Pa-ON-Low-Negative-1-200x200.jpg 200w, https:\/\/www.toneluckswitches.com\/wp-content\/uploads\/2022\/11\/Furnace-Air-Pressure-Switch-38Pa-OFF-65Pa-ON-Low-Negative-1-400x400.jpg 400w, https:\/\/www.toneluckswitches.com\/wp-content\/uploads\/2022\/11\/Furnace-Air-Pressure-Switch-38Pa-OFF-65Pa-ON-Low-Negative-1-600x600.jpg 600w, https:\/\/www.toneluckswitches.com\/wp-content\/uploads\/2022\/11\/Furnace-Air-Pressure-Switch-38Pa-OFF-65Pa-ON-Low-Negative-1.jpg 800w\" sizes=\"(min-width: 2200px) 100vw, (min-width: 856px) 368px, (min-width: 784px) 490px, (min-width: 712px) 784px, (min-width: 640px) 712px, \" title=\"\"><div class=\"fusion-rollover\">\n\t<div class=\"fusion-rollover-content\">\n\n\t\t\t\t\t\t\t\t\t\t\t\t\t\t<a class=\"fusion-rollover-link\" href=\"https:\/\/www.toneluckswitches.com\/tr\/urun\/firin-hava-basinc-salteri\/\">38Pa KAPALI 65Pa A\u00c7IK D\u00fc\u015f\u00fck Negatif F\u0131r\u0131n Hava Bas\u0131n\u00e7 Anahtar\u0131<\/a>\n\t\t\t\n\t\t\t\t\t\t\t\t\n\t\t\n\t\t\t\t\t\t\t\t\t\t\t\t<h4 class=\"fusion-rollover-title\">\n\t\t\t\t\t<a class=\"fusion-rollover-title-link\" href=\"https:\/\/www.toneluckswitches.com\/tr\/urun\/firin-hava-basinc-salteri\/\">\n\t\t\t\t\t\t38Pa KAPALI 65Pa A\u00c7IK D\u00fc\u015f\u00fck Negatif F\u0131r\u0131n Hava Bas\u0131n\u00e7 Anahtar\u0131\t\t\t\t\t<\/a>\n\t\t\t\t<\/h4>\n\t\t\t\n\t\t\t\t\t\t\t\t\n\t\t\n\t\t\t\t\t\t<a class=\"fusion-link-wrapper\" href=\"https:\/\/www.toneluckswitches.com\/tr\/urun\/firin-hava-basinc-salteri\/\" aria-label=\"38Pa KAPALI 65Pa A\u00c7IK D\u00fc\u015f\u00fck Negatif F\u0131r\u0131n Hava Bas\u0131n\u00e7 Anahtar\u0131\"><\/a>\n\t<\/div>\n<\/div>\n<\/div>\n<div class=\"fusion-portfolio-content\" style=\"background-color:rgba(255,255,255,0);\"><h2 class=\"entry-title fusion-post-title\"><a href=\"https:\/\/www.toneluckswitches.com\/tr\/urun\/firin-hava-basinc-salteri\/\">38Pa KAPALI 65Pa A\u00c7IK D\u00fc\u015f\u00fck Negatif F\u0131r\u0131n Hava Bas\u0131n\u00e7 Anahtar\u0131<\/a><\/h2><div class=\"fusion-post-content\"><\/div><\/div><\/div><\/article><article id=\"portfolio-1-post-3116\" class=\"fusion-portfolio-post ps-air-pressure-switch fusion-col-spacing post-3116\"><div class=\"fusion-portfolio-content-wrapper\" style=\"border:1px solid #f2f3f5;border-bottom-width:3px;background-color:rgba(255,255,255,0);\"><span class=\"vcard rich-snippet-hidden\"><span class=\"fn\"><a href=\"https:\/\/www.toneluckswitches.com\/tr\/author\/toneluckadmin\/\" title=\"ToneLuckAdmin taraf\u0131ndan yaz\u0131lan yaz\u0131lar\" rel=\"author\">ToneLuckAdmin<\/a><\/span><\/span><span class=\"updated rich-snippet-hidden\">2022-11-22T02:11:49+00:00<\/span><div  class=\"fusion-image-wrapper\" aria-haspopup=\"true\">\n\t\t\t\t<img decoding=\"async\" width=\"800\" height=\"800\" src=\"https:\/\/www.toneluckswitches.com\/wp-content\/uploads\/2022\/11\/PS113-NO-NC-Air-Pressure-Sensor-Switch-For-Boiler-Furnace-4.jpg\" class=\"attachment-full size-full wp-post-image\" alt=\"PS113 Kazan F\u0131r\u0131n\u0131 \u0130\u00e7in NO NC Hava Bas\u0131n\u00e7 Sens\u00f6r\u00fc Anahtar\u0131 (4)\" srcset=\"https:\/\/www.toneluckswitches.com\/wp-content\/uploads\/2022\/11\/PS113-NO-NC-Air-Pressure-Sensor-Switch-For-Boiler-Furnace-4-200x200.jpg 200w, https:\/\/www.toneluckswitches.com\/wp-content\/uploads\/2022\/11\/PS113-NO-NC-Air-Pressure-Sensor-Switch-For-Boiler-Furnace-4-400x400.jpg 400w, https:\/\/www.toneluckswitches.com\/wp-content\/uploads\/2022\/11\/PS113-NO-NC-Air-Pressure-Sensor-Switch-For-Boiler-Furnace-4-600x600.jpg 600w, https:\/\/www.toneluckswitches.com\/wp-content\/uploads\/2022\/11\/PS113-NO-NC-Air-Pressure-Sensor-Switch-For-Boiler-Furnace-4.jpg 800w\" sizes=\"(min-width: 2200px) 100vw, (min-width: 856px) 368px, (min-width: 784px) 490px, (min-width: 712px) 784px, (min-width: 640px) 712px, \" title=\"\"><div class=\"fusion-rollover\">\n\t<div class=\"fusion-rollover-content\">\n\n\t\t\t\t\t\t\t\t\t\t\t\t\t\t<a class=\"fusion-rollover-link\" href=\"https:\/\/www.toneluckswitches.com\/tr\/urun\/hava-basinc-sensoru-anahtari\/\">PS113 Kazan F\u0131r\u0131n\u0131 \u0130\u00e7in NO NC Hava Bas\u0131n\u00e7 Sens\u00f6r\u00fc Anahtar\u0131<\/a>\n\t\t\t\n\t\t\t\t\t\t\t\t\n\t\t\n\t\t\t\t\t\t\t\t\t\t\t\t<h4 class=\"fusion-rollover-title\">\n\t\t\t\t\t<a class=\"fusion-rollover-title-link\" href=\"https:\/\/www.toneluckswitches.com\/tr\/urun\/hava-basinc-sensoru-anahtari\/\">\n\t\t\t\t\t\tPS113 Kazan F\u0131r\u0131n\u0131 \u0130\u00e7in NO NC Hava Bas\u0131n\u00e7 Sens\u00f6r\u00fc Anahtar\u0131\t\t\t\t\t<\/a>\n\t\t\t\t<\/h4>\n\t\t\t\n\t\t\t\t\t\t\t\t\n\t\t\n\t\t\t\t\t\t<a class=\"fusion-link-wrapper\" href=\"https:\/\/www.toneluckswitches.com\/tr\/urun\/hava-basinc-sensoru-anahtari\/\" aria-label=\"PS113 Kazan F\u0131r\u0131n\u0131 \u0130\u00e7in NO NC Hava Bas\u0131n\u00e7 Sens\u00f6r\u00fc Anahtar\u0131\"><\/a>\n\t<\/div>\n<\/div>\n<\/div>\n<div class=\"fusion-portfolio-content\" style=\"background-color:rgba(255,255,255,0);\"><h2 class=\"entry-title fusion-post-title\"><a href=\"https:\/\/www.toneluckswitches.com\/tr\/urun\/hava-basinc-sensoru-anahtari\/\">PS113 Kazan F\u0131r\u0131n\u0131 \u0130\u00e7in NO NC Hava Bas\u0131n\u00e7 Sens\u00f6r\u00fc Anahtar\u0131<\/a><\/h2><div class=\"fusion-post-content\"><\/div><\/div><\/div><\/article><article id=\"portfolio-1-post-2156\" class=\"fusion-portfolio-post ps-air-pressure-switch fusion-col-spacing post-2156\"><div class=\"fusion-portfolio-content-wrapper\" style=\"border:1px solid #f2f3f5;border-bottom-width:3px;background-color:rgba(255,255,255,0);\"><span class=\"vcard rich-snippet-hidden\"><span class=\"fn\"><a href=\"https:\/\/www.toneluckswitches.com\/tr\/author\/toneluckadmin\/\" title=\"ToneLuckAdmin taraf\u0131ndan yaz\u0131lan yaz\u0131lar\" rel=\"author\">ToneLuckAdmin<\/a><\/span><\/span><span class=\"updated rich-snippet-hidden\">2023-02-13T03:59:44+00:00<\/span><div  class=\"fusion-image-wrapper\" aria-haspopup=\"true\">\n\t\t\t\t<img decoding=\"async\" width=\"800\" height=\"800\" src=\"https:\/\/www.toneluckswitches.com\/wp-content\/uploads\/2021\/09\/1-8.jpg\" class=\"attachment-full size-full wp-post-image\" alt=\"su \u0131s\u0131t\u0131c\u0131s\u0131 bas\u0131n\u00e7 \u015falteri PS100-A1310-C001\" srcset=\"https:\/\/www.toneluckswitches.com\/wp-content\/uploads\/2021\/09\/1-8-200x200.jpg 200w, https:\/\/www.toneluckswitches.com\/wp-content\/uploads\/2021\/09\/1-8-400x400.jpg 400w, https:\/\/www.toneluckswitches.com\/wp-content\/uploads\/2021\/09\/1-8-600x600.jpg 600w, https:\/\/www.toneluckswitches.com\/wp-content\/uploads\/2021\/09\/1-8.jpg 800w\" sizes=\"(min-width: 2200px) 100vw, (min-width: 856px) 368px, (min-width: 784px) 490px, (min-width: 712px) 784px, (min-width: 640px) 712px, \" title=\"\"><div class=\"fusion-rollover\">\n\t<div class=\"fusion-rollover-content\">\n\n\t\t\t\t\t\t\t\t\t\t\t\t\t\t<a class=\"fusion-rollover-link\" href=\"https:\/\/www.toneluckswitches.com\/tr\/urun\/su-isiticisi-basinc-salteri\/\">S\u0131cak Gazl\u0131 Hava Su Is\u0131t\u0131c\u0131 Bas\u0131n\u00e7 Anahtar\u0131 120VAC 30VDC<\/a>\n\t\t\t\n\t\t\t\t\t\t\t\t\n\t\t\n\t\t\t\t\t\t\t\t\t\t\t\t<h4 class=\"fusion-rollover-title\">\n\t\t\t\t\t<a class=\"fusion-rollover-title-link\" href=\"https:\/\/www.toneluckswitches.com\/tr\/urun\/su-isiticisi-basinc-salteri\/\">\n\t\t\t\t\t\tS\u0131cak Gazl\u0131 Hava Su Is\u0131t\u0131c\u0131 Bas\u0131n\u00e7 Anahtar\u0131 120VAC 30VDC\t\t\t\t\t<\/a>\n\t\t\t\t<\/h4>\n\t\t\t\n\t\t\t\t\t\t\t\t\n\t\t\n\t\t\t\t\t\t<a class=\"fusion-link-wrapper\" href=\"https:\/\/www.toneluckswitches.com\/tr\/urun\/su-isiticisi-basinc-salteri\/\" aria-label=\"S\u0131cak Gazl\u0131 Hava Su Is\u0131t\u0131c\u0131 Bas\u0131n\u00e7 Anahtar\u0131 120VAC 30VDC\"><\/a>\n\t<\/div>\n<\/div>\n<\/div>\n<div class=\"fusion-portfolio-content\" style=\"background-color:rgba(255,255,255,0);\"><h2 class=\"entry-title fusion-post-title\"><a href=\"https:\/\/www.toneluckswitches.com\/tr\/urun\/su-isiticisi-basinc-salteri\/\">S\u0131cak Gazl\u0131 Hava Su Is\u0131t\u0131c\u0131 Bas\u0131n\u00e7 Anahtar\u0131 120VAC 30VDC<\/a><\/h2><div class=\"fusion-post-content\"><\/div><\/div><\/div><\/article><\/div><\/div><\/div><\/div><\/div><\/div><\/p>","protected":false},"excerpt":{"rendered":"","protected":false},"author":1,"featured_media":0,"parent":0,"menu_order":0,"comment_status":"closed","ping_status":"closed","template":"","meta":{"footnotes":""},"class_list":["post-3147","page","type-page","status-publish","hentry"],"_links":{"self":[{"href":"https:\/\/www.toneluckswitches.com\/tr\/wp-json\/wp\/v2\/pages\/3147","targetHints":{"allow":["GET"]}}],"collection":[{"href":"https:\/\/www.toneluckswitches.com\/tr\/wp-json\/wp\/v2\/pages"}],"about":[{"href":"https:\/\/www.toneluckswitches.com\/tr\/wp-json\/wp\/v2\/types\/page"}],"author":[{"embeddable":true,"href":"https:\/\/www.toneluckswitches.com\/tr\/wp-json\/wp\/v2\/users\/1"}],"replies":[{"embeddable":true,"href":"https:\/\/www.toneluckswitches.com\/tr\/wp-json\/wp\/v2\/comments?post=3147"}],"version-history":[{"count":21,"href":"https:\/\/www.toneluckswitches.com\/tr\/wp-json\/wp\/v2\/pages\/3147\/revisions"}],"predecessor-version":[{"id":3171,"href":"https:\/\/www.toneluckswitches.com\/tr\/wp-json\/wp\/v2\/pages\/3147\/revisions\/3171"}],"wp:attachment":[{"href":"https:\/\/www.toneluckswitches.com\/tr\/wp-json\/wp\/v2\/media?parent=3147"}],"curies":[{"name":"wp","href":"https:\/\/api.w.org\/{rel}","templated":true}]}}