{"id":11,"date":"2021-01-11T06:28:29","date_gmt":"2021-01-11T06:28:29","guid":{"rendered":"https:\/\/www.toneluckswitches.com\/?page_id=11"},"modified":"2023-03-03T06:56:13","modified_gmt":"2023-03-03T06:56:13","slug":"basvuru","status":"publish","type":"page","link":"https:\/\/www.toneluckswitches.com\/tr\/basvuru\/","title":{"rendered":"BA\u015eVURU"},"content":{"rendered":"<div class=\"fusion-fullwidth fullwidth-box fusion-builder-row-1 fusion-flex-container nonhundred-percent-fullwidth non-hundred-percent-height-scrolling\" style=\"--awb-border-radius-top-left:0px;--awb-border-radius-top-right:0px;--awb-border-radius-bottom-right:0px;--awb-border-radius-bottom-left:0px;--awb-flex-wrap:wrap;\" ><div class=\"fusion-builder-row fusion-row fusion-flex-align-items-flex-start fusion-flex-content-wrap\" style=\"max-width:1560px;margin-left: calc(-4% \/ 2 );margin-right: calc(-4% \/ 2 );\"><div class=\"fusion-layout-column fusion_builder_column fusion-builder-column-0 fusion_builder_column_1_1 1_1 fusion-flex-column\" style=\"--awb-bg-size:cover;--awb-width-large:100%;--awb-margin-top-large:10px;--awb-spacing-right-large:20px;--awb-margin-bottom-large:10px;--awb-spacing-left-large:20px;--awb-width-medium:100%;--awb-order-medium:0;--awb-spacing-right-medium:20px;--awb-spacing-left-medium:20px;--awb-width-small:100%;--awb-order-small:0;--awb-spacing-right-small:1.92%;--awb-spacing-left-small:1.92%;\"><div class=\"fusion-column-wrapper fusion-column-has-shadow fusion-flex-justify-content-flex-start fusion-content-layout-column\"><div class=\"fusion-text fusion-text-1\"><h2><strong>Ev Aletlerinde Tonlu Anahtar Uygulamas\u0131<\/strong><\/h2>\n<\/div><div class=\"fusion-text fusion-text-2\"><h3>Limit Anahtar\u0131 Uygulamas\u0131<\/h3>\n<\/div><div class=\"fusion-text fusion-text-3\"><p>Toneluck, 40 y\u0131l\u0131 a\u015fk\u0131n s\u00fcredir anahtar \u00fcretiyor, d\u00fcnyan\u0131n en b\u00fcy\u00fck ve en \u00fcnl\u00fc mikro anahtar tedarik\u00e7ilerinden biri, anahtarlar\u0131m\u0131z \u00e7ama\u015f\u0131r makinesi, buzdolaplar\u0131, klimalar, y\u00fcksek s\u0131cakl\u0131k f\u0131r\u0131nlar\u0131, kurutucular ve her t\u00fcrl\u00fc k\u00fc\u00e7\u00fck ev aletlerinde yayg\u0131n olarak kullan\u0131l\u0131yor, en y\u00fcksek s\u0131cakl\u0131k tolerans\u0131 spesifikasyonu 220 \u2103&#039;ye ula\u015fabilir, maksimum y\u00fck 22A&#039;da, baz\u0131 \u00f6zel \u00fcr\u00fcnlerde IP67&#039;ye ula\u015fan \u00f6zelliklerle<\/p>\n<\/div><div class=\"fusion-text fusion-text-4\"><h3>Basmal\u0131 D\u00fc\u011fme Anahtar Uygulamas\u0131<\/h3>\n<\/div><div class=\"fusion-text fusion-text-5\"><p>Power&amp;Button anahtar\u0131, Toneluck&#039;\u0131n gazl\u0131 ocaklar, davlumbazlar, buzdolaplar\u0131, kurutucular, \u00e7ama\u015f\u0131r makineleri ve di\u011fer ev aletleri i\u00e7in ge\u00e7erli olan geleneksel bir \u00fcr\u00fcn\u00fcd\u00fcr.<\/p>\n<\/div><div class=\"fusion-text fusion-text-6\"><h3>Bas\u0131n\u00e7 Anahtar\u0131 Uygulamas\u0131<\/h3>\n<\/div><div class=\"fusion-text fusion-text-7\"><p>Bas\u0131n\u00e7 \u015falterleri ve sens\u00f6rleri, \u00e7o\u011funlukla \u00e7ama\u015f\u0131r makineleri, bula\u015f\u0131k makineleri ve di\u011fer ev aletleri veya end\u00fcstriyel \u00fcr\u00fcnlerin su seviyesi kontrol\u00fcnde kullan\u0131l\u0131r; sens\u00f6rler, \u00e7ok seviyeli kontrol i\u00e7in de kullan\u0131labilir.<\/p>\n<p>R\u00fczgar bas\u0131n\u00e7 \u015falteri esas olarak su \u0131s\u0131t\u0131c\u0131s\u0131, merkezi klima ve kazanlar\u0131n bas\u0131n\u00e7 kontrol\u00fc ve ind\u00fcksiyonu i\u00e7in kullan\u0131l\u0131r.<\/p>\n<\/div><div class=\"fusion-text fusion-text-8\"><h2><strong>Otomotiv Anahtarlar\u0131nda Tonelcuk Anahtar Uygulamas\u0131<\/strong><\/h2>\n<\/div><div class=\"fusion-text fusion-text-9\"><p>Anahtar geli\u015ftirme ve \u00fcretiminde 40 y\u0131l\u0131 a\u015fk\u0131n deneyime ve eksiksiz bir dahili \u00fcretim tedarik zincirine sahip olan, <a href=\"https:\/\/www.toneluckswitches.com\/tr\/toneluck-urunleri\/\">TONELUCK<\/a> M\u00fc\u015fterilerimize g\u00fcvenilir kalite g\u00fcvencesi ve optimum maliyet performans\u0131yla \u00e7e\u015fitli otomotiv kontrol anahtarlar\u0131 ve kontrol bile\u015fenleri sa\u011fl\u0131yoruz. <a href=\"https:\/\/a2bc.com\/blog\/what-is-the-difference-between-t1-t2-customs-transit-documents\/\" target=\"_blank\" rel=\"noopener\">T1 ve T2 m\u00fc\u015fterileri<\/a>.<\/p>\n<p>Daha fazla bilgi i\u00e7in ho\u015f geldiniz <a href=\"https:\/\/www.toneluckswitches.com\/tr\/bize-ulasin\/\">bize Ula\u015f\u0131n<\/a> hi\u00e7 teredd\u00fct etmeden te\u015fekk\u00fcr ederim.<\/p>\n<\/div><div class=\"fusion-blog-shortcode fusion-blog-shortcode-1 fusion-blog-archive fusion-blog-layout-timeline-wrapper fusion-blog-infinite\"><div class=\"fusion-posts-container fusion-posts-container-infinite fusion-posts-container-load-more fusion-no-meta-info fusion-blog-rollover\" data-pages=\"5\"><div class=\"fusion-timeline-icon\"><i class=\"awb-icon-bubbles\" style=\"color:#f2f3f5;\" aria-hidden=\"true\"><\/i><\/div><div class=\"fusion-blog-layout-timeline fusion-clearfix\"><div class=\"fusion-timeline-line\" style=\"border-left:1px solid #f2f3f5;border-right:1px solid #f2f3f5;\"><\/div><h3 class=\"fusion-timeline-date\" style=\"background-color:#f2f3f5;\">Nisan 2026<\/h3><div class=\"fusion-collapse-month\"><article id=\"blog-1-post-5758\" style=\"border-color:#f2f3f5;\" class=\"fusion-post-timeline fusion-clearfix fusion-left-column post-5758 post type-post status-publish format-standard has-post-thumbnail hentry category-home-appliances tag-toneluck-d6-series-micro-switches\">\n<div class=\"fusion-post-wrapper\" style=\"background-color:rgba(255,255,255,0);\">\n\n\t\t\t<div class=\"fusion-flexslider flexslider fusion-flexslider-loading fusion-post-slideshow\" style=\"border-color:#f2f3f5;\">\n\t\t<ul class=\"slides\">\n\t\t\t\n\t\t\t\t\t\t\t\t\t\t\t\t\t\t<li><div  class=\"fusion-image-wrapper\" aria-haspopup=\"true\">\n\t\t\t\t<img decoding=\"async\" width=\"1024\" height=\"1024\" src=\"https:\/\/www.toneluckswitches.com\/wp-content\/uploads\/2026\/04\/Toneluck-D6-Series-Micro-Switches.jpg\" class=\"attachment-full size-full wp-post-image\" alt=\"\" srcset=\"https:\/\/www.toneluckswitches.com\/wp-content\/uploads\/2026\/04\/Toneluck-D6-Series-Micro-Switches-200x200.jpg 200w, https:\/\/www.toneluckswitches.com\/wp-content\/uploads\/2026\/04\/Toneluck-D6-Series-Micro-Switches-400x400.jpg 400w, https:\/\/www.toneluckswitches.com\/wp-content\/uploads\/2026\/04\/Toneluck-D6-Series-Micro-Switches-600x600.jpg 600w, https:\/\/www.toneluckswitches.com\/wp-content\/uploads\/2026\/04\/Toneluck-D6-Series-Micro-Switches-800x800.jpg 800w, https:\/\/www.toneluckswitches.com\/wp-content\/uploads\/2026\/04\/Toneluck-D6-Series-Micro-Switches.jpg 1024w\" sizes=\"(max-width: 640px) 100vw, 40vw\" title=\"\"><div class=\"fusion-rollover\">\n\t<div class=\"fusion-rollover-content\">\n\n\t\t\t\t\t\t\t\t\t\t\t\t\t\t<a class=\"fusion-rollover-link\" href=\"https:\/\/www.toneluckswitches.com\/tr\/toneluck-d6-series-micro-switches-in-refrigerator-door-lighting-control\/\">Tazeli\u011fi ve Kullan\u0131c\u0131 Deneyimini Optimize Etme: Toneluck D6 Serisi Mikro Anahtarlar\u0131n Buzdolab\u0131 Kap\u0131 Ayd\u0131nlatma Kontrol\u00fcnde Uygulanmas\u0131<\/a>\n\t\t\t\n\t\t\t\t\t\t\t\t\n\t\t\n\t\t\t\t\t\t\t\t\t\t\t\t<h4 class=\"fusion-rollover-title\">\n\t\t\t\t\t<a class=\"fusion-rollover-title-link\" href=\"https:\/\/www.toneluckswitches.com\/tr\/toneluck-d6-series-micro-switches-in-refrigerator-door-lighting-control\/\">\n\t\t\t\t\t\tTazeli\u011fi ve Kullan\u0131c\u0131 Deneyimini Optimize Etme: Toneluck D6 Serisi Mikro Anahtarlar\u0131n Buzdolab\u0131 Kap\u0131 Ayd\u0131nlatma Kontrol\u00fcnde Uygulanmas\u0131\t\t\t\t\t<\/a>\n\t\t\t\t<\/h4>\n\t\t\t\n\t\t\t\t\t\t\t\t\n\t\t\n\t\t\t\t\t\t<a class=\"fusion-link-wrapper\" href=\"https:\/\/www.toneluckswitches.com\/tr\/toneluck-d6-series-micro-switches-in-refrigerator-door-lighting-control\/\" aria-label=\"Tazeli\u011fi ve Kullan\u0131c\u0131 Deneyimini Optimize Etme: Toneluck D6 Serisi Mikro Anahtarlar\u0131n Buzdolab\u0131 Kap\u0131 Ayd\u0131nlatma Kontrol\u00fcnde Uygulanmas\u0131\"><\/a>\n\t<\/div>\n<\/div>\n<\/div>\n<\/li>\n\t\t\t\n\t\t\t\n\t\t\t\t\t\t\t\t\t\t\t\t\t\t\t\t\t\t\t\t\t\t\t\t\t\t\t\t\t\t\t\t\t\t\t\t\t\t\t\t\t\t\t\t\t\t\t\t\t\t\t\t\t\t\t\t\t\t\t\t\t\t\t\t\t\t\t\t<\/ul>\n\t<\/div>\n\t<div class=\"fusion-post-content-wrapper\" style=\"padding:10px 10px 10px 10px; display:none;\"><div class=\"fusion-post-content post-content\"><div class=\"fusion-timeline-circle\" style=\"background-color:#f2f3f5;\"><\/div><div class=\"fusion-timeline-arrow\" style=\"color:#f2f3f5;\"><\/div><\/div><\/div><div class=\"fusion-clearfix\"><\/div><\/div>\n<\/article>\n<article id=\"blog-1-post-5754\" style=\"border-color:#f2f3f5;\" class=\"fusion-post-timeline fusion-clearfix fusion-right-column post-5754 post type-post status-publish format-standard has-post-thumbnail hentry category-automotive tag-mqs-9a-series-micro-switch\">\n<div class=\"fusion-post-wrapper\" style=\"background-color:rgba(255,255,255,0);\">\n\n\t\t\t<div class=\"fusion-flexslider flexslider fusion-flexslider-loading fusion-post-slideshow\" style=\"border-color:#f2f3f5;\">\n\t\t<ul class=\"slides\">\n\t\t\t\n\t\t\t\t\t\t\t\t\t\t\t\t\t\t<li><div  class=\"fusion-image-wrapper\" aria-haspopup=\"true\">\n\t\t\t\t<img decoding=\"async\" width=\"800\" height=\"800\" src=\"https:\/\/www.toneluckswitches.com\/wp-content\/uploads\/2026\/04\/TONELUCK-MQS-9A-Waterproof-Micro-Switches.jpg\" class=\"attachment-full size-full wp-post-image\" alt=\"\" srcset=\"https:\/\/www.toneluckswitches.com\/wp-content\/uploads\/2026\/04\/TONELUCK-MQS-9A-Waterproof-Micro-Switches-200x200.jpg 200w, https:\/\/www.toneluckswitches.com\/wp-content\/uploads\/2026\/04\/TONELUCK-MQS-9A-Waterproof-Micro-Switches-400x400.jpg 400w, https:\/\/www.toneluckswitches.com\/wp-content\/uploads\/2026\/04\/TONELUCK-MQS-9A-Waterproof-Micro-Switches-600x600.jpg 600w, https:\/\/www.toneluckswitches.com\/wp-content\/uploads\/2026\/04\/TONELUCK-MQS-9A-Waterproof-Micro-Switches.jpg 800w\" sizes=\"(max-width: 640px) 100vw, 40vw\" title=\"\"><div class=\"fusion-rollover\">\n\t<div class=\"fusion-rollover-content\">\n\n\t\t\t\t\t\t\t\t\t\t\t\t\t\t<a class=\"fusion-rollover-link\" href=\"https:\/\/www.toneluckswitches.com\/tr\/automotive-reliability-with-toneluck-mqs-9a-waterproof-micro-switches\/\">Uygulama Makalesi: TONELUCK MQS-9A Su Ge\u00e7irmez Mikro Anahtarlar ile Otomotiv G\u00fcvenilirli\u011finin Art\u0131r\u0131lmas\u0131<\/a>\n\t\t\t\n\t\t\t\t\t\t\t\t\n\t\t\n\t\t\t\t\t\t\t\t\t\t\t\t<h4 class=\"fusion-rollover-title\">\n\t\t\t\t\t<a class=\"fusion-rollover-title-link\" href=\"https:\/\/www.toneluckswitches.com\/tr\/automotive-reliability-with-toneluck-mqs-9a-waterproof-micro-switches\/\">\n\t\t\t\t\t\tUygulama Makalesi: TONELUCK MQS-9A Su Ge\u00e7irmez Mikro Anahtarlar ile Otomotiv G\u00fcvenilirli\u011finin Art\u0131r\u0131lmas\u0131\t\t\t\t\t<\/a>\n\t\t\t\t<\/h4>\n\t\t\t\n\t\t\t\t\t\t\t\t\n\t\t\n\t\t\t\t\t\t<a class=\"fusion-link-wrapper\" href=\"https:\/\/www.toneluckswitches.com\/tr\/automotive-reliability-with-toneluck-mqs-9a-waterproof-micro-switches\/\" aria-label=\"Uygulama Makalesi: TONELUCK MQS-9A Su Ge\u00e7irmez Mikro Anahtarlar ile Otomotiv G\u00fcvenilirli\u011finin Art\u0131r\u0131lmas\u0131\"><\/a>\n\t<\/div>\n<\/div>\n<\/div>\n<\/li>\n\t\t\t\n\t\t\t\n\t\t\t\t\t\t\t\t\t\t\t\t\t\t\t\t\t\t\t\t\t\t\t\t\t\t\t\t\t\t\t\t\t\t\t\t\t\t\t\t\t\t\t\t\t\t\t\t\t\t\t\t\t\t\t\t\t\t\t\t\t\t\t\t\t\t\t\t<\/ul>\n\t<\/div>\n\t<div class=\"fusion-post-content-wrapper\" style=\"padding:10px 10px 10px 10px; display:none;\"><div class=\"fusion-post-content post-content\"><div class=\"fusion-timeline-circle\" style=\"background-color:#f2f3f5;\"><\/div><div class=\"fusion-timeline-arrow\" style=\"color:#f2f3f5;\"><\/div><\/div><\/div><div class=\"fusion-clearfix\"><\/div><\/div>\n<\/article>\n<\/div><h3 class=\"fusion-timeline-date\" style=\"background-color:#f2f3f5;\">Mart 2025<\/h3><div class=\"fusion-collapse-month\"><article id=\"blog-1-post-5620\" style=\"border-color:#f2f3f5;\" class=\"fusion-post-timeline fusion-clearfix fusion-left-column post-5620 post type-post status-publish format-standard has-post-thumbnail hentry category-automotive\">\n<div class=\"fusion-post-wrapper\" style=\"background-color:rgba(255,255,255,0);\">\n\n\t\t\t<div class=\"fusion-flexslider flexslider fusion-flexslider-loading fusion-post-slideshow\" style=\"border-color:#f2f3f5;\">\n\t\t<ul class=\"slides\">\n\t\t\t\n\t\t\t\t\t\t\t\t\t\t\t\t\t\t<li><div  class=\"fusion-image-wrapper\" aria-haspopup=\"true\">\n\t\t\t\t<img decoding=\"async\" width=\"800\" height=\"533\" src=\"https:\/\/www.toneluckswitches.com\/wp-content\/uploads\/2025\/03\/D6-Door-Switch-for-Dryer.jpg\" class=\"attachment-full size-full wp-post-image\" alt=\"\" srcset=\"https:\/\/www.toneluckswitches.com\/wp-content\/uploads\/2025\/03\/D6-Door-Switch-for-Dryer-200x133.jpg 200w, https:\/\/www.toneluckswitches.com\/wp-content\/uploads\/2025\/03\/D6-Door-Switch-for-Dryer-400x267.jpg 400w, https:\/\/www.toneluckswitches.com\/wp-content\/uploads\/2025\/03\/D6-Door-Switch-for-Dryer-600x400.jpg 600w, https:\/\/www.toneluckswitches.com\/wp-content\/uploads\/2025\/03\/D6-Door-Switch-for-Dryer.jpg 800w\" sizes=\"(max-width: 640px) 100vw, 40vw\" title=\"\"><div class=\"fusion-rollover\">\n\t<div class=\"fusion-rollover-content\">\n\n\t\t\t\t\t\t\t\t\t\t\t\t\t\t<a class=\"fusion-rollover-link\" href=\"https:\/\/www.toneluckswitches.com\/tr\/toneluck-d6-kapi-anahtari-serisi-sarj-yigin-operasyonlari-icin-temel-kontroldur\/\">Toneluck D6 Kap\u0131 Anahtar\u0131 Serisi: \u015earj Y\u0131\u011f\u0131n\u0131 \u0130\u015flemleri i\u00e7in Temel Kontrol<\/a>\n\t\t\t\n\t\t\t\t\t\t\t\t\n\t\t\n\t\t\t\t\t\t\t\t\t\t\t\t<h4 class=\"fusion-rollover-title\">\n\t\t\t\t\t<a class=\"fusion-rollover-title-link\" href=\"https:\/\/www.toneluckswitches.com\/tr\/toneluck-d6-kapi-anahtari-serisi-sarj-yigin-operasyonlari-icin-temel-kontroldur\/\">\n\t\t\t\t\t\tToneluck D6 Kap\u0131 Anahtar\u0131 Serisi: \u015earj Y\u0131\u011f\u0131n\u0131 \u0130\u015flemleri i\u00e7in Temel Kontrol\t\t\t\t\t<\/a>\n\t\t\t\t<\/h4>\n\t\t\t\n\t\t\t\t\t\t\t\t\n\t\t\n\t\t\t\t\t\t<a class=\"fusion-link-wrapper\" href=\"https:\/\/www.toneluckswitches.com\/tr\/toneluck-d6-kapi-anahtari-serisi-sarj-yigin-operasyonlari-icin-temel-kontroldur\/\" aria-label=\"Toneluck D6 Kap\u0131 Anahtar\u0131 Serisi: \u015earj Y\u0131\u011f\u0131n\u0131 \u0130\u015flemleri i\u00e7in Temel Kontrol\"><\/a>\n\t<\/div>\n<\/div>\n<\/div>\n<\/li>\n\t\t\t\n\t\t\t\n\t\t\t\t\t\t\t\t\t\t\t\t\t\t\t\t\t\t\t\t\t\t\t\t\t\t\t\t\t\t\t\t\t\t\t\t\t\t\t\t\t\t\t\t\t\t\t\t\t\t\t\t\t\t\t\t\t\t\t\t\t\t\t\t\t\t\t\t<\/ul>\n\t<\/div>\n\t<div class=\"fusion-post-content-wrapper\" style=\"padding:10px 10px 10px 10px; display:none;\"><div class=\"fusion-post-content post-content\"><div class=\"fusion-timeline-circle\" style=\"background-color:#f2f3f5;\"><\/div><div class=\"fusion-timeline-arrow\" style=\"color:#f2f3f5;\"><\/div><\/div><\/div><div class=\"fusion-clearfix\"><\/div><\/div>\n<\/article>\n<article id=\"blog-1-post-5611\" style=\"border-color:#f2f3f5;\" class=\"fusion-post-timeline fusion-clearfix fusion-right-column post-5611 post type-post status-publish format-standard has-post-thumbnail hentry category-automotive\">\n<div class=\"fusion-post-wrapper\" style=\"background-color:rgba(255,255,255,0);\">\n\n\t\t\t<div class=\"fusion-flexslider flexslider fusion-flexslider-loading fusion-post-slideshow\" style=\"border-color:#f2f3f5;\">\n\t\t<ul class=\"slides\">\n\t\t\t\n\t\t\t\t\t\t\t\t\t\t\t\t\t\t<li><div  class=\"fusion-image-wrapper\" aria-haspopup=\"true\">\n\t\t\t\t<img decoding=\"async\" width=\"442\" height=\"217\" src=\"https:\/\/www.toneluckswitches.com\/wp-content\/uploads\/2025\/03\/20250312093010.png\" class=\"attachment-full size-full wp-post-image\" alt=\"\" srcset=\"https:\/\/www.toneluckswitches.com\/wp-content\/uploads\/2025\/03\/20250312093010-200x98.png 200w, https:\/\/www.toneluckswitches.com\/wp-content\/uploads\/2025\/03\/20250312093010-400x196.png 400w, https:\/\/www.toneluckswitches.com\/wp-content\/uploads\/2025\/03\/20250312093010.png 442w\" sizes=\"(max-width: 640px) 100vw, 40vw\" title=\"\"><div class=\"fusion-rollover\">\n\t<div class=\"fusion-rollover-content\">\n\n\t\t\t\t\t\t\t\t\t\t\t\t\t\t<a class=\"fusion-rollover-link\" href=\"https:\/\/www.toneluckswitches.com\/tr\/toneluck-mqs-9b-surgulu-mikro-anahtar\/\">Toneluck MQS-9B s\u00fcrg\u00fcl\u00fc mikro anahtar<\/a>\n\t\t\t\n\t\t\t\t\t\t\t\t\n\t\t\n\t\t\t\t\t\t\t\t\t\t\t\t<h4 class=\"fusion-rollover-title\">\n\t\t\t\t\t<a class=\"fusion-rollover-title-link\" href=\"https:\/\/www.toneluckswitches.com\/tr\/toneluck-mqs-9b-surgulu-mikro-anahtar\/\">\n\t\t\t\t\t\tToneluck MQS-9B s\u00fcrg\u00fcl\u00fc mikro anahtar\t\t\t\t\t<\/a>\n\t\t\t\t<\/h4>\n\t\t\t\n\t\t\t\t\t\t\t\t\n\t\t\n\t\t\t\t\t\t<a class=\"fusion-link-wrapper\" href=\"https:\/\/www.toneluckswitches.com\/tr\/toneluck-mqs-9b-surgulu-mikro-anahtar\/\" aria-label=\"Toneluck MQS-9B s\u00fcrg\u00fcl\u00fc mikro anahtar\"><\/a>\n\t<\/div>\n<\/div>\n<\/div>\n<\/li>\n\t\t\t\n\t\t\t\n\t\t\t\t\t\t\t\t\t\t\t\t\t\t\t\t\t\t\t\t\t\t\t\t\t\t\t\t\t\t\t\t\t\t\t\t\t\t\t\t\t\t\t\t\t\t\t\t\t\t\t\t\t\t\t\t\t\t\t\t\t\t\t\t\t\t\t\t<\/ul>\n\t<\/div>\n\t<div class=\"fusion-post-content-wrapper\" style=\"padding:10px 10px 10px 10px; display:none;\"><div class=\"fusion-post-content post-content\"><div class=\"fusion-timeline-circle\" style=\"background-color:#f2f3f5;\"><\/div><div class=\"fusion-timeline-arrow\" style=\"color:#f2f3f5;\"><\/div><\/div><\/div><div class=\"fusion-clearfix\"><\/div><\/div>\n<\/article>\n<article id=\"blog-1-post-5595\" style=\"border-color:#f2f3f5;\" class=\"fusion-post-timeline fusion-clearfix fusion-left-column post-5595 post type-post status-publish format-standard has-post-thumbnail hentry category-automotive category-technical-news tag-toneluck-switch\">\n<div class=\"fusion-post-wrapper\" style=\"background-color:rgba(255,255,255,0);\">\n\n\t\t\t<div class=\"fusion-flexslider flexslider fusion-flexslider-loading fusion-post-slideshow\" style=\"border-color:#f2f3f5;\">\n\t\t<ul class=\"slides\">\n\t\t\t\n\t\t\t\t\t\t\t\t\t\t\t\t\t\t<li><div  class=\"fusion-image-wrapper\" aria-haspopup=\"true\">\n\t\t\t\t<img decoding=\"async\" width=\"358\" height=\"226\" src=\"https:\/\/www.toneluckswitches.com\/wp-content\/uploads\/2025\/03\/s3.jpg\" class=\"attachment-full size-full wp-post-image\" alt=\"\" srcset=\"https:\/\/www.toneluckswitches.com\/wp-content\/uploads\/2025\/03\/s3-200x126.jpg 200w, https:\/\/www.toneluckswitches.com\/wp-content\/uploads\/2025\/03\/s3.jpg 358w\" sizes=\"(max-width: 640px) 100vw, 40vw\" title=\"\"><div class=\"fusion-rollover\">\n\t<div class=\"fusion-rollover-content\">\n\n\t\t\t\t\t\t\t\t\t\t\t\t\t\t<a class=\"fusion-rollover-link\" href=\"https:\/\/www.toneluckswitches.com\/tr\/toneluck-s3-mikro-anahtari-otomotiv-koltuk-ayar-sistemleri-icin-yuksek-performansli-bir-secimdir\/\">Toneluck S3 Mikro Anahtar\u0131: Otomotiv Koltuk Ayar Sistemleri i\u00e7in Y\u00fcksek Performansl\u0131 Bir Se\u00e7im<\/a>\n\t\t\t\n\t\t\t\t\t\t\t\t\n\t\t\n\t\t\t\t\t\t\t\t\t\t\t\t<h4 class=\"fusion-rollover-title\">\n\t\t\t\t\t<a class=\"fusion-rollover-title-link\" href=\"https:\/\/www.toneluckswitches.com\/tr\/toneluck-s3-mikro-anahtari-otomotiv-koltuk-ayar-sistemleri-icin-yuksek-performansli-bir-secimdir\/\">\n\t\t\t\t\t\tToneluck S3 Mikro Anahtar\u0131: Otomotiv Koltuk Ayar Sistemleri i\u00e7in Y\u00fcksek Performansl\u0131 Bir Se\u00e7im\t\t\t\t\t<\/a>\n\t\t\t\t<\/h4>\n\t\t\t\n\t\t\t\t\t\t\t\t\n\t\t\n\t\t\t\t\t\t<a class=\"fusion-link-wrapper\" href=\"https:\/\/www.toneluckswitches.com\/tr\/toneluck-s3-mikro-anahtari-otomotiv-koltuk-ayar-sistemleri-icin-yuksek-performansli-bir-secimdir\/\" aria-label=\"Toneluck S3 Mikro Anahtar\u0131: Otomotiv Koltuk Ayar Sistemleri i\u00e7in Y\u00fcksek Performansl\u0131 Bir Se\u00e7im\"><\/a>\n\t<\/div>\n<\/div>\n<\/div>\n<\/li>\n\t\t\t\n\t\t\t\n\t\t\t\t\t\t\t\t\t\t\t\t\t\t\t\t\t\t\t\t\t\t\t\t\t\t\t\t\t\t\t\t\t\t\t\t\t\t\t\t\t\t\t\t\t\t\t\t\t\t\t\t\t\t\t\t\t\t\t\t\t\t\t\t\t\t\t\t<\/ul>\n\t<\/div>\n\t<div class=\"fusion-post-content-wrapper\" style=\"padding:10px 10px 10px 10px; display:none;\"><div class=\"fusion-post-content post-content\"><div class=\"fusion-timeline-circle\" style=\"background-color:#f2f3f5;\"><\/div><div class=\"fusion-timeline-arrow\" style=\"color:#f2f3f5;\"><\/div><\/div><\/div><div class=\"fusion-clearfix\"><\/div><\/div>\n<\/article>\n<\/div><h3 class=\"fusion-timeline-date\" style=\"background-color:#f2f3f5;\">\u015eubat 2024<\/h3><div class=\"fusion-collapse-month\"><article id=\"blog-1-post-4930\" style=\"border-color:#f2f3f5;\" class=\"fusion-post-timeline fusion-clearfix fusion-right-column post-4930 post type-post status-publish format-standard hentry category-applications tag-microswitches\">\n<div class=\"fusion-post-wrapper\" style=\"background-color:rgba(255,255,255,0);\">\n\n<div class=\"fusion-post-content-wrapper\" style=\"padding:10px 10px 10px 10px; display:none;\"><div class=\"fusion-post-content post-content\"><div class=\"fusion-timeline-circle\" style=\"background-color:#f2f3f5;\"><\/div><div class=\"fusion-timeline-arrow\" style=\"color:#f2f3f5;\"><\/div><\/div><\/div><div class=\"fusion-clearfix\"><\/div><\/div>\n<\/article>\n<\/div><h3 class=\"fusion-timeline-date\" style=\"background-color:#f2f3f5;\">Nisan 2023<\/h3><div class=\"fusion-collapse-month\"><article id=\"blog-1-post-4276\" style=\"border-color:#f2f3f5;\" class=\"fusion-post-timeline fusion-clearfix fusion-left-column post-4276 post type-post status-publish format-standard has-post-thumbnail hentry category-home-appliances category-product-news\">\n<div class=\"fusion-post-wrapper\" style=\"background-color:rgba(255,255,255,0);\">\n\n\t\t\t<div class=\"fusion-flexslider flexslider fusion-flexslider-loading fusion-post-slideshow\" style=\"border-color:#f2f3f5;\">\n\t\t<ul class=\"slides\">\n\t\t\t\n\t\t\t\t\t\t\t\t\t\t\t\t\t\t<li><div  class=\"fusion-image-wrapper\" aria-haspopup=\"true\">\n\t\t\t\t<img decoding=\"async\" width=\"1000\" height=\"482\" src=\"https:\/\/www.toneluckswitches.com\/wp-content\/uploads\/2023\/04\/air-purifier-micro-switch.jpg\" class=\"attachment-full size-full wp-post-image\" alt=\"hava temizleyici mikro anahtar\u0131\" srcset=\"https:\/\/www.toneluckswitches.com\/wp-content\/uploads\/2023\/04\/air-purifier-micro-switch-200x96.jpg 200w, https:\/\/www.toneluckswitches.com\/wp-content\/uploads\/2023\/04\/air-purifier-micro-switch-400x193.jpg 400w, https:\/\/www.toneluckswitches.com\/wp-content\/uploads\/2023\/04\/air-purifier-micro-switch-600x289.jpg 600w, https:\/\/www.toneluckswitches.com\/wp-content\/uploads\/2023\/04\/air-purifier-micro-switch-800x386.jpg 800w, https:\/\/www.toneluckswitches.com\/wp-content\/uploads\/2023\/04\/air-purifier-micro-switch.jpg 1000w\" sizes=\"(max-width: 640px) 100vw, 40vw\" title=\"\"><div class=\"fusion-rollover\">\n\t<div class=\"fusion-rollover-content\">\n\n\t\t\t\t\t\t\t\t\t\t\t\t\t\t<a class=\"fusion-rollover-link\" href=\"https:\/\/www.toneluckswitches.com\/tr\/air-purifier-micro-switch\/\">Hava temizleyici mikro anahtar\u0131n\u0131n se\u00e7imi ve prensibi<\/a>\n\t\t\t\n\t\t\t\t\t\t\t\t\n\t\t\n\t\t\t\t\t\t\t\t\t\t\t\t<h4 class=\"fusion-rollover-title\">\n\t\t\t\t\t<a class=\"fusion-rollover-title-link\" href=\"https:\/\/www.toneluckswitches.com\/tr\/air-purifier-micro-switch\/\">\n\t\t\t\t\t\tHava temizleyici mikro anahtar\u0131n\u0131n se\u00e7imi ve prensibi\t\t\t\t\t<\/a>\n\t\t\t\t<\/h4>\n\t\t\t\n\t\t\t\t\t\t\t\t\n\t\t\n\t\t\t\t\t\t<a class=\"fusion-link-wrapper\" href=\"https:\/\/www.toneluckswitches.com\/tr\/air-purifier-micro-switch\/\" aria-label=\"Hava temizleyici mikro anahtar\u0131n\u0131n se\u00e7imi ve prensibi\"><\/a>\n\t<\/div>\n<\/div>\n<\/div>\n<\/li>\n\t\t\t\n\t\t\t\n\t\t\t\t\t\t\t\t\t\t\t\t\t\t\t\t\t\t\t\t\t\t\t\t\t\t\t\t\t\t\t\t\t\t\t\t\t\t\t\t\t\t\t\t\t\t\t\t\t\t\t\t\t\t\t\t\t\t\t\t\t\t\t\t\t\t\t\t<\/ul>\n\t<\/div>\n\t<div class=\"fusion-post-content-wrapper\" style=\"padding:10px 10px 10px 10px; display:none;\"><div class=\"fusion-post-content post-content\"><div class=\"fusion-timeline-circle\" style=\"background-color:#f2f3f5;\"><\/div><div class=\"fusion-timeline-arrow\" style=\"color:#f2f3f5;\"><\/div><\/div><\/div><div class=\"fusion-clearfix\"><\/div><\/div>\n<\/article>\n<\/div><\/div><\/div><div class=\"fusion-infinite-scroll-trigger\"><\/div><div class=\"pagination infinite-scroll clearfix\" style=\"display:none;\"><span class=\"current\">1<\/span><a href=\"https:\/\/www.toneluckswitches.com\/wp-json\/wp\/v2\/pages\/11\/page\/2\/\" class=\"inactive\">2<\/a><a class=\"pagination-next\" rel=\"next\" href=\"https:\/\/www.toneluckswitches.com\/wp-json\/wp\/v2\/pages\/11\/page\/2\/\"><span class=\"page-text\">Sonraki<\/span><span class=\"page-next\"><\/span><\/a><\/div><div class=\"fusion-clearfix\"><\/div><button class=\"fusion-load-more-button fusion-blog-button fusion-clearfix\">Daha Fazla G\u00f6nderi Y\u00fckle<\/button><\/div><\/div><\/div><\/div><\/div>","protected":false},"excerpt":{"rendered":"","protected":false},"author":1,"featured_media":0,"parent":0,"menu_order":0,"comment_status":"closed","ping_status":"closed","template":"","meta":{"footnotes":""},"class_list":["post-11","page","type-page","status-publish","hentry"],"_links":{"self":[{"href":"https:\/\/www.toneluckswitches.com\/tr\/wp-json\/wp\/v2\/pages\/11","targetHints":{"allow":["GET"]}}],"collection":[{"href":"https:\/\/www.toneluckswitches.com\/tr\/wp-json\/wp\/v2\/pages"}],"about":[{"href":"https:\/\/www.toneluckswitches.com\/tr\/wp-json\/wp\/v2\/types\/page"}],"author":[{"embeddable":true,"href":"https:\/\/www.toneluckswitches.com\/tr\/wp-json\/wp\/v2\/users\/1"}],"replies":[{"embeddable":true,"href":"https:\/\/www.toneluckswitches.com\/tr\/wp-json\/wp\/v2\/comments?post=11"}],"version-history":[{"count":5,"href":"https:\/\/www.toneluckswitches.com\/tr\/wp-json\/wp\/v2\/pages\/11\/revisions"}],"predecessor-version":[{"id":4089,"href":"https:\/\/www.toneluckswitches.com\/tr\/wp-json\/wp\/v2\/pages\/11\/revisions\/4089"}],"wp:attachment":[{"href":"https:\/\/www.toneluckswitches.com\/tr\/wp-json\/wp\/v2\/media?parent=11"}],"curies":[{"name":"wp","href":"https:\/\/api.w.org\/{rel}","templated":true}]}}