{"id":62,"date":"2021-01-11T07:59:31","date_gmt":"2021-01-11T07:59:31","guid":{"rendered":"https:\/\/www.toneluckswitches.com\/?page_id=62"},"modified":"2022-03-25T05:41:07","modified_gmt":"2022-03-25T05:41:07","slug":"interruptor-de-botao","status":"publish","type":"page","link":"https:\/\/www.toneluckswitches.com\/pt\/interruptor-de-botao\/","title":{"rendered":"Interruptor de bot\u00e3o de press\u00e3o"},"content":{"rendered":"<div class=\"fusion-fullwidth fullwidth-box fusion-builder-row-1 fusion-flex-container nonhundred-percent-fullwidth non-hundred-percent-height-scrolling\" style=\"--awb-border-radius-top-left:0px;--awb-border-radius-top-right:0px;--awb-border-radius-bottom-right:0px;--awb-border-radius-bottom-left:0px;--awb-flex-wrap:wrap;\" ><div class=\"fusion-builder-row fusion-row fusion-flex-align-items-flex-start fusion-flex-content-wrap\" style=\"max-width:1560px;margin-left: calc(-4% \/ 2 );margin-right: calc(-4% \/ 2 );\"><div class=\"fusion-layout-column fusion_builder_column fusion-builder-column-0 fusion_builder_column_1_1 1_1 fusion-flex-column\" style=\"--awb-bg-size:cover;--awb-width-large:100%;--awb-margin-top-large:10px;--awb-spacing-right-large:1.92%;--awb-margin-bottom-large:10px;--awb-spacing-left-large:1.92%;--awb-width-medium:100%;--awb-order-medium:0;--awb-spacing-right-medium:1.92%;--awb-spacing-left-medium:1.92%;--awb-width-small:100%;--awb-order-small:0;--awb-spacing-right-small:1.92%;--awb-spacing-left-small:1.92%;\"><div class=\"fusion-column-wrapper fusion-column-has-shadow fusion-flex-justify-content-flex-start fusion-content-layout-column\"><div class=\"fusion-text fusion-text-1\"><p class=\"entry-title fusion-responsive-typography-calculated\" data-fontsize=\"26\" data-lineheight=\"36.4px\">Como fabricantes e fornecedores de interruptores de bot\u00e3o, n\u00e3o apenas fornecemos os interruptores Toneluck, mas tamb\u00e9m oferecemos servi\u00e7os de projeto. <a href=\"https:\/\/en.wikipedia.org\/wiki\/Original_equipment_manufacturer\" target=\"_blank\" rel=\"noopener\">OEM<\/a> Oferecemos suporte para que nossos clientes economizem tempo e dinheiro. Nosso switch n\u00e3o \u00e9 apenas famoso no mundo todo, mas tamb\u00e9m conquista o reconhecimento de clientes em diversos pa\u00edses. Por exemplo, voc\u00ea pode clicar aqui para acessar nossa p\u00e1gina inicial e conferir. <a href=\"https:\/\/www.toneluckswitches.com\/pt\/\" target=\"_blank\" rel=\"noopener\">nossos clientes<\/a>. Al\u00e9m disso, temos muitos tipos de interruptores de bot\u00e3o para escolha. Como Key, LTV, MPN, MPV, PBA, PBN. Geralmente, o <span class=\"\">interruptor de bot\u00e3o de press\u00e3o moment\u00e2neo, <\/span><span class=\"\">interruptor el\u00e9trico de bot\u00e3o de press\u00e3o, <\/span><span class=\"\">Bot\u00e3o de press\u00e3o com interruptor de 12V, <\/span><span class=\"\">Bot\u00e3o liga\/desliga.<\/span><\/p>\n<p class=\"entry-title fusion-responsive-typography-calculated\" data-fontsize=\"26\" data-lineheight=\"36.4px\">Entretanto, os interruptores de bot\u00e3o s\u00e3o amplamente utilizados em autom\u00f3veis, equipamentos de \u00e1udio, dispositivos eletr\u00f4nicos e assim por diante.<\/p>\n<\/div><div class=\"fusion-text fusion-text-2\"><p class=\"entry-title fusion-responsive-typography-calculated\" data-fontsize=\"26\" data-lineheight=\"36.4px\">Al\u00e9m disso, o comprador pode escolher os par\u00e2metros de acordo com suas necessidades. Isso inclui fun\u00e7\u00f5es como acionamento moment\u00e2neo, travamento autom\u00e1tico, sem travamento, corrente e tens\u00e3o nominais, par\u00e2metros do PT (transformador de pr\u00f3tons), for\u00e7a, contato, etc.<\/p>\n<\/div><div class=\"fusion-text fusion-text-3\"><p>Em suma, a Toneluck \u00e9 uma fornecedora em que voc\u00ea pode confiar, pois foi fundada em 1973.<\/p>\n<ul>\n<li>Para o cliente: Oferecer melhores produtos e servi\u00e7os.<\/li>\n<li>Para os funcion\u00e1rios: Proporcionar oportunidades de estudo, melhorar o ambiente de trabalho e a renda econ\u00f4mica.<\/li>\n<li>Para o acionista: Melhorar o retorno e a qualidade do investimento.<\/li>\n<li>Para o parceiro: Explore o desenvolvimento comum e aprimore os benef\u00edcios sin\u00e9rgicos.<\/li>\n<li>Para a sociedade: Criar empregos, promover a economia, a harmonia e a estabilidade.<\/li>\n<\/ul>\n<\/div><div class=\"fusion-separator fusion-full-width-sep\" style=\"align-self: center;margin-left: auto;margin-right: auto;margin-top:15px;margin-bottom:15px;width:100%;\"><\/div><div class=\"fusion-image-element\" style=\"text-align:left;--awb-caption-title-font-family:var(--h2_typography-font-family);--awb-caption-title-font-weight:var(--h2_typography-font-weight);--awb-caption-title-font-style:var(--h2_typography-font-style);--awb-caption-title-size:var(--h2_typography-font-size);--awb-caption-title-transform:var(--h2_typography-text-transform);--awb-caption-title-line-height:var(--h2_typography-line-height);--awb-caption-title-letter-spacing:var(--h2_typography-letter-spacing);\"><span class=\"fusion-imageframe imageframe-none imageframe-1 hover-type-none\"><img decoding=\"async\" width=\"1024\" height=\"320\" alt=\"banner do interruptor de bot\u00e3o de press\u00e3o\" title=\"banner do interruptor de bot\u00e3o de press\u00e3o\" src=\"https:\/\/www.toneluckswitches.com\/wp-content\/uploads\/2021\/04\/push-button-switch-1024x320.jpg\" class=\"img-responsive wp-image-1691\" srcset=\"https:\/\/www.toneluckswitches.com\/wp-content\/uploads\/2021\/04\/push-button-switch-200x63.jpg 200w, https:\/\/www.toneluckswitches.com\/wp-content\/uploads\/2021\/04\/push-button-switch-400x125.jpg 400w, https:\/\/www.toneluckswitches.com\/wp-content\/uploads\/2021\/04\/push-button-switch-600x188.jpg 600w, https:\/\/www.toneluckswitches.com\/wp-content\/uploads\/2021\/04\/push-button-switch-800x250.jpg 800w, https:\/\/www.toneluckswitches.com\/wp-content\/uploads\/2021\/04\/push-button-switch-1200x375.jpg 1200w, https:\/\/www.toneluckswitches.com\/wp-content\/uploads\/2021\/04\/push-button-switch.jpg 1920w\" sizes=\"(max-width: 640px) 100vw, 1024px\" \/><\/span><\/div><div class=\"fusion-separator fusion-full-width-sep\" style=\"align-self: center;margin-left: auto;margin-right: auto;margin-top:15px;margin-bottom:15px;width:100%;\"><\/div><div class=\"fusion-title title fusion-title-1 fusion-sep-none fusion-title-text fusion-title-size-two\" style=\"--awb-margin-top-small:10px;--awb-margin-right-small:0px;--awb-margin-bottom-small:10px;--awb-margin-left-small:0px;--awb-font-size:20px;\"><h2 class=\"fusion-title-heading title-heading-left\" style=\"margin:0;font-size:1em;\"><strong>O item Interruptor de Bot\u00e3o de Press\u00e3o para Op\u00e7\u00f5es<\/strong><\/h2><\/div><div class=\"fusion-builder-row fusion-builder-row-inner fusion-row fusion-flex-align-items-flex-start fusion-flex-content-wrap\" style=\"--awb-flex-grow:0;--awb-flex-grow-medium:0;--awb-flex-grow-small:0;--awb-flex-shrink:0;--awb-flex-shrink-medium:0;--awb-flex-shrink-small:0;width:104% !important;max-width:104% !important;margin-left: calc(-4% \/ 2 );margin-right: calc(-4% \/ 2 );\"><div class=\"fusion-layout-column fusion_builder_column_inner fusion-builder-nested-column-0 fusion_builder_column_inner_1_2 1_2 fusion-flex-column\" style=\"--awb-bg-size:cover;--awb-width-large:50%;--awb-margin-top-large:10px;--awb-spacing-right-large:3.84%;--awb-margin-bottom-large:10px;--awb-spacing-left-large:3.84%;--awb-width-medium:50%;--awb-order-medium:0;--awb-spacing-right-medium:3.84%;--awb-spacing-left-medium:3.84%;--awb-width-small:100%;--awb-order-small:0;--awb-spacing-right-small:1.92%;--awb-spacing-left-small:1.92%;\"><div class=\"fusion-column-wrapper fusion-column-has-shadow fusion-flex-justify-content-flex-start fusion-content-layout-column\">\n<table border=\"0\" width=\"100%\">\n<tbody>\n<tr bgcolor=\"#d2d2d2\">\n<th style=\"padding-left: 40px;\" align=\"left\" height=\"40\"><strong>S\u00e9rie LTV<\/strong><\/th>\n<\/tr>\n<\/tbody>\n<\/table>\n<div class=\"fusion-text fusion-text-4\"><p>A s\u00e9rie LTV inclui os modelos LTV-75 e 76, LTV-77, LTV-85 e 86, LTV-87, LTV-88 e LTV-89.<\/p>\n<\/div><div class=\"fusion-image-element\" style=\"--awb-caption-title-font-family:var(--h2_typography-font-family);--awb-caption-title-font-weight:var(--h2_typography-font-weight);--awb-caption-title-font-style:var(--h2_typography-font-style);--awb-caption-title-size:var(--h2_typography-font-size);--awb-caption-title-transform:var(--h2_typography-text-transform);--awb-caption-title-line-height:var(--h2_typography-line-height);--awb-caption-title-letter-spacing:var(--h2_typography-letter-spacing);\"><span class=\"fusion-imageframe imageframe-none imageframe-2 hover-type-none\"><a class=\"fusion-no-lightbox\" href=\"https:\/\/www.toneluckswitches.com\/pt\/interruptor-de-botao-ltv\/\" target=\"_blank\" aria-label=\"Interruptor de bot\u00e3o LTV\" rel=\"noopener noreferrer\"><img decoding=\"async\" width=\"500\" height=\"250\" alt=\"Interruptor de bot\u00e3o LTV\" src=\"https:\/\/www.toneluckswitches.com\/wp-content\/uploads\/2021\/10\/LTV.jpg\" class=\"img-responsive wp-image-2183\" srcset=\"https:\/\/www.toneluckswitches.com\/wp-content\/uploads\/2021\/10\/LTV-200x100.jpg 200w, https:\/\/www.toneluckswitches.com\/wp-content\/uploads\/2021\/10\/LTV-400x200.jpg 400w, https:\/\/www.toneluckswitches.com\/wp-content\/uploads\/2021\/10\/LTV.jpg 500w\" sizes=\"(max-width: 640px) 100vw, 500px\" title=\"\"><\/a><\/span><\/div><\/div><\/div><div class=\"fusion-layout-column fusion_builder_column_inner fusion-builder-nested-column-1 fusion_builder_column_inner_1_2 1_2 fusion-flex-column\" style=\"--awb-bg-size:cover;--awb-width-large:50%;--awb-margin-top-large:10px;--awb-spacing-right-large:3.84%;--awb-margin-bottom-large:10px;--awb-spacing-left-large:3.84%;--awb-width-medium:50%;--awb-order-medium:0;--awb-spacing-right-medium:3.84%;--awb-spacing-left-medium:3.84%;--awb-width-small:100%;--awb-order-small:0;--awb-spacing-right-small:1.92%;--awb-spacing-left-small:1.92%;\"><div class=\"fusion-column-wrapper fusion-column-has-shadow fusion-flex-justify-content-flex-start fusion-content-layout-column\">\n<table border=\"0\" width=\"100%\">\n<tbody>\n<tr bgcolor=\"#d2d2d2\">\n<th style=\"padding-left: 40px;\" align=\"left\" height=\"40\"><strong>S\u00e9rie MPN<\/strong><\/th>\n<\/tr>\n<\/tbody>\n<\/table>\n<div class=\"fusion-text fusion-text-5\"><p>A s\u00e9rie MPN tem uma classifica\u00e7\u00e3o de 0,10 A a 30 VCC com 10.000 ciclos el\u00e9tricos certificados e temperatura de opera\u00e7\u00e3o de -10 \u00b0C a 60 \u00b0C. Os compradores podem escolher entre as fun\u00e7\u00f5es de travamento autom\u00e1tico e moment\u00e2neo, e tamb\u00e9m est\u00e3o dispon\u00edveis op\u00e7\u00f5es com dois, quatro ou seis polos para o circuito el\u00e9trico.<\/p>\n<\/div><div class=\"fusion-image-element\" style=\"--awb-caption-title-font-family:var(--h2_typography-font-family);--awb-caption-title-font-weight:var(--h2_typography-font-weight);--awb-caption-title-font-style:var(--h2_typography-font-style);--awb-caption-title-size:var(--h2_typography-font-size);--awb-caption-title-transform:var(--h2_typography-text-transform);--awb-caption-title-line-height:var(--h2_typography-line-height);--awb-caption-title-letter-spacing:var(--h2_typography-letter-spacing);\"><span class=\"fusion-imageframe imageframe-none imageframe-3 hover-type-none\"><a class=\"fusion-no-lightbox\" href=\"https:\/\/www.toneluckswitches.com\/pt\/interruptores-liga-desliga-de-botao-de-pressao-mpn\/\" target=\"_blank\" aria-label=\"Interruptor de bot\u00e3o de v\u00e1rios polos MPN\" rel=\"noopener noreferrer\"><img decoding=\"async\" width=\"500\" height=\"250\" alt=\"Interruptor de bot\u00e3o de v\u00e1rios polos MPN\" src=\"https:\/\/www.toneluckswitches.com\/wp-content\/uploads\/2021\/10\/MPN.jpg\" class=\"img-responsive wp-image-2186\" srcset=\"https:\/\/www.toneluckswitches.com\/wp-content\/uploads\/2021\/10\/MPN-200x100.jpg 200w, https:\/\/www.toneluckswitches.com\/wp-content\/uploads\/2021\/10\/MPN-400x200.jpg 400w, https:\/\/www.toneluckswitches.com\/wp-content\/uploads\/2021\/10\/MPN.jpg 500w\" sizes=\"(max-width: 640px) 100vw, 500px\" title=\"\"><\/a><\/span><\/div><\/div><\/div><\/div><div class=\"fusion-builder-row fusion-builder-row-inner fusion-row fusion-flex-align-items-flex-start fusion-flex-content-wrap\" style=\"--awb-flex-grow:0;--awb-flex-grow-medium:0;--awb-flex-grow-small:0;--awb-flex-shrink:0;--awb-flex-shrink-medium:0;--awb-flex-shrink-small:0;width:104% !important;max-width:104% !important;margin-left: calc(-4% \/ 2 );margin-right: calc(-4% \/ 2 );\"><div class=\"fusion-layout-column fusion_builder_column_inner fusion-builder-nested-column-2 fusion_builder_column_inner_1_2 1_2 fusion-flex-column\" style=\"--awb-bg-size:cover;--awb-width-large:50%;--awb-margin-top-large:10px;--awb-spacing-right-large:3.84%;--awb-margin-bottom-large:10px;--awb-spacing-left-large:3.84%;--awb-width-medium:50%;--awb-order-medium:0;--awb-spacing-right-medium:3.84%;--awb-spacing-left-medium:3.84%;--awb-width-small:100%;--awb-order-small:0;--awb-spacing-right-small:1.92%;--awb-spacing-left-small:1.92%;\"><div class=\"fusion-column-wrapper fusion-column-has-shadow fusion-flex-justify-content-flex-start fusion-content-layout-column\">\n<table border=\"0\" width=\"100%\">\n<tbody>\n<tr bgcolor=\"#d2d2d2\">\n<th style=\"padding-left: 40px;\" align=\"left\" height=\"40\"><strong>S\u00e9rie Key<\/strong><\/th>\n<\/tr>\n<\/tbody>\n<\/table>\n<div class=\"fusion-text fusion-text-6\"><p>A s\u00e9rie de interruptores de bot\u00e3o tipo chave \u00e9 compacta, dispon\u00edvel em diversas cores, e sua classifica\u00e7\u00e3o \u00e9 de 0,01A 35VDC 100.000 ciclos.<\/p>\n<\/div><div class=\"fusion-image-element\" style=\"--awb-caption-title-font-family:var(--h2_typography-font-family);--awb-caption-title-font-weight:var(--h2_typography-font-weight);--awb-caption-title-font-style:var(--h2_typography-font-style);--awb-caption-title-size:var(--h2_typography-font-size);--awb-caption-title-transform:var(--h2_typography-text-transform);--awb-caption-title-line-height:var(--h2_typography-line-height);--awb-caption-title-letter-spacing:var(--h2_typography-letter-spacing);\"><span class=\"fusion-imageframe imageframe-none imageframe-4 hover-type-none\"><a class=\"fusion-no-lightbox\" href=\"https:\/\/www.toneluckswitches.com\/pt\/chave-de-botao-de-partida\/\" target=\"_blank\" aria-label=\"Interruptor de bot\u00e3o de press\u00e3o KEY Mini\" rel=\"noopener noreferrer\"><img decoding=\"async\" width=\"500\" height=\"250\" alt=\"Interruptor de bot\u00e3o de press\u00e3o KEY Mini\" src=\"https:\/\/www.toneluckswitches.com\/wp-content\/uploads\/2021\/10\/KEY.jpg\" class=\"img-responsive wp-image-2185\" srcset=\"https:\/\/www.toneluckswitches.com\/wp-content\/uploads\/2021\/10\/KEY-200x100.jpg 200w, https:\/\/www.toneluckswitches.com\/wp-content\/uploads\/2021\/10\/KEY-400x200.jpg 400w, https:\/\/www.toneluckswitches.com\/wp-content\/uploads\/2021\/10\/KEY.jpg 500w\" sizes=\"(max-width: 640px) 100vw, 500px\" title=\"\"><\/a><\/span><\/div><\/div><\/div><div class=\"fusion-layout-column fusion_builder_column_inner fusion-builder-nested-column-3 fusion_builder_column_inner_1_2 1_2 fusion-flex-column\" style=\"--awb-bg-size:cover;--awb-width-large:50%;--awb-margin-top-large:10px;--awb-spacing-right-large:3.84%;--awb-margin-bottom-large:10px;--awb-spacing-left-large:3.84%;--awb-width-medium:50%;--awb-order-medium:0;--awb-spacing-right-medium:3.84%;--awb-spacing-left-medium:3.84%;--awb-width-small:100%;--awb-order-small:0;--awb-spacing-right-small:1.92%;--awb-spacing-left-small:1.92%;\"><div class=\"fusion-column-wrapper fusion-column-has-shadow fusion-flex-justify-content-flex-start fusion-content-layout-column\">\n<table border=\"0\" width=\"100%\">\n<tbody>\n<tr bgcolor=\"#d2d2d2\">\n<th style=\"padding-left: 40px;\" align=\"left\" height=\"40\"><strong>S\u00e9rie PBN<\/strong><\/th>\n<\/tr>\n<\/tbody>\n<\/table>\n<div class=\"fusion-text fusion-text-7\"><p>A PBN tamb\u00e9m oferece diversas op\u00e7\u00f5es de hastes, como as de 2, 4 e 6 hastes. Al\u00e9m disso, os compradores podem escolher entre as fun\u00e7\u00f5es de travamento autom\u00e1tico e sem travamento. Para quem precisa de praticidade em viagens, tamb\u00e9m temos op\u00e7\u00f5es com conectores de 3,5 mm e 2,5 mm.<\/p>\n<\/div><div class=\"fusion-image-element\" style=\"--awb-caption-title-font-family:var(--h2_typography-font-family);--awb-caption-title-font-weight:var(--h2_typography-font-weight);--awb-caption-title-font-style:var(--h2_typography-font-style);--awb-caption-title-size:var(--h2_typography-font-size);--awb-caption-title-transform:var(--h2_typography-text-transform);--awb-caption-title-line-height:var(--h2_typography-line-height);--awb-caption-title-letter-spacing:var(--h2_typography-letter-spacing);\"><span class=\"fusion-imageframe imageframe-none imageframe-5 hover-type-none\"><a class=\"fusion-no-lightbox\" href=\"https:\/\/www.toneluckswitches.com\/pt\/botao-de-alternancia-pbn\/\" target=\"_blank\" aria-label=\"Banco de Bot\u00e3o de Press\u00e3o PBN\" rel=\"noopener noreferrer\"><img decoding=\"async\" width=\"500\" height=\"250\" alt=\"Banco de Bot\u00e3o de Press\u00e3o PBN\" src=\"https:\/\/www.toneluckswitches.com\/wp-content\/uploads\/2021\/10\/PBN.jpg\" class=\"img-responsive wp-image-2184\" srcset=\"https:\/\/www.toneluckswitches.com\/wp-content\/uploads\/2021\/10\/PBN-200x100.jpg 200w, https:\/\/www.toneluckswitches.com\/wp-content\/uploads\/2021\/10\/PBN-400x200.jpg 400w, https:\/\/www.toneluckswitches.com\/wp-content\/uploads\/2021\/10\/PBN.jpg 500w\" sizes=\"(max-width: 640px) 100vw, 500px\" title=\"\"><\/a><\/span><\/div><\/div><\/div><\/div><div class=\"fusion-builder-row fusion-builder-row-inner fusion-row fusion-flex-align-items-flex-start fusion-flex-content-wrap\" style=\"--awb-flex-grow:0;--awb-flex-grow-medium:0;--awb-flex-grow-small:0;--awb-flex-shrink:0;--awb-flex-shrink-medium:0;--awb-flex-shrink-small:0;width:104% !important;max-width:104% !important;margin-left: calc(-4% \/ 2 );margin-right: calc(-4% \/ 2 );\"><div class=\"fusion-layout-column fusion_builder_column_inner fusion-builder-nested-column-4 fusion_builder_column_inner_1_2 1_2 fusion-flex-column\" style=\"--awb-bg-size:cover;--awb-width-large:50%;--awb-margin-top-large:10px;--awb-spacing-right-large:3.84%;--awb-margin-bottom-large:10px;--awb-spacing-left-large:3.84%;--awb-width-medium:50%;--awb-order-medium:0;--awb-spacing-right-medium:3.84%;--awb-spacing-left-medium:3.84%;--awb-width-small:100%;--awb-order-small:0;--awb-spacing-right-small:1.92%;--awb-spacing-left-small:1.92%;\"><div class=\"fusion-column-wrapper fusion-column-has-shadow fusion-flex-justify-content-flex-start fusion-content-layout-column\">\n<table border=\"0\" width=\"100%\">\n<tbody>\n<tr bgcolor=\"#d2d2d2\">\n<th style=\"padding-left: 40px;\" align=\"left\" height=\"40\"><span style=\"color: #333333;\"><strong>S\u00e9rie MPV<\/strong><\/span><\/th>\n<\/tr>\n<\/tbody>\n<\/table>\n<div class=\"fusion-text fusion-text-8\"><p>O MPV \u00e9 um interruptor de bot\u00e3o com longa vida \u00fatil em ciclos el\u00e9tricos, com pelo menos 20.000 ciclos na classifica\u00e7\u00e3o de 0,1A 30VDC. O material da carca\u00e7a atende aos requisitos da norma UL94 V-0 para termopl\u00e1sticos.<\/p>\n<\/div><div class=\"fusion-image-element\" style=\"--awb-caption-title-font-family:var(--h2_typography-font-family);--awb-caption-title-font-weight:var(--h2_typography-font-weight);--awb-caption-title-font-style:var(--h2_typography-font-style);--awb-caption-title-size:var(--h2_typography-font-size);--awb-caption-title-transform:var(--h2_typography-text-transform);--awb-caption-title-line-height:var(--h2_typography-line-height);--awb-caption-title-letter-spacing:var(--h2_typography-letter-spacing);\"><span class=\"fusion-imageframe imageframe-none imageframe-6 hover-type-none\"><a class=\"fusion-no-lightbox\" href=\"https:\/\/www.toneluckswitches.com\/pt\/interruptor-de-botao-de-pressao-mpv\/\" target=\"_blank\" aria-label=\"Interruptor MPV Toneluck\" rel=\"noopener noreferrer\"><img decoding=\"async\" width=\"500\" height=\"250\" alt=\"Interruptor MPV Toneluck\" src=\"https:\/\/www.toneluckswitches.com\/wp-content\/uploads\/2021\/10\/MPV.jpg\" class=\"img-responsive wp-image-2187\" srcset=\"https:\/\/www.toneluckswitches.com\/wp-content\/uploads\/2021\/10\/MPV-200x100.jpg 200w, https:\/\/www.toneluckswitches.com\/wp-content\/uploads\/2021\/10\/MPV-400x200.jpg 400w, https:\/\/www.toneluckswitches.com\/wp-content\/uploads\/2021\/10\/MPV.jpg 500w\" sizes=\"(max-width: 640px) 100vw, 500px\" title=\"\"><\/a><\/span><\/div><\/div><\/div><div class=\"fusion-layout-column fusion_builder_column_inner fusion-builder-nested-column-5 fusion_builder_column_inner_1_2 1_2 fusion-flex-column\" style=\"--awb-bg-size:cover;--awb-width-large:50%;--awb-margin-top-large:10px;--awb-spacing-right-large:3.84%;--awb-margin-bottom-large:10px;--awb-spacing-left-large:3.84%;--awb-width-medium:50%;--awb-order-medium:0;--awb-spacing-right-medium:3.84%;--awb-spacing-left-medium:3.84%;--awb-width-small:100%;--awb-order-small:0;--awb-spacing-right-small:1.92%;--awb-spacing-left-small:1.92%;\"><div class=\"fusion-column-wrapper fusion-column-has-shadow fusion-flex-justify-content-flex-start fusion-content-layout-column\">\n<table border=\"0\" width=\"100%\">\n<tbody>\n<tr bgcolor=\"#d2d2d2\">\n<th style=\"padding-left: 40px;\" align=\"left\" height=\"40\"><strong>S\u00e9rie de interruptores PBA<\/strong><\/th>\n<\/tr>\n<\/tbody>\n<\/table>\n<div class=\"fusion-text fusion-text-9\"><p>O Toneluck PBA possui apenas as vers\u00f5es de 2 e 4 polos, que tamb\u00e9m podem ser produzidas como um banco de interruptores. Seu curso total \u00e9 de 3,5 mm e a dist\u00e2ncia entre o travamento e o curso \u00e9 de 2,5 mm.<\/p>\n<\/div><div class=\"fusion-image-element\" style=\"--awb-caption-title-font-family:var(--h2_typography-font-family);--awb-caption-title-font-weight:var(--h2_typography-font-weight);--awb-caption-title-font-style:var(--h2_typography-font-style);--awb-caption-title-size:var(--h2_typography-font-size);--awb-caption-title-transform:var(--h2_typography-text-transform);--awb-caption-title-line-height:var(--h2_typography-line-height);--awb-caption-title-letter-spacing:var(--h2_typography-letter-spacing);\"><span class=\"fusion-imageframe imageframe-none imageframe-7 hover-type-none\"><a class=\"fusion-no-lightbox\" href=\"https:\/\/www.toneluckswitches.com\/pt\/interruptores-eletricos-de-botao-de-pressao-pba\/\" target=\"_blank\" aria-label=\"Bot\u00e3o de press\u00e3o PBA\" rel=\"noopener noreferrer\"><img decoding=\"async\" width=\"500\" height=\"250\" alt=\"Bot\u00e3o de press\u00e3o PBA\" src=\"https:\/\/www.toneluckswitches.com\/wp-content\/uploads\/2021\/10\/PBA.jpg\" class=\"img-responsive wp-image-2188\" srcset=\"https:\/\/www.toneluckswitches.com\/wp-content\/uploads\/2021\/10\/PBA-200x100.jpg 200w, https:\/\/www.toneluckswitches.com\/wp-content\/uploads\/2021\/10\/PBA-400x200.jpg 400w, https:\/\/www.toneluckswitches.com\/wp-content\/uploads\/2021\/10\/PBA.jpg 500w\" sizes=\"(max-width: 640px) 100vw, 500px\" title=\"\"><\/a><\/span><\/div><\/div><\/div><\/div><\/div><\/div><\/div><\/div>","protected":false},"excerpt":{"rendered":"","protected":false},"author":1,"featured_media":0,"parent":0,"menu_order":0,"comment_status":"closed","ping_status":"closed","template":"","meta":{"footnotes":""},"class_list":["post-62","page","type-page","status-publish","hentry"],"_links":{"self":[{"href":"https:\/\/www.toneluckswitches.com\/pt\/wp-json\/wp\/v2\/pages\/62","targetHints":{"allow":["GET"]}}],"collection":[{"href":"https:\/\/www.toneluckswitches.com\/pt\/wp-json\/wp\/v2\/pages"}],"about":[{"href":"https:\/\/www.toneluckswitches.com\/pt\/wp-json\/wp\/v2\/types\/page"}],"author":[{"embeddable":true,"href":"https:\/\/www.toneluckswitches.com\/pt\/wp-json\/wp\/v2\/users\/1"}],"replies":[{"embeddable":true,"href":"https:\/\/www.toneluckswitches.com\/pt\/wp-json\/wp\/v2\/comments?post=62"}],"version-history":[{"count":7,"href":"https:\/\/www.toneluckswitches.com\/pt\/wp-json\/wp\/v2\/pages\/62\/revisions"}],"predecessor-version":[{"id":2368,"href":"https:\/\/www.toneluckswitches.com\/pt\/wp-json\/wp\/v2\/pages\/62\/revisions\/2368"}],"wp:attachment":[{"href":"https:\/\/www.toneluckswitches.com\/pt\/wp-json\/wp\/v2\/media?parent=62"}],"curies":[{"name":"wp","href":"https:\/\/api.w.org\/{rel}","templated":true}]}}