{"id":454,"date":"2021-01-26T02:58:34","date_gmt":"2021-01-26T02:58:34","guid":{"rendered":"https:\/\/www.toneluckswitches.com\/?page_id=454"},"modified":"2021-01-26T02:58:34","modified_gmt":"2021-01-26T02:58:34","slug":"interruptor-de-botao-de-pressao-mpv","status":"publish","type":"page","link":"https:\/\/www.toneluckswitches.com\/pt\/interruptor-de-botao-de-pressao-mpv\/","title":{"rendered":"Interruptor de bot\u00e3o MPV"},"content":{"rendered":"<div class=\"fusion-fullwidth fullwidth-box fusion-builder-row-1 fusion-flex-container nonhundred-percent-fullwidth non-hundred-percent-height-scrolling\" style=\"--awb-border-radius-top-left:0px;--awb-border-radius-top-right:0px;--awb-border-radius-bottom-right:0px;--awb-border-radius-bottom-left:0px;--awb-flex-wrap:wrap;\" ><div class=\"fusion-builder-row fusion-row fusion-flex-align-items-flex-start fusion-flex-content-wrap\" style=\"max-width:1560px;margin-left: calc(-4% \/ 2 );margin-right: calc(-4% \/ 2 );\"><div class=\"fusion-layout-column fusion_builder_column fusion-builder-column-0 fusion_builder_column_1_1 1_1 fusion-flex-column\" style=\"--awb-bg-size:cover;--awb-width-large:100%;--awb-margin-top-large:10px;--awb-spacing-right-large:1.92%;--awb-margin-bottom-large:10px;--awb-spacing-left-large:1.92%;--awb-width-medium:100%;--awb-order-medium:0;--awb-spacing-right-medium:1.92%;--awb-spacing-left-medium:1.92%;--awb-width-small:100%;--awb-order-small:0;--awb-spacing-right-small:1.92%;--awb-spacing-left-small:1.92%;\"><div class=\"fusion-column-wrapper fusion-column-has-shadow fusion-flex-justify-content-flex-start fusion-content-layout-column\"><style type=\"text\/css\">.fusion-portfolio-wrapper#fusion-portfolio-1 .fusion-portfolio-content{ padding: 10px 10px 10px 10px; text-align: center; }<\/style><div class=\"fusion-recent-works fusion-portfolio-element fusion-portfolio fusion-portfolio-1 fusion-portfolio-grid fusion-portfolio-paging-load-more-button fusion-portfolio-four fusion-portfolio-boxed fusion-portfolio-text fusion-portfolio-equal-heights fusion-portfolio-rollover\" data-id=\"-rw-1\" data-columns=\"four\"><style type=\"text\/css\">.fusion-portfolio-1 .fusion-portfolio-wrapper .fusion-col-spacing{padding:5px;}<\/style><div class=\"fusion-portfolio-wrapper\" id=\"fusion-portfolio-1\" data-picturesize=\"auto\" data-pages=\"1\" style=\"margin:-5px;\"><article id=\"portfolio-1-post-3454\" class=\"fusion-portfolio-post mpv-pushbutton-switch fusion-col-spacing post-3454\"><div class=\"fusion-portfolio-content-wrapper\" style=\"border:1px solid #f2f3f5;border-bottom-width:3px;background-color:rgba(255,255,255,0);\"><span class=\"vcard rich-snippet-hidden\"><span class=\"fn\"><a href=\"https:\/\/www.toneluckswitches.com\/pt\/author\/toneluckadmin\/\" title=\"Artigos de ToneLuckAdmin\" rel=\"author\">Administrador ToneLuck<\/a><\/span><\/span><span class=\"updated rich-snippet-hidden\">2023-02-15T02:45:14+00:00<\/span><div  class=\"fusion-image-wrapper\" aria-haspopup=\"true\">\n\t\t\t\t<img decoding=\"async\" width=\"800\" height=\"800\" src=\"https:\/\/www.toneluckswitches.com\/wp-content\/uploads\/2023\/01\/Non-Latching-Push-Button-Switch-2-Poles-0.1A-30VDC-6.jpg\" class=\"attachment-full size-full wp-post-image\" alt=\"Interruptor de bot\u00e3o de press\u00e3o sem trava, 2 polos, 0,1 A, 30 VCC (6)\" srcset=\"https:\/\/www.toneluckswitches.com\/wp-content\/uploads\/2023\/01\/Non-Latching-Push-Button-Switch-2-Poles-0.1A-30VDC-6-200x200.jpg 200w, https:\/\/www.toneluckswitches.com\/wp-content\/uploads\/2023\/01\/Non-Latching-Push-Button-Switch-2-Poles-0.1A-30VDC-6-400x400.jpg 400w, https:\/\/www.toneluckswitches.com\/wp-content\/uploads\/2023\/01\/Non-Latching-Push-Button-Switch-2-Poles-0.1A-30VDC-6-600x600.jpg 600w, https:\/\/www.toneluckswitches.com\/wp-content\/uploads\/2023\/01\/Non-Latching-Push-Button-Switch-2-Poles-0.1A-30VDC-6.jpg 800w\" sizes=\"(min-width: 2200px) 100vw, (min-width: 856px) 368px, (min-width: 784px) 490px, (min-width: 712px) 784px, (min-width: 640px) 712px, \" title=\"\"><div class=\"fusion-rollover\">\n\t<div class=\"fusion-rollover-content\">\n\n\t\t\t\t\t\t\t\t\t\t\t\t\t\t<a class=\"fusion-rollover-link\" href=\"https:\/\/www.toneluckswitches.com\/pt\/produto\/interruptor-de-botao-de-pressao-sem-trava\/\">Interruptor de bot\u00e3o de press\u00e3o sem trava, 2 polos, 0,1 A, 30 VCC<\/a>\n\t\t\t\n\t\t\t\t\t\t\t\t\n\t\t\n\t\t\t\t\t\t\t\t\t\t\t\t<h4 class=\"fusion-rollover-title\">\n\t\t\t\t\t<a class=\"fusion-rollover-title-link\" href=\"https:\/\/www.toneluckswitches.com\/pt\/produto\/interruptor-de-botao-de-pressao-sem-trava\/\">\n\t\t\t\t\t\tInterruptor de bot\u00e3o de press\u00e3o sem trava, 2 polos, 0,1 A, 30 VCC\t\t\t\t\t<\/a>\n\t\t\t\t<\/h4>\n\t\t\t\n\t\t\t\t\t\t\t\t\n\t\t\n\t\t\t\t\t\t<a class=\"fusion-link-wrapper\" href=\"https:\/\/www.toneluckswitches.com\/pt\/produto\/interruptor-de-botao-de-pressao-sem-trava\/\" aria-label=\"Interruptor de bot\u00e3o de press\u00e3o sem trava, 2 polos, 0,1 A, 30 VCC\"><\/a>\n\t<\/div>\n<\/div>\n<\/div>\n<div class=\"fusion-portfolio-content\" style=\"background-color:rgba(255,255,255,0);\"><h2 class=\"entry-title fusion-post-title\"><a href=\"https:\/\/www.toneluckswitches.com\/pt\/produto\/interruptor-de-botao-de-pressao-sem-trava\/\">Interruptor de bot\u00e3o de press\u00e3o sem trava, 2 polos, 0,1 A, 30 VCC<\/a><\/h2><div class=\"fusion-post-content\"><\/div><\/div><\/div><\/article><article id=\"portfolio-1-post-3268\" class=\"fusion-portfolio-post mpv-pushbutton-switch fusion-col-spacing post-3268\"><div class=\"fusion-portfolio-content-wrapper\" style=\"border:1px solid #f2f3f5;border-bottom-width:3px;background-color:rgba(255,255,255,0);\"><span class=\"vcard rich-snippet-hidden\"><span class=\"fn\"><a href=\"https:\/\/www.toneluckswitches.com\/pt\/author\/toneluckadmin\/\" title=\"Artigos de ToneLuckAdmin\" rel=\"author\">Administrador ToneLuck<\/a><\/span><\/span><span class=\"updated rich-snippet-hidden\">2023-02-10T08:41:40+00:00<\/span><div  class=\"fusion-image-wrapper\" aria-haspopup=\"true\">\n\t\t\t\t<img decoding=\"async\" width=\"800\" height=\"800\" src=\"https:\/\/www.toneluckswitches.com\/wp-content\/uploads\/2022\/12\/Double-Push-Button-Switch-Bank-4-Pole-0.1A-24V-2.jpg\" class=\"attachment-full size-full wp-post-image\" alt=\"Conjunto de dois interruptores de bot\u00e3o de press\u00e3o, 4 polos, 0,1 A, 24 V (2)\" srcset=\"https:\/\/www.toneluckswitches.com\/wp-content\/uploads\/2022\/12\/Double-Push-Button-Switch-Bank-4-Pole-0.1A-24V-2-200x200.jpg 200w, https:\/\/www.toneluckswitches.com\/wp-content\/uploads\/2022\/12\/Double-Push-Button-Switch-Bank-4-Pole-0.1A-24V-2-400x400.jpg 400w, https:\/\/www.toneluckswitches.com\/wp-content\/uploads\/2022\/12\/Double-Push-Button-Switch-Bank-4-Pole-0.1A-24V-2-600x600.jpg 600w, https:\/\/www.toneluckswitches.com\/wp-content\/uploads\/2022\/12\/Double-Push-Button-Switch-Bank-4-Pole-0.1A-24V-2.jpg 800w\" sizes=\"(min-width: 2200px) 100vw, (min-width: 856px) 368px, (min-width: 784px) 490px, (min-width: 712px) 784px, (min-width: 640px) 712px, \" title=\"\"><div class=\"fusion-rollover\">\n\t<div class=\"fusion-rollover-content\">\n\n\t\t\t\t\t\t\t\t\t\t\t\t\t\t<a class=\"fusion-rollover-link\" href=\"https:\/\/www.toneluckswitches.com\/pt\/produto\/double-push-button-switch\/\">Conjunto de interruptores de bot\u00e3o duplo de 4 polos, 0,1 A, 24 V<\/a>\n\t\t\t\n\t\t\t\t\t\t\t\t\n\t\t\n\t\t\t\t\t\t\t\t\t\t\t\t<h4 class=\"fusion-rollover-title\">\n\t\t\t\t\t<a class=\"fusion-rollover-title-link\" href=\"https:\/\/www.toneluckswitches.com\/pt\/produto\/double-push-button-switch\/\">\n\t\t\t\t\t\tConjunto de interruptores de bot\u00e3o duplo de 4 polos, 0,1 A, 24 V\t\t\t\t\t<\/a>\n\t\t\t\t<\/h4>\n\t\t\t\n\t\t\t\t\t\t\t\t\n\t\t\n\t\t\t\t\t\t<a class=\"fusion-link-wrapper\" href=\"https:\/\/www.toneluckswitches.com\/pt\/produto\/double-push-button-switch\/\" aria-label=\"Conjunto de interruptores de bot\u00e3o duplo de 4 polos, 0,1 A, 24 V\"><\/a>\n\t<\/div>\n<\/div>\n<\/div>\n<div class=\"fusion-portfolio-content\" style=\"background-color:rgba(255,255,255,0);\"><h2 class=\"entry-title fusion-post-title\"><a href=\"https:\/\/www.toneluckswitches.com\/pt\/produto\/double-push-button-switch\/\">Conjunto de interruptores de bot\u00e3o duplo de 4 polos, 0,1 A, 24 V<\/a><\/h2><div class=\"fusion-post-content\"><\/div><\/div><\/div><\/article><article id=\"portfolio-1-post-1389\" class=\"fusion-portfolio-post mpv-pushbutton-switch fusion-col-spacing post-1389\"><div class=\"fusion-portfolio-content-wrapper\" style=\"border:1px solid #f2f3f5;border-bottom-width:3px;background-color:rgba(255,255,255,0);\"><span class=\"vcard rich-snippet-hidden\"><span class=\"fn\"><a href=\"https:\/\/www.toneluckswitches.com\/pt\/author\/toneluckadmin\/\" title=\"Artigos de ToneLuckAdmin\" rel=\"author\">Administrador ToneLuck<\/a><\/span><\/span><span class=\"updated rich-snippet-hidden\">2021-09-16T06:54:51+00:00<\/span><div  class=\"fusion-image-wrapper\" aria-haspopup=\"true\">\n\t\t\t\t<img decoding=\"async\" width=\"800\" height=\"800\" src=\"https:\/\/www.toneluckswitches.com\/wp-content\/uploads\/2021\/03\/1-15.jpg\" class=\"attachment-full size-full wp-post-image\" alt=\"MPV-S2A-8.0C\" srcset=\"https:\/\/www.toneluckswitches.com\/wp-content\/uploads\/2021\/03\/1-15-200x200.jpg 200w, https:\/\/www.toneluckswitches.com\/wp-content\/uploads\/2021\/03\/1-15-400x400.jpg 400w, https:\/\/www.toneluckswitches.com\/wp-content\/uploads\/2021\/03\/1-15-600x600.jpg 600w, https:\/\/www.toneluckswitches.com\/wp-content\/uploads\/2021\/03\/1-15.jpg 800w\" sizes=\"(min-width: 2200px) 100vw, (min-width: 856px) 368px, (min-width: 784px) 490px, (min-width: 712px) 784px, (min-width: 640px) 712px, \" title=\"\"><div class=\"fusion-rollover\">\n\t<div class=\"fusion-rollover-content\">\n\n\t\t\t\t\t\t\t\t\t\t\t\t\t\t<a class=\"fusion-rollover-link\" href=\"https:\/\/www.toneluckswitches.com\/pt\/produto\/interruptor-de-botao-de-seguranca\/\">Bot\u00e3o de seguran\u00e7a com trava de seguran\u00e7a e placa de circuito impresso reta.<\/a>\n\t\t\t\n\t\t\t\t\t\t\t\t\n\t\t\n\t\t\t\t\t\t\t\t\t\t\t\t<h4 class=\"fusion-rollover-title\">\n\t\t\t\t\t<a class=\"fusion-rollover-title-link\" href=\"https:\/\/www.toneluckswitches.com\/pt\/produto\/interruptor-de-botao-de-seguranca\/\">\n\t\t\t\t\t\tBot\u00e3o de seguran\u00e7a com trava de seguran\u00e7a e placa de circuito impresso reta.\t\t\t\t\t<\/a>\n\t\t\t\t<\/h4>\n\t\t\t\n\t\t\t\t\t\t\t\t\n\t\t\n\t\t\t\t\t\t<a class=\"fusion-link-wrapper\" href=\"https:\/\/www.toneluckswitches.com\/pt\/produto\/interruptor-de-botao-de-seguranca\/\" aria-label=\"Bot\u00e3o de seguran\u00e7a com trava de seguran\u00e7a e placa de circuito impresso reta.\"><\/a>\n\t<\/div>\n<\/div>\n<\/div>\n<div class=\"fusion-portfolio-content\" style=\"background-color:rgba(255,255,255,0);\"><h2 class=\"entry-title fusion-post-title\"><a href=\"https:\/\/www.toneluckswitches.com\/pt\/produto\/interruptor-de-botao-de-seguranca\/\">Bot\u00e3o de seguran\u00e7a com trava de seguran\u00e7a e placa de circuito impresso reta.<\/a><\/h2><div class=\"fusion-post-content\"><\/div><\/div><\/div><\/article><article id=\"portfolio-1-post-1381\" class=\"fusion-portfolio-post mpv-pushbutton-switch fusion-col-spacing post-1381\"><div class=\"fusion-portfolio-content-wrapper\" style=\"border:1px solid #f2f3f5;border-bottom-width:3px;background-color:rgba(255,255,255,0);\"><span class=\"vcard rich-snippet-hidden\"><span class=\"fn\"><a href=\"https:\/\/www.toneluckswitches.com\/pt\/author\/toneluckadmin\/\" title=\"Artigos de ToneLuckAdmin\" rel=\"author\">Administrador ToneLuck<\/a><\/span><\/span><span class=\"updated rich-snippet-hidden\">2023-02-15T02:43:49+00:00<\/span><div  class=\"fusion-image-wrapper\" aria-haspopup=\"true\">\n\t\t\t\t<img decoding=\"async\" width=\"800\" height=\"800\" src=\"https:\/\/www.toneluckswitches.com\/wp-content\/uploads\/2021\/03\/1-14.jpg\" class=\"attachment-full size-full wp-post-image\" alt=\"MPV-2-15C-0060\" srcset=\"https:\/\/www.toneluckswitches.com\/wp-content\/uploads\/2021\/03\/1-14-200x200.jpg 200w, https:\/\/www.toneluckswitches.com\/wp-content\/uploads\/2021\/03\/1-14-400x400.jpg 400w, https:\/\/www.toneluckswitches.com\/wp-content\/uploads\/2021\/03\/1-14-600x600.jpg 600w, https:\/\/www.toneluckswitches.com\/wp-content\/uploads\/2021\/03\/1-14.jpg 800w\" sizes=\"(min-width: 2200px) 100vw, (min-width: 856px) 368px, (min-width: 784px) 490px, (min-width: 712px) 784px, (min-width: 640px) 712px, \" title=\"\"><div class=\"fusion-rollover\">\n\t<div class=\"fusion-rollover-content\">\n\n\t\t\t\t\t\t\t\t\t\t\t\t\t\t<a class=\"fusion-rollover-link\" href=\"https:\/\/www.toneluckswitches.com\/pt\/produto\/low-voltage-push-button-switch\/\">Interruptor de bot\u00e3o de baixa tens\u00e3o 0,1A 30VDC<\/a>\n\t\t\t\n\t\t\t\t\t\t\t\t\n\t\t\n\t\t\t\t\t\t\t\t\t\t\t\t<h4 class=\"fusion-rollover-title\">\n\t\t\t\t\t<a class=\"fusion-rollover-title-link\" href=\"https:\/\/www.toneluckswitches.com\/pt\/produto\/low-voltage-push-button-switch\/\">\n\t\t\t\t\t\tInterruptor de bot\u00e3o de baixa tens\u00e3o 0,1A 30VDC\t\t\t\t\t<\/a>\n\t\t\t\t<\/h4>\n\t\t\t\n\t\t\t\t\t\t\t\t\n\t\t\n\t\t\t\t\t\t<a class=\"fusion-link-wrapper\" href=\"https:\/\/www.toneluckswitches.com\/pt\/produto\/low-voltage-push-button-switch\/\" aria-label=\"Interruptor de bot\u00e3o de baixa tens\u00e3o 0,1A 30VDC\"><\/a>\n\t<\/div>\n<\/div>\n<\/div>\n<div class=\"fusion-portfolio-content\" style=\"background-color:rgba(255,255,255,0);\"><h2 class=\"entry-title fusion-post-title\"><a href=\"https:\/\/www.toneluckswitches.com\/pt\/produto\/low-voltage-push-button-switch\/\">Interruptor de bot\u00e3o de baixa tens\u00e3o 0,1A 30VDC<\/a><\/h2><div class=\"fusion-post-content\"><\/div><\/div><\/div><\/article><article id=\"portfolio-1-post-1397\" class=\"fusion-portfolio-post mpv-pushbutton-switch fusion-col-spacing post-1397\"><div class=\"fusion-portfolio-content-wrapper\" style=\"border:1px solid #f2f3f5;border-bottom-width:3px;background-color:rgba(255,255,255,0);\"><span class=\"vcard rich-snippet-hidden\"><span class=\"fn\"><a href=\"https:\/\/www.toneluckswitches.com\/pt\/author\/toneluckadmin\/\" title=\"Artigos de ToneLuckAdmin\" rel=\"author\">Administrador ToneLuck<\/a><\/span><\/span><span class=\"updated rich-snippet-hidden\">2023-02-15T02:46:31+00:00<\/span><div  class=\"fusion-image-wrapper\" aria-haspopup=\"true\">\n\t\t\t\t<img decoding=\"async\" width=\"800\" height=\"800\" src=\"https:\/\/www.toneluckswitches.com\/wp-content\/uploads\/2021\/03\/1-16.jpg\" class=\"attachment-full size-full wp-post-image\" alt=\"Interruptor de travamento por bot\u00e3o de press\u00e3o MPV-S4A-12.5\" srcset=\"https:\/\/www.toneluckswitches.com\/wp-content\/uploads\/2021\/03\/1-16-200x200.jpg 200w, https:\/\/www.toneluckswitches.com\/wp-content\/uploads\/2021\/03\/1-16-400x400.jpg 400w, https:\/\/www.toneluckswitches.com\/wp-content\/uploads\/2021\/03\/1-16-600x600.jpg 600w, https:\/\/www.toneluckswitches.com\/wp-content\/uploads\/2021\/03\/1-16.jpg 800w\" sizes=\"(min-width: 2200px) 100vw, (min-width: 856px) 368px, (min-width: 784px) 490px, (min-width: 712px) 784px, (min-width: 640px) 712px, \" title=\"\"><div class=\"fusion-rollover\">\n\t<div class=\"fusion-rollover-content\">\n\n\t\t\t\t\t\t\t\t\t\t\t\t\t\t<a class=\"fusion-rollover-link\" href=\"https:\/\/www.toneluckswitches.com\/pt\/produto\/interruptor-de-travamento-de-botao-de-pressao\/\">Interruptor de bot\u00e3o de press\u00e3o com trava, 4 polos, pino de 12,5 mm<\/a>\n\t\t\t\n\t\t\t\t\t\t\t\t\n\t\t\n\t\t\t\t\t\t\t\t\t\t\t\t<h4 class=\"fusion-rollover-title\">\n\t\t\t\t\t<a class=\"fusion-rollover-title-link\" href=\"https:\/\/www.toneluckswitches.com\/pt\/produto\/interruptor-de-travamento-de-botao-de-pressao\/\">\n\t\t\t\t\t\tInterruptor de bot\u00e3o de press\u00e3o com trava, 4 polos, pino de 12,5 mm\t\t\t\t\t<\/a>\n\t\t\t\t<\/h4>\n\t\t\t\n\t\t\t\t\t\t\t\t\n\t\t\n\t\t\t\t\t\t<a class=\"fusion-link-wrapper\" href=\"https:\/\/www.toneluckswitches.com\/pt\/produto\/interruptor-de-travamento-de-botao-de-pressao\/\" aria-label=\"Interruptor de bot\u00e3o de press\u00e3o com trava, 4 polos, pino de 12,5 mm\"><\/a>\n\t<\/div>\n<\/div>\n<\/div>\n<div class=\"fusion-portfolio-content\" style=\"background-color:rgba(255,255,255,0);\"><h2 class=\"entry-title fusion-post-title\"><a href=\"https:\/\/www.toneluckswitches.com\/pt\/produto\/interruptor-de-travamento-de-botao-de-pressao\/\">Interruptor de bot\u00e3o de press\u00e3o com trava, 4 polos, pino de 12,5 mm<\/a><\/h2><div class=\"fusion-post-content\"><\/div><\/div><\/div><\/article><\/div><\/div><\/div><\/div><\/div><\/div>","protected":false},"excerpt":{"rendered":"","protected":false},"author":1,"featured_media":0,"parent":0,"menu_order":0,"comment_status":"closed","ping_status":"closed","template":"","meta":{"footnotes":""},"class_list":["post-454","page","type-page","status-publish","hentry"],"_links":{"self":[{"href":"https:\/\/www.toneluckswitches.com\/pt\/wp-json\/wp\/v2\/pages\/454","targetHints":{"allow":["GET"]}}],"collection":[{"href":"https:\/\/www.toneluckswitches.com\/pt\/wp-json\/wp\/v2\/pages"}],"about":[{"href":"https:\/\/www.toneluckswitches.com\/pt\/wp-json\/wp\/v2\/types\/page"}],"author":[{"embeddable":true,"href":"https:\/\/www.toneluckswitches.com\/pt\/wp-json\/wp\/v2\/users\/1"}],"replies":[{"embeddable":true,"href":"https:\/\/www.toneluckswitches.com\/pt\/wp-json\/wp\/v2\/comments?post=454"}],"version-history":[{"count":0,"href":"https:\/\/www.toneluckswitches.com\/pt\/wp-json\/wp\/v2\/pages\/454\/revisions"}],"wp:attachment":[{"href":"https:\/\/www.toneluckswitches.com\/pt\/wp-json\/wp\/v2\/media?parent=454"}],"curies":[{"name":"wp","href":"https:\/\/api.w.org\/{rel}","templated":true}]}}