{"id":431,"date":"2021-01-26T02:53:15","date_gmt":"2021-01-26T02:53:15","guid":{"rendered":"https:\/\/www.toneluckswitches.com\/?page_id=431"},"modified":"2024-09-20T06:51:20","modified_gmt":"2024-09-20T06:51:20","slug":"interruptor-de-limite-de-acao-instantanea-v3","status":"publish","type":"page","link":"https:\/\/www.toneluckswitches.com\/pt\/interruptor-de-limite-de-acao-instantanea-v3\/","title":{"rendered":"Interruptor de limite de a\u00e7\u00e3o instant\u00e2nea V3"},"content":{"rendered":"<div class=\"fusion-fullwidth fullwidth-box fusion-builder-row-1 fusion-flex-container nonhundred-percent-fullwidth non-hundred-percent-height-scrolling\" style=\"--awb-border-radius-top-left:0px;--awb-border-radius-top-right:0px;--awb-border-radius-bottom-right:0px;--awb-border-radius-bottom-left:0px;--awb-flex-wrap:wrap;\" ><div class=\"fusion-builder-row fusion-row fusion-flex-align-items-flex-start fusion-flex-content-wrap\" style=\"max-width:1560px;margin-left: calc(-4% \/ 2 );margin-right: calc(-4% \/ 2 );\"><div class=\"fusion-layout-column fusion_builder_column fusion-builder-column-0 fusion_builder_column_1_1 1_1 fusion-flex-column\" style=\"--awb-bg-size:cover;--awb-width-large:100%;--awb-margin-top-large:10px;--awb-spacing-right-large:1.92%;--awb-margin-bottom-large:10px;--awb-spacing-left-large:1.92%;--awb-width-medium:100%;--awb-order-medium:0;--awb-spacing-right-medium:1.92%;--awb-spacing-left-medium:1.92%;--awb-width-small:100%;--awb-order-small:0;--awb-spacing-right-small:1.92%;--awb-spacing-left-small:1.92%;\"><div class=\"fusion-column-wrapper fusion-column-has-shadow fusion-flex-justify-content-flex-start fusion-content-layout-column\"><style type=\"text\/css\">.fusion-portfolio-wrapper#fusion-portfolio-1 .fusion-portfolio-content{ padding: 10px 10px 10px 10px; text-align: center; }<\/style><div class=\"fusion-recent-works fusion-portfolio-element fusion-portfolio fusion-portfolio-1 fusion-portfolio-grid fusion-portfolio-paging-load-more-button fusion-portfolio-four fusion-portfolio-boxed fusion-portfolio-text fusion-portfolio-equal-heights fusion-portfolio-rollover\" data-id=\"-rw-1\" data-columns=\"four\"><style type=\"text\/css\">.fusion-portfolio-1 .fusion-portfolio-wrapper .fusion-col-spacing{padding:5px;}<\/style><div class=\"fusion-portfolio-wrapper\" id=\"fusion-portfolio-1\" data-picturesize=\"auto\" data-pages=\"1\" style=\"margin:-5px;\"><article id=\"portfolio-1-post-2470\" class=\"fusion-portfolio-post v3-snap-action-limit-switch fusion-col-spacing post-2470\"><div class=\"fusion-portfolio-content-wrapper\" style=\"border:1px solid #f2f3f5;border-bottom-width:3px;background-color:rgba(255,255,255,0);\"><span class=\"vcard rich-snippet-hidden\"><span class=\"fn\"><a href=\"https:\/\/www.toneluckswitches.com\/pt\/author\/toneluckadmin\/\" title=\"Artigos de ToneLuckAdmin\" rel=\"author\">ToneLuckAdmin<\/a><\/span><\/span><span class=\"updated rich-snippet-hidden\">2023-02-06T08:57:42+00:00<\/span><div  class=\"fusion-image-wrapper\" aria-haspopup=\"true\">\n\t\t\t\t<img decoding=\"async\" width=\"800\" height=\"800\" src=\"https:\/\/www.toneluckswitches.com\/wp-content\/uploads\/2022\/07\/2-Terminal-Micro-Switch-5A-110-250V-IEC-60335-for-BBQ-Grill-3.jpg\" class=\"attachment-full size-full wp-post-image\" alt=\"2 Terminal Micro Switch 5A 110-250V IEC 60335 for BBQ Grill (3)\" srcset=\"https:\/\/www.toneluckswitches.com\/wp-content\/uploads\/2022\/07\/2-Terminal-Micro-Switch-5A-110-250V-IEC-60335-for-BBQ-Grill-3-200x200.jpg 200w, https:\/\/www.toneluckswitches.com\/wp-content\/uploads\/2022\/07\/2-Terminal-Micro-Switch-5A-110-250V-IEC-60335-for-BBQ-Grill-3-400x400.jpg 400w, https:\/\/www.toneluckswitches.com\/wp-content\/uploads\/2022\/07\/2-Terminal-Micro-Switch-5A-110-250V-IEC-60335-for-BBQ-Grill-3-600x600.jpg 600w, https:\/\/www.toneluckswitches.com\/wp-content\/uploads\/2022\/07\/2-Terminal-Micro-Switch-5A-110-250V-IEC-60335-for-BBQ-Grill-3.jpg 800w\" sizes=\"(min-width: 2200px) 100vw, (min-width: 856px) 368px, (min-width: 784px) 490px, (min-width: 712px) 784px, (min-width: 640px) 712px, \" title=\"\"><div class=\"fusion-rollover\">\n\t<div class=\"fusion-rollover-content\">\n\n\t\t\t\t\t\t\t\t\t\t\t\t\t\t<a class=\"fusion-rollover-link\" href=\"https:\/\/www.toneluckswitches.com\/pt\/produto\/microinterruptor-de-2-terminais\/\">2 Terminal Micro Switch 5A 110-250V IEC 60335 for BBQ Grill<\/a>\n\t\t\t\n\t\t\t\t\t\t\t\t\n\t\t\n\t\t\t\t\t\t\t\t\t\t\t\t<h4 class=\"fusion-rollover-title\">\n\t\t\t\t\t<a class=\"fusion-rollover-title-link\" href=\"https:\/\/www.toneluckswitches.com\/pt\/produto\/microinterruptor-de-2-terminais\/\">\n\t\t\t\t\t\t2 Terminal Micro Switch 5A 110-250V IEC 60335 for BBQ Grill\t\t\t\t\t<\/a>\n\t\t\t\t<\/h4>\n\t\t\t\n\t\t\t\t\t\t\t\t\n\t\t\n\t\t\t\t\t\t<a class=\"fusion-link-wrapper\" href=\"https:\/\/www.toneluckswitches.com\/pt\/produto\/microinterruptor-de-2-terminais\/\" aria-label=\"2 Terminal Micro Switch 5A 110-250V IEC 60335 for BBQ Grill\"><\/a>\n\t<\/div>\n<\/div>\n<\/div>\n<div class=\"fusion-portfolio-content\" style=\"background-color:rgba(255,255,255,0);\"><h2 class=\"entry-title fusion-post-title\"><a href=\"https:\/\/www.toneluckswitches.com\/pt\/produto\/microinterruptor-de-2-terminais\/\">2 Terminal Micro Switch 5A 110-250V IEC 60335 for BBQ Grill<\/a><\/h2><div class=\"fusion-post-content\"><\/div><\/div><\/div><\/article><\/div><\/div>\n<table border=\"0\" width=\"100%\">\n<tbody>\n<tr bgcolor=\"#00205b\">\n<td align=\"left\" height=\"40\"><span style=\"color: #ffffff;\"><strong>V3 Snap Action Limit Switch\u00a0Ordering Guide<\/strong><\/span><\/td>\n<\/tr>\n<\/tbody>\n<\/table>\n\n<div class=\"table-1\">\n<table width=\"100%\">\n<thead>\n<tr>\n<th align=\"left\"><strong>Series<\/strong><\/th>\n<th align=\"left\"><strong>Circuitry<\/strong><\/th>\n<th align=\"left\"><strong>\u00a0Terminal Type<\/strong><\/th>\n<th align=\"left\"><strong>Operation Force<\/strong><\/th>\n<th align=\"left\"><strong>Lever Type<\/strong><\/th>\n<th align=\"left\"><strong>Contact Plating<\/strong><\/th>\n<th align=\"left\"><strong>Version<\/strong><\/th>\n<\/tr>\n<\/thead>\n<tbody>\n<tr>\n<td align=\"left\">V31<\/td>\n<td align=\"left\">A=SPDT<\/td>\n<td align=\"left\">Type A = Solder Terminal<\/td>\n<td align=\"left\">F1= 80+\/-20 gf<\/td>\n<td align=\"left\">01, 02, 03\u2026<\/td>\n<td align=\"left\">S= silver contact<\/td>\n<td align=\"left\">01 = Standard<\/td>\n<\/tr>\n<tr>\n<td align=\"left\">V34<\/td>\n<td align=\"left\">B=SPST-NC<\/td>\n<td align=\"left\">Type B: PCB Terminal (Right Bent)<\/td>\n<td align=\"left\">F2= 130+\/-30 gf<\/td>\n<td align=\"left\">00= Pin plunger<\/td>\n<td align=\"left\"><\/td>\n<td align=\"left\"><\/td>\n<\/tr>\n<tr>\n<td align=\"left\">V35<\/td>\n<td align=\"left\">C=SPST-NO<\/td>\n<td align=\"left\">Type C: PCB Terminal (Left Bent)<\/td>\n<td align=\"left\">F3= 160+\/-30 gf<\/td>\n<td align=\"left\">MH= Mushroom plunger<\/td>\n<td align=\"left\"><\/td>\n<td align=\"left\"><\/td>\n<\/tr>\n<tr>\n<td align=\"left\">V36<\/td>\n<td align=\"left\"><\/td>\n<td align=\"left\">Type D = Quick Connect Terminal<\/td>\n<td align=\"left\">F4= 230+\/-40 gf<\/td>\n<td align=\"left\"><\/td>\n<td align=\"left\"><\/td>\n<td align=\"left\"><\/td>\n<\/tr>\n<tr>\n<td align=\"left\">V37<\/td>\n<td align=\"left\"><\/td>\n<td align=\"left\">Type E: Quick Connect Terminal (Right Bent)<\/td>\n<td align=\"left\"><\/td>\n<td align=\"left\"><\/td>\n<td align=\"left\"><\/td>\n<td align=\"left\"><\/td>\n<\/tr>\n<tr>\n<td align=\"left\">V38<\/td>\n<td align=\"left\"><\/td>\n<td align=\"left\">Type P = PCB Terminal<\/td>\n<td align=\"left\"><\/td>\n<td align=\"left\"><\/td>\n<td align=\"left\"><\/td>\n<td align=\"left\"><\/td>\n<\/tr>\n<tr>\n<td align=\"left\">V39<\/td>\n<td align=\"left\"><\/td>\n<td align=\"left\"><\/td>\n<td align=\"left\"><\/td>\n<td align=\"left\"><\/td>\n<td align=\"left\"><\/td>\n<td align=\"left\"><\/td>\n<\/tr>\n<\/tbody>\n<\/table>\n<\/div>\n\n<table border=\"0\" width=\"100%\">\n<tbody>\n<tr bgcolor=\"#00205b\">\n<td align=\"left\" height=\"40\"><strong><span style=\"color: #ffffff;\">Specification<\/span><\/strong><\/td>\n<\/tr>\n<\/tbody>\n<\/table>\n\n<div class=\"table-1\">\n<table width=\"100%\">\n<thead>\n<tr>\n<th align=\"left\"><strong>Series<\/strong><\/th>\n<th align=\"left\">Temperature<\/th>\n<th align=\"left\">Rating<\/th>\n<th align=\"left\">Electrical Cycles (UL)<\/th>\n<th align=\"left\">\u00a0Electrical Cycles (UL)<\/th>\n<th align=\"left\">\u00a0Electrical Cycles (CQC)<\/th>\n<\/tr>\n<\/thead>\n<tbody>\n<tr>\n<td align=\"left\">V31<\/td>\n<td align=\"left\">40T85<\/td>\n<td align=\"left\">3A 125\/250VAC<\/td>\n<td align=\"left\">6,000 cycles<\/td>\n<td align=\"left\">50,000 cycles<\/td>\n<td align=\"left\">50,000 cycles<\/td>\n<\/tr>\n<tr>\n<td align=\"left\">V34<\/td>\n<td align=\"left\">40T125<\/td>\n<td align=\"left\">10(2)A 125\/250VAC<\/td>\n<td align=\"left\"><\/td>\n<td align=\"left\">10,000 cycles<\/td>\n<td align=\"left\">10,000 cycles<\/td>\n<\/tr>\n<tr>\n<td align=\"left\">V35<\/td>\n<td align=\"left\">40T85<\/td>\n<td align=\"left\">10(2)A 125\/250VAC<\/td>\n<td align=\"left\"><\/td>\n<td align=\"left\">10,000 cycles<\/td>\n<td align=\"left\">10,000 cycles<\/td>\n<\/tr>\n<tr>\n<td align=\"left\">V36<\/td>\n<td align=\"left\">40T125<\/td>\n<td align=\"left\">0.1A 125\/250VAC<\/td>\n<td align=\"left\"><\/td>\n<td align=\"left\">50,000 cycles<\/td>\n<td align=\"left\">50,000 cycles<\/td>\n<\/tr>\n<tr>\n<td align=\"left\">V37<\/td>\n<td align=\"left\">40T85<\/td>\n<td align=\"left\">0.1A 125\/250VAC<\/td>\n<td align=\"left\"><\/td>\n<td align=\"left\">50,000 cycles<\/td>\n<td align=\"left\">50,000 cycles<\/td>\n<\/tr>\n<tr>\n<td align=\"left\">V38<\/td>\n<td align=\"left\">40T125<\/td>\n<td align=\"left\">5A 125\/250VAC<\/td>\n<td align=\"left\">6,000 cycles<\/td>\n<td align=\"left\">50,000 cycles<\/td>\n<td align=\"left\">50,000 cycles<\/td>\n<\/tr>\n<tr>\n<td align=\"left\">V39<\/td>\n<td align=\"left\">40T85<\/td>\n<td align=\"left\">5A 125\/250VAC<\/td>\n<td align=\"left\">6,000 cycles<\/td>\n<td align=\"left\">50,000 cycles<\/td>\n<td align=\"left\">50,000 cycles<\/td>\n<\/tr>\n<\/tbody>\n<\/table>\n<\/div>\n<div class=\"fusion-builder-row fusion-builder-row-inner fusion-row fusion-flex-align-items-flex-start fusion-flex-content-wrap\" style=\"--awb-flex-grow:0;--awb-flex-grow-medium:0;--awb-flex-grow-small:0;--awb-flex-shrink:0;--awb-flex-shrink-medium:0;--awb-flex-shrink-small:0;width:104% !important;max-width:104% !important;margin-left: calc(-4% \/ 2 );margin-right: calc(-4% \/ 2 );\"><div class=\"fusion-layout-column fusion_builder_column_inner fusion-builder-nested-column-0 fusion_builder_column_inner_2_3 2_3 fusion-flex-column\" style=\"--awb-bg-size:cover;--awb-width-large:66.666666666667%;--awb-margin-top-large:10px;--awb-spacing-right-large:2.88%;--awb-margin-bottom-large:10px;--awb-spacing-left-large:2.88%;--awb-width-medium:66.666666666667%;--awb-order-medium:0;--awb-spacing-right-medium:2.88%;--awb-spacing-left-medium:2.88%;--awb-width-small:100%;--awb-order-small:0;--awb-spacing-right-small:1.92%;--awb-spacing-left-small:1.92%;\"><div class=\"fusion-column-wrapper fusion-column-has-shadow fusion-flex-justify-content-flex-start fusion-content-layout-column\">\n<div class=\"table-1\">\n<table width=\"100%\">\n<thead>\n<tr>\n<th align=\"left\">Mechanical Life<\/th>\n<th align=\"left\">1,000,000 cycles<\/th>\n<\/tr>\n<\/thead>\n<tbody>\n<tr>\n<td align=\"left\">Insulation Resistance<\/td>\n<td align=\"left\">100\u03a9M Min.<\/td>\n<\/tr>\n<tr>\n<td align=\"left\">Dielectric Strength<\/td>\n<td align=\"left\">1000VAC for 60 +\/- 5 sec<\/td>\n<\/tr>\n<tr>\n<td align=\"left\">Contact Resistance<\/td>\n<td align=\"left\">50m\u03a9 Max. (initial)<\/td>\n<\/tr>\n<tr>\n<td align=\"left\">Housing<\/td>\n<td align=\"left\">UL 94V0 Thermoplastic Suitable for IEC 60335-1 Ed 4<\/td>\n<\/tr>\n<tr>\n<td align=\"left\">Contact Plating<\/td>\n<td align=\"left\">Sliver<\/td>\n<\/tr>\n<\/tbody>\n<\/table>\n<\/div>\n<\/div><\/div><div class=\"fusion-layout-column fusion_builder_column_inner fusion-builder-nested-column-1 fusion_builder_column_inner_1_3 1_3 fusion-flex-column\" style=\"--awb-bg-size:cover;--awb-width-large:33.333333333333%;--awb-margin-top-large:10px;--awb-spacing-right-large:5.76%;--awb-margin-bottom-large:10px;--awb-spacing-left-large:5.76%;--awb-width-medium:33.333333333333%;--awb-order-medium:0;--awb-spacing-right-medium:5.76%;--awb-spacing-left-medium:5.76%;--awb-width-small:100%;--awb-order-small:0;--awb-spacing-right-small:1.92%;--awb-spacing-left-small:1.92%;\"><div class=\"fusion-column-wrapper fusion-column-has-shadow fusion-flex-justify-content-flex-start fusion-content-layout-column\">\n<table border=\"0\" width=\"100%\">\n<tbody>\n<tr bgcolor=\"#00205b\">\n<td align=\"left\" height=\"40\"><strong><span style=\"color: #ffffff;\">Contact Us<\/span><\/strong><\/td>\n<\/tr>\n<\/tbody>\n<\/table>\n<div class=\"fusion-separator fusion-full-width-sep\" style=\"align-self: center;margin-left: auto;margin-right: auto;margin-top:3px;margin-bottom:3px;width:100%;\"><\/div><div class=\"fusion-text fusion-text-1\"><div class='fluentform ff-default fluentform_wrapper_1 ffs_default_wrap'><form data-form_id=\"1\" id=\"fluentform_1\" class=\"frm-fluent-form fluent_form_1 ff-el-form-top ff_form_instance_1_1 ff-form-loading ffs_default\" data-form_instance=\"ff_form_instance_1_1\" method=\"POST\" ><fieldset  style=\"border: none!important;margin: 0!important;padding: 0!important;background-color: transparent!important;box-shadow: none!important;outline: none!important; min-inline-size: 100%;\">\n                    <legend class=\"ff_screen_reader_title\" style=\"display: block; margin: 0!important;padding: 0!important;height: 0!important;text-indent: -999999px;width: 0!important;overflow:hidden;\">Contact Form Demo (#1)<\/legend><input type='hidden' name='__fluent_form_embded_post_id' value='2470' \/><input type=\"hidden\" id=\"_fluentform_1_fluentformnonce\" name=\"_fluentform_1_fluentformnonce\" value=\"e24b74dc15\" \/><input type=\"hidden\" name=\"_wp_http_referer\" value=\"\/pt\/wp-json\/wp\/v2\/pages\/431\" \/><div data-type=\"name-element\" data-name=\"names\" class=\" ff-field_container ff-name-field-wrapper\" ><div class='ff-t-container'><div class='ff-t-cell '><div class='ff-el-group  ff-el-form-hide_label'><div class=\"ff-el-input--label ff-el-is-required asterisk-right\"><label for='ff_1_names_first_name_' id='label_ff_1_names_first_name_' >Name<\/label><\/div><div class='ff-el-input--content'><input type=\"text\" name=\"names[first_name]\" id=\"ff_1_names_first_name_\" class=\"ff-el-form-control\" placeholder=\"Name *\" aria-invalid=\"false\" aria-required=true><\/div><\/div><\/div><\/div><\/div><div class='ff-el-group ff-el-form-hide_label'><div class=\"ff-el-input--label ff-el-is-required asterisk-right\"><label for='ff_1_email_1' id='label_ff_1_email_1' aria-label=\"Email\">Email<\/label><\/div><div class='ff-el-input--content'><input type=\"email\" name=\"email_1\" id=\"ff_1_email_1\" class=\"ff-el-form-control\" placeholder=\"Email *\" data-name=\"email_1\"  aria-invalid=\"false\" aria-required=true><\/div><\/div><div class='ff-el-group ff-el-form-hide_label'><div class=\"ff-el-input--label asterisk-right\"><label for='ff_1_subject' id='label_ff_1_subject' aria-label=\"Phone\">Phone<\/label><\/div><div class='ff-el-input--content'><input type=\"text\" name=\"subject\" class=\"ff-el-form-control\" placeholder=\"Phone\" data-name=\"subject\" id=\"ff_1_subject\"  aria-invalid=\"false\" aria-required=false><\/div><\/div><div class='ff-el-group ff-el-form-hide_label'><div class=\"ff-el-input--label asterisk-right\"><label for='ff_1_input_text' id='label_ff_1_input_text' aria-label=\"Text Input\">Text Input<\/label><\/div><div class='ff-el-input--content'><input type=\"text\" name=\"input_text\" class=\"ff-el-form-control\" placeholder=\"Company Name\" data-name=\"input_text\" id=\"ff_1_input_text\"  aria-invalid=\"false\" aria-required=false><\/div><\/div><div class='ff-el-group ff-el-form-hide_label'><div class=\"ff-el-input--label ff-el-is-required asterisk-right\"><label for='ff_1_message' id='label_ff_1_message' aria-label=\"Your Message\">Your Message<\/label><\/div><div class='ff-el-input--content'><textarea aria-required=\"true\" aria-labelledby=\"label_ff_1_message\" name=\"message\" id=\"ff_1_message\" class=\"ff-el-form-control\" placeholder=\"Please\u00a0let\u00a0us\u00a0know\u00a0your\u00a0requirements\u00a0as\u00a0details\u00a0as\u00a0better.\u00a0Thank\u00a0You.\" rows=\"4\" cols=\"2\" data-name=\"message\" ><\/textarea><\/div><\/div><div class='ff-el-group ff-text-left ff_submit_btn_wrapper'><button type=\"submit\" class=\"ff-btn ff-btn-submit ff-btn-md ff_btn_style wpf_has_custom_css\"  aria-label=\"Send Requests\">Send Requests<\/button><\/div><\/fieldset><\/form><div id='fluentform_1_errors' class='ff-errors-in-stack ff_form_instance_1_1 ff-form-loading_errors ff_form_instance_1_1_errors'><\/div><\/div>            <script type=\"text\/javascript\">\n                window.fluent_form_ff_form_instance_1_1 = {\"id\":\"1\",\"settings\":{\"layout\":{\"labelPlacement\":\"top\",\"helpMessagePlacement\":\"with_label\",\"errorMessagePlacement\":\"inline\",\"asteriskPlacement\":\"asterisk-right\"},\"id\":\"39\",\"restrictions\":{\"denyEmptySubmission\":{\"enabled\":false}}},\"form_instance\":\"ff_form_instance_1_1\",\"form_id_selector\":\"fluentform_1\",\"rules\":{\"names[first_name]\":{\"required\":{\"value\":true,\"message\":\"This field is required\"}},\"names[middle_name]\":{\"required\":{\"value\":false,\"message\":\"This field is required\"}},\"names[last_name]\":{\"required\":{\"value\":false,\"message\":\"This field is required\"}},\"email_1\":{\"required\":{\"value\":true,\"message\":\"This field is required\"},\"email\":{\"value\":true,\"message\":\"This field must contain a valid email\"}},\"subject\":{\"required\":{\"value\":false,\"message\":\"This field is required\"}},\"input_text\":{\"required\":{\"value\":false,\"message\":\"This field is required\"}},\"message\":{\"required\":{\"value\":true,\"message\":\"This field is required\"}}},\"debounce_time\":300};\n                            <\/script>\n            \n<\/div><div class=\"fusion-separator fusion-full-width-sep\" style=\"align-self: center;margin-left: auto;margin-right: auto;margin-top:5px;margin-bottom:5px;width:100%;\"><\/div><div ><a class=\"fusion-button button-flat fusion-button-default-size button-default fusion-button-default button-1 fusion-button-default-span fusion-button-default-type\" target=\"_blank\" rel=\"noopener noreferrer\" href=\"https:\/\/www.toneluckswitches.com\/wp-content\/uploads\/2024\/09\/V3.pdf\"><span class=\"fusion-button-text awb-button__text awb-button__text--default\">Download V3 PDF<\/span><\/a><\/div><\/div><\/div><\/div><\/div><\/div><\/div><\/div>\n","protected":false},"excerpt":{"rendered":"","protected":false},"author":1,"featured_media":0,"parent":0,"menu_order":0,"comment_status":"closed","ping_status":"closed","template":"","meta":{"footnotes":""},"class_list":["post-431","page","type-page","status-publish","hentry"],"_links":{"self":[{"href":"https:\/\/www.toneluckswitches.com\/pt\/wp-json\/wp\/v2\/pages\/431","targetHints":{"allow":["GET"]}}],"collection":[{"href":"https:\/\/www.toneluckswitches.com\/pt\/wp-json\/wp\/v2\/pages"}],"about":[{"href":"https:\/\/www.toneluckswitches.com\/pt\/wp-json\/wp\/v2\/types\/page"}],"author":[{"embeddable":true,"href":"https:\/\/www.toneluckswitches.com\/pt\/wp-json\/wp\/v2\/users\/1"}],"replies":[{"embeddable":true,"href":"https:\/\/www.toneluckswitches.com\/pt\/wp-json\/wp\/v2\/comments?post=431"}],"version-history":[{"count":1,"href":"https:\/\/www.toneluckswitches.com\/pt\/wp-json\/wp\/v2\/pages\/431\/revisions"}],"predecessor-version":[{"id":5319,"href":"https:\/\/www.toneluckswitches.com\/pt\/wp-json\/wp\/v2\/pages\/431\/revisions\/5319"}],"wp:attachment":[{"href":"https:\/\/www.toneluckswitches.com\/pt\/wp-json\/wp\/v2\/media?parent=431"}],"curies":[{"name":"wp","href":"https:\/\/api.w.org\/{rel}","templated":true}]}}