{"id":3147,"date":"2022-11-17T07:35:20","date_gmt":"2022-11-17T07:35:20","guid":{"rendered":"https:\/\/www.toneluckswitches.com\/?page_id=3147"},"modified":"2022-11-17T07:35:20","modified_gmt":"2022-11-17T07:35:20","slug":"ps-air-pressure-switch","status":"publish","type":"page","link":"https:\/\/www.toneluckswitches.com\/pt\/ps-air-pressure-switch\/","title":{"rendered":"Interruptor de press\u00e3o de ar PS"},"content":{"rendered":"<p><div class=\"fusion-fullwidth fullwidth-box fusion-builder-row-1 fusion-flex-container nonhundred-percent-fullwidth non-hundred-percent-height-scrolling\" style=\"--awb-border-radius-top-left:0px;--awb-border-radius-top-right:0px;--awb-border-radius-bottom-right:0px;--awb-border-radius-bottom-left:0px;--awb-flex-wrap:wrap;\" ><div class=\"fusion-builder-row fusion-row fusion-flex-align-items-flex-start fusion-flex-content-wrap\" style=\"max-width:1560px;margin-left: calc(-4% \/ 2 );margin-right: calc(-4% \/ 2 );\"><div class=\"fusion-layout-column fusion_builder_column fusion-builder-column-0 fusion_builder_column_1_1 1_1 fusion-flex-column\" style=\"--awb-bg-size:cover;--awb-width-large:100%;--awb-margin-top-large:10px;--awb-spacing-right-large:1.92%;--awb-margin-bottom-large:10px;--awb-spacing-left-large:1.92%;--awb-width-medium:100%;--awb-order-medium:0;--awb-spacing-right-medium:1.92%;--awb-spacing-left-medium:1.92%;--awb-width-small:100%;--awb-order-small:0;--awb-spacing-right-small:1.92%;--awb-spacing-left-small:1.92%;\"><div class=\"fusion-column-wrapper fusion-column-has-shadow fusion-flex-justify-content-flex-start fusion-content-layout-column\"><div class=\"fusion-text fusion-text-1\"><p>Os pressostatos pneum\u00e1ticos Toneluck PS s\u00e3o de alta qualidade e reconhecidos, oferecendo op\u00e7\u00f5es de press\u00e3o negativa e positiva, de acordo com a aplica\u00e7\u00e3o do cliente. \u00c9 poss\u00edvel configurar os valores de press\u00e3o de ativa\u00e7\u00e3o e desativa\u00e7\u00e3o. Al\u00e9m disso, a classifica\u00e7\u00e3o dos produtos desta s\u00e9rie atende aos requisitos da norma UL353. <a href=\"https:\/\/en.wikipedia.org\/wiki\/CE_marking\" target=\"_blank\" rel=\"noopener\">CE<\/a> exig\u00eancia.<\/p>\n<\/div><div class=\"fusion-image-element\" style=\"text-align:center;--awb-max-width:1300px;--awb-caption-title-font-family:var(--h2_typography-font-family);--awb-caption-title-font-weight:var(--h2_typography-font-weight);--awb-caption-title-font-style:var(--h2_typography-font-style);--awb-caption-title-size:var(--h2_typography-font-size);--awb-caption-title-transform:var(--h2_typography-text-transform);--awb-caption-title-line-height:var(--h2_typography-line-height);--awb-caption-title-letter-spacing:var(--h2_typography-letter-spacing);\"><span class=\"fusion-imageframe imageframe-none imageframe-1 hover-type-none\"><img decoding=\"async\" width=\"1200\" height=\"480\" alt=\"PS Interruptor de press\u00e3o de ar banner3\" title=\"PS Interruptor de press\u00e3o de ar banner3\" src=\"https:\/\/www.toneluckswitches.com\/wp-content\/uploads\/2022\/11\/Air-pressure-switch-banner3.jpg\" class=\"img-responsive wp-image-3160\" srcset=\"https:\/\/www.toneluckswitches.com\/wp-content\/uploads\/2022\/11\/Air-pressure-switch-banner3-200x80.jpg 200w, https:\/\/www.toneluckswitches.com\/wp-content\/uploads\/2022\/11\/Air-pressure-switch-banner3-400x160.jpg 400w, https:\/\/www.toneluckswitches.com\/wp-content\/uploads\/2022\/11\/Air-pressure-switch-banner3-600x240.jpg 600w, https:\/\/www.toneluckswitches.com\/wp-content\/uploads\/2022\/11\/Air-pressure-switch-banner3-800x320.jpg 800w, https:\/\/www.toneluckswitches.com\/wp-content\/uploads\/2022\/11\/Air-pressure-switch-banner3.jpg 1200w\" sizes=\"(max-width: 640px) 100vw, 1200px\" \/><\/span><\/div><div class=\"fusion-title title fusion-title-1 fusion-sep-none fusion-title-text fusion-title-size-two\" style=\"--awb-margin-top-small:10px;--awb-margin-right-small:0px;--awb-margin-bottom-small:10px;--awb-margin-left-small:0px;--awb-font-size:22px;\"><h2 class=\"fusion-title-heading title-heading-left\" style=\"margin:0;font-size:1em;\"><h2><strong>O que \u00e9 o interruptor de press\u00e3o de ar da dire\u00e7\u00e3o hidr\u00e1ulica?<\/strong><\/h2><\/h2><\/div><div class=\"fusion-text fusion-text-2\"><p>O pressostato de vento \u00e9 um elemento de detec\u00e7\u00e3o geralmente utilizado em m\u00e1quinas que requerem press\u00e3o de vento, como prensas pneum\u00e1ticas, tesouras pneum\u00e1ticas, aquecedores de \u00e1gua a g\u00e1s, caldeiras a g\u00e1s, fornos a g\u00e1s, fornos de parede e outros produtos el\u00e9tricos que utilizam g\u00e1s. A press\u00e3o est\u00e1tica do g\u00e1s \u00e9 utilizada para acionar o microinterruptor, realizando o ligamento e o desligamento da corrente.<\/p>\n<p>A fun\u00e7\u00e3o importante do pressostato de ar \u00e9 garantir que o equipamento possa fechar o canal de g\u00e1s a tempo quando o fluxo de ar de exaust\u00e3o n\u00e3o for uniforme, evitando vazamentos e protegendo assim a seguran\u00e7a dos operadores. O fabricante do pressostato de ar permite que os clientes personalizem a press\u00e3o de acordo com suas necessidades.<\/p>\n<\/div><\/div><\/div><\/div><\/div><div class=\"fusion-fullwidth fullwidth-box fusion-builder-row-2 fusion-flex-container nonhundred-percent-fullwidth non-hundred-percent-height-scrolling\" style=\"--awb-border-radius-top-left:0px;--awb-border-radius-top-right:0px;--awb-border-radius-bottom-right:0px;--awb-border-radius-bottom-left:0px;--awb-background-color:#00205b;--awb-flex-wrap:wrap;\" ><div class=\"fusion-builder-row fusion-row fusion-flex-align-items-flex-start fusion-flex-content-wrap\" style=\"max-width:1560px;margin-left: calc(-4% \/ 2 );margin-right: calc(-4% \/ 2 );\"><div class=\"fusion-layout-column fusion_builder_column fusion-builder-column-1 fusion_builder_column_1_1 1_1 fusion-flex-column\" style=\"--awb-bg-size:cover;--awb-width-large:100%;--awb-margin-top-large:10px;--awb-spacing-right-large:1.92%;--awb-margin-bottom-large:10px;--awb-spacing-left-large:1.92%;--awb-width-medium:100%;--awb-order-medium:0;--awb-spacing-right-medium:1.92%;--awb-spacing-left-medium:1.92%;--awb-width-small:100%;--awb-order-small:0;--awb-spacing-right-small:1.92%;--awb-spacing-left-small:1.92%;\"><div class=\"fusion-column-wrapper fusion-column-has-shadow fusion-flex-justify-content-flex-start fusion-content-layout-column\"><div class=\"fusion-title title fusion-title-2 fusion-sep-none fusion-title-text fusion-title-size-three\" style=\"--awb-margin-top-small:10px;--awb-margin-right-small:0px;--awb-margin-bottom-small:10px;--awb-margin-left-small:0px;--awb-font-size:24px;\"><h3 class=\"fusion-title-heading title-heading-left\" style=\"margin:0;font-size:1em;\"><p style=\"padding-left: 40px;\"><span style=\"color: #ffffff;\"><strong>Produtos de interruptor de press\u00e3o de ar PS<\/strong><\/span><\/p><\/h3><\/div><\/div><\/div><\/div><\/div><div class=\"fusion-fullwidth fullwidth-box fusion-builder-row-3 fusion-flex-container nonhundred-percent-fullwidth non-hundred-percent-height-scrolling\" style=\"--awb-border-radius-top-left:0px;--awb-border-radius-top-right:0px;--awb-border-radius-bottom-right:0px;--awb-border-radius-bottom-left:0px;--awb-flex-wrap:wrap;\" ><div class=\"fusion-builder-row fusion-row fusion-flex-align-items-flex-start fusion-flex-content-wrap\" style=\"max-width:1560px;margin-left: calc(-4% \/ 2 );margin-right: calc(-4% \/ 2 );\"><div class=\"fusion-layout-column fusion_builder_column fusion-builder-column-2 fusion_builder_column_1_1 1_1 fusion-flex-column\" style=\"--awb-bg-size:cover;--awb-width-large:100%;--awb-margin-top-large:10px;--awb-spacing-right-large:1.92%;--awb-margin-bottom-large:10px;--awb-spacing-left-large:1.92%;--awb-width-medium:100%;--awb-order-medium:0;--awb-spacing-right-medium:1.92%;--awb-spacing-left-medium:1.92%;--awb-width-small:100%;--awb-order-small:0;--awb-spacing-right-small:1.92%;--awb-spacing-left-small:1.92%;\"><div class=\"fusion-column-wrapper fusion-column-has-shadow fusion-flex-justify-content-flex-start fusion-content-layout-column\"><div class=\"fusion-text fusion-text-3\"><p>Se precisar de mais op\u00e7\u00f5es de interruptor, clique no link para ver nossos produtos. <a href=\"https:\/\/www.toneluckswitches.com\/pt\/produtos-toneluck\/\">https:\/\/www.toneluckswitches.com\/toneluck-products\/<\/a><\/p>\n<\/div><style type=\"text\/css\">.fusion-portfolio-wrapper#fusion-portfolio-1 .fusion-portfolio-content{ padding: 10px 10px 10px 10px; text-align: center; }<\/style><div class=\"fusion-recent-works fusion-portfolio-element fusion-portfolio fusion-portfolio-1 fusion-portfolio-grid fusion-portfolio-paging-load-more-button fusion-portfolio-four fusion-portfolio-boxed fusion-portfolio-text fusion-portfolio-equal-heights fusion-portfolio-rollover\" data-id=\"-rw-1\" data-columns=\"four\"><style type=\"text\/css\">.fusion-portfolio-1 .fusion-portfolio-wrapper .fusion-col-spacing{padding:5px;}<\/style><div class=\"fusion-portfolio-wrapper\" id=\"fusion-portfolio-1\" data-picturesize=\"auto\" data-pages=\"1\" style=\"margin:-5px;\"><article id=\"portfolio-1-post-3238\" class=\"fusion-portfolio-post ps-air-pressure-switch fusion-col-spacing post-3238\"><div class=\"fusion-portfolio-content-wrapper\" style=\"border:1px solid #f2f3f5;border-bottom-width:3px;background-color:rgba(255,255,255,0);\"><span class=\"vcard rich-snippet-hidden\"><span class=\"fn\"><a href=\"https:\/\/www.toneluckswitches.com\/pt\/author\/toneluckadmin\/\" title=\"Artigos de ToneLuckAdmin\" rel=\"author\">Administrador ToneLuck<\/a><\/span><\/span><span class=\"updated rich-snippet-hidden\">2023-02-15T01:53:50+00:00<\/span><div  class=\"fusion-image-wrapper\" aria-haspopup=\"true\">\n\t\t\t\t<img decoding=\"async\" width=\"800\" height=\"800\" src=\"https:\/\/www.toneluckswitches.com\/wp-content\/uploads\/2022\/11\/Furnace-Air-Pressure-Switch-38Pa-OFF-65Pa-ON-Low-Negative-1.jpg\" class=\"attachment-full size-full wp-post-image\" alt=\"Interruptor de press\u00e3o de ar do forno 38Pa DESLIGADO 65Pa LIGADO Baixo Negativo (1)\" srcset=\"https:\/\/www.toneluckswitches.com\/wp-content\/uploads\/2022\/11\/Furnace-Air-Pressure-Switch-38Pa-OFF-65Pa-ON-Low-Negative-1-200x200.jpg 200w, https:\/\/www.toneluckswitches.com\/wp-content\/uploads\/2022\/11\/Furnace-Air-Pressure-Switch-38Pa-OFF-65Pa-ON-Low-Negative-1-400x400.jpg 400w, https:\/\/www.toneluckswitches.com\/wp-content\/uploads\/2022\/11\/Furnace-Air-Pressure-Switch-38Pa-OFF-65Pa-ON-Low-Negative-1-600x600.jpg 600w, https:\/\/www.toneluckswitches.com\/wp-content\/uploads\/2022\/11\/Furnace-Air-Pressure-Switch-38Pa-OFF-65Pa-ON-Low-Negative-1.jpg 800w\" sizes=\"(min-width: 2200px) 100vw, (min-width: 856px) 368px, (min-width: 784px) 490px, (min-width: 712px) 784px, (min-width: 640px) 712px, \" title=\"\"><div class=\"fusion-rollover\">\n\t<div class=\"fusion-rollover-content\">\n\n\t\t\t\t\t\t\t\t\t\t\t\t\t\t<a class=\"fusion-rollover-link\" href=\"https:\/\/www.toneluckswitches.com\/pt\/produto\/furnace-air-pressure-switch\/\">38Pa DESLIGADO 65Pa LIGADO Interruptor de baixa press\u00e3o negativa do ar do forno<\/a>\n\t\t\t\n\t\t\t\t\t\t\t\t\n\t\t\n\t\t\t\t\t\t\t\t\t\t\t\t<h4 class=\"fusion-rollover-title\">\n\t\t\t\t\t<a class=\"fusion-rollover-title-link\" href=\"https:\/\/www.toneluckswitches.com\/pt\/produto\/furnace-air-pressure-switch\/\">\n\t\t\t\t\t\t38Pa DESLIGADO 65Pa LIGADO Interruptor de baixa press\u00e3o negativa do ar do forno\t\t\t\t\t<\/a>\n\t\t\t\t<\/h4>\n\t\t\t\n\t\t\t\t\t\t\t\t\n\t\t\n\t\t\t\t\t\t<a class=\"fusion-link-wrapper\" href=\"https:\/\/www.toneluckswitches.com\/pt\/produto\/furnace-air-pressure-switch\/\" aria-label=\"38Pa DESLIGADO 65Pa LIGADO Interruptor de baixa press\u00e3o negativa do ar do forno\"><\/a>\n\t<\/div>\n<\/div>\n<\/div>\n<div class=\"fusion-portfolio-content\" style=\"background-color:rgba(255,255,255,0);\"><h2 class=\"entry-title fusion-post-title\"><a href=\"https:\/\/www.toneluckswitches.com\/pt\/produto\/furnace-air-pressure-switch\/\">38Pa DESLIGADO 65Pa LIGADO Interruptor de baixa press\u00e3o negativa do ar do forno<\/a><\/h2><div class=\"fusion-post-content\"><\/div><\/div><\/div><\/article><article id=\"portfolio-1-post-3116\" class=\"fusion-portfolio-post ps-air-pressure-switch fusion-col-spacing post-3116\"><div class=\"fusion-portfolio-content-wrapper\" style=\"border:1px solid #f2f3f5;border-bottom-width:3px;background-color:rgba(255,255,255,0);\"><span class=\"vcard rich-snippet-hidden\"><span class=\"fn\"><a href=\"https:\/\/www.toneluckswitches.com\/pt\/author\/toneluckadmin\/\" title=\"Artigos de ToneLuckAdmin\" rel=\"author\">Administrador ToneLuck<\/a><\/span><\/span><span class=\"updated rich-snippet-hidden\">2022-11-22T02:11:49+00:00<\/span><div  class=\"fusion-image-wrapper\" aria-haspopup=\"true\">\n\t\t\t\t<img decoding=\"async\" width=\"800\" height=\"800\" src=\"https:\/\/www.toneluckswitches.com\/wp-content\/uploads\/2022\/11\/PS113-NO-NC-Air-Pressure-Sensor-Switch-For-Boiler-Furnace-4.jpg\" class=\"attachment-full size-full wp-post-image\" alt=\"PS113 Interruptor Sensor de Press\u00e3o de Ar NA NF para Caldeira\/Forno (4)\" srcset=\"https:\/\/www.toneluckswitches.com\/wp-content\/uploads\/2022\/11\/PS113-NO-NC-Air-Pressure-Sensor-Switch-For-Boiler-Furnace-4-200x200.jpg 200w, https:\/\/www.toneluckswitches.com\/wp-content\/uploads\/2022\/11\/PS113-NO-NC-Air-Pressure-Sensor-Switch-For-Boiler-Furnace-4-400x400.jpg 400w, https:\/\/www.toneluckswitches.com\/wp-content\/uploads\/2022\/11\/PS113-NO-NC-Air-Pressure-Sensor-Switch-For-Boiler-Furnace-4-600x600.jpg 600w, https:\/\/www.toneluckswitches.com\/wp-content\/uploads\/2022\/11\/PS113-NO-NC-Air-Pressure-Sensor-Switch-For-Boiler-Furnace-4.jpg 800w\" sizes=\"(min-width: 2200px) 100vw, (min-width: 856px) 368px, (min-width: 784px) 490px, (min-width: 712px) 784px, (min-width: 640px) 712px, \" title=\"\"><div class=\"fusion-rollover\">\n\t<div class=\"fusion-rollover-content\">\n\n\t\t\t\t\t\t\t\t\t\t\t\t\t\t<a class=\"fusion-rollover-link\" href=\"https:\/\/www.toneluckswitches.com\/pt\/produto\/air-pressure-sensor-switch\/\">Sensor de press\u00e3o de ar PS113 NA NF para caldeira\/forno<\/a>\n\t\t\t\n\t\t\t\t\t\t\t\t\n\t\t\n\t\t\t\t\t\t\t\t\t\t\t\t<h4 class=\"fusion-rollover-title\">\n\t\t\t\t\t<a class=\"fusion-rollover-title-link\" href=\"https:\/\/www.toneluckswitches.com\/pt\/produto\/air-pressure-sensor-switch\/\">\n\t\t\t\t\t\tSensor de press\u00e3o de ar PS113 NA NF para caldeira\/forno\t\t\t\t\t<\/a>\n\t\t\t\t<\/h4>\n\t\t\t\n\t\t\t\t\t\t\t\t\n\t\t\n\t\t\t\t\t\t<a class=\"fusion-link-wrapper\" href=\"https:\/\/www.toneluckswitches.com\/pt\/produto\/air-pressure-sensor-switch\/\" aria-label=\"Sensor de press\u00e3o de ar PS113 NA NF para caldeira\/forno\"><\/a>\n\t<\/div>\n<\/div>\n<\/div>\n<div class=\"fusion-portfolio-content\" style=\"background-color:rgba(255,255,255,0);\"><h2 class=\"entry-title fusion-post-title\"><a href=\"https:\/\/www.toneluckswitches.com\/pt\/produto\/air-pressure-sensor-switch\/\">Sensor de press\u00e3o de ar PS113 NA NF para caldeira\/forno<\/a><\/h2><div class=\"fusion-post-content\"><\/div><\/div><\/div><\/article><article id=\"portfolio-1-post-2156\" class=\"fusion-portfolio-post ps-air-pressure-switch fusion-col-spacing post-2156\"><div class=\"fusion-portfolio-content-wrapper\" style=\"border:1px solid #f2f3f5;border-bottom-width:3px;background-color:rgba(255,255,255,0);\"><span class=\"vcard rich-snippet-hidden\"><span class=\"fn\"><a href=\"https:\/\/www.toneluckswitches.com\/pt\/author\/toneluckadmin\/\" title=\"Artigos de ToneLuckAdmin\" rel=\"author\">Administrador ToneLuck<\/a><\/span><\/span><span class=\"updated rich-snippet-hidden\">2023-02-13T03:59:44+00:00<\/span><div  class=\"fusion-image-wrapper\" aria-haspopup=\"true\">\n\t\t\t\t<img decoding=\"async\" width=\"800\" height=\"800\" src=\"https:\/\/www.toneluckswitches.com\/wp-content\/uploads\/2021\/09\/1-8.jpg\" class=\"attachment-full size-full wp-post-image\" alt=\"Interruptor de press\u00e3o do aquecedor de \u00e1gua PS100-A1310-C001\" srcset=\"https:\/\/www.toneluckswitches.com\/wp-content\/uploads\/2021\/09\/1-8-200x200.jpg 200w, https:\/\/www.toneluckswitches.com\/wp-content\/uploads\/2021\/09\/1-8-400x400.jpg 400w, https:\/\/www.toneluckswitches.com\/wp-content\/uploads\/2021\/09\/1-8-600x600.jpg 600w, https:\/\/www.toneluckswitches.com\/wp-content\/uploads\/2021\/09\/1-8.jpg 800w\" sizes=\"(min-width: 2200px) 100vw, (min-width: 856px) 368px, (min-width: 784px) 490px, (min-width: 712px) 784px, (min-width: 640px) 712px, \" title=\"\"><div class=\"fusion-rollover\">\n\t<div class=\"fusion-rollover-content\">\n\n\t\t\t\t\t\t\t\t\t\t\t\t\t\t<a class=\"fusion-rollover-link\" href=\"https:\/\/www.toneluckswitches.com\/pt\/produto\/pressostato-do-aquecedor-de-agua\/\">Interruptor de press\u00e3o para aquecedor de \u00e1gua a g\u00e1s\/ar quente, 120 VCA\/30 VCC<\/a>\n\t\t\t\n\t\t\t\t\t\t\t\t\n\t\t\n\t\t\t\t\t\t\t\t\t\t\t\t<h4 class=\"fusion-rollover-title\">\n\t\t\t\t\t<a class=\"fusion-rollover-title-link\" href=\"https:\/\/www.toneluckswitches.com\/pt\/produto\/pressostato-do-aquecedor-de-agua\/\">\n\t\t\t\t\t\tInterruptor de press\u00e3o para aquecedor de \u00e1gua a g\u00e1s\/ar quente, 120 VCA\/30 VCC\t\t\t\t\t<\/a>\n\t\t\t\t<\/h4>\n\t\t\t\n\t\t\t\t\t\t\t\t\n\t\t\n\t\t\t\t\t\t<a class=\"fusion-link-wrapper\" href=\"https:\/\/www.toneluckswitches.com\/pt\/produto\/pressostato-do-aquecedor-de-agua\/\" aria-label=\"Interruptor de press\u00e3o para aquecedor de \u00e1gua a g\u00e1s\/ar quente, 120 VCA\/30 VCC\"><\/a>\n\t<\/div>\n<\/div>\n<\/div>\n<div class=\"fusion-portfolio-content\" style=\"background-color:rgba(255,255,255,0);\"><h2 class=\"entry-title fusion-post-title\"><a href=\"https:\/\/www.toneluckswitches.com\/pt\/produto\/pressostato-do-aquecedor-de-agua\/\">Interruptor de press\u00e3o para aquecedor de \u00e1gua a g\u00e1s\/ar quente, 120 VCA\/30 VCC<\/a><\/h2><div class=\"fusion-post-content\"><\/div><\/div><\/div><\/article><\/div><\/div><\/div><\/div><\/div><\/div><\/p>","protected":false},"excerpt":{"rendered":"","protected":false},"author":1,"featured_media":0,"parent":0,"menu_order":0,"comment_status":"closed","ping_status":"closed","template":"","meta":{"footnotes":""},"class_list":["post-3147","page","type-page","status-publish","hentry"],"_links":{"self":[{"href":"https:\/\/www.toneluckswitches.com\/pt\/wp-json\/wp\/v2\/pages\/3147","targetHints":{"allow":["GET"]}}],"collection":[{"href":"https:\/\/www.toneluckswitches.com\/pt\/wp-json\/wp\/v2\/pages"}],"about":[{"href":"https:\/\/www.toneluckswitches.com\/pt\/wp-json\/wp\/v2\/types\/page"}],"author":[{"embeddable":true,"href":"https:\/\/www.toneluckswitches.com\/pt\/wp-json\/wp\/v2\/users\/1"}],"replies":[{"embeddable":true,"href":"https:\/\/www.toneluckswitches.com\/pt\/wp-json\/wp\/v2\/comments?post=3147"}],"version-history":[{"count":21,"href":"https:\/\/www.toneluckswitches.com\/pt\/wp-json\/wp\/v2\/pages\/3147\/revisions"}],"predecessor-version":[{"id":3171,"href":"https:\/\/www.toneluckswitches.com\/pt\/wp-json\/wp\/v2\/pages\/3147\/revisions\/3171"}],"wp:attachment":[{"href":"https:\/\/www.toneluckswitches.com\/pt\/wp-json\/wp\/v2\/media?parent=3147"}],"curies":[{"name":"wp","href":"https:\/\/api.w.org\/{rel}","templated":true}]}}