{"id":3147,"date":"2022-11-17T07:35:20","date_gmt":"2022-11-17T07:35:20","guid":{"rendered":"https:\/\/www.toneluckswitches.com\/?page_id=3147"},"modified":"2022-11-17T07:35:20","modified_gmt":"2022-11-17T07:35:20","slug":"pressostato-aria-ps","status":"publish","type":"page","link":"https:\/\/www.toneluckswitches.com\/it\/pressostato-aria-ps\/","title":{"rendered":"Interruttore di pressione dell&#039;aria PS"},"content":{"rendered":"<p><div class=\"fusion-fullwidth fullwidth-box fusion-builder-row-1 fusion-flex-container nonhundred-percent-fullwidth non-hundred-percent-height-scrolling\" style=\"--awb-border-radius-top-left:0px;--awb-border-radius-top-right:0px;--awb-border-radius-bottom-right:0px;--awb-border-radius-bottom-left:0px;--awb-flex-wrap:wrap;\" ><div class=\"fusion-builder-row fusion-row fusion-flex-align-items-flex-start fusion-flex-content-wrap\" style=\"max-width:1560px;margin-left: calc(-4% \/ 2 );margin-right: calc(-4% \/ 2 );\"><div class=\"fusion-layout-column fusion_builder_column fusion-builder-column-0 fusion_builder_column_1_1 1_1 fusion-flex-column\" style=\"--awb-bg-size:cover;--awb-width-large:100%;--awb-margin-top-large:10px;--awb-spacing-right-large:1.92%;--awb-margin-bottom-large:10px;--awb-spacing-left-large:1.92%;--awb-width-medium:100%;--awb-order-medium:0;--awb-spacing-right-medium:1.92%;--awb-spacing-left-medium:1.92%;--awb-width-small:100%;--awb-order-small:0;--awb-spacing-right-small:1.92%;--awb-spacing-left-small:1.92%;\"><div class=\"fusion-column-wrapper fusion-column-has-shadow fusion-flex-justify-content-flex-start fusion-content-layout-column\"><div class=\"fusion-text fusion-text-1\"><p>I pressostati Toneluck PS sono di alta qualit\u00e0 e rinomati, con pressione positiva e negativa a scelta, a seconda dell&#039;applicazione del cliente. \u00c8 possibile impostare i valori di pressione ON e OFF. Inoltre, la classificazione del prodotto per questa serie \u00e8 conforme ai requisiti UL353 e <a href=\"https:\/\/en.wikipedia.org\/wiki\/CE_marking\" target=\"_blank\" rel=\"noopener\">CE<\/a> requisito.<\/p>\n<\/div><div class=\"fusion-image-element\" style=\"text-align:center;--awb-max-width:1300px;--awb-caption-title-font-family:var(--h2_typography-font-family);--awb-caption-title-font-weight:var(--h2_typography-font-weight);--awb-caption-title-font-style:var(--h2_typography-font-style);--awb-caption-title-size:var(--h2_typography-font-size);--awb-caption-title-transform:var(--h2_typography-text-transform);--awb-caption-title-line-height:var(--h2_typography-line-height);--awb-caption-title-letter-spacing:var(--h2_typography-letter-spacing);\"><span class=\"fusion-imageframe imageframe-none imageframe-1 hover-type-none\"><img decoding=\"async\" width=\"1200\" height=\"480\" alt=\"Banner3 del pressostato dell&#039;aria PS\" title=\"Banner3 del pressostato dell&#039;aria PS\" src=\"https:\/\/www.toneluckswitches.com\/wp-content\/uploads\/2022\/11\/Air-pressure-switch-banner3.jpg\" class=\"img-responsive wp-image-3160\" srcset=\"https:\/\/www.toneluckswitches.com\/wp-content\/uploads\/2022\/11\/Air-pressure-switch-banner3-200x80.jpg 200w, https:\/\/www.toneluckswitches.com\/wp-content\/uploads\/2022\/11\/Air-pressure-switch-banner3-400x160.jpg 400w, https:\/\/www.toneluckswitches.com\/wp-content\/uploads\/2022\/11\/Air-pressure-switch-banner3-600x240.jpg 600w, https:\/\/www.toneluckswitches.com\/wp-content\/uploads\/2022\/11\/Air-pressure-switch-banner3-800x320.jpg 800w, https:\/\/www.toneluckswitches.com\/wp-content\/uploads\/2022\/11\/Air-pressure-switch-banner3.jpg 1200w\" sizes=\"(max-width: 640px) 100vw, 1200px\" \/><\/span><\/div><div class=\"fusion-title title fusion-title-1 fusion-sep-none fusion-title-text fusion-title-size-two\" style=\"--awb-margin-top-small:10px;--awb-margin-right-small:0px;--awb-margin-bottom-small:10px;--awb-margin-left-small:0px;--awb-font-size:22px;\"><h2 class=\"fusion-title-heading title-heading-left\" style=\"margin:0;font-size:1em;\"><h2><strong>Che cos&#039;\u00e8 il pressostato dell&#039;aria PS?<\/strong><\/h2><\/h2><\/div><div class=\"fusion-text fusion-text-2\"><p>Il pressostato eolico \u00e8 un elemento di rilevamento, generalmente utilizzato in macchinari che richiedono la pressione del vento, come presse pneumatiche, cesoie pneumatiche, scaldabagni a gas, caldaie a gas, forni a gas, forni murali e altri prodotti elettrici che utilizzano gas. La pressione statica del gas viene utilizzata per azionare il microinterruttore e attivare\/disattivare la corrente.<\/p>\n<p>L&#039;importante funzione del pressostato aria \u00e8 quella di garantire che l&#039;apparecchiatura possa chiudere il canale del gas in tempo utile quando l&#039;aria di scarico non \u00e8 uniforme, in modo da evitare perdite di gas e proteggere cos\u00ec la sicurezza personale. Il produttore del pressostato aria richieder\u00e0 ai clienti di personalizzare la pressione.<\/p>\n<\/div><\/div><\/div><\/div><\/div><div class=\"fusion-fullwidth fullwidth-box fusion-builder-row-2 fusion-flex-container nonhundred-percent-fullwidth non-hundred-percent-height-scrolling\" style=\"--awb-border-radius-top-left:0px;--awb-border-radius-top-right:0px;--awb-border-radius-bottom-right:0px;--awb-border-radius-bottom-left:0px;--awb-background-color:#00205b;--awb-flex-wrap:wrap;\" ><div class=\"fusion-builder-row fusion-row fusion-flex-align-items-flex-start fusion-flex-content-wrap\" style=\"max-width:1560px;margin-left: calc(-4% \/ 2 );margin-right: calc(-4% \/ 2 );\"><div class=\"fusion-layout-column fusion_builder_column fusion-builder-column-1 fusion_builder_column_1_1 1_1 fusion-flex-column\" style=\"--awb-bg-size:cover;--awb-width-large:100%;--awb-margin-top-large:10px;--awb-spacing-right-large:1.92%;--awb-margin-bottom-large:10px;--awb-spacing-left-large:1.92%;--awb-width-medium:100%;--awb-order-medium:0;--awb-spacing-right-medium:1.92%;--awb-spacing-left-medium:1.92%;--awb-width-small:100%;--awb-order-small:0;--awb-spacing-right-small:1.92%;--awb-spacing-left-small:1.92%;\"><div class=\"fusion-column-wrapper fusion-column-has-shadow fusion-flex-justify-content-flex-start fusion-content-layout-column\"><div class=\"fusion-title title fusion-title-2 fusion-sep-none fusion-title-text fusion-title-size-three\" style=\"--awb-margin-top-small:10px;--awb-margin-right-small:0px;--awb-margin-bottom-small:10px;--awb-margin-left-small:0px;--awb-font-size:24px;\"><h3 class=\"fusion-title-heading title-heading-left\" style=\"margin:0;font-size:1em;\"><p style=\"padding-left: 40px;\"><span style=\"color: #ffffff;\"><strong>Prodotti per pressostati aria PS<\/strong><\/span><\/p><\/h3><\/div><\/div><\/div><\/div><\/div><div class=\"fusion-fullwidth fullwidth-box fusion-builder-row-3 fusion-flex-container nonhundred-percent-fullwidth non-hundred-percent-height-scrolling\" style=\"--awb-border-radius-top-left:0px;--awb-border-radius-top-right:0px;--awb-border-radius-bottom-right:0px;--awb-border-radius-bottom-left:0px;--awb-flex-wrap:wrap;\" ><div class=\"fusion-builder-row fusion-row fusion-flex-align-items-flex-start fusion-flex-content-wrap\" style=\"max-width:1560px;margin-left: calc(-4% \/ 2 );margin-right: calc(-4% \/ 2 );\"><div class=\"fusion-layout-column fusion_builder_column fusion-builder-column-2 fusion_builder_column_1_1 1_1 fusion-flex-column\" style=\"--awb-bg-size:cover;--awb-width-large:100%;--awb-margin-top-large:10px;--awb-spacing-right-large:1.92%;--awb-margin-bottom-large:10px;--awb-spacing-left-large:1.92%;--awb-width-medium:100%;--awb-order-medium:0;--awb-spacing-right-medium:1.92%;--awb-spacing-left-medium:1.92%;--awb-width-small:100%;--awb-order-small:0;--awb-spacing-right-small:1.92%;--awb-spacing-left-small:1.92%;\"><div class=\"fusion-column-wrapper fusion-column-has-shadow fusion-flex-justify-content-flex-start fusion-content-layout-column\"><div class=\"fusion-text fusion-text-3\"><p>Se hai bisogno di un altro interruttore per le opzioni, clicca sul collegamento per vedere i nostri prodotti. <a href=\"https:\/\/www.toneluckswitches.com\/it\/toneluck-products\/\">https:\/\/www.toneluckswitches.com\/toneluck-products\/<\/a><\/p>\n<\/div><style type=\"text\/css\">.fusion-portfolio-wrapper#fusion-portfolio-1 .fusion-portfolio-content{ padding: 10px 10px 10px 10px; text-align: center; }<\/style><div class=\"fusion-recent-works fusion-portfolio-element fusion-portfolio fusion-portfolio-1 fusion-portfolio-grid fusion-portfolio-paging-load-more-button fusion-portfolio-four fusion-portfolio-boxed fusion-portfolio-text fusion-portfolio-equal-heights fusion-portfolio-rollover\" data-id=\"-rw-1\" data-columns=\"four\"><style type=\"text\/css\">.fusion-portfolio-1 .fusion-portfolio-wrapper .fusion-col-spacing{padding:5px;}<\/style><div class=\"fusion-portfolio-wrapper\" id=\"fusion-portfolio-1\" data-picturesize=\"auto\" data-pages=\"1\" style=\"margin:-5px;\"><article id=\"portfolio-1-post-3238\" class=\"fusion-portfolio-post ps-air-pressure-switch fusion-col-spacing post-3238\"><div class=\"fusion-portfolio-content-wrapper\" style=\"border:1px solid #f2f3f5;border-bottom-width:3px;background-color:rgba(255,255,255,0);\"><span class=\"vcard rich-snippet-hidden\"><span class=\"fn\"><a href=\"https:\/\/www.toneluckswitches.com\/it\/author\/toneluckadmin\/\" title=\"Articoli scritti da ToneLuckAdmin\" rel=\"author\">ToneLuckAdmin<\/a><\/span><\/span><span class=\"updated rich-snippet-hidden\">2023-02-15T01:53:50+00:00<\/span><div  class=\"fusion-image-wrapper\" aria-haspopup=\"true\">\n\t\t\t\t<img decoding=\"async\" width=\"800\" height=\"800\" src=\"https:\/\/www.toneluckswitches.com\/wp-content\/uploads\/2022\/11\/Furnace-Air-Pressure-Switch-38Pa-OFF-65Pa-ON-Low-Negative-1.jpg\" class=\"attachment-full size-full wp-post-image\" alt=\"Pressostato aria forno 38Pa OFF 65Pa ON Basso negativo (1)\" srcset=\"https:\/\/www.toneluckswitches.com\/wp-content\/uploads\/2022\/11\/Furnace-Air-Pressure-Switch-38Pa-OFF-65Pa-ON-Low-Negative-1-200x200.jpg 200w, https:\/\/www.toneluckswitches.com\/wp-content\/uploads\/2022\/11\/Furnace-Air-Pressure-Switch-38Pa-OFF-65Pa-ON-Low-Negative-1-400x400.jpg 400w, https:\/\/www.toneluckswitches.com\/wp-content\/uploads\/2022\/11\/Furnace-Air-Pressure-Switch-38Pa-OFF-65Pa-ON-Low-Negative-1-600x600.jpg 600w, https:\/\/www.toneluckswitches.com\/wp-content\/uploads\/2022\/11\/Furnace-Air-Pressure-Switch-38Pa-OFF-65Pa-ON-Low-Negative-1.jpg 800w\" sizes=\"(min-width: 2200px) 100vw, (min-width: 856px) 368px, (min-width: 784px) 490px, (min-width: 712px) 784px, (min-width: 640px) 712px, \" title=\"\"><div class=\"fusion-rollover\">\n\t<div class=\"fusion-rollover-content\">\n\n\t\t\t\t\t\t\t\t\t\t\t\t\t\t<a class=\"fusion-rollover-link\" href=\"https:\/\/www.toneluckswitches.com\/it\/prodotto\/furnace-air-pressure-switch\/\">38Pa OFF 65Pa ON Pressostato aria forno a bassa pressione negativa<\/a>\n\t\t\t\n\t\t\t\t\t\t\t\t\n\t\t\n\t\t\t\t\t\t\t\t\t\t\t\t<h4 class=\"fusion-rollover-title\">\n\t\t\t\t\t<a class=\"fusion-rollover-title-link\" href=\"https:\/\/www.toneluckswitches.com\/it\/prodotto\/furnace-air-pressure-switch\/\">\n\t\t\t\t\t\t38Pa OFF 65Pa ON Pressostato aria forno a bassa pressione negativa\t\t\t\t\t<\/a>\n\t\t\t\t<\/h4>\n\t\t\t\n\t\t\t\t\t\t\t\t\n\t\t\n\t\t\t\t\t\t<a class=\"fusion-link-wrapper\" href=\"https:\/\/www.toneluckswitches.com\/it\/prodotto\/furnace-air-pressure-switch\/\" aria-label=\"38Pa OFF 65Pa ON Pressostato aria forno a bassa pressione negativa\"><\/a>\n\t<\/div>\n<\/div>\n<\/div>\n<div class=\"fusion-portfolio-content\" style=\"background-color:rgba(255,255,255,0);\"><h2 class=\"entry-title fusion-post-title\"><a href=\"https:\/\/www.toneluckswitches.com\/it\/prodotto\/furnace-air-pressure-switch\/\">38Pa OFF 65Pa ON Pressostato aria forno a bassa pressione negativa<\/a><\/h2><div class=\"fusion-post-content\"><\/div><\/div><\/div><\/article><article id=\"portfolio-1-post-3116\" class=\"fusion-portfolio-post ps-air-pressure-switch fusion-col-spacing post-3116\"><div class=\"fusion-portfolio-content-wrapper\" style=\"border:1px solid #f2f3f5;border-bottom-width:3px;background-color:rgba(255,255,255,0);\"><span class=\"vcard rich-snippet-hidden\"><span class=\"fn\"><a href=\"https:\/\/www.toneluckswitches.com\/it\/author\/toneluckadmin\/\" title=\"Articoli scritti da ToneLuckAdmin\" rel=\"author\">ToneLuckAdmin<\/a><\/span><\/span><span class=\"updated rich-snippet-hidden\">2022-11-22T02:11:49+00:00<\/span><div  class=\"fusion-image-wrapper\" aria-haspopup=\"true\">\n\t\t\t\t<img decoding=\"async\" width=\"800\" height=\"800\" src=\"https:\/\/www.toneluckswitches.com\/wp-content\/uploads\/2022\/11\/PS113-NO-NC-Air-Pressure-Sensor-Switch-For-Boiler-Furnace-4.jpg\" class=\"attachment-full size-full wp-post-image\" alt=\"Interruttore sensore pressione aria PS113 NO NC per caldaia (4)\" srcset=\"https:\/\/www.toneluckswitches.com\/wp-content\/uploads\/2022\/11\/PS113-NO-NC-Air-Pressure-Sensor-Switch-For-Boiler-Furnace-4-200x200.jpg 200w, https:\/\/www.toneluckswitches.com\/wp-content\/uploads\/2022\/11\/PS113-NO-NC-Air-Pressure-Sensor-Switch-For-Boiler-Furnace-4-400x400.jpg 400w, https:\/\/www.toneluckswitches.com\/wp-content\/uploads\/2022\/11\/PS113-NO-NC-Air-Pressure-Sensor-Switch-For-Boiler-Furnace-4-600x600.jpg 600w, https:\/\/www.toneluckswitches.com\/wp-content\/uploads\/2022\/11\/PS113-NO-NC-Air-Pressure-Sensor-Switch-For-Boiler-Furnace-4.jpg 800w\" sizes=\"(min-width: 2200px) 100vw, (min-width: 856px) 368px, (min-width: 784px) 490px, (min-width: 712px) 784px, (min-width: 640px) 712px, \" title=\"\"><div class=\"fusion-rollover\">\n\t<div class=\"fusion-rollover-content\">\n\n\t\t\t\t\t\t\t\t\t\t\t\t\t\t<a class=\"fusion-rollover-link\" href=\"https:\/\/www.toneluckswitches.com\/it\/prodotto\/air-pressure-sensor-switch\/\">Interruttore sensore pressione aria PS113 NO NC per caldaia<\/a>\n\t\t\t\n\t\t\t\t\t\t\t\t\n\t\t\n\t\t\t\t\t\t\t\t\t\t\t\t<h4 class=\"fusion-rollover-title\">\n\t\t\t\t\t<a class=\"fusion-rollover-title-link\" href=\"https:\/\/www.toneluckswitches.com\/it\/prodotto\/air-pressure-sensor-switch\/\">\n\t\t\t\t\t\tInterruttore sensore pressione aria PS113 NO NC per caldaia\t\t\t\t\t<\/a>\n\t\t\t\t<\/h4>\n\t\t\t\n\t\t\t\t\t\t\t\t\n\t\t\n\t\t\t\t\t\t<a class=\"fusion-link-wrapper\" href=\"https:\/\/www.toneluckswitches.com\/it\/prodotto\/air-pressure-sensor-switch\/\" aria-label=\"Interruttore sensore pressione aria PS113 NO NC per caldaia\"><\/a>\n\t<\/div>\n<\/div>\n<\/div>\n<div class=\"fusion-portfolio-content\" style=\"background-color:rgba(255,255,255,0);\"><h2 class=\"entry-title fusion-post-title\"><a href=\"https:\/\/www.toneluckswitches.com\/it\/prodotto\/air-pressure-sensor-switch\/\">Interruttore sensore pressione aria PS113 NO NC per caldaia<\/a><\/h2><div class=\"fusion-post-content\"><\/div><\/div><\/div><\/article><article id=\"portfolio-1-post-2156\" class=\"fusion-portfolio-post ps-air-pressure-switch fusion-col-spacing post-2156\"><div class=\"fusion-portfolio-content-wrapper\" style=\"border:1px solid #f2f3f5;border-bottom-width:3px;background-color:rgba(255,255,255,0);\"><span class=\"vcard rich-snippet-hidden\"><span class=\"fn\"><a href=\"https:\/\/www.toneluckswitches.com\/it\/author\/toneluckadmin\/\" title=\"Articoli scritti da ToneLuckAdmin\" rel=\"author\">ToneLuckAdmin<\/a><\/span><\/span><span class=\"updated rich-snippet-hidden\">2023-02-13T03:59:44+00:00<\/span><div  class=\"fusion-image-wrapper\" aria-haspopup=\"true\">\n\t\t\t\t<img decoding=\"async\" width=\"800\" height=\"800\" src=\"https:\/\/www.toneluckswitches.com\/wp-content\/uploads\/2021\/09\/1-8.jpg\" class=\"attachment-full size-full wp-post-image\" alt=\"pressostato scaldabagno PS100-A1310-C001\" srcset=\"https:\/\/www.toneluckswitches.com\/wp-content\/uploads\/2021\/09\/1-8-200x200.jpg 200w, https:\/\/www.toneluckswitches.com\/wp-content\/uploads\/2021\/09\/1-8-400x400.jpg 400w, https:\/\/www.toneluckswitches.com\/wp-content\/uploads\/2021\/09\/1-8-600x600.jpg 600w, https:\/\/www.toneluckswitches.com\/wp-content\/uploads\/2021\/09\/1-8.jpg 800w\" sizes=\"(min-width: 2200px) 100vw, (min-width: 856px) 368px, (min-width: 784px) 490px, (min-width: 712px) 784px, (min-width: 640px) 712px, \" title=\"\"><div class=\"fusion-rollover\">\n\t<div class=\"fusion-rollover-content\">\n\n\t\t\t\t\t\t\t\t\t\t\t\t\t\t<a class=\"fusion-rollover-link\" href=\"https:\/\/www.toneluckswitches.com\/it\/prodotto\/pressostato-scaldabagno\/\">Pressostato per scaldabagno a gas caldo 120 V CA 30 V CC<\/a>\n\t\t\t\n\t\t\t\t\t\t\t\t\n\t\t\n\t\t\t\t\t\t\t\t\t\t\t\t<h4 class=\"fusion-rollover-title\">\n\t\t\t\t\t<a class=\"fusion-rollover-title-link\" href=\"https:\/\/www.toneluckswitches.com\/it\/prodotto\/pressostato-scaldabagno\/\">\n\t\t\t\t\t\tPressostato per scaldabagno a gas caldo 120 V CA 30 V CC\t\t\t\t\t<\/a>\n\t\t\t\t<\/h4>\n\t\t\t\n\t\t\t\t\t\t\t\t\n\t\t\n\t\t\t\t\t\t<a class=\"fusion-link-wrapper\" href=\"https:\/\/www.toneluckswitches.com\/it\/prodotto\/pressostato-scaldabagno\/\" aria-label=\"Pressostato per scaldabagno a gas caldo 120 V CA 30 V CC\"><\/a>\n\t<\/div>\n<\/div>\n<\/div>\n<div class=\"fusion-portfolio-content\" style=\"background-color:rgba(255,255,255,0);\"><h2 class=\"entry-title fusion-post-title\"><a href=\"https:\/\/www.toneluckswitches.com\/it\/prodotto\/pressostato-scaldabagno\/\">Pressostato per scaldabagno a gas caldo 120 V CA 30 V CC<\/a><\/h2><div class=\"fusion-post-content\"><\/div><\/div><\/div><\/article><\/div><\/div><\/div><\/div><\/div><\/div><\/p>","protected":false},"excerpt":{"rendered":"","protected":false},"author":1,"featured_media":0,"parent":0,"menu_order":0,"comment_status":"closed","ping_status":"closed","template":"","meta":{"footnotes":""},"class_list":["post-3147","page","type-page","status-publish","hentry"],"_links":{"self":[{"href":"https:\/\/www.toneluckswitches.com\/it\/wp-json\/wp\/v2\/pages\/3147","targetHints":{"allow":["GET"]}}],"collection":[{"href":"https:\/\/www.toneluckswitches.com\/it\/wp-json\/wp\/v2\/pages"}],"about":[{"href":"https:\/\/www.toneluckswitches.com\/it\/wp-json\/wp\/v2\/types\/page"}],"author":[{"embeddable":true,"href":"https:\/\/www.toneluckswitches.com\/it\/wp-json\/wp\/v2\/users\/1"}],"replies":[{"embeddable":true,"href":"https:\/\/www.toneluckswitches.com\/it\/wp-json\/wp\/v2\/comments?post=3147"}],"version-history":[{"count":21,"href":"https:\/\/www.toneluckswitches.com\/it\/wp-json\/wp\/v2\/pages\/3147\/revisions"}],"predecessor-version":[{"id":3171,"href":"https:\/\/www.toneluckswitches.com\/it\/wp-json\/wp\/v2\/pages\/3147\/revisions\/3171"}],"wp:attachment":[{"href":"https:\/\/www.toneluckswitches.com\/it\/wp-json\/wp\/v2\/media?parent=3147"}],"curies":[{"name":"parola chiave","href":"https:\/\/api.w.org\/{rel}","templated":true}]}}