{"id":65,"date":"2021-01-11T08:00:06","date_gmt":"2021-01-11T08:00:06","guid":{"rendered":"https:\/\/www.toneluckswitches.com\/?page_id=65"},"modified":"2022-10-28T02:51:43","modified_gmt":"2022-10-28T02:51:43","slug":"interrupteur-de-porte","status":"publish","type":"page","link":"https:\/\/www.toneluckswitches.com\/fr\/interrupteur-de-porte\/","title":{"rendered":"Interrupteur de porte"},"content":{"rendered":"<p><div class=\"fusion-fullwidth fullwidth-box fusion-builder-row-1 fusion-flex-container nonhundred-percent-fullwidth non-hundred-percent-height-scrolling\" style=\"--awb-border-radius-top-left:0px;--awb-border-radius-top-right:0px;--awb-border-radius-bottom-right:0px;--awb-border-radius-bottom-left:0px;--awb-flex-wrap:wrap;\" ><div class=\"fusion-builder-row fusion-row fusion-flex-align-items-flex-start fusion-flex-content-wrap\" style=\"max-width:1560px;margin-left: calc(-4% \/ 2 );margin-right: calc(-4% \/ 2 );\"><div class=\"fusion-layout-column fusion_builder_column fusion-builder-column-0 fusion_builder_column_1_1 1_1 fusion-flex-column\" style=\"--awb-bg-size:cover;--awb-width-large:100%;--awb-margin-top-large:10px;--awb-spacing-right-large:1.92%;--awb-margin-bottom-large:10px;--awb-spacing-left-large:1.92%;--awb-width-medium:100%;--awb-order-medium:0;--awb-spacing-right-medium:1.92%;--awb-spacing-left-medium:1.92%;--awb-width-small:100%;--awb-order-small:0;--awb-spacing-right-small:1.92%;--awb-spacing-left-small:1.92%;\"><div class=\"fusion-column-wrapper fusion-column-has-shadow fusion-flex-justify-content-flex-start fusion-content-layout-column\"><div class=\"fusion-image-element\" style=\"text-align:center;--awb-caption-title-font-family:var(--h2_typography-font-family);--awb-caption-title-font-weight:var(--h2_typography-font-weight);--awb-caption-title-font-style:var(--h2_typography-font-style);--awb-caption-title-size:var(--h2_typography-font-size);--awb-caption-title-transform:var(--h2_typography-text-transform);--awb-caption-title-line-height:var(--h2_typography-line-height);--awb-caption-title-letter-spacing:var(--h2_typography-letter-spacing);\"><span class=\"fusion-imageframe imageframe-none imageframe-1 hover-type-none\"><img decoding=\"async\" width=\"1024\" height=\"355\" alt=\"banni\u00e8re d&#039;interrupteur de porte\" title=\"Banni\u00e8re d&#039;interrupteur de porte 1200\" src=\"https:\/\/www.toneluckswitches.com\/wp-content\/uploads\/2022\/10\/Door-switch-banner1200-1024x355.jpg\" class=\"img-responsive wp-image-3053\" srcset=\"https:\/\/www.toneluckswitches.com\/wp-content\/uploads\/2022\/10\/Door-switch-banner1200-200x69.jpg 200w, https:\/\/www.toneluckswitches.com\/wp-content\/uploads\/2022\/10\/Door-switch-banner1200-400x139.jpg 400w, https:\/\/www.toneluckswitches.com\/wp-content\/uploads\/2022\/10\/Door-switch-banner1200-600x208.jpg 600w, https:\/\/www.toneluckswitches.com\/wp-content\/uploads\/2022\/10\/Door-switch-banner1200-800x277.jpg 800w, https:\/\/www.toneluckswitches.com\/wp-content\/uploads\/2022\/10\/Door-switch-banner1200.jpg 1200w\" sizes=\"(max-width: 640px) 100vw, 1024px\" \/><\/span><\/div><div class=\"fusion-separator fusion-full-width-sep\" style=\"align-self: center;margin-left: auto;margin-right: auto;margin-top:15px;margin-bottom:15px;width:100%;\"><\/div><div class=\"fusion-title title fusion-title-1 fusion-sep-none fusion-title-text fusion-title-size-two\" style=\"--awb-margin-top-small:10px;--awb-margin-right-small:0px;--awb-margin-bottom-small:10px;--awb-margin-left-small:0px;--awb-font-size:20px;\"><h2 class=\"fusion-title-heading title-heading-left\" style=\"margin:0;font-size:1em;\"><strong>Description de l&#039;interrupteur de porte<\/strong><\/h2><\/div><div class=\"fusion-text fusion-text-1\"><p>La gamme d&#039;interrupteurs de porte Toneluck trouve de nombreuses applications dans l&#039;\u00e9lectrom\u00e9nager. Nos clients utilisent g\u00e9n\u00e9ralement les mod\u00e8les D2, D3 et D5 dans les r\u00e9frig\u00e9rateurs, les tableaux \u00e9lectriques, les s\u00e8che-linge, les chaudi\u00e8res, etc. La s\u00e9rie D6, quant \u00e0 elle, est utilis\u00e9e dans les s\u00e8che-linge, les lave-linge, etc. Cet interrupteur permet de commander l&#039;activation et la d\u00e9sactivation des circuits de l&#039;appareil. Par exemple, il peut contr\u00f4ler l&#039;\u00e9clairage\u00a0: la lumi\u00e8re s&#039;allume \u00e0 l&#039;ouverture de la porte et s&#039;\u00e9teint \u00e0 sa fermeture.<\/p>\n<p>Nos commutateurs sont de haute qualit\u00e9 et jouissent d&#039;une excellente r\u00e9putation, ce qui leur a valu la reconnaissance de nombreux clients de renomm\u00e9e mondiale. Par exemple, W<span class=\"\">tourbillon, <\/span><span class=\"\">Haier, GE, Midea, Electrolux, etc.<\/span><\/p>\n<\/div><div class=\"fusion-text fusion-text-2\"><p>De plus, notre produit de commutation poss\u00e8de la certification UL, <a href=\"https:\/\/www.enec.com\/\" target=\"_blank\" rel=\"noopener\">ENEC<\/a>, Ce produit est certifi\u00e9 CQC et les mat\u00e9riaux sont conformes aux normes RoHS et REACH, r\u00e9pondant ainsi aux exigences de nos clients. Des \u00e9chantillons sont disponibles avant toute commande.<\/p>\n<\/div><\/div><\/div><\/div><\/div><div class=\"fusion-fullwidth fullwidth-box fusion-builder-row-2 fusion-flex-container nonhundred-percent-fullwidth non-hundred-percent-height-scrolling\" style=\"--awb-border-radius-top-left:0px;--awb-border-radius-top-right:0px;--awb-border-radius-bottom-right:0px;--awb-border-radius-bottom-left:0px;--awb-flex-wrap:wrap;\" ><div class=\"fusion-builder-row fusion-row fusion-flex-align-items-flex-start fusion-flex-content-wrap\" style=\"max-width:1560px;margin-left: calc(-4% \/ 2 );margin-right: calc(-4% \/ 2 );\"><div class=\"fusion-layout-column fusion_builder_column fusion-builder-column-1 fusion_builder_column_1_1 1_1 fusion-flex-column\" style=\"--awb-bg-color:#00205b;--awb-bg-color-hover:#00205b;--awb-bg-size:cover;--awb-width-large:100%;--awb-margin-top-large:10px;--awb-spacing-right-large:1.92%;--awb-margin-bottom-large:10px;--awb-spacing-left-large:1.92%;--awb-width-medium:100%;--awb-order-medium:0;--awb-spacing-right-medium:1.92%;--awb-spacing-left-medium:1.92%;--awb-width-small:100%;--awb-order-small:0;--awb-spacing-right-small:1.92%;--awb-spacing-left-small:1.92%;\"><div class=\"fusion-column-wrapper fusion-column-has-shadow fusion-flex-justify-content-flex-start fusion-content-layout-column\"><div class=\"fusion-text fusion-text-3\" style=\"--awb-font-size:20px;\"><h3><strong><span style=\"color: #ffffff;\">\u00a0 S\u00e9rie d&#039;interrupteurs de porte Toneluck<\/span><\/strong><\/h3>\n<\/div><\/div><\/div><\/div><\/div><div class=\"fusion-fullwidth fullwidth-box fusion-builder-row-3 fusion-flex-container nonhundred-percent-fullwidth non-hundred-percent-height-scrolling\" style=\"--awb-border-radius-top-left:0px;--awb-border-radius-top-right:0px;--awb-border-radius-bottom-right:0px;--awb-border-radius-bottom-left:0px;--awb-flex-wrap:wrap;\" ><div class=\"fusion-builder-row fusion-row fusion-flex-align-items-flex-start fusion-flex-content-wrap\" style=\"max-width:1560px;margin-left: calc(-4% \/ 2 );margin-right: calc(-4% \/ 2 );\"><div class=\"fusion-layout-column fusion_builder_column fusion-builder-column-2 fusion_builder_column_1_1 1_1 fusion-flex-column\" style=\"--awb-bg-size:cover;--awb-width-large:100%;--awb-margin-top-large:10px;--awb-spacing-right-large:1.92%;--awb-margin-bottom-large:10px;--awb-spacing-left-large:1.92%;--awb-width-medium:100%;--awb-order-medium:0;--awb-spacing-right-medium:1.92%;--awb-spacing-left-medium:1.92%;--awb-width-small:100%;--awb-order-small:0;--awb-spacing-right-small:1.92%;--awb-spacing-left-small:1.92%;\"><div class=\"fusion-column-wrapper fusion-column-has-shadow fusion-flex-justify-content-flex-start fusion-content-layout-column\"><div class=\"fusion-text fusion-text-4\"><p>Si vous ne savez pas comment choisir le mod\u00e8le d&#039;interrupteur de porte ou si vous souhaitez conna\u00eetre le prix, les fiches techniques ou toute autre information, n&#039;h\u00e9sitez pas \u00e0 nous contacter pour en savoir plus. Merci !<\/p>\n<\/div><div class=\"fusion-builder-row fusion-builder-row-inner fusion-row fusion-flex-align-items-flex-start fusion-flex-content-wrap\" style=\"--awb-flex-grow:0;--awb-flex-grow-medium:0;--awb-flex-grow-small:0;--awb-flex-shrink:0;--awb-flex-shrink-medium:0;--awb-flex-shrink-small:0;width:104% !important;max-width:104% !important;margin-left: calc(-4% \/ 2 );margin-right: calc(-4% \/ 2 );\"><div class=\"fusion-layout-column fusion_builder_column_inner fusion-builder-nested-column-0 fusion_builder_column_inner_1_2 1_2 fusion-flex-column\" style=\"--awb-bg-size:cover;--awb-width-large:50%;--awb-margin-top-large:10px;--awb-spacing-right-large:3.84%;--awb-margin-bottom-large:10px;--awb-spacing-left-large:3.84%;--awb-width-medium:50%;--awb-order-medium:0;--awb-spacing-right-medium:3.84%;--awb-spacing-left-medium:3.84%;--awb-width-small:100%;--awb-order-small:0;--awb-spacing-right-small:1.92%;--awb-spacing-left-small:1.92%;\"><div class=\"fusion-column-wrapper fusion-column-has-shadow fusion-flex-justify-content-flex-start fusion-content-layout-column\">\n<table border=\"0\" width=\"100%\">\n<tbody>\n<tr bgcolor=\"#d2d2d2\">\n<th style=\"padding-left: 40px;\" align=\"left\" height=\"40\"><a href=\"https:\/\/www.toneluckswitches.com\/fr\/interrupteur-de-porte-serie-d2\/\"><strong>S\u00e9rie de commutateurs D2<\/strong><\/a><\/th>\n<\/tr>\n<\/tbody>\n<\/table>\n<div class=\"fusion-image-element\" style=\"--awb-caption-title-font-family:var(--h2_typography-font-family);--awb-caption-title-font-weight:var(--h2_typography-font-weight);--awb-caption-title-font-style:var(--h2_typography-font-style);--awb-caption-title-size:var(--h2_typography-font-size);--awb-caption-title-transform:var(--h2_typography-text-transform);--awb-caption-title-line-height:var(--h2_typography-line-height);--awb-caption-title-letter-spacing:var(--h2_typography-letter-spacing);\"><span class=\"fusion-imageframe imageframe-none imageframe-2 hover-type-none\"><a class=\"fusion-no-lightbox\" href=\"https:\/\/www.toneluckswitches.com\/fr\/interrupteur-de-porte-serie-d2\/\" target=\"_blank\" aria-label=\"S\u00e9rie Toneluck D2\" rel=\"noopener noreferrer\"><img decoding=\"async\" width=\"500\" height=\"250\" alt=\"S\u00e9rie Toneluck D2\" src=\"https:\/\/www.toneluckswitches.com\/wp-content\/uploads\/2021\/10\/D2.jpg\" class=\"img-responsive wp-image-2212\" srcset=\"https:\/\/www.toneluckswitches.com\/wp-content\/uploads\/2021\/10\/D2-200x100.jpg 200w, https:\/\/www.toneluckswitches.com\/wp-content\/uploads\/2021\/10\/D2-400x200.jpg 400w, https:\/\/www.toneluckswitches.com\/wp-content\/uploads\/2021\/10\/D2.jpg 500w\" sizes=\"(max-width: 640px) 100vw, 500px\" title=\"\"><\/a><\/span><\/div><div class=\"fusion-separator fusion-full-width-sep\" style=\"align-self: center;margin-left: auto;margin-right: auto;margin-top:15px;margin-bottom:15px;width:100%;\"><\/div>\n<table border=\"0\" width=\"100%\">\n<tbody>\n<tr bgcolor=\"#d2d2d2\">\n<th style=\"padding-left: 40px;\" align=\"left\" height=\"40\"><a href=\"https:\/\/www.toneluckswitches.com\/fr\/interrupteur-declairage-de-porte-d5\/\"><strong>S\u00e9rie d&#039;interrupteurs Toneluck D5<\/strong><\/a><\/th>\n<\/tr>\n<\/tbody>\n<\/table>\n<div class=\"fusion-image-element\" style=\"--awb-caption-title-font-family:var(--h2_typography-font-family);--awb-caption-title-font-weight:var(--h2_typography-font-weight);--awb-caption-title-font-style:var(--h2_typography-font-style);--awb-caption-title-size:var(--h2_typography-font-size);--awb-caption-title-transform:var(--h2_typography-text-transform);--awb-caption-title-line-height:var(--h2_typography-line-height);--awb-caption-title-letter-spacing:var(--h2_typography-letter-spacing);\"><span class=\"fusion-imageframe imageframe-none imageframe-3 hover-type-none\"><a class=\"fusion-no-lightbox\" href=\"https:\/\/www.toneluckswitches.com\/fr\/interrupteur-declairage-de-porte-d5\/\" target=\"_blank\" aria-label=\"S\u00e9rie de commutateurs D5\" rel=\"noopener noreferrer\"><img decoding=\"async\" width=\"500\" height=\"250\" alt=\"S\u00e9rie de commutateurs D5\" src=\"https:\/\/www.toneluckswitches.com\/wp-content\/uploads\/2021\/10\/D5.jpg\" class=\"img-responsive wp-image-2214\" srcset=\"https:\/\/www.toneluckswitches.com\/wp-content\/uploads\/2021\/10\/D5-200x100.jpg 200w, https:\/\/www.toneluckswitches.com\/wp-content\/uploads\/2021\/10\/D5-400x200.jpg 400w, https:\/\/www.toneluckswitches.com\/wp-content\/uploads\/2021\/10\/D5.jpg 500w\" sizes=\"(max-width: 640px) 100vw, 500px\" title=\"\"><\/a><\/span><\/div><\/div><\/div><div class=\"fusion-layout-column fusion_builder_column_inner fusion-builder-nested-column-1 fusion_builder_column_inner_1_2 1_2 fusion-flex-column\" style=\"--awb-bg-size:cover;--awb-width-large:50%;--awb-margin-top-large:10px;--awb-spacing-right-large:3.84%;--awb-margin-bottom-large:10px;--awb-spacing-left-large:3.84%;--awb-width-medium:50%;--awb-order-medium:0;--awb-spacing-right-medium:3.84%;--awb-spacing-left-medium:3.84%;--awb-width-small:100%;--awb-order-small:0;--awb-spacing-right-small:1.92%;--awb-spacing-left-small:1.92%;\"><div class=\"fusion-column-wrapper fusion-column-has-shadow fusion-flex-justify-content-flex-start fusion-content-layout-column\">\n<table border=\"0\" width=\"100%\">\n<tbody>\n<tr bgcolor=\"#d2d2d2\">\n<th style=\"padding-left: 40px;\" align=\"left\" height=\"40\"><a href=\"https:\/\/www.toneluckswitches.com\/fr\/interrupteur-de-porte-d3-pour-leclairage\/\"><strong>S\u00e9rie d&#039;interrupteurs d&#039;\u00e9clairage de porte D3<\/strong><\/a><\/th>\n<\/tr>\n<\/tbody>\n<\/table>\n<div class=\"fusion-image-element\" style=\"--awb-caption-title-font-family:var(--h2_typography-font-family);--awb-caption-title-font-weight:var(--h2_typography-font-weight);--awb-caption-title-font-style:var(--h2_typography-font-style);--awb-caption-title-size:var(--h2_typography-font-size);--awb-caption-title-transform:var(--h2_typography-text-transform);--awb-caption-title-line-height:var(--h2_typography-line-height);--awb-caption-title-letter-spacing:var(--h2_typography-letter-spacing);\"><span class=\"fusion-imageframe imageframe-none imageframe-4 hover-type-none\"><a class=\"fusion-no-lightbox\" href=\"https:\/\/www.toneluckswitches.com\/fr\/interrupteur-de-porte-d3-pour-leclairage\/\" target=\"_blank\" aria-label=\"Interrupteur d&#039;\u00e9clairage de porte Toneluck D3\" rel=\"noopener noreferrer\"><img decoding=\"async\" width=\"500\" height=\"250\" alt=\"Interrupteur d&#039;\u00e9clairage de porte Toneluck D3\" src=\"https:\/\/www.toneluckswitches.com\/wp-content\/uploads\/2021\/10\/D3.jpg\" class=\"img-responsive wp-image-2213\" srcset=\"https:\/\/www.toneluckswitches.com\/wp-content\/uploads\/2021\/10\/D3-200x100.jpg 200w, https:\/\/www.toneluckswitches.com\/wp-content\/uploads\/2021\/10\/D3-400x200.jpg 400w, https:\/\/www.toneluckswitches.com\/wp-content\/uploads\/2021\/10\/D3.jpg 500w\" sizes=\"(max-width: 640px) 100vw, 500px\" title=\"\"><\/a><\/span><\/div><div class=\"fusion-separator fusion-full-width-sep\" style=\"align-self: center;margin-left: auto;margin-right: auto;margin-top:15px;margin-bottom:15px;width:100%;\"><\/div>\n<table border=\"0\" width=\"100%\">\n<tbody>\n<tr bgcolor=\"#d2d2d2\">\n<th style=\"padding-left: 40px;\" align=\"left\" height=\"40\"><a href=\"https:\/\/www.toneluckswitches.com\/fr\/d6-door-switch-for-dryer\/\"><strong>S\u00e9rie de commutateurs pour s\u00e8che-linge et lave-linge D6<\/strong><\/a><\/th>\n<\/tr>\n<\/tbody>\n<\/table>\n<div class=\"fusion-image-element\" style=\"--awb-caption-title-font-family:var(--h2_typography-font-family);--awb-caption-title-font-weight:var(--h2_typography-font-weight);--awb-caption-title-font-style:var(--h2_typography-font-style);--awb-caption-title-size:var(--h2_typography-font-size);--awb-caption-title-transform:var(--h2_typography-text-transform);--awb-caption-title-line-height:var(--h2_typography-line-height);--awb-caption-title-letter-spacing:var(--h2_typography-letter-spacing);\"><span class=\"fusion-imageframe imageframe-none imageframe-5 hover-type-none\"><a class=\"fusion-no-lightbox\" href=\"https:\/\/www.toneluckswitches.com\/fr\/d6-door-switch-for-dryer\/\" target=\"_blank\" aria-label=\"S\u00e9rie de commutateurs de s\u00e9cheuse D6\" rel=\"noopener noreferrer\"><img decoding=\"async\" width=\"500\" height=\"250\" alt=\"S\u00e9rie de commutateurs de s\u00e9cheuse D6\" src=\"https:\/\/www.toneluckswitches.com\/wp-content\/uploads\/2021\/10\/D6.jpg\" class=\"img-responsive wp-image-2215\" srcset=\"https:\/\/www.toneluckswitches.com\/wp-content\/uploads\/2021\/10\/D6-200x100.jpg 200w, https:\/\/www.toneluckswitches.com\/wp-content\/uploads\/2021\/10\/D6-400x200.jpg 400w, https:\/\/www.toneluckswitches.com\/wp-content\/uploads\/2021\/10\/D6.jpg 500w\" sizes=\"(max-width: 640px) 100vw, 500px\" title=\"\"><\/a><\/span><\/div><\/div><\/div><\/div><\/div><\/div><\/div><\/div><\/p>","protected":false},"excerpt":{"rendered":"","protected":false},"author":1,"featured_media":0,"parent":0,"menu_order":0,"comment_status":"closed","ping_status":"closed","template":"","meta":{"footnotes":""},"class_list":["post-65","page","type-page","status-publish","hentry"],"_links":{"self":[{"href":"https:\/\/www.toneluckswitches.com\/fr\/wp-json\/wp\/v2\/pages\/65","targetHints":{"allow":["GET"]}}],"collection":[{"href":"https:\/\/www.toneluckswitches.com\/fr\/wp-json\/wp\/v2\/pages"}],"about":[{"href":"https:\/\/www.toneluckswitches.com\/fr\/wp-json\/wp\/v2\/types\/page"}],"author":[{"embeddable":true,"href":"https:\/\/www.toneluckswitches.com\/fr\/wp-json\/wp\/v2\/users\/1"}],"replies":[{"embeddable":true,"href":"https:\/\/www.toneluckswitches.com\/fr\/wp-json\/wp\/v2\/comments?post=65"}],"version-history":[{"count":5,"href":"https:\/\/www.toneluckswitches.com\/fr\/wp-json\/wp\/v2\/pages\/65\/revisions"}],"predecessor-version":[{"id":3054,"href":"https:\/\/www.toneluckswitches.com\/fr\/wp-json\/wp\/v2\/pages\/65\/revisions\/3054"}],"wp:attachment":[{"href":"https:\/\/www.toneluckswitches.com\/fr\/wp-json\/wp\/v2\/media?parent=65"}],"curies":[{"name":"wp","href":"https:\/\/api.w.org\/{rel}","templated":true}]}}