{"id":62,"date":"2021-01-11T07:59:31","date_gmt":"2021-01-11T07:59:31","guid":{"rendered":"https:\/\/www.toneluckswitches.com\/?page_id=62"},"modified":"2022-03-25T05:41:07","modified_gmt":"2022-03-25T05:41:07","slug":"interrupteur-a-bouton-poussoir","status":"publish","type":"page","link":"https:\/\/www.toneluckswitches.com\/fr\/interrupteur-a-bouton-poussoir\/","title":{"rendered":"Interrupteur \u00e0 bouton-poussoir"},"content":{"rendered":"<div class=\"fusion-fullwidth fullwidth-box fusion-builder-row-1 fusion-flex-container nonhundred-percent-fullwidth non-hundred-percent-height-scrolling\" style=\"--awb-border-radius-top-left:0px;--awb-border-radius-top-right:0px;--awb-border-radius-bottom-right:0px;--awb-border-radius-bottom-left:0px;--awb-flex-wrap:wrap;\" ><div class=\"fusion-builder-row fusion-row fusion-flex-align-items-flex-start fusion-flex-content-wrap\" style=\"max-width:1560px;margin-left: calc(-4% \/ 2 );margin-right: calc(-4% \/ 2 );\"><div class=\"fusion-layout-column fusion_builder_column fusion-builder-column-0 fusion_builder_column_1_1 1_1 fusion-flex-column\" style=\"--awb-bg-size:cover;--awb-width-large:100%;--awb-margin-top-large:10px;--awb-spacing-right-large:1.92%;--awb-margin-bottom-large:10px;--awb-spacing-left-large:1.92%;--awb-width-medium:100%;--awb-order-medium:0;--awb-spacing-right-medium:1.92%;--awb-spacing-left-medium:1.92%;--awb-width-small:100%;--awb-order-small:0;--awb-spacing-right-small:1.92%;--awb-spacing-left-small:1.92%;\"><div class=\"fusion-column-wrapper fusion-column-has-shadow fusion-flex-justify-content-flex-start fusion-content-layout-column\"><div class=\"fusion-text fusion-text-1\"><p class=\"entry-title fusion-responsive-typography-calculated\" data-fontsize=\"26\" data-lineheight=\"36.4px\">En tant que fabricant et fournisseur d&#039;interrupteurs \u00e0 bouton-poussoir, nous fournissons non seulement les interrupteurs Toneluck, mais aussi des services de conception. <a href=\"https:\/\/en.wikipedia.org\/wiki\/Original_equipment_manufacturer\" target=\"_blank\" rel=\"noopener\">OEM<\/a> Notre assistance permet \u00e0 nos clients de gagner du temps et de l&#039;argent. Notre commutateur est non seulement reconnu mondialement, mais il est \u00e9galement pl\u00e9biscit\u00e9 par des clients du monde entier. Par exemple, vous pouvez cliquer ici pour acc\u00e9der \u00e0 notre page d&#039;accueil et voir\u2026 <a href=\"https:\/\/www.toneluckswitches.com\/fr\/\" target=\"_blank\" rel=\"noopener\">nos clients<\/a>. De plus, nous proposons de nombreux types de boutons-poussoirs, tels que Key, LTV, MPN, MPV, PBA et PBN. En g\u00e9n\u00e9ral, <span class=\"\">interrupteur \u00e0 bouton-poussoir momentan\u00e9, <\/span><span class=\"\">interrupteur \u00e9lectrique \u00e0 bouton-poussoir, <\/span><span class=\"\">bouton-poussoir 12 V, <\/span><span class=\"\">Interrupteur marche\/arr\u00eat \u00e0 bouton-poussoir.<\/span><\/p>\n<p class=\"entry-title fusion-responsive-typography-calculated\" data-fontsize=\"26\" data-lineheight=\"36.4px\">Par ailleurs, les interrupteurs \u00e0 bouton-poussoir sont largement utilis\u00e9s dans l&#039;automobile, les \u00e9quipements audio, les appareils \u00e9lectroniques, etc.<\/p>\n<\/div><div class=\"fusion-text fusion-text-2\"><p class=\"entry-title fusion-responsive-typography-calculated\" data-fontsize=\"26\" data-lineheight=\"36.4px\">De plus, l&#039;acheteur peut choisir les param\u00e8tres selon ses besoins, tels que la fonction momentan\u00e9e, l&#039;auto-verrouillage, l&#039;absence de verrouillage, l&#039;intensit\u00e9 et la tension nominales, les param\u00e8tres du transformateur de potentiel (force, contact, etc.).<\/p>\n<\/div><div class=\"fusion-text fusion-text-3\"><p>En r\u00e9sum\u00e9, Toneluck est un fournisseur digne de confiance car nous avons \u00e9t\u00e9 fond\u00e9s en 1973.<\/p>\n<ul>\n<li>Pour le client : Fournir un meilleur produit et un meilleur service<\/li>\n<li>Pour le personnel : Offrir la possibilit\u00e9 d&#039;\u00e9tudier, am\u00e9liorer l&#039;environnement de travail et les revenus \u00e9conomiques<\/li>\n<li>Pour les actionnaires : Am\u00e9liorer le rendement et la qualit\u00e9 de l&#039;investissement<\/li>\n<li>Pour les partenaires\u00a0: explorer les d\u00e9veloppements communs et renforcer les synergies.<\/li>\n<li>Pour la soci\u00e9t\u00e9 : cr\u00e9er des emplois, promouvoir l&#039;\u00e9conomie, l&#039;harmonie et la stabilit\u00e9<\/li>\n<\/ul>\n<\/div><div class=\"fusion-separator fusion-full-width-sep\" style=\"align-self: center;margin-left: auto;margin-right: auto;margin-top:15px;margin-bottom:15px;width:100%;\"><\/div><div class=\"fusion-image-element\" style=\"text-align:left;--awb-caption-title-font-family:var(--h2_typography-font-family);--awb-caption-title-font-weight:var(--h2_typography-font-weight);--awb-caption-title-font-style:var(--h2_typography-font-style);--awb-caption-title-size:var(--h2_typography-font-size);--awb-caption-title-transform:var(--h2_typography-text-transform);--awb-caption-title-line-height:var(--h2_typography-line-height);--awb-caption-title-letter-spacing:var(--h2_typography-letter-spacing);\"><span class=\"fusion-imageframe imageframe-none imageframe-1 hover-type-none\"><img decoding=\"async\" width=\"1024\" height=\"320\" alt=\"banni\u00e8re \u00e0 bouton-poussoir\" title=\"banni\u00e8re \u00e0 bouton-poussoir\" src=\"https:\/\/www.toneluckswitches.com\/wp-content\/uploads\/2021\/04\/push-button-switch-1024x320.jpg\" class=\"img-responsive wp-image-1691\" srcset=\"https:\/\/www.toneluckswitches.com\/wp-content\/uploads\/2021\/04\/push-button-switch-200x63.jpg 200w, https:\/\/www.toneluckswitches.com\/wp-content\/uploads\/2021\/04\/push-button-switch-400x125.jpg 400w, https:\/\/www.toneluckswitches.com\/wp-content\/uploads\/2021\/04\/push-button-switch-600x188.jpg 600w, https:\/\/www.toneluckswitches.com\/wp-content\/uploads\/2021\/04\/push-button-switch-800x250.jpg 800w, https:\/\/www.toneluckswitches.com\/wp-content\/uploads\/2021\/04\/push-button-switch-1200x375.jpg 1200w, https:\/\/www.toneluckswitches.com\/wp-content\/uploads\/2021\/04\/push-button-switch.jpg 1920w\" sizes=\"(max-width: 640px) 100vw, 1024px\" \/><\/span><\/div><div class=\"fusion-separator fusion-full-width-sep\" style=\"align-self: center;margin-left: auto;margin-right: auto;margin-top:15px;margin-bottom:15px;width:100%;\"><\/div><div class=\"fusion-title title fusion-title-1 fusion-sep-none fusion-title-text fusion-title-size-two\" style=\"--awb-margin-top-small:10px;--awb-margin-right-small:0px;--awb-margin-bottom-small:10px;--awb-margin-left-small:0px;--awb-font-size:20px;\"><h2 class=\"fusion-title-heading title-heading-left\" style=\"margin:0;font-size:1em;\"><strong>Interrupteur \u00e0 bouton-poussoir (options)<\/strong><\/h2><\/div><div class=\"fusion-builder-row fusion-builder-row-inner fusion-row fusion-flex-align-items-flex-start fusion-flex-content-wrap\" style=\"--awb-flex-grow:0;--awb-flex-grow-medium:0;--awb-flex-grow-small:0;--awb-flex-shrink:0;--awb-flex-shrink-medium:0;--awb-flex-shrink-small:0;width:104% !important;max-width:104% !important;margin-left: calc(-4% \/ 2 );margin-right: calc(-4% \/ 2 );\"><div class=\"fusion-layout-column fusion_builder_column_inner fusion-builder-nested-column-0 fusion_builder_column_inner_1_2 1_2 fusion-flex-column\" style=\"--awb-bg-size:cover;--awb-width-large:50%;--awb-margin-top-large:10px;--awb-spacing-right-large:3.84%;--awb-margin-bottom-large:10px;--awb-spacing-left-large:3.84%;--awb-width-medium:50%;--awb-order-medium:0;--awb-spacing-right-medium:3.84%;--awb-spacing-left-medium:3.84%;--awb-width-small:100%;--awb-order-small:0;--awb-spacing-right-small:1.92%;--awb-spacing-left-small:1.92%;\"><div class=\"fusion-column-wrapper fusion-column-has-shadow fusion-flex-justify-content-flex-start fusion-content-layout-column\">\n<table border=\"0\" width=\"100%\">\n<tbody>\n<tr bgcolor=\"#d2d2d2\">\n<th style=\"padding-left: 40px;\" align=\"left\" height=\"40\"><strong>S\u00e9rie LTV<\/strong><\/th>\n<\/tr>\n<\/tbody>\n<\/table>\n<div class=\"fusion-text fusion-text-4\"><p>La s\u00e9rie LTV, y compris les LTV-75 et 76, LTV-77, LTV-85 et 86, LTV-87, LTV-88 et LTV-89.<\/p>\n<\/div><div class=\"fusion-image-element\" style=\"--awb-caption-title-font-family:var(--h2_typography-font-family);--awb-caption-title-font-weight:var(--h2_typography-font-weight);--awb-caption-title-font-style:var(--h2_typography-font-style);--awb-caption-title-size:var(--h2_typography-font-size);--awb-caption-title-transform:var(--h2_typography-text-transform);--awb-caption-title-line-height:var(--h2_typography-line-height);--awb-caption-title-letter-spacing:var(--h2_typography-letter-spacing);\"><span class=\"fusion-imageframe imageframe-none imageframe-2 hover-type-none\"><a class=\"fusion-no-lightbox\" href=\"https:\/\/www.toneluckswitches.com\/fr\/interrupteur-a-bouton-ltv\/\" target=\"_blank\" aria-label=\"Interrupteur \u00e0 bouton LTV\" rel=\"noopener noreferrer\"><img decoding=\"async\" width=\"500\" height=\"250\" alt=\"Interrupteur \u00e0 bouton LTV\" src=\"https:\/\/www.toneluckswitches.com\/wp-content\/uploads\/2021\/10\/LTV.jpg\" class=\"img-responsive wp-image-2183\" srcset=\"https:\/\/www.toneluckswitches.com\/wp-content\/uploads\/2021\/10\/LTV-200x100.jpg 200w, https:\/\/www.toneluckswitches.com\/wp-content\/uploads\/2021\/10\/LTV-400x200.jpg 400w, https:\/\/www.toneluckswitches.com\/wp-content\/uploads\/2021\/10\/LTV.jpg 500w\" sizes=\"(max-width: 640px) 100vw, 500px\" title=\"\"><\/a><\/span><\/div><\/div><\/div><div class=\"fusion-layout-column fusion_builder_column_inner fusion-builder-nested-column-1 fusion_builder_column_inner_1_2 1_2 fusion-flex-column\" style=\"--awb-bg-size:cover;--awb-width-large:50%;--awb-margin-top-large:10px;--awb-spacing-right-large:3.84%;--awb-margin-bottom-large:10px;--awb-spacing-left-large:3.84%;--awb-width-medium:50%;--awb-order-medium:0;--awb-spacing-right-medium:3.84%;--awb-spacing-left-medium:3.84%;--awb-width-small:100%;--awb-order-small:0;--awb-spacing-right-small:1.92%;--awb-spacing-left-small:1.92%;\"><div class=\"fusion-column-wrapper fusion-column-has-shadow fusion-flex-justify-content-flex-start fusion-content-layout-column\">\n<table border=\"0\" width=\"100%\">\n<tbody>\n<tr bgcolor=\"#d2d2d2\">\n<th style=\"padding-left: 40px;\" align=\"left\" height=\"40\"><strong>S\u00e9rie MPN<\/strong><\/th>\n<\/tr>\n<\/tbody>\n<\/table>\n<div class=\"fusion-text fusion-text-5\"><p>La s\u00e9rie MPN pr\u00e9sente une intensit\u00e9 nominale de 0,10 A sous 30 V CC et une dur\u00e9e de vie certifi\u00e9e de 10\u00a0000 cycles \u00e9lectriques, avec une plage de temp\u00e9ratures de fonctionnement de -10 \u00b0C \u00e0 60 \u00b0C. Les acheteurs peuvent choisir entre les fonctions autobloquantes et momentan\u00e9es, et la s\u00e9rie propose des circuits \u00e9lectriques \u00e0 deux, quatre ou six p\u00f4les.<\/p>\n<\/div><div class=\"fusion-image-element\" style=\"--awb-caption-title-font-family:var(--h2_typography-font-family);--awb-caption-title-font-weight:var(--h2_typography-font-weight);--awb-caption-title-font-style:var(--h2_typography-font-style);--awb-caption-title-size:var(--h2_typography-font-size);--awb-caption-title-transform:var(--h2_typography-text-transform);--awb-caption-title-line-height:var(--h2_typography-line-height);--awb-caption-title-letter-spacing:var(--h2_typography-letter-spacing);\"><span class=\"fusion-imageframe imageframe-none imageframe-3 hover-type-none\"><a class=\"fusion-no-lightbox\" href=\"https:\/\/www.toneluckswitches.com\/fr\/interrupteurs-marche-arret-a-bouton-poussoir-mpn\/\" target=\"_blank\" aria-label=\"Interrupteur \u00e0 bouton multipolaire MPN\" rel=\"noopener noreferrer\"><img decoding=\"async\" width=\"500\" height=\"250\" alt=\"Interrupteur \u00e0 bouton multipolaire MPN\" src=\"https:\/\/www.toneluckswitches.com\/wp-content\/uploads\/2021\/10\/MPN.jpg\" class=\"img-responsive wp-image-2186\" srcset=\"https:\/\/www.toneluckswitches.com\/wp-content\/uploads\/2021\/10\/MPN-200x100.jpg 200w, https:\/\/www.toneluckswitches.com\/wp-content\/uploads\/2021\/10\/MPN-400x200.jpg 400w, https:\/\/www.toneluckswitches.com\/wp-content\/uploads\/2021\/10\/MPN.jpg 500w\" sizes=\"(max-width: 640px) 100vw, 500px\" title=\"\"><\/a><\/span><\/div><\/div><\/div><\/div><div class=\"fusion-builder-row fusion-builder-row-inner fusion-row fusion-flex-align-items-flex-start fusion-flex-content-wrap\" style=\"--awb-flex-grow:0;--awb-flex-grow-medium:0;--awb-flex-grow-small:0;--awb-flex-shrink:0;--awb-flex-shrink-medium:0;--awb-flex-shrink-small:0;width:104% !important;max-width:104% !important;margin-left: calc(-4% \/ 2 );margin-right: calc(-4% \/ 2 );\"><div class=\"fusion-layout-column fusion_builder_column_inner fusion-builder-nested-column-2 fusion_builder_column_inner_1_2 1_2 fusion-flex-column\" style=\"--awb-bg-size:cover;--awb-width-large:50%;--awb-margin-top-large:10px;--awb-spacing-right-large:3.84%;--awb-margin-bottom-large:10px;--awb-spacing-left-large:3.84%;--awb-width-medium:50%;--awb-order-medium:0;--awb-spacing-right-medium:3.84%;--awb-spacing-left-medium:3.84%;--awb-width-small:100%;--awb-order-small:0;--awb-spacing-right-small:1.92%;--awb-spacing-left-small:1.92%;\"><div class=\"fusion-column-wrapper fusion-column-has-shadow fusion-flex-justify-content-flex-start fusion-content-layout-column\">\n<table border=\"0\" width=\"100%\">\n<tbody>\n<tr bgcolor=\"#d2d2d2\">\n<th style=\"padding-left: 40px;\" align=\"left\" height=\"40\"><strong>S\u00e9rie cl\u00e9<\/strong><\/th>\n<\/tr>\n<\/tbody>\n<\/table>\n<div class=\"fusion-text fusion-text-6\"><p>Cette s\u00e9rie d&#039;interrupteurs \u00e0 bouton-poussoir est de petite taille et de diff\u00e9rentes couleurs ; sa capacit\u00e9 est de 0,01 A 35 V CC 100\u00a0000 cycles.<\/p>\n<\/div><div class=\"fusion-image-element\" style=\"--awb-caption-title-font-family:var(--h2_typography-font-family);--awb-caption-title-font-weight:var(--h2_typography-font-weight);--awb-caption-title-font-style:var(--h2_typography-font-style);--awb-caption-title-size:var(--h2_typography-font-size);--awb-caption-title-transform:var(--h2_typography-text-transform);--awb-caption-title-line-height:var(--h2_typography-line-height);--awb-caption-title-letter-spacing:var(--h2_typography-letter-spacing);\"><span class=\"fusion-imageframe imageframe-none imageframe-4 hover-type-none\"><a class=\"fusion-no-lightbox\" href=\"https:\/\/www.toneluckswitches.com\/fr\/interrupteur-de-demarrage-a-bouton-poussoir-a-cle\/\" target=\"_blank\" aria-label=\"Interrupteur \u00e0 bouton-poussoir miniature \u00e0 cl\u00e9\" rel=\"noopener noreferrer\"><img decoding=\"async\" width=\"500\" height=\"250\" alt=\"Interrupteur \u00e0 bouton-poussoir miniature \u00e0 cl\u00e9\" src=\"https:\/\/www.toneluckswitches.com\/wp-content\/uploads\/2021\/10\/KEY.jpg\" class=\"img-responsive wp-image-2185\" srcset=\"https:\/\/www.toneluckswitches.com\/wp-content\/uploads\/2021\/10\/KEY-200x100.jpg 200w, https:\/\/www.toneluckswitches.com\/wp-content\/uploads\/2021\/10\/KEY-400x200.jpg 400w, https:\/\/www.toneluckswitches.com\/wp-content\/uploads\/2021\/10\/KEY.jpg 500w\" sizes=\"(max-width: 640px) 100vw, 500px\" title=\"\"><\/a><\/span><\/div><\/div><\/div><div class=\"fusion-layout-column fusion_builder_column_inner fusion-builder-nested-column-3 fusion_builder_column_inner_1_2 1_2 fusion-flex-column\" style=\"--awb-bg-size:cover;--awb-width-large:50%;--awb-margin-top-large:10px;--awb-spacing-right-large:3.84%;--awb-margin-bottom-large:10px;--awb-spacing-left-large:3.84%;--awb-width-medium:50%;--awb-order-medium:0;--awb-spacing-right-medium:3.84%;--awb-spacing-left-medium:3.84%;--awb-width-small:100%;--awb-order-small:0;--awb-spacing-right-small:1.92%;--awb-spacing-left-small:1.92%;\"><div class=\"fusion-column-wrapper fusion-column-has-shadow fusion-flex-justify-content-flex-start fusion-content-layout-column\">\n<table border=\"0\" width=\"100%\">\n<tbody>\n<tr bgcolor=\"#d2d2d2\">\n<th style=\"padding-left: 40px;\" align=\"left\" height=\"40\"><strong>S\u00e9rie PBN<\/strong><\/th>\n<\/tr>\n<\/tbody>\n<\/table>\n<div class=\"fusion-text fusion-text-7\"><p>Le PBN propose \u00e9galement un large choix de configurations de poteaux\u00a0: 2, 4 et 6 poteaux. De plus, les acheteurs peuvent opter pour un syst\u00e8me autobloquant ou non. Enfin, si vous avez des exigences concernant la course, nous proposons \u00e9galement des mod\u00e8les de 3,5\u00a0mm et 2,5\u00a0mm.<\/p>\n<\/div><div class=\"fusion-image-element\" style=\"--awb-caption-title-font-family:var(--h2_typography-font-family);--awb-caption-title-font-weight:var(--h2_typography-font-weight);--awb-caption-title-font-style:var(--h2_typography-font-style);--awb-caption-title-size:var(--h2_typography-font-size);--awb-caption-title-transform:var(--h2_typography-text-transform);--awb-caption-title-line-height:var(--h2_typography-line-height);--awb-caption-title-letter-spacing:var(--h2_typography-letter-spacing);\"><span class=\"fusion-imageframe imageframe-none imageframe-5 hover-type-none\"><a class=\"fusion-no-lightbox\" href=\"https:\/\/www.toneluckswitches.com\/fr\/bouton-de-commutation-pbn\/\" target=\"_blank\" aria-label=\"Banque de boutons-poussoirs PBN\" rel=\"noopener noreferrer\"><img decoding=\"async\" width=\"500\" height=\"250\" alt=\"Banque de boutons-poussoirs PBN\" src=\"https:\/\/www.toneluckswitches.com\/wp-content\/uploads\/2021\/10\/PBN.jpg\" class=\"img-responsive wp-image-2184\" srcset=\"https:\/\/www.toneluckswitches.com\/wp-content\/uploads\/2021\/10\/PBN-200x100.jpg 200w, https:\/\/www.toneluckswitches.com\/wp-content\/uploads\/2021\/10\/PBN-400x200.jpg 400w, https:\/\/www.toneluckswitches.com\/wp-content\/uploads\/2021\/10\/PBN.jpg 500w\" sizes=\"(max-width: 640px) 100vw, 500px\" title=\"\"><\/a><\/span><\/div><\/div><\/div><\/div><div class=\"fusion-builder-row fusion-builder-row-inner fusion-row fusion-flex-align-items-flex-start fusion-flex-content-wrap\" style=\"--awb-flex-grow:0;--awb-flex-grow-medium:0;--awb-flex-grow-small:0;--awb-flex-shrink:0;--awb-flex-shrink-medium:0;--awb-flex-shrink-small:0;width:104% !important;max-width:104% !important;margin-left: calc(-4% \/ 2 );margin-right: calc(-4% \/ 2 );\"><div class=\"fusion-layout-column fusion_builder_column_inner fusion-builder-nested-column-4 fusion_builder_column_inner_1_2 1_2 fusion-flex-column\" style=\"--awb-bg-size:cover;--awb-width-large:50%;--awb-margin-top-large:10px;--awb-spacing-right-large:3.84%;--awb-margin-bottom-large:10px;--awb-spacing-left-large:3.84%;--awb-width-medium:50%;--awb-order-medium:0;--awb-spacing-right-medium:3.84%;--awb-spacing-left-medium:3.84%;--awb-width-small:100%;--awb-order-small:0;--awb-spacing-right-small:1.92%;--awb-spacing-left-small:1.92%;\"><div class=\"fusion-column-wrapper fusion-column-has-shadow fusion-flex-justify-content-flex-start fusion-content-layout-column\">\n<table border=\"0\" width=\"100%\">\n<tbody>\n<tr bgcolor=\"#d2d2d2\">\n<th style=\"padding-left: 40px;\" align=\"left\" height=\"40\"><span style=\"color: #333333;\"><strong>S\u00e9rie MPV<\/strong><\/span><\/th>\n<\/tr>\n<\/tbody>\n<\/table>\n<div class=\"fusion-text fusion-text-8\"><p>Le MPV est un interrupteur \u00e0 bouton-poussoir \u00e0 longue dur\u00e9e de vie \u00e9lectrique, offrant au moins 20\u00a0000 cycles \u00e0 0,1\u00a0A 30\u00a0V\u00a0CC. Son bo\u00eetier est en thermoplastique conforme \u00e0 la norme UL94 V-0.<\/p>\n<\/div><div class=\"fusion-image-element\" style=\"--awb-caption-title-font-family:var(--h2_typography-font-family);--awb-caption-title-font-weight:var(--h2_typography-font-weight);--awb-caption-title-font-style:var(--h2_typography-font-style);--awb-caption-title-size:var(--h2_typography-font-size);--awb-caption-title-transform:var(--h2_typography-text-transform);--awb-caption-title-line-height:var(--h2_typography-line-height);--awb-caption-title-letter-spacing:var(--h2_typography-letter-spacing);\"><span class=\"fusion-imageframe imageframe-none imageframe-6 hover-type-none\"><a class=\"fusion-no-lightbox\" href=\"https:\/\/www.toneluckswitches.com\/fr\/interrupteur-a-bouton-poussoir-mpv\/\" target=\"_blank\" aria-label=\"Commutateur MPV Toneluck\" rel=\"noopener noreferrer\"><img decoding=\"async\" width=\"500\" height=\"250\" alt=\"Commutateur MPV Toneluck\" src=\"https:\/\/www.toneluckswitches.com\/wp-content\/uploads\/2021\/10\/MPV.jpg\" class=\"img-responsive wp-image-2187\" srcset=\"https:\/\/www.toneluckswitches.com\/wp-content\/uploads\/2021\/10\/MPV-200x100.jpg 200w, https:\/\/www.toneluckswitches.com\/wp-content\/uploads\/2021\/10\/MPV-400x200.jpg 400w, https:\/\/www.toneluckswitches.com\/wp-content\/uploads\/2021\/10\/MPV.jpg 500w\" sizes=\"(max-width: 640px) 100vw, 500px\" title=\"\"><\/a><\/span><\/div><\/div><\/div><div class=\"fusion-layout-column fusion_builder_column_inner fusion-builder-nested-column-5 fusion_builder_column_inner_1_2 1_2 fusion-flex-column\" style=\"--awb-bg-size:cover;--awb-width-large:50%;--awb-margin-top-large:10px;--awb-spacing-right-large:3.84%;--awb-margin-bottom-large:10px;--awb-spacing-left-large:3.84%;--awb-width-medium:50%;--awb-order-medium:0;--awb-spacing-right-medium:3.84%;--awb-spacing-left-medium:3.84%;--awb-width-small:100%;--awb-order-small:0;--awb-spacing-right-small:1.92%;--awb-spacing-left-small:1.92%;\"><div class=\"fusion-column-wrapper fusion-column-has-shadow fusion-flex-justify-content-flex-start fusion-content-layout-column\">\n<table border=\"0\" width=\"100%\">\n<tbody>\n<tr bgcolor=\"#d2d2d2\">\n<th style=\"padding-left: 40px;\" align=\"left\" height=\"40\"><strong>S\u00e9rie de commutateurs PBA<\/strong><\/th>\n<\/tr>\n<\/tbody>\n<\/table>\n<div class=\"fusion-text fusion-text-9\"><p>Le Toneluck PBA existe uniquement en versions 2 et 4 p\u00f4les, et peut \u00e9galement \u00eatre produit sous forme de banc de commutation. Sa course totale est de 3,5 mm et la course de verrouillage de 2,5 mm.<\/p>\n<\/div><div class=\"fusion-image-element\" style=\"--awb-caption-title-font-family:var(--h2_typography-font-family);--awb-caption-title-font-weight:var(--h2_typography-font-weight);--awb-caption-title-font-style:var(--h2_typography-font-style);--awb-caption-title-size:var(--h2_typography-font-size);--awb-caption-title-transform:var(--h2_typography-text-transform);--awb-caption-title-line-height:var(--h2_typography-line-height);--awb-caption-title-letter-spacing:var(--h2_typography-letter-spacing);\"><span class=\"fusion-imageframe imageframe-none imageframe-7 hover-type-none\"><a class=\"fusion-no-lightbox\" href=\"https:\/\/www.toneluckswitches.com\/fr\/interrupteurs-electriques-a-bouton-poussoir-pba\/\" target=\"_blank\" aria-label=\"Bouton-poussoir PBA\" rel=\"noopener noreferrer\"><img decoding=\"async\" width=\"500\" height=\"250\" alt=\"Bouton-poussoir PBA\" src=\"https:\/\/www.toneluckswitches.com\/wp-content\/uploads\/2021\/10\/PBA.jpg\" class=\"img-responsive wp-image-2188\" srcset=\"https:\/\/www.toneluckswitches.com\/wp-content\/uploads\/2021\/10\/PBA-200x100.jpg 200w, https:\/\/www.toneluckswitches.com\/wp-content\/uploads\/2021\/10\/PBA-400x200.jpg 400w, https:\/\/www.toneluckswitches.com\/wp-content\/uploads\/2021\/10\/PBA.jpg 500w\" sizes=\"(max-width: 640px) 100vw, 500px\" title=\"\"><\/a><\/span><\/div><\/div><\/div><\/div><\/div><\/div><\/div><\/div>","protected":false},"excerpt":{"rendered":"","protected":false},"author":1,"featured_media":0,"parent":0,"menu_order":0,"comment_status":"closed","ping_status":"closed","template":"","meta":{"footnotes":""},"class_list":["post-62","page","type-page","status-publish","hentry"],"_links":{"self":[{"href":"https:\/\/www.toneluckswitches.com\/fr\/wp-json\/wp\/v2\/pages\/62","targetHints":{"allow":["GET"]}}],"collection":[{"href":"https:\/\/www.toneluckswitches.com\/fr\/wp-json\/wp\/v2\/pages"}],"about":[{"href":"https:\/\/www.toneluckswitches.com\/fr\/wp-json\/wp\/v2\/types\/page"}],"author":[{"embeddable":true,"href":"https:\/\/www.toneluckswitches.com\/fr\/wp-json\/wp\/v2\/users\/1"}],"replies":[{"embeddable":true,"href":"https:\/\/www.toneluckswitches.com\/fr\/wp-json\/wp\/v2\/comments?post=62"}],"version-history":[{"count":7,"href":"https:\/\/www.toneluckswitches.com\/fr\/wp-json\/wp\/v2\/pages\/62\/revisions"}],"predecessor-version":[{"id":2368,"href":"https:\/\/www.toneluckswitches.com\/fr\/wp-json\/wp\/v2\/pages\/62\/revisions\/2368"}],"wp:attachment":[{"href":"https:\/\/www.toneluckswitches.com\/fr\/wp-json\/wp\/v2\/media?parent=62"}],"curies":[{"name":"wp","href":"https:\/\/api.w.org\/{rel}","templated":true}]}}