{"id":49,"date":"2021-01-11T07:43:07","date_gmt":"2021-01-11T07:43:07","guid":{"rendered":"https:\/\/www.toneluckswitches.com\/?page_id=49"},"modified":"2021-09-19T03:48:45","modified_gmt":"2021-09-19T03:48:45","slug":"appareils-electromenagers","status":"publish","type":"page","link":"https:\/\/www.toneluckswitches.com\/fr\/appareils-electromenagers\/","title":{"rendered":"Appareils \u00e9lectrom\u00e9nagers"},"content":{"rendered":"<div class=\"fusion-fullwidth fullwidth-box fusion-builder-row-1 fusion-flex-container nonhundred-percent-fullwidth non-hundred-percent-height-scrolling\" style=\"--awb-border-radius-top-left:0px;--awb-border-radius-top-right:0px;--awb-border-radius-bottom-right:0px;--awb-border-radius-bottom-left:0px;--awb-flex-wrap:wrap;\" ><div class=\"fusion-builder-row fusion-row fusion-flex-align-items-flex-start fusion-flex-content-wrap\" style=\"max-width:1560px;margin-left: calc(-4% \/ 2 );margin-right: calc(-4% \/ 2 );\"><div class=\"fusion-layout-column fusion_builder_column fusion-builder-column-0 fusion_builder_column_1_1 1_1 fusion-flex-column\" style=\"--awb-bg-size:cover;--awb-width-large:100%;--awb-margin-top-large:10px;--awb-spacing-right-large:20px;--awb-margin-bottom-large:10px;--awb-spacing-left-large:20px;--awb-width-medium:100%;--awb-order-medium:0;--awb-spacing-right-medium:20px;--awb-spacing-left-medium:20px;--awb-width-small:100%;--awb-order-small:0;--awb-spacing-right-small:1.92%;--awb-spacing-left-small:1.92%;\"><div class=\"fusion-column-wrapper fusion-column-has-shadow fusion-flex-justify-content-flex-start fusion-content-layout-column\"><div class=\"fusion-blog-shortcode fusion-blog-shortcode-1 fusion-blog-archive fusion-blog-layout-grid-wrapper fusion-blog-infinite fusion-blog-layout-center\"><style type=\"text\/css\">.fusion-blog-shortcode-1 .fusion-blog-layout-grid .fusion-post-grid{padding:20px;}.fusion-blog-shortcode-1 .fusion-posts-container{margin-left: -20px !important; margin-right:-20px !important;}<\/style><div class=\"fusion-posts-container fusion-posts-container-infinite fusion-posts-container-load-more fusion-no-meta-info fusion-blog-rollover fusion-blog-layout-grid fusion-blog-layout-grid-2 isotope fusion-blog-equal-heights\" data-pages=\"4\" data-grid-col-space=\"40\" style=\"margin: -20px -20px 0;min-height:500px;\"><article id=\"blog-1-post-5758\" class=\"fusion-post-grid post-5758 post type-post status-publish format-standard has-post-thumbnail hentry category-home-appliances tag-toneluck-d6-series-micro-switches\">\n<div class=\"fusion-post-wrapper\" style=\"background-color:rgba(255,255,255,0);border:1px solid #f2f3f5;border-bottom-width:3px;\">\n\n\t\t\t<div class=\"fusion-flexslider flexslider fusion-flexslider-loading fusion-post-slideshow\" style=\"border-color:#f2f3f5;\">\n\t\t<ul class=\"slides\">\n\t\t\t\n\t\t\t\t\t\t\t\t\t\t\t\t\t\t<li><div  class=\"fusion-image-wrapper\" aria-haspopup=\"true\">\n\t\t\t\t<img decoding=\"async\" width=\"1024\" height=\"1024\" src=\"https:\/\/www.toneluckswitches.com\/wp-content\/uploads\/2026\/04\/Toneluck-D6-Series-Micro-Switches.jpg\" class=\"attachment-full size-full wp-post-image\" alt=\"\" srcset=\"https:\/\/www.toneluckswitches.com\/wp-content\/uploads\/2026\/04\/Toneluck-D6-Series-Micro-Switches-200x200.jpg 200w, https:\/\/www.toneluckswitches.com\/wp-content\/uploads\/2026\/04\/Toneluck-D6-Series-Micro-Switches-400x400.jpg 400w, https:\/\/www.toneluckswitches.com\/wp-content\/uploads\/2026\/04\/Toneluck-D6-Series-Micro-Switches-600x600.jpg 600w, https:\/\/www.toneluckswitches.com\/wp-content\/uploads\/2026\/04\/Toneluck-D6-Series-Micro-Switches-800x800.jpg 800w, https:\/\/www.toneluckswitches.com\/wp-content\/uploads\/2026\/04\/Toneluck-D6-Series-Micro-Switches.jpg 1024w\" sizes=\"(min-width: 2200px) 100vw, (min-width: 712px) 784px, (min-width: 640px) 712px, \" title=\"\"><div class=\"fusion-rollover\">\n\t<div class=\"fusion-rollover-content\">\n\n\t\t\t\t\t\t\t\t\t\t\t\t\t\t<a class=\"fusion-rollover-link\" href=\"https:\/\/www.toneluckswitches.com\/fr\/toneluck-d6-series-micro-switches-in-refrigerator-door-lighting-control\/\">Optimisation de la fra\u00eecheur et de l&#039;exp\u00e9rience utilisateur\u00a0: application des micro-interrupteurs Toneluck s\u00e9rie D6 \u00e0 la commande de l&#039;\u00e9clairage de la porte du r\u00e9frig\u00e9rateur<\/a>\n\t\t\t\n\t\t\t\t\t\t\t\t\n\t\t\n\t\t\t\t\t\t\t\t\t\t\t\t<h4 class=\"fusion-rollover-title\">\n\t\t\t\t\t<a class=\"fusion-rollover-title-link\" href=\"https:\/\/www.toneluckswitches.com\/fr\/toneluck-d6-series-micro-switches-in-refrigerator-door-lighting-control\/\">\n\t\t\t\t\t\tOptimisation de la fra\u00eecheur et de l&#039;exp\u00e9rience utilisateur\u00a0: application des micro-interrupteurs Toneluck s\u00e9rie D6 \u00e0 la commande de l&#039;\u00e9clairage de la porte du r\u00e9frig\u00e9rateur\t\t\t\t\t<\/a>\n\t\t\t\t<\/h4>\n\t\t\t\n\t\t\t\t\t\t\t\t\n\t\t\n\t\t\t\t\t\t<a class=\"fusion-link-wrapper\" href=\"https:\/\/www.toneluckswitches.com\/fr\/toneluck-d6-series-micro-switches-in-refrigerator-door-lighting-control\/\" aria-label=\"Optimisation de la fra\u00eecheur et de l&#039;exp\u00e9rience utilisateur\u00a0: application des micro-interrupteurs Toneluck s\u00e9rie D6 \u00e0 la commande de l&#039;\u00e9clairage de la porte du r\u00e9frig\u00e9rateur\"><\/a>\n\t<\/div>\n<\/div>\n<\/div>\n<\/li>\n\t\t\t\n\t\t\t\n\t\t\t\t\t\t\t\t\t\t\t\t\t\t\t\t\t\t\t\t\t\t\t\t\t\t\t\t\t\t\t\t\t\t\t\t\t\t\t\t\t\t\t\t\t\t\t\t\t\t\t\t\t\t\t\t\t\t\t\t\t\t\t\t\t\t\t\t<\/ul>\n\t<\/div>\n\t<div class=\"fusion-post-content-wrapper\" style=\"padding:10px 10px 10px 10px; display:none;\"><div class=\"fusion-post-content post-content\"><\/div><\/div><div class=\"fusion-clearfix\"><\/div><\/div>\n<\/article>\n<article id=\"blog-1-post-4276\" class=\"fusion-post-grid post-4276 post type-post status-publish format-standard has-post-thumbnail hentry category-home-appliances category-product-news\">\n<div class=\"fusion-post-wrapper\" style=\"background-color:rgba(255,255,255,0);border:1px solid #f2f3f5;border-bottom-width:3px;\">\n\n\t\t\t<div class=\"fusion-flexslider flexslider fusion-flexslider-loading fusion-post-slideshow\" style=\"border-color:#f2f3f5;\">\n\t\t<ul class=\"slides\">\n\t\t\t\n\t\t\t\t\t\t\t\t\t\t\t\t\t\t<li><div  class=\"fusion-image-wrapper\" aria-haspopup=\"true\">\n\t\t\t\t<img decoding=\"async\" width=\"1000\" height=\"482\" src=\"https:\/\/www.toneluckswitches.com\/wp-content\/uploads\/2023\/04\/air-purifier-micro-switch.jpg\" class=\"attachment-full size-full wp-post-image\" alt=\"micro-interrupteur de purificateur d&#039;air\" srcset=\"https:\/\/www.toneluckswitches.com\/wp-content\/uploads\/2023\/04\/air-purifier-micro-switch-200x96.jpg 200w, https:\/\/www.toneluckswitches.com\/wp-content\/uploads\/2023\/04\/air-purifier-micro-switch-400x193.jpg 400w, https:\/\/www.toneluckswitches.com\/wp-content\/uploads\/2023\/04\/air-purifier-micro-switch-600x289.jpg 600w, https:\/\/www.toneluckswitches.com\/wp-content\/uploads\/2023\/04\/air-purifier-micro-switch-800x386.jpg 800w, https:\/\/www.toneluckswitches.com\/wp-content\/uploads\/2023\/04\/air-purifier-micro-switch.jpg 1000w\" sizes=\"(min-width: 2200px) 100vw, (min-width: 712px) 784px, (min-width: 640px) 712px, \" title=\"\"><div class=\"fusion-rollover\">\n\t<div class=\"fusion-rollover-content\">\n\n\t\t\t\t\t\t\t\t\t\t\t\t\t\t<a class=\"fusion-rollover-link\" href=\"https:\/\/www.toneluckswitches.com\/fr\/air-purifier-micro-switch\/\">S\u00e9lection et principe de fonctionnement du micro-interrupteur du purificateur d&#039;air<\/a>\n\t\t\t\n\t\t\t\t\t\t\t\t\n\t\t\n\t\t\t\t\t\t\t\t\t\t\t\t<h4 class=\"fusion-rollover-title\">\n\t\t\t\t\t<a class=\"fusion-rollover-title-link\" href=\"https:\/\/www.toneluckswitches.com\/fr\/air-purifier-micro-switch\/\">\n\t\t\t\t\t\tS\u00e9lection et principe de fonctionnement du micro-interrupteur du purificateur d&#039;air\t\t\t\t\t<\/a>\n\t\t\t\t<\/h4>\n\t\t\t\n\t\t\t\t\t\t\t\t\n\t\t\n\t\t\t\t\t\t<a class=\"fusion-link-wrapper\" href=\"https:\/\/www.toneluckswitches.com\/fr\/air-purifier-micro-switch\/\" aria-label=\"S\u00e9lection et principe de fonctionnement du micro-interrupteur du purificateur d&#039;air\"><\/a>\n\t<\/div>\n<\/div>\n<\/div>\n<\/li>\n\t\t\t\n\t\t\t\n\t\t\t\t\t\t\t\t\t\t\t\t\t\t\t\t\t\t\t\t\t\t\t\t\t\t\t\t\t\t\t\t\t\t\t\t\t\t\t\t\t\t\t\t\t\t\t\t\t\t\t\t\t\t\t\t\t\t\t\t\t\t\t\t\t\t\t\t<\/ul>\n\t<\/div>\n\t<div class=\"fusion-post-content-wrapper\" style=\"padding:10px 10px 10px 10px; display:none;\"><div class=\"fusion-post-content post-content\"><\/div><\/div><div class=\"fusion-clearfix\"><\/div><\/div>\n<\/article>\n<article id=\"blog-1-post-4257\" class=\"fusion-post-grid post-4257 post type-post status-publish format-standard has-post-thumbnail hentry category-home-appliances category-product-news\">\n<div class=\"fusion-post-wrapper\" style=\"background-color:rgba(255,255,255,0);border:1px solid #f2f3f5;border-bottom-width:3px;\">\n\n\t\t\t<div class=\"fusion-flexslider flexslider fusion-flexslider-loading fusion-post-slideshow\" style=\"border-color:#f2f3f5;\">\n\t\t<ul class=\"slides\">\n\t\t\t\n\t\t\t\t\t\t\t\t\t\t\t\t\t\t<li><div  class=\"fusion-image-wrapper\" aria-haspopup=\"true\">\n\t\t\t\t<img decoding=\"async\" width=\"1000\" height=\"406\" src=\"https:\/\/www.toneluckswitches.com\/wp-content\/uploads\/2023\/03\/micro-switch-of-coffee-machine-1.jpg\" class=\"attachment-full size-full wp-post-image\" alt=\"micro-interrupteur de la machine \u00e0 caf\u00e9\" srcset=\"https:\/\/www.toneluckswitches.com\/wp-content\/uploads\/2023\/03\/micro-switch-of-coffee-machine-1-200x81.jpg 200w, https:\/\/www.toneluckswitches.com\/wp-content\/uploads\/2023\/03\/micro-switch-of-coffee-machine-1-400x162.jpg 400w, https:\/\/www.toneluckswitches.com\/wp-content\/uploads\/2023\/03\/micro-switch-of-coffee-machine-1-600x244.jpg 600w, https:\/\/www.toneluckswitches.com\/wp-content\/uploads\/2023\/03\/micro-switch-of-coffee-machine-1-800x325.jpg 800w, https:\/\/www.toneluckswitches.com\/wp-content\/uploads\/2023\/03\/micro-switch-of-coffee-machine-1.jpg 1000w\" sizes=\"(min-width: 2200px) 100vw, (min-width: 712px) 784px, (min-width: 640px) 712px, \" title=\"\"><div class=\"fusion-rollover\">\n\t<div class=\"fusion-rollover-content\">\n\n\t\t\t\t\t\t\t\t\t\t\t\t\t\t<a class=\"fusion-rollover-link\" href=\"https:\/\/www.toneluckswitches.com\/fr\/micro-interrupteur-de-la-machine-a-cafe\/\">4. Fonction et principe du micro-interrupteur de la machine \u00e0 caf\u00e9<\/a>\n\t\t\t\n\t\t\t\t\t\t\t\t\n\t\t\n\t\t\t\t\t\t\t\t\t\t\t\t<h4 class=\"fusion-rollover-title\">\n\t\t\t\t\t<a class=\"fusion-rollover-title-link\" href=\"https:\/\/www.toneluckswitches.com\/fr\/micro-interrupteur-de-la-machine-a-cafe\/\">\n\t\t\t\t\t\t4. Fonction et principe du micro-interrupteur de la machine \u00e0 caf\u00e9\t\t\t\t\t<\/a>\n\t\t\t\t<\/h4>\n\t\t\t\n\t\t\t\t\t\t\t\t\n\t\t\n\t\t\t\t\t\t<a class=\"fusion-link-wrapper\" href=\"https:\/\/www.toneluckswitches.com\/fr\/micro-interrupteur-de-la-machine-a-cafe\/\" aria-label=\"4. Fonction et principe du micro-interrupteur de la machine \u00e0 caf\u00e9\"><\/a>\n\t<\/div>\n<\/div>\n<\/div>\n<\/li>\n\t\t\t\n\t\t\t\n\t\t\t\t\t\t\t\t\t\t\t\t\t\t\t\t\t\t\t\t\t\t\t\t\t\t\t\t\t\t\t\t\t\t\t\t\t\t\t\t\t\t\t\t\t\t\t\t\t\t\t\t\t\t\t\t\t\t\t\t\t\t\t\t\t\t\t\t<\/ul>\n\t<\/div>\n\t<div class=\"fusion-post-content-wrapper\" style=\"padding:10px 10px 10px 10px; display:none;\"><div class=\"fusion-post-content post-content\"><\/div><\/div><div class=\"fusion-clearfix\"><\/div><\/div>\n<\/article>\n<article id=\"blog-1-post-4201\" class=\"fusion-post-grid post-4201 post type-post status-publish format-standard has-post-thumbnail hentry category-home-appliances\">\n<div class=\"fusion-post-wrapper\" style=\"background-color:rgba(255,255,255,0);border:1px solid #f2f3f5;border-bottom-width:3px;\">\n\n\t\t\t<div class=\"fusion-flexslider flexslider fusion-flexslider-loading fusion-post-slideshow\" style=\"border-color:#f2f3f5;\">\n\t\t<ul class=\"slides\">\n\t\t\t\n\t\t\t\t\t\t\t\t\t\t\t\t\t\t<li><div  class=\"fusion-image-wrapper\" aria-haspopup=\"true\">\n\t\t\t\t<img decoding=\"async\" width=\"800\" height=\"500\" src=\"https:\/\/www.toneluckswitches.com\/wp-content\/uploads\/2023\/03\/What-is-a-submersible-pump-with-float-switch-picture.jpg\" class=\"attachment-full size-full wp-post-image\" alt=\"Qu&#039;est-ce qu&#039;une pompe submersible avec interrupteur \u00e0 flotteur (image)\" srcset=\"https:\/\/www.toneluckswitches.com\/wp-content\/uploads\/2023\/03\/What-is-a-submersible-pump-with-float-switch-picture-200x125.jpg 200w, https:\/\/www.toneluckswitches.com\/wp-content\/uploads\/2023\/03\/What-is-a-submersible-pump-with-float-switch-picture-400x250.jpg 400w, https:\/\/www.toneluckswitches.com\/wp-content\/uploads\/2023\/03\/What-is-a-submersible-pump-with-float-switch-picture-600x375.jpg 600w, https:\/\/www.toneluckswitches.com\/wp-content\/uploads\/2023\/03\/What-is-a-submersible-pump-with-float-switch-picture.jpg 800w\" sizes=\"(min-width: 2200px) 100vw, (min-width: 712px) 784px, (min-width: 640px) 712px, \" title=\"\"><div class=\"fusion-rollover\">\n\t<div class=\"fusion-rollover-content\">\n\n\t\t\t\t\t\t\t\t\t\t\t\t\t\t<a class=\"fusion-rollover-link\" href=\"https:\/\/www.toneluckswitches.com\/fr\/submersible-pump-with-float-switch\/\">D\u00e9couvrons la pompe submersible avec interrupteur \u00e0 flotteur.<\/a>\n\t\t\t\n\t\t\t\t\t\t\t\t\n\t\t\n\t\t\t\t\t\t\t\t\t\t\t\t<h4 class=\"fusion-rollover-title\">\n\t\t\t\t\t<a class=\"fusion-rollover-title-link\" href=\"https:\/\/www.toneluckswitches.com\/fr\/submersible-pump-with-float-switch\/\">\n\t\t\t\t\t\tD\u00e9couvrons la pompe submersible avec interrupteur \u00e0 flotteur.\t\t\t\t\t<\/a>\n\t\t\t\t<\/h4>\n\t\t\t\n\t\t\t\t\t\t\t\t\n\t\t\n\t\t\t\t\t\t<a class=\"fusion-link-wrapper\" href=\"https:\/\/www.toneluckswitches.com\/fr\/submersible-pump-with-float-switch\/\" aria-label=\"D\u00e9couvrons la pompe submersible avec interrupteur \u00e0 flotteur.\"><\/a>\n\t<\/div>\n<\/div>\n<\/div>\n<\/li>\n\t\t\t\n\t\t\t\n\t\t\t\t\t\t\t\t\t\t\t\t\t\t\t\t\t\t\t\t\t\t\t\t\t\t\t\t\t\t\t\t\t\t\t\t\t\t\t\t\t\t\t\t\t\t\t\t\t\t\t\t\t\t\t\t\t\t\t\t\t\t\t\t\t\t\t\t<\/ul>\n\t<\/div>\n\t<div class=\"fusion-post-content-wrapper\" style=\"padding:10px 10px 10px 10px; display:none;\"><div class=\"fusion-post-content post-content\"><\/div><\/div><div class=\"fusion-clearfix\"><\/div><\/div>\n<\/article>\n<div class=\"fusion-clearfix\"><\/div><\/div><div class=\"fusion-infinite-scroll-trigger\"><\/div><div class=\"pagination infinite-scroll clearfix\" style=\"display:none;\"><span class=\"current\">1<\/span><a href=\"https:\/\/www.toneluckswitches.com\/wp-json\/wp\/v2\/pages\/49\/page\/2\/\" class=\"inactive\">2<\/a><a class=\"pagination-next\" rel=\"next\" href=\"https:\/\/www.toneluckswitches.com\/wp-json\/wp\/v2\/pages\/49\/page\/2\/\"><span class=\"page-text\">Suivant<\/span><span class=\"page-next\"><\/span><\/a><\/div><div class=\"fusion-clearfix\"><\/div><button class=\"fusion-load-more-button fusion-blog-button fusion-clearfix\">Charger plus de publications<\/button><\/div><\/div><\/div><\/div><\/div>","protected":false},"excerpt":{"rendered":"","protected":false},"author":1,"featured_media":0,"parent":0,"menu_order":0,"comment_status":"closed","ping_status":"closed","template":"","meta":{"footnotes":""},"class_list":["post-49","page","type-page","status-publish","hentry"],"_links":{"self":[{"href":"https:\/\/www.toneluckswitches.com\/fr\/wp-json\/wp\/v2\/pages\/49","targetHints":{"allow":["GET"]}}],"collection":[{"href":"https:\/\/www.toneluckswitches.com\/fr\/wp-json\/wp\/v2\/pages"}],"about":[{"href":"https:\/\/www.toneluckswitches.com\/fr\/wp-json\/wp\/v2\/types\/page"}],"author":[{"embeddable":true,"href":"https:\/\/www.toneluckswitches.com\/fr\/wp-json\/wp\/v2\/users\/1"}],"replies":[{"embeddable":true,"href":"https:\/\/www.toneluckswitches.com\/fr\/wp-json\/wp\/v2\/comments?post=49"}],"version-history":[{"count":0,"href":"https:\/\/www.toneluckswitches.com\/fr\/wp-json\/wp\/v2\/pages\/49\/revisions"}],"wp:attachment":[{"href":"https:\/\/www.toneluckswitches.com\/fr\/wp-json\/wp\/v2\/media?parent=49"}],"curies":[{"name":"wp","href":"https:\/\/api.w.org\/{rel}","templated":true}]}}