{"id":46,"date":"2021-01-11T07:42:50","date_gmt":"2021-01-11T07:42:50","guid":{"rendered":"https:\/\/www.toneluckswitches.com\/?page_id=46"},"modified":"2022-07-15T08:20:03","modified_gmt":"2022-07-15T08:20:03","slug":"automobile","status":"publish","type":"page","link":"https:\/\/www.toneluckswitches.com\/fr\/automobile\/","title":{"rendered":"Automobile"},"content":{"rendered":"<div class=\"fusion-fullwidth fullwidth-box fusion-builder-row-1 fusion-flex-container nonhundred-percent-fullwidth non-hundred-percent-height-scrolling\" style=\"--awb-border-radius-top-left:0px;--awb-border-radius-top-right:0px;--awb-border-radius-bottom-right:0px;--awb-border-radius-bottom-left:0px;--awb-flex-wrap:wrap;\" ><div class=\"fusion-builder-row fusion-row fusion-flex-align-items-flex-start fusion-flex-content-wrap\" style=\"max-width:1560px;margin-left: calc(-4% \/ 2 );margin-right: calc(-4% \/ 2 );\"><div class=\"fusion-layout-column fusion_builder_column fusion-builder-column-0 fusion_builder_column_1_1 1_1 fusion-flex-column\" style=\"--awb-bg-size:cover;--awb-width-large:100%;--awb-margin-top-large:10px;--awb-spacing-right-large:20px;--awb-margin-bottom-large:10px;--awb-spacing-left-large:20px;--awb-width-medium:100%;--awb-order-medium:0;--awb-spacing-right-medium:20px;--awb-spacing-left-medium:20px;--awb-width-small:100%;--awb-order-small:0;--awb-spacing-right-small:1.92%;--awb-spacing-left-small:1.92%;\"><div class=\"fusion-column-wrapper fusion-column-has-shadow fusion-flex-justify-content-flex-start fusion-content-layout-column\"><div class=\"fusion-text fusion-text-1\"><p>Les interrupteurs Toneluck sont largement utilis\u00e9s dans l&#039;industrie automobile, notamment pour les portes lat\u00e9rales et arri\u00e8re, les verrous de capot, les syst\u00e8mes d&#039;\u00e9clairage, les leviers de vitesse, les si\u00e8ges, etc. Nous avons les <a href=\"https:\/\/www.iso.org\/iso-14001-environmental-management.html\" target=\"_blank\" rel=\"noopener\">ISO 14001<\/a> Nous poss\u00e9dons les certifications TS16949 pour la production de pi\u00e8ces automobiles. Par ailleurs, nous b\u00e9n\u00e9ficions d&#039;une longue exp\u00e9rience dans le contr\u00f4le qualit\u00e9 des commutateurs et la recherche et le d\u00e9veloppement de pi\u00e8ces automobiles d&#039;origine.<\/p>\n<\/div><div class=\"fusion-text fusion-text-2\"><p>Toneluck s&#039;est impos\u00e9e comme un fournisseur asiatique de premier plan sur le march\u00e9 des composants haut de gamme et est devenue une marque de renomm\u00e9e mondiale. Nous fournissons de nombreux clients prestigieux du secteur automobile, tels que Brose, Continental, Bitron, Kiekert, BAIC Motor, etc., qui sont nos clients directs. Par ailleurs, nous fournissons \u00e9galement des clients finaux comme Volkswagen, Volvo, Land Rover, BYD, Maserati, Ford, GM, Toyota, et bien d&#039;autres.<\/p>\n<\/div><div class=\"fusion-image-element\" style=\"text-align:left;--awb-caption-title-font-family:var(--h2_typography-font-family);--awb-caption-title-font-weight:var(--h2_typography-font-weight);--awb-caption-title-font-style:var(--h2_typography-font-style);--awb-caption-title-size:var(--h2_typography-font-size);--awb-caption-title-transform:var(--h2_typography-text-transform);--awb-caption-title-line-height:var(--h2_typography-line-height);--awb-caption-title-letter-spacing:var(--h2_typography-letter-spacing);\"><span class=\"fusion-imageframe imageframe-none imageframe-1 hover-type-none\"><img decoding=\"async\" width=\"1000\" height=\"417\" alt=\"industrie automobile\" title=\"industrie automobile\" src=\"https:\/\/www.toneluckswitches.com\/wp-content\/uploads\/2021\/09\/Automotive-industry.jpg\" class=\"img-responsive wp-image-2054\" srcset=\"https:\/\/www.toneluckswitches.com\/wp-content\/uploads\/2021\/09\/Automotive-industry-200x83.jpg 200w, https:\/\/www.toneluckswitches.com\/wp-content\/uploads\/2021\/09\/Automotive-industry-400x167.jpg 400w, https:\/\/www.toneluckswitches.com\/wp-content\/uploads\/2021\/09\/Automotive-industry-600x250.jpg 600w, https:\/\/www.toneluckswitches.com\/wp-content\/uploads\/2021\/09\/Automotive-industry-800x334.jpg 800w, https:\/\/www.toneluckswitches.com\/wp-content\/uploads\/2021\/09\/Automotive-industry.jpg 1000w\" sizes=\"(max-width: 640px) 100vw, 1000px\" \/><\/span><\/div><div class=\"fusion-separator fusion-full-width-sep\" style=\"align-self: center;margin-left: auto;margin-right: auto;margin-top:20px;margin-bottom:20px;width:100%;\"><\/div><div class=\"fusion-separator fusion-full-width-sep\" style=\"align-self: center;margin-left: auto;margin-right: auto;margin-top:10px;width:100%;\"><\/div><div class=\"fusion-blog-shortcode fusion-blog-shortcode-1 fusion-blog-archive fusion-blog-layout-grid-wrapper fusion-blog-infinite fusion-blog-layout-center\"><style type=\"text\/css\">.fusion-blog-shortcode-1 .fusion-blog-layout-grid .fusion-post-grid{padding:20px;}.fusion-blog-shortcode-1 .fusion-posts-container{margin-left: -20px !important; margin-right:-20px !important;}<\/style><div class=\"fusion-posts-container fusion-posts-container-infinite fusion-posts-container-load-more fusion-no-meta-info fusion-blog-rollover fusion-blog-layout-grid fusion-blog-layout-grid-2 isotope fusion-blog-equal-heights\" data-pages=\"3\" data-grid-col-space=\"40\" style=\"margin: -20px -20px 0;min-height:500px;\"><article id=\"blog-1-post-5754\" class=\"fusion-post-grid post-5754 post type-post status-publish format-standard has-post-thumbnail hentry category-automotive tag-mqs-9a-series-micro-switch\">\n<div class=\"fusion-post-wrapper\" style=\"background-color:rgba(255,255,255,0);border:1px solid #f2f3f5;border-bottom-width:3px;\">\n\n\t\t\t<div class=\"fusion-flexslider flexslider fusion-flexslider-loading fusion-post-slideshow\" style=\"border-color:#f2f3f5;\">\n\t\t<ul class=\"slides\">\n\t\t\t\n\t\t\t\t\t\t\t\t\t\t\t\t\t\t<li><div  class=\"fusion-image-wrapper\" aria-haspopup=\"true\">\n\t\t\t\t<img decoding=\"async\" width=\"800\" height=\"800\" src=\"https:\/\/www.toneluckswitches.com\/wp-content\/uploads\/2026\/04\/TONELUCK-MQS-9A-Waterproof-Micro-Switches.jpg\" class=\"attachment-full size-full wp-post-image\" alt=\"\" srcset=\"https:\/\/www.toneluckswitches.com\/wp-content\/uploads\/2026\/04\/TONELUCK-MQS-9A-Waterproof-Micro-Switches-200x200.jpg 200w, https:\/\/www.toneluckswitches.com\/wp-content\/uploads\/2026\/04\/TONELUCK-MQS-9A-Waterproof-Micro-Switches-400x400.jpg 400w, https:\/\/www.toneluckswitches.com\/wp-content\/uploads\/2026\/04\/TONELUCK-MQS-9A-Waterproof-Micro-Switches-600x600.jpg 600w, https:\/\/www.toneluckswitches.com\/wp-content\/uploads\/2026\/04\/TONELUCK-MQS-9A-Waterproof-Micro-Switches.jpg 800w\" sizes=\"(min-width: 2200px) 100vw, (min-width: 712px) 784px, (min-width: 640px) 712px, \" title=\"\"><div class=\"fusion-rollover\">\n\t<div class=\"fusion-rollover-content\">\n\n\t\t\t\t\t\t\t\t\t\t\t\t\t\t<a class=\"fusion-rollover-link\" href=\"https:\/\/www.toneluckswitches.com\/fr\/automotive-reliability-with-toneluck-mqs-9a-waterproof-micro-switches\/\">Article d&#039;application\u00a0: Am\u00e9liorer la fiabilit\u00e9 automobile gr\u00e2ce aux micro-interrupteurs \u00e9tanches TONELUCK MQS-9A<\/a>\n\t\t\t\n\t\t\t\t\t\t\t\t\n\t\t\n\t\t\t\t\t\t\t\t\t\t\t\t<h4 class=\"fusion-rollover-title\">\n\t\t\t\t\t<a class=\"fusion-rollover-title-link\" href=\"https:\/\/www.toneluckswitches.com\/fr\/automotive-reliability-with-toneluck-mqs-9a-waterproof-micro-switches\/\">\n\t\t\t\t\t\tArticle d&#039;application\u00a0: Am\u00e9liorer la fiabilit\u00e9 automobile gr\u00e2ce aux micro-interrupteurs \u00e9tanches TONELUCK MQS-9A\t\t\t\t\t<\/a>\n\t\t\t\t<\/h4>\n\t\t\t\n\t\t\t\t\t\t\t\t\n\t\t\n\t\t\t\t\t\t<a class=\"fusion-link-wrapper\" href=\"https:\/\/www.toneluckswitches.com\/fr\/automotive-reliability-with-toneluck-mqs-9a-waterproof-micro-switches\/\" aria-label=\"Article d&#039;application\u00a0: Am\u00e9liorer la fiabilit\u00e9 automobile gr\u00e2ce aux micro-interrupteurs \u00e9tanches TONELUCK MQS-9A\"><\/a>\n\t<\/div>\n<\/div>\n<\/div>\n<\/li>\n\t\t\t\n\t\t\t\n\t\t\t\t\t\t\t\t\t\t\t\t\t\t\t\t\t\t\t\t\t\t\t\t\t\t\t\t\t\t\t\t\t\t\t\t\t\t\t\t\t\t\t\t\t\t\t\t\t\t\t\t\t\t\t\t\t\t\t\t\t\t\t\t\t\t\t\t<\/ul>\n\t<\/div>\n\t<div class=\"fusion-post-content-wrapper\" style=\"padding:10px 10px 10px 10px; display:none;\"><div class=\"fusion-post-content post-content\"><\/div><\/div><div class=\"fusion-clearfix\"><\/div><\/div>\n<\/article>\n<article id=\"blog-1-post-5620\" class=\"fusion-post-grid post-5620 post type-post status-publish format-standard has-post-thumbnail hentry category-automotive\">\n<div class=\"fusion-post-wrapper\" style=\"background-color:rgba(255,255,255,0);border:1px solid #f2f3f5;border-bottom-width:3px;\">\n\n\t\t\t<div class=\"fusion-flexslider flexslider fusion-flexslider-loading fusion-post-slideshow\" style=\"border-color:#f2f3f5;\">\n\t\t<ul class=\"slides\">\n\t\t\t\n\t\t\t\t\t\t\t\t\t\t\t\t\t\t<li><div  class=\"fusion-image-wrapper\" aria-haspopup=\"true\">\n\t\t\t\t<img decoding=\"async\" width=\"800\" height=\"533\" src=\"https:\/\/www.toneluckswitches.com\/wp-content\/uploads\/2025\/03\/D6-Door-Switch-for-Dryer.jpg\" class=\"attachment-full size-full wp-post-image\" alt=\"\" srcset=\"https:\/\/www.toneluckswitches.com\/wp-content\/uploads\/2025\/03\/D6-Door-Switch-for-Dryer-200x133.jpg 200w, https:\/\/www.toneluckswitches.com\/wp-content\/uploads\/2025\/03\/D6-Door-Switch-for-Dryer-400x267.jpg 400w, https:\/\/www.toneluckswitches.com\/wp-content\/uploads\/2025\/03\/D6-Door-Switch-for-Dryer-600x400.jpg 600w, https:\/\/www.toneluckswitches.com\/wp-content\/uploads\/2025\/03\/D6-Door-Switch-for-Dryer.jpg 800w\" sizes=\"(min-width: 2200px) 100vw, (min-width: 712px) 784px, (min-width: 640px) 712px, \" title=\"\"><div class=\"fusion-rollover\">\n\t<div class=\"fusion-rollover-content\">\n\n\t\t\t\t\t\t\t\t\t\t\t\t\t\t<a class=\"fusion-rollover-link\" href=\"https:\/\/www.toneluckswitches.com\/fr\/la-serie-dinterrupteurs-de-porte-toneluck-d6-est-un-controle-essentiel-pour-les-operations-sur-bornes-de-recharge\/\">La s\u00e9rie d&#039;interrupteurs de porte Toneluck D6\u00a0: un contr\u00f4le essentiel pour les op\u00e9rations de recharge.<\/a>\n\t\t\t\n\t\t\t\t\t\t\t\t\n\t\t\n\t\t\t\t\t\t\t\t\t\t\t\t<h4 class=\"fusion-rollover-title\">\n\t\t\t\t\t<a class=\"fusion-rollover-title-link\" href=\"https:\/\/www.toneluckswitches.com\/fr\/la-serie-dinterrupteurs-de-porte-toneluck-d6-est-un-controle-essentiel-pour-les-operations-sur-bornes-de-recharge\/\">\n\t\t\t\t\t\tLa s\u00e9rie d&#039;interrupteurs de porte Toneluck D6\u00a0: un contr\u00f4le essentiel pour les op\u00e9rations de recharge.\t\t\t\t\t<\/a>\n\t\t\t\t<\/h4>\n\t\t\t\n\t\t\t\t\t\t\t\t\n\t\t\n\t\t\t\t\t\t<a class=\"fusion-link-wrapper\" href=\"https:\/\/www.toneluckswitches.com\/fr\/la-serie-dinterrupteurs-de-porte-toneluck-d6-est-un-controle-essentiel-pour-les-operations-sur-bornes-de-recharge\/\" aria-label=\"La s\u00e9rie d&#039;interrupteurs de porte Toneluck D6\u00a0: un contr\u00f4le essentiel pour les op\u00e9rations de recharge.\"><\/a>\n\t<\/div>\n<\/div>\n<\/div>\n<\/li>\n\t\t\t\n\t\t\t\n\t\t\t\t\t\t\t\t\t\t\t\t\t\t\t\t\t\t\t\t\t\t\t\t\t\t\t\t\t\t\t\t\t\t\t\t\t\t\t\t\t\t\t\t\t\t\t\t\t\t\t\t\t\t\t\t\t\t\t\t\t\t\t\t\t\t\t\t<\/ul>\n\t<\/div>\n\t<div class=\"fusion-post-content-wrapper\" style=\"padding:10px 10px 10px 10px; display:none;\"><div class=\"fusion-post-content post-content\"><\/div><\/div><div class=\"fusion-clearfix\"><\/div><\/div>\n<\/article>\n<article id=\"blog-1-post-5611\" class=\"fusion-post-grid post-5611 post type-post status-publish format-standard has-post-thumbnail hentry category-automotive\">\n<div class=\"fusion-post-wrapper\" style=\"background-color:rgba(255,255,255,0);border:1px solid #f2f3f5;border-bottom-width:3px;\">\n\n\t\t\t<div class=\"fusion-flexslider flexslider fusion-flexslider-loading fusion-post-slideshow\" style=\"border-color:#f2f3f5;\">\n\t\t<ul class=\"slides\">\n\t\t\t\n\t\t\t\t\t\t\t\t\t\t\t\t\t\t<li><div  class=\"fusion-image-wrapper\" aria-haspopup=\"true\">\n\t\t\t\t<img decoding=\"async\" width=\"442\" height=\"217\" src=\"https:\/\/www.toneluckswitches.com\/wp-content\/uploads\/2025\/03\/20250312093010.png\" class=\"attachment-full size-full wp-post-image\" alt=\"\" srcset=\"https:\/\/www.toneluckswitches.com\/wp-content\/uploads\/2025\/03\/20250312093010-200x98.png 200w, https:\/\/www.toneluckswitches.com\/wp-content\/uploads\/2025\/03\/20250312093010-400x196.png 400w, https:\/\/www.toneluckswitches.com\/wp-content\/uploads\/2025\/03\/20250312093010.png 442w\" sizes=\"(min-width: 2200px) 100vw, (min-width: 712px) 784px, (min-width: 640px) 712px, \" title=\"\"><div class=\"fusion-rollover\">\n\t<div class=\"fusion-rollover-content\">\n\n\t\t\t\t\t\t\t\t\t\t\t\t\t\t<a class=\"fusion-rollover-link\" href=\"https:\/\/www.toneluckswitches.com\/fr\/interrupteur-a-glissiere-toneluck-mqs-9b\/\">Micro-interrupteur coulissant Toneluck MQS-9B<\/a>\n\t\t\t\n\t\t\t\t\t\t\t\t\n\t\t\n\t\t\t\t\t\t\t\t\t\t\t\t<h4 class=\"fusion-rollover-title\">\n\t\t\t\t\t<a class=\"fusion-rollover-title-link\" href=\"https:\/\/www.toneluckswitches.com\/fr\/interrupteur-a-glissiere-toneluck-mqs-9b\/\">\n\t\t\t\t\t\tMicro-interrupteur coulissant Toneluck MQS-9B\t\t\t\t\t<\/a>\n\t\t\t\t<\/h4>\n\t\t\t\n\t\t\t\t\t\t\t\t\n\t\t\n\t\t\t\t\t\t<a class=\"fusion-link-wrapper\" href=\"https:\/\/www.toneluckswitches.com\/fr\/interrupteur-a-glissiere-toneluck-mqs-9b\/\" aria-label=\"Micro-interrupteur coulissant Toneluck MQS-9B\"><\/a>\n\t<\/div>\n<\/div>\n<\/div>\n<\/li>\n\t\t\t\n\t\t\t\n\t\t\t\t\t\t\t\t\t\t\t\t\t\t\t\t\t\t\t\t\t\t\t\t\t\t\t\t\t\t\t\t\t\t\t\t\t\t\t\t\t\t\t\t\t\t\t\t\t\t\t\t\t\t\t\t\t\t\t\t\t\t\t\t\t\t\t\t<\/ul>\n\t<\/div>\n\t<div class=\"fusion-post-content-wrapper\" style=\"padding:10px 10px 10px 10px; display:none;\"><div class=\"fusion-post-content post-content\"><\/div><\/div><div class=\"fusion-clearfix\"><\/div><\/div>\n<\/article>\n<article id=\"blog-1-post-5595\" class=\"fusion-post-grid post-5595 post type-post status-publish format-standard has-post-thumbnail hentry category-automotive category-technical-news tag-toneluck-switch\">\n<div class=\"fusion-post-wrapper\" style=\"background-color:rgba(255,255,255,0);border:1px solid #f2f3f5;border-bottom-width:3px;\">\n\n\t\t\t<div class=\"fusion-flexslider flexslider fusion-flexslider-loading fusion-post-slideshow\" style=\"border-color:#f2f3f5;\">\n\t\t<ul class=\"slides\">\n\t\t\t\n\t\t\t\t\t\t\t\t\t\t\t\t\t\t<li><div  class=\"fusion-image-wrapper\" aria-haspopup=\"true\">\n\t\t\t\t<img decoding=\"async\" width=\"358\" height=\"226\" src=\"https:\/\/www.toneluckswitches.com\/wp-content\/uploads\/2025\/03\/s3.jpg\" class=\"attachment-full size-full wp-post-image\" alt=\"\" srcset=\"https:\/\/www.toneluckswitches.com\/wp-content\/uploads\/2025\/03\/s3-200x126.jpg 200w, https:\/\/www.toneluckswitches.com\/wp-content\/uploads\/2025\/03\/s3.jpg 358w\" sizes=\"(min-width: 2200px) 100vw, (min-width: 712px) 784px, (min-width: 640px) 712px, \" title=\"\"><div class=\"fusion-rollover\">\n\t<div class=\"fusion-rollover-content\">\n\n\t\t\t\t\t\t\t\t\t\t\t\t\t\t<a class=\"fusion-rollover-link\" href=\"https:\/\/www.toneluckswitches.com\/fr\/le-micro-interrupteur-toneluck-s3-est-un-choix-haute-performance-pour-les-systemes-de-reglage-des-sieges-automobiles\/\">Micro-interrupteur Toneluck S3\u00a0: un choix haute performance pour les syst\u00e8mes de r\u00e9glage des si\u00e8ges automobiles<\/a>\n\t\t\t\n\t\t\t\t\t\t\t\t\n\t\t\n\t\t\t\t\t\t\t\t\t\t\t\t<h4 class=\"fusion-rollover-title\">\n\t\t\t\t\t<a class=\"fusion-rollover-title-link\" href=\"https:\/\/www.toneluckswitches.com\/fr\/le-micro-interrupteur-toneluck-s3-est-un-choix-haute-performance-pour-les-systemes-de-reglage-des-sieges-automobiles\/\">\n\t\t\t\t\t\tMicro-interrupteur Toneluck S3\u00a0: un choix haute performance pour les syst\u00e8mes de r\u00e9glage des si\u00e8ges automobiles\t\t\t\t\t<\/a>\n\t\t\t\t<\/h4>\n\t\t\t\n\t\t\t\t\t\t\t\t\n\t\t\n\t\t\t\t\t\t<a class=\"fusion-link-wrapper\" href=\"https:\/\/www.toneluckswitches.com\/fr\/le-micro-interrupteur-toneluck-s3-est-un-choix-haute-performance-pour-les-systemes-de-reglage-des-sieges-automobiles\/\" aria-label=\"Micro-interrupteur Toneluck S3\u00a0: un choix haute performance pour les syst\u00e8mes de r\u00e9glage des si\u00e8ges automobiles\"><\/a>\n\t<\/div>\n<\/div>\n<\/div>\n<\/li>\n\t\t\t\n\t\t\t\n\t\t\t\t\t\t\t\t\t\t\t\t\t\t\t\t\t\t\t\t\t\t\t\t\t\t\t\t\t\t\t\t\t\t\t\t\t\t\t\t\t\t\t\t\t\t\t\t\t\t\t\t\t\t\t\t\t\t\t\t\t\t\t\t\t\t\t\t<\/ul>\n\t<\/div>\n\t<div class=\"fusion-post-content-wrapper\" style=\"padding:10px 10px 10px 10px; display:none;\"><div class=\"fusion-post-content post-content\"><\/div><\/div><div class=\"fusion-clearfix\"><\/div><\/div>\n<\/article>\n<div class=\"fusion-clearfix\"><\/div><\/div><div class=\"fusion-infinite-scroll-trigger\"><\/div><div class=\"pagination infinite-scroll clearfix\" style=\"display:none;\"><span class=\"current\">1<\/span><a href=\"https:\/\/www.toneluckswitches.com\/wp-json\/wp\/v2\/pages\/46\/page\/2\/\" class=\"inactive\">2<\/a><a class=\"pagination-next\" rel=\"next\" href=\"https:\/\/www.toneluckswitches.com\/wp-json\/wp\/v2\/pages\/46\/page\/2\/\"><span class=\"page-text\">Suivant<\/span><span class=\"page-next\"><\/span><\/a><\/div><div class=\"fusion-clearfix\"><\/div><button class=\"fusion-load-more-button fusion-blog-button fusion-clearfix\">Charger plus de publications<\/button><\/div><\/div><\/div><\/div><\/div>","protected":false},"excerpt":{"rendered":"","protected":false},"author":1,"featured_media":0,"parent":0,"menu_order":0,"comment_status":"closed","ping_status":"closed","template":"","meta":{"footnotes":""},"class_list":["post-46","page","type-page","status-publish","hentry"],"_links":{"self":[{"href":"https:\/\/www.toneluckswitches.com\/fr\/wp-json\/wp\/v2\/pages\/46","targetHints":{"allow":["GET"]}}],"collection":[{"href":"https:\/\/www.toneluckswitches.com\/fr\/wp-json\/wp\/v2\/pages"}],"about":[{"href":"https:\/\/www.toneluckswitches.com\/fr\/wp-json\/wp\/v2\/types\/page"}],"author":[{"embeddable":true,"href":"https:\/\/www.toneluckswitches.com\/fr\/wp-json\/wp\/v2\/users\/1"}],"replies":[{"embeddable":true,"href":"https:\/\/www.toneluckswitches.com\/fr\/wp-json\/wp\/v2\/comments?post=46"}],"version-history":[{"count":2,"href":"https:\/\/www.toneluckswitches.com\/fr\/wp-json\/wp\/v2\/pages\/46\/revisions"}],"predecessor-version":[{"id":2466,"href":"https:\/\/www.toneluckswitches.com\/fr\/wp-json\/wp\/v2\/pages\/46\/revisions\/2466"}],"wp:attachment":[{"href":"https:\/\/www.toneluckswitches.com\/fr\/wp-json\/wp\/v2\/media?parent=46"}],"curies":[{"name":"wp","href":"https:\/\/api.w.org\/{rel}","templated":true}]}}