{"id":455,"date":"2021-01-26T02:58:59","date_gmt":"2021-01-26T02:58:59","guid":{"rendered":"https:\/\/www.toneluckswitches.com\/?page_id=455"},"modified":"2021-01-26T02:58:59","modified_gmt":"2021-01-26T02:58:59","slug":"interrupteurs-electriques-a-bouton-poussoir-pba","status":"publish","type":"page","link":"https:\/\/www.toneluckswitches.com\/fr\/interrupteurs-electriques-a-bouton-poussoir-pba\/","title":{"rendered":"Interrupteurs \u00e9lectriques \u00e0 bouton-poussoir PBA"},"content":{"rendered":"<div class=\"fusion-fullwidth fullwidth-box fusion-builder-row-1 fusion-flex-container nonhundred-percent-fullwidth non-hundred-percent-height-scrolling\" style=\"--awb-border-radius-top-left:0px;--awb-border-radius-top-right:0px;--awb-border-radius-bottom-right:0px;--awb-border-radius-bottom-left:0px;--awb-flex-wrap:wrap;\" ><div class=\"fusion-builder-row fusion-row fusion-flex-align-items-flex-start fusion-flex-content-wrap\" style=\"max-width:1560px;margin-left: calc(-4% \/ 2 );margin-right: calc(-4% \/ 2 );\"><div class=\"fusion-layout-column fusion_builder_column fusion-builder-column-0 fusion_builder_column_1_1 1_1 fusion-flex-column\" style=\"--awb-bg-size:cover;--awb-width-large:100%;--awb-margin-top-large:10px;--awb-spacing-right-large:1.92%;--awb-margin-bottom-large:10px;--awb-spacing-left-large:1.92%;--awb-width-medium:100%;--awb-order-medium:0;--awb-spacing-right-medium:1.92%;--awb-spacing-left-medium:1.92%;--awb-width-small:100%;--awb-order-small:0;--awb-spacing-right-small:1.92%;--awb-spacing-left-small:1.92%;\"><div class=\"fusion-column-wrapper fusion-column-has-shadow fusion-flex-justify-content-flex-start fusion-content-layout-column\"><style type=\"text\/css\">.fusion-portfolio-wrapper#fusion-portfolio-1 .fusion-portfolio-content{ padding: 10px 10px 10px 10px; text-align: center; }<\/style><div class=\"fusion-recent-works fusion-portfolio-element fusion-portfolio fusion-portfolio-1 fusion-portfolio-grid fusion-portfolio-paging-load-more-button fusion-portfolio-four fusion-portfolio-boxed fusion-portfolio-text fusion-portfolio-equal-heights fusion-portfolio-rollover\" data-id=\"-rw-1\" data-columns=\"four\"><style type=\"text\/css\">.fusion-portfolio-1 .fusion-portfolio-wrapper .fusion-col-spacing{padding:5px;}<\/style><div class=\"fusion-portfolio-wrapper\" id=\"fusion-portfolio-1\" data-picturesize=\"auto\" data-pages=\"1\" style=\"margin:-5px;\"><article id=\"portfolio-1-post-3446\" class=\"fusion-portfolio-post pba-push-button-electrical-switches fusion-col-spacing post-3446\"><div class=\"fusion-portfolio-content-wrapper\" style=\"border:1px solid #f2f3f5;border-bottom-width:3px;background-color:rgba(255,255,255,0);\"><span class=\"vcard rich-snippet-hidden\"><span class=\"fn\"><a href=\"https:\/\/www.toneluckswitches.com\/fr\/author\/toneluckadmin\/\" title=\"Articles par ToneLuckAdmin\" rel=\"author\">ToneLuckAdmin<\/a><\/span><\/span><span class=\"updated rich-snippet-hidden\">2023-02-10T09:02:09+00:00<\/span><div  class=\"fusion-image-wrapper\" aria-haspopup=\"true\">\n\t\t\t\t<img decoding=\"async\" width=\"800\" height=\"800\" src=\"https:\/\/www.toneluckswitches.com\/wp-content\/uploads\/2023\/01\/Mechanical-Push-Button-Switch-12-Pin-4-Pole-Self-Lock-5.jpg\" class=\"attachment-full size-full wp-post-image\" alt=\"Interrupteur \u00e0 bouton-poussoir m\u00e9canique 12 broches 4 p\u00f4les autobloquant (5)\" srcset=\"https:\/\/www.toneluckswitches.com\/wp-content\/uploads\/2023\/01\/Mechanical-Push-Button-Switch-12-Pin-4-Pole-Self-Lock-5-200x200.jpg 200w, https:\/\/www.toneluckswitches.com\/wp-content\/uploads\/2023\/01\/Mechanical-Push-Button-Switch-12-Pin-4-Pole-Self-Lock-5-400x400.jpg 400w, https:\/\/www.toneluckswitches.com\/wp-content\/uploads\/2023\/01\/Mechanical-Push-Button-Switch-12-Pin-4-Pole-Self-Lock-5-600x600.jpg 600w, https:\/\/www.toneluckswitches.com\/wp-content\/uploads\/2023\/01\/Mechanical-Push-Button-Switch-12-Pin-4-Pole-Self-Lock-5.jpg 800w\" sizes=\"(min-width: 2200px) 100vw, (min-width: 856px) 368px, (min-width: 784px) 490px, (min-width: 712px) 784px, (min-width: 640px) 712px, \" title=\"\"><div class=\"fusion-rollover\">\n\t<div class=\"fusion-rollover-content\">\n\n\t\t\t\t\t\t\t\t\t\t\t\t\t\t<a class=\"fusion-rollover-link\" href=\"https:\/\/www.toneluckswitches.com\/fr\/produit\/mechanical-push-button-switch\/\">Interrupteur \u00e0 bouton-poussoir m\u00e9canique 12 broches 4 p\u00f4les autobloquant<\/a>\n\t\t\t\n\t\t\t\t\t\t\t\t\n\t\t\n\t\t\t\t\t\t\t\t\t\t\t\t<h4 class=\"fusion-rollover-title\">\n\t\t\t\t\t<a class=\"fusion-rollover-title-link\" href=\"https:\/\/www.toneluckswitches.com\/fr\/produit\/mechanical-push-button-switch\/\">\n\t\t\t\t\t\tInterrupteur \u00e0 bouton-poussoir m\u00e9canique 12 broches 4 p\u00f4les autobloquant\t\t\t\t\t<\/a>\n\t\t\t\t<\/h4>\n\t\t\t\n\t\t\t\t\t\t\t\t\n\t\t\n\t\t\t\t\t\t<a class=\"fusion-link-wrapper\" href=\"https:\/\/www.toneluckswitches.com\/fr\/produit\/mechanical-push-button-switch\/\" aria-label=\"Interrupteur \u00e0 bouton-poussoir m\u00e9canique 12 broches 4 p\u00f4les autobloquant\"><\/a>\n\t<\/div>\n<\/div>\n<\/div>\n<div class=\"fusion-portfolio-content\" style=\"background-color:rgba(255,255,255,0);\"><h2 class=\"entry-title fusion-post-title\"><a href=\"https:\/\/www.toneluckswitches.com\/fr\/produit\/mechanical-push-button-switch\/\">Interrupteur \u00e0 bouton-poussoir m\u00e9canique 12 broches 4 p\u00f4les autobloquant<\/a><\/h2><div class=\"fusion-post-content\"><\/div><\/div><\/div><\/article><article id=\"portfolio-1-post-2773\" class=\"fusion-portfolio-post pba-push-button-electrical-switches fusion-col-spacing post-2773\"><div class=\"fusion-portfolio-content-wrapper\" style=\"border:1px solid #f2f3f5;border-bottom-width:3px;background-color:rgba(255,255,255,0);\"><span class=\"vcard rich-snippet-hidden\"><span class=\"fn\"><a href=\"https:\/\/www.toneluckswitches.com\/fr\/author\/toneluckadmin\/\" title=\"Articles par ToneLuckAdmin\" rel=\"author\">ToneLuckAdmin<\/a><\/span><\/span><span class=\"updated rich-snippet-hidden\">2022-09-06T08:59:48+00:00<\/span><div  class=\"fusion-image-wrapper\" aria-haspopup=\"true\">\n\t\t\t\t<img decoding=\"async\" width=\"800\" height=\"800\" src=\"https:\/\/www.toneluckswitches.com\/wp-content\/uploads\/2022\/09\/Push-Button-Momentary-Switch-DPDT-1A-25VDC-6.jpg\" class=\"attachment-full size-full wp-post-image\" alt=\"Interrupteur momentan\u00e9 \u00e0 bouton-poussoir DPDT 1A 25VDC (6)\" srcset=\"https:\/\/www.toneluckswitches.com\/wp-content\/uploads\/2022\/09\/Push-Button-Momentary-Switch-DPDT-1A-25VDC-6-200x200.jpg 200w, https:\/\/www.toneluckswitches.com\/wp-content\/uploads\/2022\/09\/Push-Button-Momentary-Switch-DPDT-1A-25VDC-6-400x400.jpg 400w, https:\/\/www.toneluckswitches.com\/wp-content\/uploads\/2022\/09\/Push-Button-Momentary-Switch-DPDT-1A-25VDC-6-600x600.jpg 600w, https:\/\/www.toneluckswitches.com\/wp-content\/uploads\/2022\/09\/Push-Button-Momentary-Switch-DPDT-1A-25VDC-6.jpg 800w\" sizes=\"(min-width: 2200px) 100vw, (min-width: 856px) 368px, (min-width: 784px) 490px, (min-width: 712px) 784px, (min-width: 640px) 712px, \" title=\"\"><div class=\"fusion-rollover\">\n\t<div class=\"fusion-rollover-content\">\n\n\t\t\t\t\t\t\t\t\t\t\t\t\t\t<a class=\"fusion-rollover-link\" href=\"https:\/\/www.toneluckswitches.com\/fr\/produit\/push-button-momentary-switch\/\">Interrupteur momentan\u00e9 \u00e0 bouton-poussoir DPDT 1 A 25 V CC<\/a>\n\t\t\t\n\t\t\t\t\t\t\t\t\n\t\t\n\t\t\t\t\t\t\t\t\t\t\t\t<h4 class=\"fusion-rollover-title\">\n\t\t\t\t\t<a class=\"fusion-rollover-title-link\" href=\"https:\/\/www.toneluckswitches.com\/fr\/produit\/push-button-momentary-switch\/\">\n\t\t\t\t\t\tInterrupteur momentan\u00e9 \u00e0 bouton-poussoir DPDT 1 A 25 V CC\t\t\t\t\t<\/a>\n\t\t\t\t<\/h4>\n\t\t\t\n\t\t\t\t\t\t\t\t\n\t\t\n\t\t\t\t\t\t<a class=\"fusion-link-wrapper\" href=\"https:\/\/www.toneluckswitches.com\/fr\/produit\/push-button-momentary-switch\/\" aria-label=\"Interrupteur momentan\u00e9 \u00e0 bouton-poussoir DPDT 1 A 25 V CC\"><\/a>\n\t<\/div>\n<\/div>\n<\/div>\n<div class=\"fusion-portfolio-content\" style=\"background-color:rgba(255,255,255,0);\"><h2 class=\"entry-title fusion-post-title\"><a href=\"https:\/\/www.toneluckswitches.com\/fr\/produit\/push-button-momentary-switch\/\">Interrupteur momentan\u00e9 \u00e0 bouton-poussoir DPDT 1 A 25 V CC<\/a><\/h2><div class=\"fusion-post-content\"><\/div><\/div><\/div><\/article><article id=\"portfolio-1-post-2735\" class=\"fusion-portfolio-post pba-push-button-electrical-switches fusion-col-spacing post-2735\"><div class=\"fusion-portfolio-content-wrapper\" style=\"border:1px solid #f2f3f5;border-bottom-width:3px;background-color:rgba(255,255,255,0);\"><span class=\"vcard rich-snippet-hidden\"><span class=\"fn\"><a href=\"https:\/\/www.toneluckswitches.com\/fr\/author\/toneluckadmin\/\" title=\"Articles par ToneLuckAdmin\" rel=\"author\">ToneLuckAdmin<\/a><\/span><\/span><span class=\"updated rich-snippet-hidden\">2023-02-10T08:45:08+00:00<\/span><div  class=\"fusion-image-wrapper\" aria-haspopup=\"true\">\n\t\t\t\t<img decoding=\"async\" width=\"800\" height=\"800\" src=\"https:\/\/www.toneluckswitches.com\/wp-content\/uploads\/2022\/08\/PCB-Push-Button-Switch-2P-6-Terminal-Self-Lock-2.jpg\" class=\"attachment-full size-full wp-post-image\" alt=\"Interrupteur \u00e0 bouton-poussoir pour circuit imprim\u00e9 2P 6 bornes \u00e0 verrouillage automatique (2)\" srcset=\"https:\/\/www.toneluckswitches.com\/wp-content\/uploads\/2022\/08\/PCB-Push-Button-Switch-2P-6-Terminal-Self-Lock-2-200x200.jpg 200w, https:\/\/www.toneluckswitches.com\/wp-content\/uploads\/2022\/08\/PCB-Push-Button-Switch-2P-6-Terminal-Self-Lock-2-400x400.jpg 400w, https:\/\/www.toneluckswitches.com\/wp-content\/uploads\/2022\/08\/PCB-Push-Button-Switch-2P-6-Terminal-Self-Lock-2-600x600.jpg 600w, https:\/\/www.toneluckswitches.com\/wp-content\/uploads\/2022\/08\/PCB-Push-Button-Switch-2P-6-Terminal-Self-Lock-2.jpg 800w\" sizes=\"(min-width: 2200px) 100vw, (min-width: 856px) 368px, (min-width: 784px) 490px, (min-width: 712px) 784px, (min-width: 640px) 712px, \" title=\"\"><div class=\"fusion-rollover\">\n\t<div class=\"fusion-rollover-content\">\n\n\t\t\t\t\t\t\t\t\t\t\t\t\t\t<a class=\"fusion-rollover-link\" href=\"https:\/\/www.toneluckswitches.com\/fr\/produit\/pcb-push-button-switch\/\">Interrupteur \u00e0 bouton-poussoir pour circuit imprim\u00e9, 2P, 6 bornes, autobloquant<\/a>\n\t\t\t\n\t\t\t\t\t\t\t\t\n\t\t\n\t\t\t\t\t\t\t\t\t\t\t\t<h4 class=\"fusion-rollover-title\">\n\t\t\t\t\t<a class=\"fusion-rollover-title-link\" href=\"https:\/\/www.toneluckswitches.com\/fr\/produit\/pcb-push-button-switch\/\">\n\t\t\t\t\t\tInterrupteur \u00e0 bouton-poussoir pour circuit imprim\u00e9, 2P, 6 bornes, autobloquant\t\t\t\t\t<\/a>\n\t\t\t\t<\/h4>\n\t\t\t\n\t\t\t\t\t\t\t\t\n\t\t\n\t\t\t\t\t\t<a class=\"fusion-link-wrapper\" href=\"https:\/\/www.toneluckswitches.com\/fr\/produit\/pcb-push-button-switch\/\" aria-label=\"Interrupteur \u00e0 bouton-poussoir pour circuit imprim\u00e9, 2P, 6 bornes, autobloquant\"><\/a>\n\t<\/div>\n<\/div>\n<\/div>\n<div class=\"fusion-portfolio-content\" style=\"background-color:rgba(255,255,255,0);\"><h2 class=\"entry-title fusion-post-title\"><a href=\"https:\/\/www.toneluckswitches.com\/fr\/produit\/pcb-push-button-switch\/\">Interrupteur \u00e0 bouton-poussoir pour circuit imprim\u00e9, 2P, 6 bornes, autobloquant<\/a><\/h2><div class=\"fusion-post-content\"><\/div><\/div><\/div><\/article><article id=\"portfolio-1-post-2101\" class=\"fusion-portfolio-post pba-push-button-electrical-switches fusion-col-spacing post-2101\"><div class=\"fusion-portfolio-content-wrapper\" style=\"border:1px solid #f2f3f5;border-bottom-width:3px;background-color:rgba(255,255,255,0);\"><span class=\"vcard rich-snippet-hidden\"><span class=\"fn\"><a href=\"https:\/\/www.toneluckswitches.com\/fr\/author\/toneluckadmin\/\" title=\"Articles par ToneLuckAdmin\" rel=\"author\">ToneLuckAdmin<\/a><\/span><\/span><span class=\"updated rich-snippet-hidden\">2023-02-10T08:54:01+00:00<\/span><div  class=\"fusion-image-wrapper\" aria-haspopup=\"true\">\n\t\t\t\t<img decoding=\"async\" width=\"800\" height=\"800\" src=\"https:\/\/www.toneluckswitches.com\/wp-content\/uploads\/2021\/09\/5-1.jpg\" class=\"attachment-full size-full wp-post-image\" alt=\"Interrupteur bipolaire \u00e0 bouton-poussoir\" srcset=\"https:\/\/www.toneluckswitches.com\/wp-content\/uploads\/2021\/09\/5-1-200x200.jpg 200w, https:\/\/www.toneluckswitches.com\/wp-content\/uploads\/2021\/09\/5-1-400x400.jpg 400w, https:\/\/www.toneluckswitches.com\/wp-content\/uploads\/2021\/09\/5-1-600x600.jpg 600w, https:\/\/www.toneluckswitches.com\/wp-content\/uploads\/2021\/09\/5-1.jpg 800w\" sizes=\"(min-width: 2200px) 100vw, (min-width: 856px) 368px, (min-width: 784px) 490px, (min-width: 712px) 784px, (min-width: 640px) 712px, \" title=\"\"><div class=\"fusion-rollover\">\n\t<div class=\"fusion-rollover-content\">\n\n\t\t\t\t\t\t\t\t\t\t\t\t\t\t<a class=\"fusion-rollover-link\" href=\"https:\/\/www.toneluckswitches.com\/fr\/produit\/push-button-double-pole-switch\/\">Interrupteur bipolaire momentan\u00e9 \u00e0 bouton-poussoir 1 A 25 V CC<\/a>\n\t\t\t\n\t\t\t\t\t\t\t\t\n\t\t\n\t\t\t\t\t\t\t\t\t\t\t\t<h4 class=\"fusion-rollover-title\">\n\t\t\t\t\t<a class=\"fusion-rollover-title-link\" href=\"https:\/\/www.toneluckswitches.com\/fr\/produit\/push-button-double-pole-switch\/\">\n\t\t\t\t\t\tInterrupteur bipolaire momentan\u00e9 \u00e0 bouton-poussoir 1 A 25 V CC\t\t\t\t\t<\/a>\n\t\t\t\t<\/h4>\n\t\t\t\n\t\t\t\t\t\t\t\t\n\t\t\n\t\t\t\t\t\t<a class=\"fusion-link-wrapper\" href=\"https:\/\/www.toneluckswitches.com\/fr\/produit\/push-button-double-pole-switch\/\" aria-label=\"Interrupteur bipolaire momentan\u00e9 \u00e0 bouton-poussoir 1 A 25 V CC\"><\/a>\n\t<\/div>\n<\/div>\n<\/div>\n<div class=\"fusion-portfolio-content\" style=\"background-color:rgba(255,255,255,0);\"><h2 class=\"entry-title fusion-post-title\"><a href=\"https:\/\/www.toneluckswitches.com\/fr\/produit\/push-button-double-pole-switch\/\">Interrupteur bipolaire momentan\u00e9 \u00e0 bouton-poussoir 1 A 25 V CC<\/a><\/h2><div class=\"fusion-post-content\"><\/div><\/div><\/div><\/article><article id=\"portfolio-1-post-2112\" class=\"fusion-portfolio-post pba-push-button-electrical-switches fusion-col-spacing post-2112\"><div class=\"fusion-portfolio-content-wrapper\" style=\"border:1px solid #f2f3f5;border-bottom-width:3px;background-color:rgba(255,255,255,0);\"><span class=\"vcard rich-snippet-hidden\"><span class=\"fn\"><a href=\"https:\/\/www.toneluckswitches.com\/fr\/author\/toneluckadmin\/\" title=\"Articles par ToneLuckAdmin\" rel=\"author\">ToneLuckAdmin<\/a><\/span><\/span><span class=\"updated rich-snippet-hidden\">2021-10-19T07:42:15+00:00<\/span><div  class=\"fusion-image-wrapper\" aria-haspopup=\"true\">\n\t\t\t\t<img decoding=\"async\" width=\"800\" height=\"800\" src=\"https:\/\/www.toneluckswitches.com\/wp-content\/uploads\/2021\/09\/4-4.jpg\" class=\"attachment-full size-full wp-post-image\" alt=\"Interrupteur \u00e0 bouton-poussoir sur circuit imprim\u00e9\" srcset=\"https:\/\/www.toneluckswitches.com\/wp-content\/uploads\/2021\/09\/4-4-200x200.jpg 200w, https:\/\/www.toneluckswitches.com\/wp-content\/uploads\/2021\/09\/4-4-400x400.jpg 400w, https:\/\/www.toneluckswitches.com\/wp-content\/uploads\/2021\/09\/4-4-600x600.jpg 600w, https:\/\/www.toneluckswitches.com\/wp-content\/uploads\/2021\/09\/4-4.jpg 800w\" sizes=\"(min-width: 2200px) 100vw, (min-width: 856px) 368px, (min-width: 784px) 490px, (min-width: 712px) 784px, (min-width: 640px) 712px, \" title=\"\"><div class=\"fusion-rollover\">\n\t<div class=\"fusion-rollover-content\">\n\n\t\t\t\t\t\t\t\t\t\t\t\t\t\t<a class=\"fusion-rollover-link\" href=\"https:\/\/www.toneluckswitches.com\/fr\/produit\/interrupteur-a-bouton-poussoir-sur-circuit-imprime\/\">Interrupteur \u00e0 bouton-poussoir autobloquant \u00e0 2 p\u00f4les pour circuit imprim\u00e9<\/a>\n\t\t\t\n\t\t\t\t\t\t\t\t\n\t\t\n\t\t\t\t\t\t\t\t\t\t\t\t<h4 class=\"fusion-rollover-title\">\n\t\t\t\t\t<a class=\"fusion-rollover-title-link\" href=\"https:\/\/www.toneluckswitches.com\/fr\/produit\/interrupteur-a-bouton-poussoir-sur-circuit-imprime\/\">\n\t\t\t\t\t\tInterrupteur \u00e0 bouton-poussoir autobloquant \u00e0 2 p\u00f4les pour circuit imprim\u00e9\t\t\t\t\t<\/a>\n\t\t\t\t<\/h4>\n\t\t\t\n\t\t\t\t\t\t\t\t\n\t\t\n\t\t\t\t\t\t<a class=\"fusion-link-wrapper\" href=\"https:\/\/www.toneluckswitches.com\/fr\/produit\/interrupteur-a-bouton-poussoir-sur-circuit-imprime\/\" aria-label=\"Interrupteur \u00e0 bouton-poussoir autobloquant \u00e0 2 p\u00f4les pour circuit imprim\u00e9\"><\/a>\n\t<\/div>\n<\/div>\n<\/div>\n<div class=\"fusion-portfolio-content\" style=\"background-color:rgba(255,255,255,0);\"><h2 class=\"entry-title fusion-post-title\"><a href=\"https:\/\/www.toneluckswitches.com\/fr\/produit\/interrupteur-a-bouton-poussoir-sur-circuit-imprime\/\">Interrupteur \u00e0 bouton-poussoir autobloquant \u00e0 2 p\u00f4les pour circuit imprim\u00e9<\/a><\/h2><div class=\"fusion-post-content\"><\/div><\/div><\/div><\/article><article id=\"portfolio-1-post-1405\" class=\"fusion-portfolio-post pba-push-button-electrical-switches fusion-col-spacing post-1405\"><div class=\"fusion-portfolio-content-wrapper\" style=\"border:1px solid #f2f3f5;border-bottom-width:3px;background-color:rgba(255,255,255,0);\"><span class=\"vcard rich-snippet-hidden\"><span class=\"fn\"><a href=\"https:\/\/www.toneluckswitches.com\/fr\/author\/toneluckadmin\/\" title=\"Articles par ToneLuckAdmin\" rel=\"author\">ToneLuckAdmin<\/a><\/span><\/span><span class=\"updated rich-snippet-hidden\">2023-02-10T08:51:07+00:00<\/span><div  class=\"fusion-image-wrapper\" aria-haspopup=\"true\">\n\t\t\t\t<img decoding=\"async\" width=\"800\" height=\"800\" src=\"https:\/\/www.toneluckswitches.com\/wp-content\/uploads\/2021\/03\/1-17.jpg\" class=\"attachment-full size-full wp-post-image\" alt=\"Interrupteurs \u00e9lectriques \u00e0 bouton-poussoir 4 p\u00f4les \u00e0 broches enclenchables PBA-S4DF1\" srcset=\"https:\/\/www.toneluckswitches.com\/wp-content\/uploads\/2021\/03\/1-17-200x200.jpg 200w, https:\/\/www.toneluckswitches.com\/wp-content\/uploads\/2021\/03\/1-17-400x400.jpg 400w, https:\/\/www.toneluckswitches.com\/wp-content\/uploads\/2021\/03\/1-17-600x600.jpg 600w, https:\/\/www.toneluckswitches.com\/wp-content\/uploads\/2021\/03\/1-17.jpg 800w\" sizes=\"(min-width: 2200px) 100vw, (min-width: 856px) 368px, (min-width: 784px) 490px, (min-width: 712px) 784px, (min-width: 640px) 712px, \" title=\"\"><div class=\"fusion-rollover\">\n\t<div class=\"fusion-rollover-content\">\n\n\t\t\t\t\t\t\t\t\t\t\t\t\t\t<a class=\"fusion-rollover-link\" href=\"https:\/\/www.toneluckswitches.com\/fr\/produit\/interrupteurs-electriques-a-bouton-poussoir\/\">Interrupteurs \u00e9lectriques \u00e0 bouton-poussoir, 4 p\u00f4les, \u00e0 broches enclenchables<\/a>\n\t\t\t\n\t\t\t\t\t\t\t\t\n\t\t\n\t\t\t\t\t\t\t\t\t\t\t\t<h4 class=\"fusion-rollover-title\">\n\t\t\t\t\t<a class=\"fusion-rollover-title-link\" href=\"https:\/\/www.toneluckswitches.com\/fr\/produit\/interrupteurs-electriques-a-bouton-poussoir\/\">\n\t\t\t\t\t\tInterrupteurs \u00e9lectriques \u00e0 bouton-poussoir, 4 p\u00f4les, \u00e0 broches enclenchables\t\t\t\t\t<\/a>\n\t\t\t\t<\/h4>\n\t\t\t\n\t\t\t\t\t\t\t\t\n\t\t\n\t\t\t\t\t\t<a class=\"fusion-link-wrapper\" href=\"https:\/\/www.toneluckswitches.com\/fr\/produit\/interrupteurs-electriques-a-bouton-poussoir\/\" aria-label=\"Interrupteurs \u00e9lectriques \u00e0 bouton-poussoir, 4 p\u00f4les, \u00e0 broches enclenchables\"><\/a>\n\t<\/div>\n<\/div>\n<\/div>\n<div class=\"fusion-portfolio-content\" style=\"background-color:rgba(255,255,255,0);\"><h2 class=\"entry-title fusion-post-title\"><a href=\"https:\/\/www.toneluckswitches.com\/fr\/produit\/interrupteurs-electriques-a-bouton-poussoir\/\">Interrupteurs \u00e9lectriques \u00e0 bouton-poussoir, 4 p\u00f4les, \u00e0 broches enclenchables<\/a><\/h2><div class=\"fusion-post-content\"><\/div><\/div><\/div><\/article><\/div><\/div><\/div><\/div><\/div><\/div>","protected":false},"excerpt":{"rendered":"","protected":false},"author":1,"featured_media":0,"parent":0,"menu_order":0,"comment_status":"closed","ping_status":"closed","template":"","meta":{"footnotes":""},"class_list":["post-455","page","type-page","status-publish","hentry"],"_links":{"self":[{"href":"https:\/\/www.toneluckswitches.com\/fr\/wp-json\/wp\/v2\/pages\/455","targetHints":{"allow":["GET"]}}],"collection":[{"href":"https:\/\/www.toneluckswitches.com\/fr\/wp-json\/wp\/v2\/pages"}],"about":[{"href":"https:\/\/www.toneluckswitches.com\/fr\/wp-json\/wp\/v2\/types\/page"}],"author":[{"embeddable":true,"href":"https:\/\/www.toneluckswitches.com\/fr\/wp-json\/wp\/v2\/users\/1"}],"replies":[{"embeddable":true,"href":"https:\/\/www.toneluckswitches.com\/fr\/wp-json\/wp\/v2\/comments?post=455"}],"version-history":[{"count":0,"href":"https:\/\/www.toneluckswitches.com\/fr\/wp-json\/wp\/v2\/pages\/455\/revisions"}],"wp:attachment":[{"href":"https:\/\/www.toneluckswitches.com\/fr\/wp-json\/wp\/v2\/media?parent=455"}],"curies":[{"name":"wp","href":"https:\/\/api.w.org\/{rel}","templated":true}]}}