{"id":388,"date":"2021-01-26T02:25:50","date_gmt":"2021-01-26T02:25:50","guid":{"rendered":"https:\/\/www.toneluckswitches.com\/?page_id=388"},"modified":"2021-01-26T02:45:53","modified_gmt":"2021-01-26T02:45:53","slug":"d6-door-switch-for-dryer","status":"publish","type":"page","link":"https:\/\/www.toneluckswitches.com\/fr\/d6-door-switch-for-dryer\/","title":{"rendered":"Interrupteur de porte D6 pour s\u00e8che-linge"},"content":{"rendered":"<div class=\"fusion-fullwidth fullwidth-box fusion-builder-row-1 fusion-flex-container nonhundred-percent-fullwidth non-hundred-percent-height-scrolling\" style=\"--awb-border-radius-top-left:0px;--awb-border-radius-top-right:0px;--awb-border-radius-bottom-right:0px;--awb-border-radius-bottom-left:0px;--awb-flex-wrap:wrap;\" ><div class=\"fusion-builder-row fusion-row fusion-flex-align-items-flex-start fusion-flex-content-wrap\" style=\"max-width:1560px;margin-left: calc(-4% \/ 2 );margin-right: calc(-4% \/ 2 );\"><div class=\"fusion-layout-column fusion_builder_column fusion-builder-column-0 fusion_builder_column_1_1 1_1 fusion-flex-column\" style=\"--awb-bg-size:cover;--awb-width-large:100%;--awb-margin-top-large:10px;--awb-spacing-right-large:1.92%;--awb-margin-bottom-large:10px;--awb-spacing-left-large:1.92%;--awb-width-medium:100%;--awb-order-medium:0;--awb-spacing-right-medium:1.92%;--awb-spacing-left-medium:1.92%;--awb-width-small:100%;--awb-order-small:0;--awb-spacing-right-small:1.92%;--awb-spacing-left-small:1.92%;\"><div class=\"fusion-column-wrapper fusion-column-has-shadow fusion-flex-justify-content-flex-start fusion-content-layout-column\"><style type=\"text\/css\">.fusion-portfolio-wrapper#fusion-portfolio-1 .fusion-portfolio-content{ padding: 10px 10px 10px 10px; text-align: center; }<\/style><div class=\"fusion-recent-works fusion-portfolio-element fusion-portfolio fusion-portfolio-1 fusion-portfolio-grid fusion-portfolio-paging-load-more-button fusion-portfolio-four fusion-portfolio-boxed fusion-portfolio-text fusion-portfolio-equal-heights fusion-portfolio-rollover\" data-id=\"-rw-1\" data-columns=\"four\"><style type=\"text\/css\">.fusion-portfolio-1 .fusion-portfolio-wrapper .fusion-col-spacing{padding:5px;}<\/style><div class=\"fusion-portfolio-wrapper\" id=\"fusion-portfolio-1\" data-picturesize=\"auto\" data-pages=\"1\" style=\"margin:-5px;\"><article id=\"portfolio-1-post-5563\" class=\"fusion-portfolio-post d6-door-switch-for-dryer fusion-col-spacing post-5563\"><div class=\"fusion-portfolio-content-wrapper\" style=\"border:1px solid #f2f3f5;border-bottom-width:3px;background-color:rgba(255,255,255,0);\"><span class=\"vcard rich-snippet-hidden\"><span class=\"fn\"><a href=\"https:\/\/www.toneluckswitches.com\/fr\/author\/toneluckadmin\/\" title=\"Articles par ToneLuckAdmin\" rel=\"author\">ToneLuckAdmin<\/a><\/span><\/span><span class=\"updated rich-snippet-hidden\">2025-03-19T02:11:12+00:00<\/span><div  class=\"fusion-image-wrapper\" aria-haspopup=\"true\">\n\t\t\t\t<img decoding=\"async\" width=\"800\" height=\"800\" src=\"https:\/\/www.toneluckswitches.com\/wp-content\/uploads\/2024\/11\/4-9.jpg\" class=\"attachment-full size-full wp-post-image\" alt=\"\" srcset=\"https:\/\/www.toneluckswitches.com\/wp-content\/uploads\/2024\/11\/4-9-200x200.jpg 200w, https:\/\/www.toneluckswitches.com\/wp-content\/uploads\/2024\/11\/4-9-400x400.jpg 400w, https:\/\/www.toneluckswitches.com\/wp-content\/uploads\/2024\/11\/4-9-600x600.jpg 600w, https:\/\/www.toneluckswitches.com\/wp-content\/uploads\/2024\/11\/4-9.jpg 800w\" sizes=\"(min-width: 2200px) 100vw, (min-width: 856px) 368px, (min-width: 784px) 490px, (min-width: 712px) 784px, (min-width: 640px) 712px, \" title=\"\"><div class=\"fusion-rollover\">\n\t<div class=\"fusion-rollover-content\">\n\n\t\t\t\t\t\t\t\t\t\t\t\t\t\t<a class=\"fusion-rollover-link\" href=\"https:\/\/www.toneluckswitches.com\/fr\/produit\/toneluck-refrigerator-door-switch-button-switch\/\">Interrupteur \u00e0 bouton de porte de r\u00e9frig\u00e9rateur TONELUCK<\/a>\n\t\t\t\n\t\t\t\t\t\t\t\t\n\t\t\n\t\t\t\t\t\t\t\t\t\t\t\t<h4 class=\"fusion-rollover-title\">\n\t\t\t\t\t<a class=\"fusion-rollover-title-link\" href=\"https:\/\/www.toneluckswitches.com\/fr\/produit\/toneluck-refrigerator-door-switch-button-switch\/\">\n\t\t\t\t\t\tInterrupteur \u00e0 bouton de porte de r\u00e9frig\u00e9rateur TONELUCK\t\t\t\t\t<\/a>\n\t\t\t\t<\/h4>\n\t\t\t\n\t\t\t\t\t\t\t\t\n\t\t\n\t\t\t\t\t\t<a class=\"fusion-link-wrapper\" href=\"https:\/\/www.toneluckswitches.com\/fr\/produit\/toneluck-refrigerator-door-switch-button-switch\/\" aria-label=\"Interrupteur \u00e0 bouton de porte de r\u00e9frig\u00e9rateur TONELUCK\"><\/a>\n\t<\/div>\n<\/div>\n<\/div>\n<div class=\"fusion-portfolio-content\" style=\"background-color:rgba(255,255,255,0);\"><h2 class=\"entry-title fusion-post-title\"><a href=\"https:\/\/www.toneluckswitches.com\/fr\/produit\/toneluck-refrigerator-door-switch-button-switch\/\">Interrupteur \u00e0 bouton de porte de r\u00e9frig\u00e9rateur TONELUCK<\/a><\/h2><div class=\"fusion-post-content\"><\/div><\/div><\/div><\/article><article id=\"portfolio-1-post-5371\" class=\"fusion-portfolio-post d6-door-switch-for-dryer fusion-col-spacing post-5371\"><div class=\"fusion-portfolio-content-wrapper\" style=\"border:1px solid #f2f3f5;border-bottom-width:3px;background-color:rgba(255,255,255,0);\"><span class=\"vcard rich-snippet-hidden\"><span class=\"fn\"><a href=\"https:\/\/www.toneluckswitches.com\/fr\/author\/toneluckadmin\/\" title=\"Articles par ToneLuckAdmin\" rel=\"author\">ToneLuckAdmin<\/a><\/span><\/span><span class=\"updated rich-snippet-hidden\">2024-10-18T09:36:06+00:00<\/span><div  class=\"fusion-image-wrapper\" aria-haspopup=\"true\">\n\t\t\t\t<img decoding=\"async\" width=\"800\" height=\"800\" src=\"https:\/\/www.toneluckswitches.com\/wp-content\/uploads\/2024\/10\/2-2.jpg\" class=\"attachment-full size-full wp-post-image\" alt=\"\" srcset=\"https:\/\/www.toneluckswitches.com\/wp-content\/uploads\/2024\/10\/2-2-200x200.jpg 200w, https:\/\/www.toneluckswitches.com\/wp-content\/uploads\/2024\/10\/2-2-400x400.jpg 400w, https:\/\/www.toneluckswitches.com\/wp-content\/uploads\/2024\/10\/2-2-600x600.jpg 600w, https:\/\/www.toneluckswitches.com\/wp-content\/uploads\/2024\/10\/2-2.jpg 800w\" sizes=\"(min-width: 2200px) 100vw, (min-width: 856px) 368px, (min-width: 784px) 490px, (min-width: 712px) 784px, (min-width: 640px) 712px, \" title=\"\"><div class=\"fusion-rollover\">\n\t<div class=\"fusion-rollover-content\">\n\n\t\t\t\t\t\t\t\t\t\t\t\t\t\t<a class=\"fusion-rollover-link\" href=\"https:\/\/www.toneluckswitches.com\/fr\/produit\/toneluck-door-switch\/\">Interrupteur de porte de r\u00e9frig\u00e9rateur TONELUCK, interrupteur de porte d&#039;armoire de d\u00e9sinfection pour appareils \u00e9lectrom\u00e9nagers et micro-ondes<\/a>\n\t\t\t\n\t\t\t\t\t\t\t\t\n\t\t\n\t\t\t\t\t\t\t\t\t\t\t\t<h4 class=\"fusion-rollover-title\">\n\t\t\t\t\t<a class=\"fusion-rollover-title-link\" href=\"https:\/\/www.toneluckswitches.com\/fr\/produit\/toneluck-door-switch\/\">\n\t\t\t\t\t\tInterrupteur de porte de r\u00e9frig\u00e9rateur TONELUCK, interrupteur de porte d&#039;armoire de d\u00e9sinfection pour appareils \u00e9lectrom\u00e9nagers et micro-ondes\t\t\t\t\t<\/a>\n\t\t\t\t<\/h4>\n\t\t\t\n\t\t\t\t\t\t\t\t\n\t\t\n\t\t\t\t\t\t<a class=\"fusion-link-wrapper\" href=\"https:\/\/www.toneluckswitches.com\/fr\/produit\/toneluck-door-switch\/\" aria-label=\"Interrupteur de porte de r\u00e9frig\u00e9rateur TONELUCK, interrupteur de porte d&#039;armoire de d\u00e9sinfection pour appareils \u00e9lectrom\u00e9nagers et micro-ondes\"><\/a>\n\t<\/div>\n<\/div>\n<\/div>\n<div class=\"fusion-portfolio-content\" style=\"background-color:rgba(255,255,255,0);\"><h2 class=\"entry-title fusion-post-title\"><a href=\"https:\/\/www.toneluckswitches.com\/fr\/produit\/toneluck-door-switch\/\">Interrupteur de porte de r\u00e9frig\u00e9rateur TONELUCK, interrupteur de porte d&#039;armoire de d\u00e9sinfection pour appareils \u00e9lectrom\u00e9nagers et micro-ondes<\/a><\/h2><div class=\"fusion-post-content\"><\/div><\/div><\/div><\/article><article id=\"portfolio-1-post-5357\" class=\"fusion-portfolio-post d6-door-switch-for-dryer fusion-col-spacing post-5357\"><div class=\"fusion-portfolio-content-wrapper\" style=\"border:1px solid #f2f3f5;border-bottom-width:3px;background-color:rgba(255,255,255,0);\"><span class=\"vcard rich-snippet-hidden\"><span class=\"fn\"><a href=\"https:\/\/www.toneluckswitches.com\/fr\/author\/toneluckadmin\/\" title=\"Articles par ToneLuckAdmin\" rel=\"author\">ToneLuckAdmin<\/a><\/span><\/span><span class=\"updated rich-snippet-hidden\">2024-10-18T09:37:44+00:00<\/span><div  class=\"fusion-image-wrapper\" aria-haspopup=\"true\">\n\t\t\t\t<img decoding=\"async\" width=\"800\" height=\"800\" src=\"https:\/\/www.toneluckswitches.com\/wp-content\/uploads\/2024\/10\/5-1.jpg\" class=\"attachment-full size-full wp-post-image\" alt=\"\" srcset=\"https:\/\/www.toneluckswitches.com\/wp-content\/uploads\/2024\/10\/5-1-200x200.jpg 200w, https:\/\/www.toneluckswitches.com\/wp-content\/uploads\/2024\/10\/5-1-400x400.jpg 400w, https:\/\/www.toneluckswitches.com\/wp-content\/uploads\/2024\/10\/5-1-600x600.jpg 600w, https:\/\/www.toneluckswitches.com\/wp-content\/uploads\/2024\/10\/5-1.jpg 800w\" sizes=\"(min-width: 2200px) 100vw, (min-width: 856px) 368px, (min-width: 784px) 490px, (min-width: 712px) 784px, (min-width: 640px) 712px, \" title=\"\"><div class=\"fusion-rollover\">\n\t<div class=\"fusion-rollover-content\">\n\n\t\t\t\t\t\t\t\t\t\t\t\t\t\t<a class=\"fusion-rollover-link\" href=\"https:\/\/www.toneluckswitches.com\/fr\/produit\/interrupteur-de-commande-declairage-de-porte-de-refrigerateur-domestique-toneluck\/\">Interrupteur de commande d&#039;\u00e9clairage de porte de r\u00e9frig\u00e9rateur domestique TONELUCK<\/a>\n\t\t\t\n\t\t\t\t\t\t\t\t\n\t\t\n\t\t\t\t\t\t\t\t\t\t\t\t<h4 class=\"fusion-rollover-title\">\n\t\t\t\t\t<a class=\"fusion-rollover-title-link\" href=\"https:\/\/www.toneluckswitches.com\/fr\/produit\/interrupteur-de-commande-declairage-de-porte-de-refrigerateur-domestique-toneluck\/\">\n\t\t\t\t\t\tInterrupteur de commande d&#039;\u00e9clairage de porte de r\u00e9frig\u00e9rateur domestique TONELUCK\t\t\t\t\t<\/a>\n\t\t\t\t<\/h4>\n\t\t\t\n\t\t\t\t\t\t\t\t\n\t\t\n\t\t\t\t\t\t<a class=\"fusion-link-wrapper\" href=\"https:\/\/www.toneluckswitches.com\/fr\/produit\/interrupteur-de-commande-declairage-de-porte-de-refrigerateur-domestique-toneluck\/\" aria-label=\"Interrupteur de commande d&#039;\u00e9clairage de porte de r\u00e9frig\u00e9rateur domestique TONELUCK\"><\/a>\n\t<\/div>\n<\/div>\n<\/div>\n<div class=\"fusion-portfolio-content\" style=\"background-color:rgba(255,255,255,0);\"><h2 class=\"entry-title fusion-post-title\"><a href=\"https:\/\/www.toneluckswitches.com\/fr\/produit\/interrupteur-de-commande-declairage-de-porte-de-refrigerateur-domestique-toneluck\/\">Interrupteur de commande d&#039;\u00e9clairage de porte de r\u00e9frig\u00e9rateur domestique TONELUCK<\/a><\/h2><div class=\"fusion-post-content\"><\/div><\/div><\/div><\/article><article id=\"portfolio-1-post-3056\" class=\"fusion-portfolio-post d6-door-switch-for-dryer fusion-col-spacing post-3056\"><div class=\"fusion-portfolio-content-wrapper\" style=\"border:1px solid #f2f3f5;border-bottom-width:3px;background-color:rgba(255,255,255,0);\"><span class=\"vcard rich-snippet-hidden\"><span class=\"fn\"><a href=\"https:\/\/www.toneluckswitches.com\/fr\/author\/toneluckadmin\/\" title=\"Articles par ToneLuckAdmin\" rel=\"author\">ToneLuckAdmin<\/a><\/span><\/span><span class=\"updated rich-snippet-hidden\">2023-02-13T02:37:10+00:00<\/span><div  class=\"fusion-image-wrapper\" aria-haspopup=\"true\">\n\t\t\t\t<img decoding=\"async\" width=\"800\" height=\"800\" src=\"https:\/\/www.toneluckswitches.com\/wp-content\/uploads\/2022\/10\/Door-Switch-Dryer-Washer-16GPA-125250VAC-SPDT-3.jpg\" class=\"attachment-full size-full wp-post-image\" alt=\"Interrupteur de porte pour s\u00e8che-linge et lave-linge 16GPA 125250VAC SPDT (3)\" srcset=\"https:\/\/www.toneluckswitches.com\/wp-content\/uploads\/2022\/10\/Door-Switch-Dryer-Washer-16GPA-125250VAC-SPDT-3-200x200.jpg 200w, https:\/\/www.toneluckswitches.com\/wp-content\/uploads\/2022\/10\/Door-Switch-Dryer-Washer-16GPA-125250VAC-SPDT-3-400x400.jpg 400w, https:\/\/www.toneluckswitches.com\/wp-content\/uploads\/2022\/10\/Door-Switch-Dryer-Washer-16GPA-125250VAC-SPDT-3-600x600.jpg 600w, https:\/\/www.toneluckswitches.com\/wp-content\/uploads\/2022\/10\/Door-Switch-Dryer-Washer-16GPA-125250VAC-SPDT-3.jpg 800w\" sizes=\"(min-width: 2200px) 100vw, (min-width: 856px) 368px, (min-width: 784px) 490px, (min-width: 712px) 784px, (min-width: 640px) 712px, \" title=\"\"><div class=\"fusion-rollover\">\n\t<div class=\"fusion-rollover-content\">\n\n\t\t\t\t\t\t\t\t\t\t\t\t\t\t<a class=\"fusion-rollover-link\" href=\"https:\/\/www.toneluckswitches.com\/fr\/produit\/door-switch-dryer-washer\/\">Interrupteur de porte pour s\u00e8che-linge et lave-linge 16 GPA 125\/250 V CA SPDT<\/a>\n\t\t\t\n\t\t\t\t\t\t\t\t\n\t\t\n\t\t\t\t\t\t\t\t\t\t\t\t<h4 class=\"fusion-rollover-title\">\n\t\t\t\t\t<a class=\"fusion-rollover-title-link\" href=\"https:\/\/www.toneluckswitches.com\/fr\/produit\/door-switch-dryer-washer\/\">\n\t\t\t\t\t\tInterrupteur de porte pour s\u00e8che-linge et lave-linge 16 GPA 125\/250 V CA SPDT\t\t\t\t\t<\/a>\n\t\t\t\t<\/h4>\n\t\t\t\n\t\t\t\t\t\t\t\t\n\t\t\n\t\t\t\t\t\t<a class=\"fusion-link-wrapper\" href=\"https:\/\/www.toneluckswitches.com\/fr\/produit\/door-switch-dryer-washer\/\" aria-label=\"Interrupteur de porte pour s\u00e8che-linge et lave-linge 16 GPA 125\/250 V CA SPDT\"><\/a>\n\t<\/div>\n<\/div>\n<\/div>\n<div class=\"fusion-portfolio-content\" style=\"background-color:rgba(255,255,255,0);\"><h2 class=\"entry-title fusion-post-title\"><a href=\"https:\/\/www.toneluckswitches.com\/fr\/produit\/door-switch-dryer-washer\/\">Interrupteur de porte pour s\u00e8che-linge et lave-linge 16 GPA 125\/250 V CA SPDT<\/a><\/h2><div class=\"fusion-post-content\"><\/div><\/div><\/div><\/article><article id=\"portfolio-1-post-1425\" class=\"fusion-portfolio-post d6-door-switch-for-dryer fusion-col-spacing post-1425\"><div class=\"fusion-portfolio-content-wrapper\" style=\"border:1px solid #f2f3f5;border-bottom-width:3px;background-color:rgba(255,255,255,0);\"><span class=\"vcard rich-snippet-hidden\"><span class=\"fn\"><a href=\"https:\/\/www.toneluckswitches.com\/fr\/author\/toneluckadmin\/\" title=\"Articles par ToneLuckAdmin\" rel=\"author\">ToneLuckAdmin<\/a><\/span><\/span><span class=\"updated rich-snippet-hidden\">2023-02-15T02:59:06+00:00<\/span><div  class=\"fusion-image-wrapper\" aria-haspopup=\"true\">\n\t\t\t\t<img decoding=\"async\" width=\"800\" height=\"800\" src=\"https:\/\/www.toneluckswitches.com\/wp-content\/uploads\/2021\/03\/2-16.jpg\" class=\"attachment-full size-full wp-post-image\" alt=\"D611M-AA1-01\" srcset=\"https:\/\/www.toneluckswitches.com\/wp-content\/uploads\/2021\/03\/2-16-200x200.jpg 200w, https:\/\/www.toneluckswitches.com\/wp-content\/uploads\/2021\/03\/2-16-400x400.jpg 400w, https:\/\/www.toneluckswitches.com\/wp-content\/uploads\/2021\/03\/2-16-600x600.jpg 600w, https:\/\/www.toneluckswitches.com\/wp-content\/uploads\/2021\/03\/2-16.jpg 800w\" sizes=\"(min-width: 2200px) 100vw, (min-width: 856px) 368px, (min-width: 784px) 490px, (min-width: 712px) 784px, (min-width: 640px) 712px, \" title=\"\"><div class=\"fusion-rollover\">\n\t<div class=\"fusion-rollover-content\">\n\n\t\t\t\t\t\t\t\t\t\t\t\t\t\t<a class=\"fusion-rollover-link\" href=\"https:\/\/www.toneluckswitches.com\/fr\/produit\/interrupteur-de-porte-du-seche-linge-2\/\">Interrupteur de porte de s\u00e8che-linge SPDT 16GPA 600gf 40T85<\/a>\n\t\t\t\n\t\t\t\t\t\t\t\t\n\t\t\n\t\t\t\t\t\t\t\t\t\t\t\t<h4 class=\"fusion-rollover-title\">\n\t\t\t\t\t<a class=\"fusion-rollover-title-link\" href=\"https:\/\/www.toneluckswitches.com\/fr\/produit\/interrupteur-de-porte-du-seche-linge-2\/\">\n\t\t\t\t\t\tInterrupteur de porte de s\u00e8che-linge SPDT 16GPA 600gf 40T85\t\t\t\t\t<\/a>\n\t\t\t\t<\/h4>\n\t\t\t\n\t\t\t\t\t\t\t\t\n\t\t\n\t\t\t\t\t\t<a class=\"fusion-link-wrapper\" href=\"https:\/\/www.toneluckswitches.com\/fr\/produit\/interrupteur-de-porte-du-seche-linge-2\/\" aria-label=\"Interrupteur de porte de s\u00e8che-linge SPDT 16GPA 600gf 40T85\"><\/a>\n\t<\/div>\n<\/div>\n<\/div>\n<div class=\"fusion-portfolio-content\" style=\"background-color:rgba(255,255,255,0);\"><h2 class=\"entry-title fusion-post-title\"><a href=\"https:\/\/www.toneluckswitches.com\/fr\/produit\/interrupteur-de-porte-du-seche-linge-2\/\">Interrupteur de porte de s\u00e8che-linge SPDT 16GPA 600gf 40T85<\/a><\/h2><div class=\"fusion-post-content\"><\/div><\/div><\/div><\/article><article id=\"portfolio-1-post-1434\" class=\"fusion-portfolio-post d6-door-switch-for-dryer fusion-col-spacing post-1434\"><div class=\"fusion-portfolio-content-wrapper\" style=\"border:1px solid #f2f3f5;border-bottom-width:3px;background-color:rgba(255,255,255,0);\"><span class=\"vcard rich-snippet-hidden\"><span class=\"fn\"><a href=\"https:\/\/www.toneluckswitches.com\/fr\/author\/toneluckadmin\/\" title=\"Articles par ToneLuckAdmin\" rel=\"author\">ToneLuckAdmin<\/a><\/span><\/span><span class=\"updated rich-snippet-hidden\">2023-02-15T03:00:05+00:00<\/span><div  class=\"fusion-image-wrapper\" aria-haspopup=\"true\">\n\t\t\t\t<img decoding=\"async\" width=\"800\" height=\"800\" src=\"https:\/\/www.toneluckswitches.com\/wp-content\/uploads\/2021\/03\/2-17.jpg\" class=\"attachment-full size-full wp-post-image\" alt=\"\" srcset=\"https:\/\/www.toneluckswitches.com\/wp-content\/uploads\/2021\/03\/2-17-200x200.jpg 200w, https:\/\/www.toneluckswitches.com\/wp-content\/uploads\/2021\/03\/2-17-400x400.jpg 400w, https:\/\/www.toneluckswitches.com\/wp-content\/uploads\/2021\/03\/2-17-600x600.jpg 600w, https:\/\/www.toneluckswitches.com\/wp-content\/uploads\/2021\/03\/2-17.jpg 800w\" sizes=\"(min-width: 2200px) 100vw, (min-width: 856px) 368px, (min-width: 784px) 490px, (min-width: 712px) 784px, (min-width: 640px) 712px, \" title=\"\"><div class=\"fusion-rollover\">\n\t<div class=\"fusion-rollover-content\">\n\n\t\t\t\t\t\t\t\t\t\t\t\t\t\t<a class=\"fusion-rollover-link\" href=\"https:\/\/www.toneluckswitches.com\/fr\/produit\/interrupteur-de-seche-linge-toneluck\/\">Interrupteur de porte de s\u00e8che-linge Toneluck SPST NO normalement ouvert<\/a>\n\t\t\t\n\t\t\t\t\t\t\t\t\n\t\t\n\t\t\t\t\t\t\t\t\t\t\t\t<h4 class=\"fusion-rollover-title\">\n\t\t\t\t\t<a class=\"fusion-rollover-title-link\" href=\"https:\/\/www.toneluckswitches.com\/fr\/produit\/interrupteur-de-seche-linge-toneluck\/\">\n\t\t\t\t\t\tInterrupteur de porte de s\u00e8che-linge Toneluck SPST NO normalement ouvert\t\t\t\t\t<\/a>\n\t\t\t\t<\/h4>\n\t\t\t\n\t\t\t\t\t\t\t\t\n\t\t\n\t\t\t\t\t\t<a class=\"fusion-link-wrapper\" href=\"https:\/\/www.toneluckswitches.com\/fr\/produit\/interrupteur-de-seche-linge-toneluck\/\" aria-label=\"Interrupteur de porte de s\u00e8che-linge Toneluck SPST NO normalement ouvert\"><\/a>\n\t<\/div>\n<\/div>\n<\/div>\n<div class=\"fusion-portfolio-content\" style=\"background-color:rgba(255,255,255,0);\"><h2 class=\"entry-title fusion-post-title\"><a href=\"https:\/\/www.toneluckswitches.com\/fr\/produit\/interrupteur-de-seche-linge-toneluck\/\">Interrupteur de porte de s\u00e8che-linge Toneluck SPST NO normalement ouvert<\/a><\/h2><div class=\"fusion-post-content\"><\/div><\/div><\/div><\/article><article id=\"portfolio-1-post-1277\" class=\"fusion-portfolio-post d6-door-switch-for-dryer fusion-col-spacing post-1277\"><div class=\"fusion-portfolio-content-wrapper\" style=\"border:1px solid #f2f3f5;border-bottom-width:3px;background-color:rgba(255,255,255,0);\"><span class=\"vcard rich-snippet-hidden\"><span class=\"fn\"><a href=\"https:\/\/www.toneluckswitches.com\/fr\/author\/toneluckadmin\/\" title=\"Articles par ToneLuckAdmin\" rel=\"author\">ToneLuckAdmin<\/a><\/span><\/span><span class=\"updated rich-snippet-hidden\">2023-02-15T03:01:07+00:00<\/span><div  class=\"fusion-image-wrapper\" aria-haspopup=\"true\">\n\t\t\t\t<img decoding=\"async\" width=\"800\" height=\"800\" src=\"https:\/\/www.toneluckswitches.com\/wp-content\/uploads\/2021\/03\/1-4.jpg\" class=\"attachment-full size-full wp-post-image\" alt=\"Interrupteur de machine \u00e0 laver\" srcset=\"https:\/\/www.toneluckswitches.com\/wp-content\/uploads\/2021\/03\/1-4-200x200.jpg 200w, https:\/\/www.toneluckswitches.com\/wp-content\/uploads\/2021\/03\/1-4-400x400.jpg 400w, https:\/\/www.toneluckswitches.com\/wp-content\/uploads\/2021\/03\/1-4-600x600.jpg 600w, https:\/\/www.toneluckswitches.com\/wp-content\/uploads\/2021\/03\/1-4.jpg 800w\" sizes=\"(min-width: 2200px) 100vw, (min-width: 856px) 368px, (min-width: 784px) 490px, (min-width: 712px) 784px, (min-width: 640px) 712px, \" title=\"\"><div class=\"fusion-rollover\">\n\t<div class=\"fusion-rollover-content\">\n\n\t\t\t\t\t\t\t\t\t\t\t\t\t\t<a class=\"fusion-rollover-link\" href=\"https:\/\/www.toneluckswitches.com\/fr\/produit\/washing-machine-switch\/\">Interrupteur de porte de machine \u00e0 laver Toneluck Home Appliances SPST NO 500gf<\/a>\n\t\t\t\n\t\t\t\t\t\t\t\t\n\t\t\n\t\t\t\t\t\t\t\t\t\t\t\t<h4 class=\"fusion-rollover-title\">\n\t\t\t\t\t<a class=\"fusion-rollover-title-link\" href=\"https:\/\/www.toneluckswitches.com\/fr\/produit\/washing-machine-switch\/\">\n\t\t\t\t\t\tInterrupteur de porte de machine \u00e0 laver Toneluck Home Appliances SPST NO 500gf\t\t\t\t\t<\/a>\n\t\t\t\t<\/h4>\n\t\t\t\n\t\t\t\t\t\t\t\t\n\t\t\n\t\t\t\t\t\t<a class=\"fusion-link-wrapper\" href=\"https:\/\/www.toneluckswitches.com\/fr\/produit\/washing-machine-switch\/\" aria-label=\"Interrupteur de porte de machine \u00e0 laver Toneluck Home Appliances SPST NO 500gf\"><\/a>\n\t<\/div>\n<\/div>\n<\/div>\n<div class=\"fusion-portfolio-content\" style=\"background-color:rgba(255,255,255,0);\"><h2 class=\"entry-title fusion-post-title\"><a href=\"https:\/\/www.toneluckswitches.com\/fr\/produit\/washing-machine-switch\/\">Interrupteur de porte de machine \u00e0 laver Toneluck Home Appliances SPST NO 500gf<\/a><\/h2><div class=\"fusion-post-content\"><\/div><\/div><\/div><\/article><article id=\"portfolio-1-post-810\" class=\"fusion-portfolio-post d6-door-switch-for-dryer fusion-col-spacing post-810\"><div class=\"fusion-portfolio-content-wrapper\" style=\"border:1px solid #f2f3f5;border-bottom-width:3px;background-color:rgba(255,255,255,0);\"><span class=\"vcard rich-snippet-hidden\"><span class=\"fn\"><a href=\"https:\/\/www.toneluckswitches.com\/fr\/author\/toneluckadmin\/\" title=\"Articles par ToneLuckAdmin\" rel=\"author\">ToneLuckAdmin<\/a><\/span><\/span><span class=\"updated rich-snippet-hidden\">2023-02-15T02:57:21+00:00<\/span><div  class=\"fusion-image-wrapper\" aria-haspopup=\"true\">\n\t\t\t\t<img decoding=\"async\" width=\"800\" height=\"800\" src=\"https:\/\/www.toneluckswitches.com\/wp-content\/uploads\/2021\/02\/1-13.jpg\" class=\"attachment-full size-full wp-post-image\" alt=\"Interrupteur de s\u00e8che-linge 1\" srcset=\"https:\/\/www.toneluckswitches.com\/wp-content\/uploads\/2021\/02\/1-13-200x200.jpg 200w, https:\/\/www.toneluckswitches.com\/wp-content\/uploads\/2021\/02\/1-13-400x400.jpg 400w, https:\/\/www.toneluckswitches.com\/wp-content\/uploads\/2021\/02\/1-13-600x600.jpg 600w, https:\/\/www.toneluckswitches.com\/wp-content\/uploads\/2021\/02\/1-13.jpg 800w\" sizes=\"(min-width: 2200px) 100vw, (min-width: 856px) 368px, (min-width: 784px) 490px, (min-width: 712px) 784px, (min-width: 640px) 712px, \" title=\"\"><div class=\"fusion-rollover\">\n\t<div class=\"fusion-rollover-content\">\n\n\t\t\t\t\t\t\t\t\t\t\t\t\t\t<a class=\"fusion-rollover-link\" href=\"https:\/\/www.toneluckswitches.com\/fr\/produit\/interrupteur-de-porte-du-seche-linge\/\">Interrupteur de porte de s\u00e8che-linge D6 SPDT 10 A 125 V 250 V pour appareils Whirlpool et GE<\/a>\n\t\t\t\n\t\t\t\t\t\t\t\t\n\t\t\n\t\t\t\t\t\t\t\t\t\t\t\t<h4 class=\"fusion-rollover-title\">\n\t\t\t\t\t<a class=\"fusion-rollover-title-link\" href=\"https:\/\/www.toneluckswitches.com\/fr\/produit\/interrupteur-de-porte-du-seche-linge\/\">\n\t\t\t\t\t\tInterrupteur de porte de s\u00e8che-linge D6 SPDT 10 A 125 V 250 V pour appareils Whirlpool et GE\t\t\t\t\t<\/a>\n\t\t\t\t<\/h4>\n\t\t\t\n\t\t\t\t\t\t\t\t\n\t\t\n\t\t\t\t\t\t<a class=\"fusion-link-wrapper\" href=\"https:\/\/www.toneluckswitches.com\/fr\/produit\/interrupteur-de-porte-du-seche-linge\/\" aria-label=\"Interrupteur de porte de s\u00e8che-linge D6 SPDT 10 A 125 V 250 V pour appareils Whirlpool et GE\"><\/a>\n\t<\/div>\n<\/div>\n<\/div>\n<div class=\"fusion-portfolio-content\" style=\"background-color:rgba(255,255,255,0);\"><h2 class=\"entry-title fusion-post-title\"><a href=\"https:\/\/www.toneluckswitches.com\/fr\/produit\/interrupteur-de-porte-du-seche-linge\/\">Interrupteur de porte de s\u00e8che-linge D6 SPDT 10 A 125 V 250 V pour appareils Whirlpool et GE<\/a><\/h2><div class=\"fusion-post-content\"><\/div><\/div><\/div><\/article><\/div><\/div><\/div><\/div><\/div><\/div>","protected":false},"excerpt":{"rendered":"","protected":false},"author":1,"featured_media":0,"parent":0,"menu_order":0,"comment_status":"closed","ping_status":"closed","template":"","meta":{"footnotes":""},"class_list":["post-388","page","type-page","status-publish","hentry"],"_links":{"self":[{"href":"https:\/\/www.toneluckswitches.com\/fr\/wp-json\/wp\/v2\/pages\/388","targetHints":{"allow":["GET"]}}],"collection":[{"href":"https:\/\/www.toneluckswitches.com\/fr\/wp-json\/wp\/v2\/pages"}],"about":[{"href":"https:\/\/www.toneluckswitches.com\/fr\/wp-json\/wp\/v2\/types\/page"}],"author":[{"embeddable":true,"href":"https:\/\/www.toneluckswitches.com\/fr\/wp-json\/wp\/v2\/users\/1"}],"replies":[{"embeddable":true,"href":"https:\/\/www.toneluckswitches.com\/fr\/wp-json\/wp\/v2\/comments?post=388"}],"version-history":[{"count":0,"href":"https:\/\/www.toneluckswitches.com\/fr\/wp-json\/wp\/v2\/pages\/388\/revisions"}],"wp:attachment":[{"href":"https:\/\/www.toneluckswitches.com\/fr\/wp-json\/wp\/v2\/media?parent=388"}],"curies":[{"name":"wp","href":"https:\/\/api.w.org\/{rel}","templated":true}]}}