{"id":11,"date":"2021-01-11T06:28:29","date_gmt":"2021-01-11T06:28:29","guid":{"rendered":"https:\/\/www.toneluckswitches.com\/?page_id=11"},"modified":"2023-03-03T06:56:13","modified_gmt":"2023-03-03T06:56:13","slug":"application","status":"publish","type":"page","link":"https:\/\/www.toneluckswitches.com\/fr\/application\/","title":{"rendered":"APPLICATION"},"content":{"rendered":"<div class=\"fusion-fullwidth fullwidth-box fusion-builder-row-1 fusion-flex-container nonhundred-percent-fullwidth non-hundred-percent-height-scrolling\" style=\"--awb-border-radius-top-left:0px;--awb-border-radius-top-right:0px;--awb-border-radius-bottom-right:0px;--awb-border-radius-bottom-left:0px;--awb-flex-wrap:wrap;\" ><div class=\"fusion-builder-row fusion-row fusion-flex-align-items-flex-start fusion-flex-content-wrap\" style=\"max-width:1560px;margin-left: calc(-4% \/ 2 );margin-right: calc(-4% \/ 2 );\"><div class=\"fusion-layout-column fusion_builder_column fusion-builder-column-0 fusion_builder_column_1_1 1_1 fusion-flex-column\" style=\"--awb-bg-size:cover;--awb-width-large:100%;--awb-margin-top-large:10px;--awb-spacing-right-large:20px;--awb-margin-bottom-large:10px;--awb-spacing-left-large:20px;--awb-width-medium:100%;--awb-order-medium:0;--awb-spacing-right-medium:20px;--awb-spacing-left-medium:20px;--awb-width-small:100%;--awb-order-small:0;--awb-spacing-right-small:1.92%;--awb-spacing-left-small:1.92%;\"><div class=\"fusion-column-wrapper fusion-column-has-shadow fusion-flex-justify-content-flex-start fusion-content-layout-column\"><div class=\"fusion-text fusion-text-1\"><h2><strong>Application de l&#039;interrupteur Toneluck dans les appareils m\u00e9nagers<\/strong><\/h2>\n<\/div><div class=\"fusion-text fusion-text-2\"><h3>Application de fin de course<\/h3>\n<\/div><div class=\"fusion-text fusion-text-3\"><p>Toneluck fabrique des interrupteurs depuis plus de 40 ans et figure parmi les plus grands et les plus r\u00e9put\u00e9s fournisseurs mondiaux de micro-interrupteurs. Nos interrupteurs sont largement utilis\u00e9s dans les lave-linge, les r\u00e9frig\u00e9rateurs, les climatiseurs, les fours \u00e0 haute temp\u00e9rature, les s\u00e8che-linge et toutes sortes de petits appareils \u00e9lectrom\u00e9nagers. Leur r\u00e9sistance \u00e0 la temp\u00e9rature maximale atteint 220 \u00b0C et leur charge maximale 22 A. Certains produits sp\u00e9cifiques b\u00e9n\u00e9ficient d&#039;un indice de protection IP67.<\/p>\n<\/div><div class=\"fusion-text fusion-text-4\"><h3>Application de commutateur \u00e0 bouton-poussoir<\/h3>\n<\/div><div class=\"fusion-text fusion-text-5\"><p>L&#039;interrupteur Power&amp;Button \u00e9tait un produit traditionnel de Toneluck qui s&#039;appliquait aux br\u00fbleurs \u00e0 gaz, aux hottes, aux r\u00e9frig\u00e9rateurs, aux s\u00e8che-linge, aux lave-linge et \u00e0 d&#039;autres appareils \u00e9lectrom\u00e9nagers.<\/p>\n<\/div><div class=\"fusion-text fusion-text-6\"><h3>Application du pressostat<\/h3>\n<\/div><div class=\"fusion-text fusion-text-7\"><p>Les pressostats et les capteurs sont principalement utilis\u00e9s dans le contr\u00f4le du niveau d&#039;eau des lave-linge, des lave-vaisselle et autres appareils m\u00e9nagers ou produits industriels, o\u00f9 les capteurs peuvent \u00eatre utilis\u00e9s pour un contr\u00f4le \u00e0 plusieurs niveaux.<\/p>\n<p>Le pressostat \u00e9olien est principalement utilis\u00e9 pour la r\u00e9gulation de la pression et l&#039;amor\u00e7age des chauffe-eau, des syst\u00e8mes de climatisation centrale et des chaudi\u00e8res.<\/p>\n<\/div><div class=\"fusion-text fusion-text-8\"><h2><strong>Application des commutateurs Tonelcuk dans les commutateurs automobiles<\/strong><\/h2>\n<\/div><div class=\"fusion-text fusion-text-9\"><p>Avec plus de 40 ans d&#039;exp\u00e9rience dans le d\u00e9veloppement et la fabrication de commutateurs, et une cha\u00eene d&#039;approvisionnement de production interne compl\u00e8te, <a href=\"https:\/\/www.toneluckswitches.com\/fr\/produits-toneluck\/\">TONELUCK<\/a> nous proposons une gamme vari\u00e9e de commutateurs et de composants de commande automobile, garantissant une qualit\u00e9 fiable et un rapport qualit\u00e9-prix optimal. <a href=\"https:\/\/a2bc.com\/blog\/what-is-the-difference-between-t1-t2-customs-transit-documents\/\" target=\"_blank\" rel=\"noopener\">clients T1 et T2<\/a>.<\/p>\n<p>Pour plus d&#039;informations, bienvenue sur <a href=\"https:\/\/www.toneluckswitches.com\/fr\/contactez-nous\/\">Contactez-nous<\/a> Sans aucune h\u00e9sitation, merci.<\/p>\n<\/div><div class=\"fusion-blog-shortcode fusion-blog-shortcode-1 fusion-blog-archive fusion-blog-layout-timeline-wrapper fusion-blog-infinite\"><div class=\"fusion-posts-container fusion-posts-container-infinite fusion-posts-container-load-more fusion-no-meta-info fusion-blog-rollover\" data-pages=\"5\"><div class=\"fusion-timeline-icon\"><i class=\"awb-icon-bubbles\" style=\"color:#f2f3f5;\" aria-hidden=\"true\"><\/i><\/div><div class=\"fusion-blog-layout-timeline fusion-clearfix\"><div class=\"fusion-timeline-line\" style=\"border-left:1px solid #f2f3f5;border-right:1px solid #f2f3f5;\"><\/div><h3 class=\"fusion-timeline-date\" style=\"background-color:#f2f3f5;\">avril 2026<\/h3><div class=\"fusion-collapse-month\"><article id=\"blog-1-post-5758\" style=\"border-color:#f2f3f5;\" class=\"fusion-post-timeline fusion-clearfix fusion-left-column post-5758 post type-post status-publish format-standard has-post-thumbnail hentry category-home-appliances tag-toneluck-d6-series-micro-switches\">\n<div class=\"fusion-post-wrapper\" style=\"background-color:rgba(255,255,255,0);\">\n\n\t\t\t<div class=\"fusion-flexslider flexslider fusion-flexslider-loading fusion-post-slideshow\" style=\"border-color:#f2f3f5;\">\n\t\t<ul class=\"slides\">\n\t\t\t\n\t\t\t\t\t\t\t\t\t\t\t\t\t\t<li><div  class=\"fusion-image-wrapper\" aria-haspopup=\"true\">\n\t\t\t\t<img decoding=\"async\" width=\"1024\" height=\"1024\" src=\"https:\/\/www.toneluckswitches.com\/wp-content\/uploads\/2026\/04\/Toneluck-D6-Series-Micro-Switches.jpg\" class=\"attachment-full size-full wp-post-image\" alt=\"\" srcset=\"https:\/\/www.toneluckswitches.com\/wp-content\/uploads\/2026\/04\/Toneluck-D6-Series-Micro-Switches-200x200.jpg 200w, https:\/\/www.toneluckswitches.com\/wp-content\/uploads\/2026\/04\/Toneluck-D6-Series-Micro-Switches-400x400.jpg 400w, https:\/\/www.toneluckswitches.com\/wp-content\/uploads\/2026\/04\/Toneluck-D6-Series-Micro-Switches-600x600.jpg 600w, https:\/\/www.toneluckswitches.com\/wp-content\/uploads\/2026\/04\/Toneluck-D6-Series-Micro-Switches-800x800.jpg 800w, https:\/\/www.toneluckswitches.com\/wp-content\/uploads\/2026\/04\/Toneluck-D6-Series-Micro-Switches.jpg 1024w\" sizes=\"(max-width: 640px) 100vw, 40vw\" title=\"\"><div class=\"fusion-rollover\">\n\t<div class=\"fusion-rollover-content\">\n\n\t\t\t\t\t\t\t\t\t\t\t\t\t\t<a class=\"fusion-rollover-link\" href=\"https:\/\/www.toneluckswitches.com\/fr\/toneluck-d6-series-micro-switches-in-refrigerator-door-lighting-control\/\">Optimisation de la fra\u00eecheur et de l&#039;exp\u00e9rience utilisateur\u00a0: application des micro-interrupteurs Toneluck s\u00e9rie D6 \u00e0 la commande de l&#039;\u00e9clairage de la porte du r\u00e9frig\u00e9rateur<\/a>\n\t\t\t\n\t\t\t\t\t\t\t\t\n\t\t\n\t\t\t\t\t\t\t\t\t\t\t\t<h4 class=\"fusion-rollover-title\">\n\t\t\t\t\t<a class=\"fusion-rollover-title-link\" href=\"https:\/\/www.toneluckswitches.com\/fr\/toneluck-d6-series-micro-switches-in-refrigerator-door-lighting-control\/\">\n\t\t\t\t\t\tOptimisation de la fra\u00eecheur et de l&#039;exp\u00e9rience utilisateur\u00a0: application des micro-interrupteurs Toneluck s\u00e9rie D6 \u00e0 la commande de l&#039;\u00e9clairage de la porte du r\u00e9frig\u00e9rateur\t\t\t\t\t<\/a>\n\t\t\t\t<\/h4>\n\t\t\t\n\t\t\t\t\t\t\t\t\n\t\t\n\t\t\t\t\t\t<a class=\"fusion-link-wrapper\" href=\"https:\/\/www.toneluckswitches.com\/fr\/toneluck-d6-series-micro-switches-in-refrigerator-door-lighting-control\/\" aria-label=\"Optimisation de la fra\u00eecheur et de l&#039;exp\u00e9rience utilisateur\u00a0: application des micro-interrupteurs Toneluck s\u00e9rie D6 \u00e0 la commande de l&#039;\u00e9clairage de la porte du r\u00e9frig\u00e9rateur\"><\/a>\n\t<\/div>\n<\/div>\n<\/div>\n<\/li>\n\t\t\t\n\t\t\t\n\t\t\t\t\t\t\t\t\t\t\t\t\t\t\t\t\t\t\t\t\t\t\t\t\t\t\t\t\t\t\t\t\t\t\t\t\t\t\t\t\t\t\t\t\t\t\t\t\t\t\t\t\t\t\t\t\t\t\t\t\t\t\t\t\t\t\t\t<\/ul>\n\t<\/div>\n\t<div class=\"fusion-post-content-wrapper\" style=\"padding:10px 10px 10px 10px; display:none;\"><div class=\"fusion-post-content post-content\"><div class=\"fusion-timeline-circle\" style=\"background-color:#f2f3f5;\"><\/div><div class=\"fusion-timeline-arrow\" style=\"color:#f2f3f5;\"><\/div><\/div><\/div><div class=\"fusion-clearfix\"><\/div><\/div>\n<\/article>\n<article id=\"blog-1-post-5754\" style=\"border-color:#f2f3f5;\" class=\"fusion-post-timeline fusion-clearfix fusion-right-column post-5754 post type-post status-publish format-standard has-post-thumbnail hentry category-automotive tag-mqs-9a-series-micro-switch\">\n<div class=\"fusion-post-wrapper\" style=\"background-color:rgba(255,255,255,0);\">\n\n\t\t\t<div class=\"fusion-flexslider flexslider fusion-flexslider-loading fusion-post-slideshow\" style=\"border-color:#f2f3f5;\">\n\t\t<ul class=\"slides\">\n\t\t\t\n\t\t\t\t\t\t\t\t\t\t\t\t\t\t<li><div  class=\"fusion-image-wrapper\" aria-haspopup=\"true\">\n\t\t\t\t<img decoding=\"async\" width=\"800\" height=\"800\" src=\"https:\/\/www.toneluckswitches.com\/wp-content\/uploads\/2026\/04\/TONELUCK-MQS-9A-Waterproof-Micro-Switches.jpg\" class=\"attachment-full size-full wp-post-image\" alt=\"\" srcset=\"https:\/\/www.toneluckswitches.com\/wp-content\/uploads\/2026\/04\/TONELUCK-MQS-9A-Waterproof-Micro-Switches-200x200.jpg 200w, https:\/\/www.toneluckswitches.com\/wp-content\/uploads\/2026\/04\/TONELUCK-MQS-9A-Waterproof-Micro-Switches-400x400.jpg 400w, https:\/\/www.toneluckswitches.com\/wp-content\/uploads\/2026\/04\/TONELUCK-MQS-9A-Waterproof-Micro-Switches-600x600.jpg 600w, https:\/\/www.toneluckswitches.com\/wp-content\/uploads\/2026\/04\/TONELUCK-MQS-9A-Waterproof-Micro-Switches.jpg 800w\" sizes=\"(max-width: 640px) 100vw, 40vw\" title=\"\"><div class=\"fusion-rollover\">\n\t<div class=\"fusion-rollover-content\">\n\n\t\t\t\t\t\t\t\t\t\t\t\t\t\t<a class=\"fusion-rollover-link\" href=\"https:\/\/www.toneluckswitches.com\/fr\/automotive-reliability-with-toneluck-mqs-9a-waterproof-micro-switches\/\">Article d&#039;application\u00a0: Am\u00e9liorer la fiabilit\u00e9 automobile gr\u00e2ce aux micro-interrupteurs \u00e9tanches TONELUCK MQS-9A<\/a>\n\t\t\t\n\t\t\t\t\t\t\t\t\n\t\t\n\t\t\t\t\t\t\t\t\t\t\t\t<h4 class=\"fusion-rollover-title\">\n\t\t\t\t\t<a class=\"fusion-rollover-title-link\" href=\"https:\/\/www.toneluckswitches.com\/fr\/automotive-reliability-with-toneluck-mqs-9a-waterproof-micro-switches\/\">\n\t\t\t\t\t\tArticle d&#039;application\u00a0: Am\u00e9liorer la fiabilit\u00e9 automobile gr\u00e2ce aux micro-interrupteurs \u00e9tanches TONELUCK MQS-9A\t\t\t\t\t<\/a>\n\t\t\t\t<\/h4>\n\t\t\t\n\t\t\t\t\t\t\t\t\n\t\t\n\t\t\t\t\t\t<a class=\"fusion-link-wrapper\" href=\"https:\/\/www.toneluckswitches.com\/fr\/automotive-reliability-with-toneluck-mqs-9a-waterproof-micro-switches\/\" aria-label=\"Article d&#039;application\u00a0: Am\u00e9liorer la fiabilit\u00e9 automobile gr\u00e2ce aux micro-interrupteurs \u00e9tanches TONELUCK MQS-9A\"><\/a>\n\t<\/div>\n<\/div>\n<\/div>\n<\/li>\n\t\t\t\n\t\t\t\n\t\t\t\t\t\t\t\t\t\t\t\t\t\t\t\t\t\t\t\t\t\t\t\t\t\t\t\t\t\t\t\t\t\t\t\t\t\t\t\t\t\t\t\t\t\t\t\t\t\t\t\t\t\t\t\t\t\t\t\t\t\t\t\t\t\t\t\t<\/ul>\n\t<\/div>\n\t<div class=\"fusion-post-content-wrapper\" style=\"padding:10px 10px 10px 10px; display:none;\"><div class=\"fusion-post-content post-content\"><div class=\"fusion-timeline-circle\" style=\"background-color:#f2f3f5;\"><\/div><div class=\"fusion-timeline-arrow\" style=\"color:#f2f3f5;\"><\/div><\/div><\/div><div class=\"fusion-clearfix\"><\/div><\/div>\n<\/article>\n<\/div><h3 class=\"fusion-timeline-date\" style=\"background-color:#f2f3f5;\">mars 2025<\/h3><div class=\"fusion-collapse-month\"><article id=\"blog-1-post-5620\" style=\"border-color:#f2f3f5;\" class=\"fusion-post-timeline fusion-clearfix fusion-left-column post-5620 post type-post status-publish format-standard has-post-thumbnail hentry category-automotive\">\n<div class=\"fusion-post-wrapper\" style=\"background-color:rgba(255,255,255,0);\">\n\n\t\t\t<div class=\"fusion-flexslider flexslider fusion-flexslider-loading fusion-post-slideshow\" style=\"border-color:#f2f3f5;\">\n\t\t<ul class=\"slides\">\n\t\t\t\n\t\t\t\t\t\t\t\t\t\t\t\t\t\t<li><div  class=\"fusion-image-wrapper\" aria-haspopup=\"true\">\n\t\t\t\t<img decoding=\"async\" width=\"800\" height=\"533\" src=\"https:\/\/www.toneluckswitches.com\/wp-content\/uploads\/2025\/03\/D6-Door-Switch-for-Dryer.jpg\" class=\"attachment-full size-full wp-post-image\" alt=\"\" srcset=\"https:\/\/www.toneluckswitches.com\/wp-content\/uploads\/2025\/03\/D6-Door-Switch-for-Dryer-200x133.jpg 200w, https:\/\/www.toneluckswitches.com\/wp-content\/uploads\/2025\/03\/D6-Door-Switch-for-Dryer-400x267.jpg 400w, https:\/\/www.toneluckswitches.com\/wp-content\/uploads\/2025\/03\/D6-Door-Switch-for-Dryer-600x400.jpg 600w, https:\/\/www.toneluckswitches.com\/wp-content\/uploads\/2025\/03\/D6-Door-Switch-for-Dryer.jpg 800w\" sizes=\"(max-width: 640px) 100vw, 40vw\" title=\"\"><div class=\"fusion-rollover\">\n\t<div class=\"fusion-rollover-content\">\n\n\t\t\t\t\t\t\t\t\t\t\t\t\t\t<a class=\"fusion-rollover-link\" href=\"https:\/\/www.toneluckswitches.com\/fr\/la-serie-dinterrupteurs-de-porte-toneluck-d6-est-un-controle-essentiel-pour-les-operations-sur-bornes-de-recharge\/\">La s\u00e9rie d&#039;interrupteurs de porte Toneluck D6\u00a0: un contr\u00f4le essentiel pour les op\u00e9rations de recharge.<\/a>\n\t\t\t\n\t\t\t\t\t\t\t\t\n\t\t\n\t\t\t\t\t\t\t\t\t\t\t\t<h4 class=\"fusion-rollover-title\">\n\t\t\t\t\t<a class=\"fusion-rollover-title-link\" href=\"https:\/\/www.toneluckswitches.com\/fr\/la-serie-dinterrupteurs-de-porte-toneluck-d6-est-un-controle-essentiel-pour-les-operations-sur-bornes-de-recharge\/\">\n\t\t\t\t\t\tLa s\u00e9rie d&#039;interrupteurs de porte Toneluck D6\u00a0: un contr\u00f4le essentiel pour les op\u00e9rations de recharge.\t\t\t\t\t<\/a>\n\t\t\t\t<\/h4>\n\t\t\t\n\t\t\t\t\t\t\t\t\n\t\t\n\t\t\t\t\t\t<a class=\"fusion-link-wrapper\" href=\"https:\/\/www.toneluckswitches.com\/fr\/la-serie-dinterrupteurs-de-porte-toneluck-d6-est-un-controle-essentiel-pour-les-operations-sur-bornes-de-recharge\/\" aria-label=\"La s\u00e9rie d&#039;interrupteurs de porte Toneluck D6\u00a0: un contr\u00f4le essentiel pour les op\u00e9rations de recharge.\"><\/a>\n\t<\/div>\n<\/div>\n<\/div>\n<\/li>\n\t\t\t\n\t\t\t\n\t\t\t\t\t\t\t\t\t\t\t\t\t\t\t\t\t\t\t\t\t\t\t\t\t\t\t\t\t\t\t\t\t\t\t\t\t\t\t\t\t\t\t\t\t\t\t\t\t\t\t\t\t\t\t\t\t\t\t\t\t\t\t\t\t\t\t\t<\/ul>\n\t<\/div>\n\t<div class=\"fusion-post-content-wrapper\" style=\"padding:10px 10px 10px 10px; display:none;\"><div class=\"fusion-post-content post-content\"><div class=\"fusion-timeline-circle\" style=\"background-color:#f2f3f5;\"><\/div><div class=\"fusion-timeline-arrow\" style=\"color:#f2f3f5;\"><\/div><\/div><\/div><div class=\"fusion-clearfix\"><\/div><\/div>\n<\/article>\n<article id=\"blog-1-post-5611\" style=\"border-color:#f2f3f5;\" class=\"fusion-post-timeline fusion-clearfix fusion-right-column post-5611 post type-post status-publish format-standard has-post-thumbnail hentry category-automotive\">\n<div class=\"fusion-post-wrapper\" style=\"background-color:rgba(255,255,255,0);\">\n\n\t\t\t<div class=\"fusion-flexslider flexslider fusion-flexslider-loading fusion-post-slideshow\" style=\"border-color:#f2f3f5;\">\n\t\t<ul class=\"slides\">\n\t\t\t\n\t\t\t\t\t\t\t\t\t\t\t\t\t\t<li><div  class=\"fusion-image-wrapper\" aria-haspopup=\"true\">\n\t\t\t\t<img decoding=\"async\" width=\"442\" height=\"217\" src=\"https:\/\/www.toneluckswitches.com\/wp-content\/uploads\/2025\/03\/20250312093010.png\" class=\"attachment-full size-full wp-post-image\" alt=\"\" srcset=\"https:\/\/www.toneluckswitches.com\/wp-content\/uploads\/2025\/03\/20250312093010-200x98.png 200w, https:\/\/www.toneluckswitches.com\/wp-content\/uploads\/2025\/03\/20250312093010-400x196.png 400w, https:\/\/www.toneluckswitches.com\/wp-content\/uploads\/2025\/03\/20250312093010.png 442w\" sizes=\"(max-width: 640px) 100vw, 40vw\" title=\"\"><div class=\"fusion-rollover\">\n\t<div class=\"fusion-rollover-content\">\n\n\t\t\t\t\t\t\t\t\t\t\t\t\t\t<a class=\"fusion-rollover-link\" href=\"https:\/\/www.toneluckswitches.com\/fr\/interrupteur-a-glissiere-toneluck-mqs-9b\/\">Micro-interrupteur coulissant Toneluck MQS-9B<\/a>\n\t\t\t\n\t\t\t\t\t\t\t\t\n\t\t\n\t\t\t\t\t\t\t\t\t\t\t\t<h4 class=\"fusion-rollover-title\">\n\t\t\t\t\t<a class=\"fusion-rollover-title-link\" href=\"https:\/\/www.toneluckswitches.com\/fr\/interrupteur-a-glissiere-toneluck-mqs-9b\/\">\n\t\t\t\t\t\tMicro-interrupteur coulissant Toneluck MQS-9B\t\t\t\t\t<\/a>\n\t\t\t\t<\/h4>\n\t\t\t\n\t\t\t\t\t\t\t\t\n\t\t\n\t\t\t\t\t\t<a class=\"fusion-link-wrapper\" href=\"https:\/\/www.toneluckswitches.com\/fr\/interrupteur-a-glissiere-toneluck-mqs-9b\/\" aria-label=\"Micro-interrupteur coulissant Toneluck MQS-9B\"><\/a>\n\t<\/div>\n<\/div>\n<\/div>\n<\/li>\n\t\t\t\n\t\t\t\n\t\t\t\t\t\t\t\t\t\t\t\t\t\t\t\t\t\t\t\t\t\t\t\t\t\t\t\t\t\t\t\t\t\t\t\t\t\t\t\t\t\t\t\t\t\t\t\t\t\t\t\t\t\t\t\t\t\t\t\t\t\t\t\t\t\t\t\t<\/ul>\n\t<\/div>\n\t<div class=\"fusion-post-content-wrapper\" style=\"padding:10px 10px 10px 10px; display:none;\"><div class=\"fusion-post-content post-content\"><div class=\"fusion-timeline-circle\" style=\"background-color:#f2f3f5;\"><\/div><div class=\"fusion-timeline-arrow\" style=\"color:#f2f3f5;\"><\/div><\/div><\/div><div class=\"fusion-clearfix\"><\/div><\/div>\n<\/article>\n<article id=\"blog-1-post-5595\" style=\"border-color:#f2f3f5;\" class=\"fusion-post-timeline fusion-clearfix fusion-left-column post-5595 post type-post status-publish format-standard has-post-thumbnail hentry category-automotive category-technical-news tag-toneluck-switch\">\n<div class=\"fusion-post-wrapper\" style=\"background-color:rgba(255,255,255,0);\">\n\n\t\t\t<div class=\"fusion-flexslider flexslider fusion-flexslider-loading fusion-post-slideshow\" style=\"border-color:#f2f3f5;\">\n\t\t<ul class=\"slides\">\n\t\t\t\n\t\t\t\t\t\t\t\t\t\t\t\t\t\t<li><div  class=\"fusion-image-wrapper\" aria-haspopup=\"true\">\n\t\t\t\t<img decoding=\"async\" width=\"358\" height=\"226\" src=\"https:\/\/www.toneluckswitches.com\/wp-content\/uploads\/2025\/03\/s3.jpg\" class=\"attachment-full size-full wp-post-image\" alt=\"\" srcset=\"https:\/\/www.toneluckswitches.com\/wp-content\/uploads\/2025\/03\/s3-200x126.jpg 200w, https:\/\/www.toneluckswitches.com\/wp-content\/uploads\/2025\/03\/s3.jpg 358w\" sizes=\"(max-width: 640px) 100vw, 40vw\" title=\"\"><div class=\"fusion-rollover\">\n\t<div class=\"fusion-rollover-content\">\n\n\t\t\t\t\t\t\t\t\t\t\t\t\t\t<a class=\"fusion-rollover-link\" href=\"https:\/\/www.toneluckswitches.com\/fr\/le-micro-interrupteur-toneluck-s3-est-un-choix-haute-performance-pour-les-systemes-de-reglage-des-sieges-automobiles\/\">Micro-interrupteur Toneluck S3\u00a0: un choix haute performance pour les syst\u00e8mes de r\u00e9glage des si\u00e8ges automobiles<\/a>\n\t\t\t\n\t\t\t\t\t\t\t\t\n\t\t\n\t\t\t\t\t\t\t\t\t\t\t\t<h4 class=\"fusion-rollover-title\">\n\t\t\t\t\t<a class=\"fusion-rollover-title-link\" href=\"https:\/\/www.toneluckswitches.com\/fr\/le-micro-interrupteur-toneluck-s3-est-un-choix-haute-performance-pour-les-systemes-de-reglage-des-sieges-automobiles\/\">\n\t\t\t\t\t\tMicro-interrupteur Toneluck S3\u00a0: un choix haute performance pour les syst\u00e8mes de r\u00e9glage des si\u00e8ges automobiles\t\t\t\t\t<\/a>\n\t\t\t\t<\/h4>\n\t\t\t\n\t\t\t\t\t\t\t\t\n\t\t\n\t\t\t\t\t\t<a class=\"fusion-link-wrapper\" href=\"https:\/\/www.toneluckswitches.com\/fr\/le-micro-interrupteur-toneluck-s3-est-un-choix-haute-performance-pour-les-systemes-de-reglage-des-sieges-automobiles\/\" aria-label=\"Micro-interrupteur Toneluck S3\u00a0: un choix haute performance pour les syst\u00e8mes de r\u00e9glage des si\u00e8ges automobiles\"><\/a>\n\t<\/div>\n<\/div>\n<\/div>\n<\/li>\n\t\t\t\n\t\t\t\n\t\t\t\t\t\t\t\t\t\t\t\t\t\t\t\t\t\t\t\t\t\t\t\t\t\t\t\t\t\t\t\t\t\t\t\t\t\t\t\t\t\t\t\t\t\t\t\t\t\t\t\t\t\t\t\t\t\t\t\t\t\t\t\t\t\t\t\t<\/ul>\n\t<\/div>\n\t<div class=\"fusion-post-content-wrapper\" style=\"padding:10px 10px 10px 10px; display:none;\"><div class=\"fusion-post-content post-content\"><div class=\"fusion-timeline-circle\" style=\"background-color:#f2f3f5;\"><\/div><div class=\"fusion-timeline-arrow\" style=\"color:#f2f3f5;\"><\/div><\/div><\/div><div class=\"fusion-clearfix\"><\/div><\/div>\n<\/article>\n<\/div><h3 class=\"fusion-timeline-date\" style=\"background-color:#f2f3f5;\">f\u00e9vrier 2024<\/h3><div class=\"fusion-collapse-month\"><article id=\"blog-1-post-4930\" style=\"border-color:#f2f3f5;\" class=\"fusion-post-timeline fusion-clearfix fusion-right-column post-4930 post type-post status-publish format-standard hentry category-applications tag-microswitches\">\n<div class=\"fusion-post-wrapper\" style=\"background-color:rgba(255,255,255,0);\">\n\n<div class=\"fusion-post-content-wrapper\" style=\"padding:10px 10px 10px 10px; display:none;\"><div class=\"fusion-post-content post-content\"><div class=\"fusion-timeline-circle\" style=\"background-color:#f2f3f5;\"><\/div><div class=\"fusion-timeline-arrow\" style=\"color:#f2f3f5;\"><\/div><\/div><\/div><div class=\"fusion-clearfix\"><\/div><\/div>\n<\/article>\n<\/div><h3 class=\"fusion-timeline-date\" style=\"background-color:#f2f3f5;\">avril 2023<\/h3><div class=\"fusion-collapse-month\"><article id=\"blog-1-post-4276\" style=\"border-color:#f2f3f5;\" class=\"fusion-post-timeline fusion-clearfix fusion-left-column post-4276 post type-post status-publish format-standard has-post-thumbnail hentry category-home-appliances category-product-news\">\n<div class=\"fusion-post-wrapper\" style=\"background-color:rgba(255,255,255,0);\">\n\n\t\t\t<div class=\"fusion-flexslider flexslider fusion-flexslider-loading fusion-post-slideshow\" style=\"border-color:#f2f3f5;\">\n\t\t<ul class=\"slides\">\n\t\t\t\n\t\t\t\t\t\t\t\t\t\t\t\t\t\t<li><div  class=\"fusion-image-wrapper\" aria-haspopup=\"true\">\n\t\t\t\t<img decoding=\"async\" width=\"1000\" height=\"482\" src=\"https:\/\/www.toneluckswitches.com\/wp-content\/uploads\/2023\/04\/air-purifier-micro-switch.jpg\" class=\"attachment-full size-full wp-post-image\" alt=\"micro-interrupteur de purificateur d&#039;air\" srcset=\"https:\/\/www.toneluckswitches.com\/wp-content\/uploads\/2023\/04\/air-purifier-micro-switch-200x96.jpg 200w, https:\/\/www.toneluckswitches.com\/wp-content\/uploads\/2023\/04\/air-purifier-micro-switch-400x193.jpg 400w, https:\/\/www.toneluckswitches.com\/wp-content\/uploads\/2023\/04\/air-purifier-micro-switch-600x289.jpg 600w, https:\/\/www.toneluckswitches.com\/wp-content\/uploads\/2023\/04\/air-purifier-micro-switch-800x386.jpg 800w, https:\/\/www.toneluckswitches.com\/wp-content\/uploads\/2023\/04\/air-purifier-micro-switch.jpg 1000w\" sizes=\"(max-width: 640px) 100vw, 40vw\" title=\"\"><div class=\"fusion-rollover\">\n\t<div class=\"fusion-rollover-content\">\n\n\t\t\t\t\t\t\t\t\t\t\t\t\t\t<a class=\"fusion-rollover-link\" href=\"https:\/\/www.toneluckswitches.com\/fr\/air-purifier-micro-switch\/\">S\u00e9lection et principe de fonctionnement du micro-interrupteur du purificateur d&#039;air<\/a>\n\t\t\t\n\t\t\t\t\t\t\t\t\n\t\t\n\t\t\t\t\t\t\t\t\t\t\t\t<h4 class=\"fusion-rollover-title\">\n\t\t\t\t\t<a class=\"fusion-rollover-title-link\" href=\"https:\/\/www.toneluckswitches.com\/fr\/air-purifier-micro-switch\/\">\n\t\t\t\t\t\tS\u00e9lection et principe de fonctionnement du micro-interrupteur du purificateur d&#039;air\t\t\t\t\t<\/a>\n\t\t\t\t<\/h4>\n\t\t\t\n\t\t\t\t\t\t\t\t\n\t\t\n\t\t\t\t\t\t<a class=\"fusion-link-wrapper\" href=\"https:\/\/www.toneluckswitches.com\/fr\/air-purifier-micro-switch\/\" aria-label=\"S\u00e9lection et principe de fonctionnement du micro-interrupteur du purificateur d&#039;air\"><\/a>\n\t<\/div>\n<\/div>\n<\/div>\n<\/li>\n\t\t\t\n\t\t\t\n\t\t\t\t\t\t\t\t\t\t\t\t\t\t\t\t\t\t\t\t\t\t\t\t\t\t\t\t\t\t\t\t\t\t\t\t\t\t\t\t\t\t\t\t\t\t\t\t\t\t\t\t\t\t\t\t\t\t\t\t\t\t\t\t\t\t\t\t<\/ul>\n\t<\/div>\n\t<div class=\"fusion-post-content-wrapper\" style=\"padding:10px 10px 10px 10px; display:none;\"><div class=\"fusion-post-content post-content\"><div class=\"fusion-timeline-circle\" style=\"background-color:#f2f3f5;\"><\/div><div class=\"fusion-timeline-arrow\" style=\"color:#f2f3f5;\"><\/div><\/div><\/div><div class=\"fusion-clearfix\"><\/div><\/div>\n<\/article>\n<\/div><\/div><\/div><div class=\"fusion-infinite-scroll-trigger\"><\/div><div class=\"pagination infinite-scroll clearfix\" style=\"display:none;\"><span class=\"current\">1<\/span><a href=\"https:\/\/www.toneluckswitches.com\/wp-json\/wp\/v2\/pages\/11\/page\/2\/\" class=\"inactive\">2<\/a><a class=\"pagination-next\" rel=\"next\" href=\"https:\/\/www.toneluckswitches.com\/wp-json\/wp\/v2\/pages\/11\/page\/2\/\"><span class=\"page-text\">Suivant<\/span><span class=\"page-next\"><\/span><\/a><\/div><div class=\"fusion-clearfix\"><\/div><button class=\"fusion-load-more-button fusion-blog-button fusion-clearfix\">Charger plus de publications<\/button><\/div><\/div><\/div><\/div><\/div>","protected":false},"excerpt":{"rendered":"","protected":false},"author":1,"featured_media":0,"parent":0,"menu_order":0,"comment_status":"closed","ping_status":"closed","template":"","meta":{"footnotes":""},"class_list":["post-11","page","type-page","status-publish","hentry"],"_links":{"self":[{"href":"https:\/\/www.toneluckswitches.com\/fr\/wp-json\/wp\/v2\/pages\/11","targetHints":{"allow":["GET"]}}],"collection":[{"href":"https:\/\/www.toneluckswitches.com\/fr\/wp-json\/wp\/v2\/pages"}],"about":[{"href":"https:\/\/www.toneluckswitches.com\/fr\/wp-json\/wp\/v2\/types\/page"}],"author":[{"embeddable":true,"href":"https:\/\/www.toneluckswitches.com\/fr\/wp-json\/wp\/v2\/users\/1"}],"replies":[{"embeddable":true,"href":"https:\/\/www.toneluckswitches.com\/fr\/wp-json\/wp\/v2\/comments?post=11"}],"version-history":[{"count":5,"href":"https:\/\/www.toneluckswitches.com\/fr\/wp-json\/wp\/v2\/pages\/11\/revisions"}],"predecessor-version":[{"id":4089,"href":"https:\/\/www.toneluckswitches.com\/fr\/wp-json\/wp\/v2\/pages\/11\/revisions\/4089"}],"wp:attachment":[{"href":"https:\/\/www.toneluckswitches.com\/fr\/wp-json\/wp\/v2\/media?parent=11"}],"curies":[{"name":"wp","href":"https:\/\/api.w.org\/{rel}","templated":true}]}}