{"id":62,"date":"2021-01-11T07:59:31","date_gmt":"2021-01-11T07:59:31","guid":{"rendered":"https:\/\/www.toneluckswitches.com\/?page_id=62"},"modified":"2022-03-25T05:41:07","modified_gmt":"2022-03-25T05:41:07","slug":"interruptor-de-boton-pulsador","status":"publish","type":"page","link":"https:\/\/www.toneluckswitches.com\/es\/interruptor-de-boton-pulsador\/","title":{"rendered":"Interruptor de bot\u00f3n pulsador"},"content":{"rendered":"<div class=\"fusion-fullwidth fullwidth-box fusion-builder-row-1 fusion-flex-container nonhundred-percent-fullwidth non-hundred-percent-height-scrolling\" style=\"--awb-border-radius-top-left:0px;--awb-border-radius-top-right:0px;--awb-border-radius-bottom-right:0px;--awb-border-radius-bottom-left:0px;--awb-flex-wrap:wrap;\" ><div class=\"fusion-builder-row fusion-row fusion-flex-align-items-flex-start fusion-flex-content-wrap\" style=\"max-width:1560px;margin-left: calc(-4% \/ 2 );margin-right: calc(-4% \/ 2 );\"><div class=\"fusion-layout-column fusion_builder_column fusion-builder-column-0 fusion_builder_column_1_1 1_1 fusion-flex-column\" style=\"--awb-bg-size:cover;--awb-width-large:100%;--awb-margin-top-large:10px;--awb-spacing-right-large:1.92%;--awb-margin-bottom-large:10px;--awb-spacing-left-large:1.92%;--awb-width-medium:100%;--awb-order-medium:0;--awb-spacing-right-medium:1.92%;--awb-spacing-left-medium:1.92%;--awb-width-small:100%;--awb-order-small:0;--awb-spacing-right-small:1.92%;--awb-spacing-left-small:1.92%;\"><div class=\"fusion-column-wrapper fusion-column-has-shadow fusion-flex-justify-content-flex-start fusion-content-layout-column\"><div class=\"fusion-text fusion-text-1\"><p class=\"entry-title fusion-responsive-typography-calculated\" data-fontsize=\"26\" data-lineheight=\"36.4px\">Como fabricante y proveedor de interruptores pulsadores, no solo suministramos interruptores Toneluck, sino que tambi\u00e9n ofrecemos soluciones para proyectos. <a href=\"https:\/\/en.wikipedia.org\/wiki\/Original_equipment_manufacturer\" target=\"_blank\" rel=\"noopener\">Fabricante de equipos originales (OEM)<\/a> Soporte para ahorrar tiempo y dinero a nuestros clientes. Nuestro conmutador no solo es famoso a nivel mundial, sino que tambi\u00e9n cuenta con el reconocimiento de clientes de diferentes pa\u00edses. Por ejemplo, puede hacer clic aqu\u00ed para acceder a nuestra p\u00e1gina de inicio y ver... <a href=\"https:\/\/www.toneluckswitches.com\/es\/\" target=\"_blank\" rel=\"noopener\">nuestros clientes<\/a>. Adem\u00e1s, contamos con diversos tipos de interruptores pulsadores, como el de llave, LTV, MPN, MPV, PBA y PBN. Generalmente, <span class=\"\">interruptor pulsador moment\u00e1neo, <\/span><span class=\"\">interruptor el\u00e9ctrico de bot\u00f3n pulsador, <\/span><span class=\"\">Bot\u00f3n pulsador interruptor de 12v, <\/span><span class=\"\">interruptor de encendido y apagado con bot\u00f3n pulsador.<\/span><\/p>\n<p class=\"entry-title fusion-responsive-typography-calculated\" data-fontsize=\"26\" data-lineheight=\"36.4px\">Mientras tanto, los interruptores pulsadores se utilizan ampliamente en autom\u00f3viles, equipos de audio, dispositivos electr\u00f3nicos, etc.<\/p>\n<\/div><div class=\"fusion-text fusion-text-2\"><p class=\"entry-title fusion-responsive-typography-calculated\" data-fontsize=\"26\" data-lineheight=\"36.4px\">Adem\u00e1s, el comprador puede elegir los par\u00e1metros seg\u00fan sus necesidades, como la funci\u00f3n moment\u00e1nea, autobloqueo, sin enclavamiento, la corriente y el voltaje nominales, los par\u00e1metros del TP, la fuerza, el contacto, etc.<\/p>\n<\/div><div class=\"fusion-text fusion-text-3\"><p>En definitiva, Toneluck es un proveedor en el que merece su confianza porque nos fundamos en 1973.<\/p>\n<ul>\n<li>Para el cliente: Ofrecer mejores productos y servicios.<\/li>\n<li>Para el personal: Brindar la oportunidad de estudiar, mejorar el ambiente laboral y los ingresos econ\u00f3micos.<\/li>\n<li>Para el accionista: Mejorar la rentabilidad y la calidad de la inversi\u00f3n<\/li>\n<li>Para el socio: Explorar el desarrollo com\u00fan y potenciar los beneficios sin\u00e9rgicos.<\/li>\n<li>Para la sociedad: Crear empleo, promover la econom\u00eda, la armon\u00eda y la estabilidad.<\/li>\n<\/ul>\n<\/div><div class=\"fusion-separator fusion-full-width-sep\" style=\"align-self: center;margin-left: auto;margin-right: auto;margin-top:15px;margin-bottom:15px;width:100%;\"><\/div><div class=\"fusion-image-element\" style=\"text-align:left;--awb-caption-title-font-family:var(--h2_typography-font-family);--awb-caption-title-font-weight:var(--h2_typography-font-weight);--awb-caption-title-font-style:var(--h2_typography-font-style);--awb-caption-title-size:var(--h2_typography-font-size);--awb-caption-title-transform:var(--h2_typography-text-transform);--awb-caption-title-line-height:var(--h2_typography-line-height);--awb-caption-title-letter-spacing:var(--h2_typography-letter-spacing);\"><span class=\"fusion-imageframe imageframe-none imageframe-1 hover-type-none\"><img decoding=\"async\" width=\"1024\" height=\"320\" alt=\"Banner de interruptor de bot\u00f3n pulsador\" title=\"Banner de interruptor de bot\u00f3n pulsador\" src=\"https:\/\/www.toneluckswitches.com\/wp-content\/uploads\/2021\/04\/push-button-switch-1024x320.jpg\" class=\"img-responsive wp-image-1691\" srcset=\"https:\/\/www.toneluckswitches.com\/wp-content\/uploads\/2021\/04\/push-button-switch-200x63.jpg 200w, https:\/\/www.toneluckswitches.com\/wp-content\/uploads\/2021\/04\/push-button-switch-400x125.jpg 400w, https:\/\/www.toneluckswitches.com\/wp-content\/uploads\/2021\/04\/push-button-switch-600x188.jpg 600w, https:\/\/www.toneluckswitches.com\/wp-content\/uploads\/2021\/04\/push-button-switch-800x250.jpg 800w, https:\/\/www.toneluckswitches.com\/wp-content\/uploads\/2021\/04\/push-button-switch-1200x375.jpg 1200w, https:\/\/www.toneluckswitches.com\/wp-content\/uploads\/2021\/04\/push-button-switch.jpg 1920w\" sizes=\"(max-width: 640px) 100vw, 1024px\" \/><\/span><\/div><div class=\"fusion-separator fusion-full-width-sep\" style=\"align-self: center;margin-left: auto;margin-right: auto;margin-top:15px;margin-bottom:15px;width:100%;\"><\/div><div class=\"fusion-title title fusion-title-1 fusion-sep-none fusion-title-text fusion-title-size-two\" style=\"--awb-margin-top-small:10px;--awb-margin-right-small:0px;--awb-margin-bottom-small:10px;--awb-margin-left-small:0px;--awb-font-size:20px;\"><h2 class=\"fusion-title-heading title-heading-left\" style=\"margin:0;font-size:1em;\"><strong>El elemento del interruptor pulsador para opciones<\/strong><\/h2><\/div><div class=\"fusion-builder-row fusion-builder-row-inner fusion-row fusion-flex-align-items-flex-start fusion-flex-content-wrap\" style=\"--awb-flex-grow:0;--awb-flex-grow-medium:0;--awb-flex-grow-small:0;--awb-flex-shrink:0;--awb-flex-shrink-medium:0;--awb-flex-shrink-small:0;width:104% !important;max-width:104% !important;margin-left: calc(-4% \/ 2 );margin-right: calc(-4% \/ 2 );\"><div class=\"fusion-layout-column fusion_builder_column_inner fusion-builder-nested-column-0 fusion_builder_column_inner_1_2 1_2 fusion-flex-column\" style=\"--awb-bg-size:cover;--awb-width-large:50%;--awb-margin-top-large:10px;--awb-spacing-right-large:3.84%;--awb-margin-bottom-large:10px;--awb-spacing-left-large:3.84%;--awb-width-medium:50%;--awb-order-medium:0;--awb-spacing-right-medium:3.84%;--awb-spacing-left-medium:3.84%;--awb-width-small:100%;--awb-order-small:0;--awb-spacing-right-small:1.92%;--awb-spacing-left-small:1.92%;\"><div class=\"fusion-column-wrapper fusion-column-has-shadow fusion-flex-justify-content-flex-start fusion-content-layout-column\">\n<table border=\"0\" width=\"100%\">\n<tbody>\n<tr bgcolor=\"#d2d2d2\">\n<th style=\"padding-left: 40px;\" align=\"left\" height=\"40\"><strong>Serie LTV<\/strong><\/th>\n<\/tr>\n<\/tbody>\n<\/table>\n<div class=\"fusion-text fusion-text-4\"><p>La serie LTV incluye LTV-75 y 76, LTV-77, LTV-85 y 86, LTV-87, LTV-88 y LTV-89.<\/p>\n<\/div><div class=\"fusion-image-element\" style=\"--awb-caption-title-font-family:var(--h2_typography-font-family);--awb-caption-title-font-weight:var(--h2_typography-font-weight);--awb-caption-title-font-style:var(--h2_typography-font-style);--awb-caption-title-size:var(--h2_typography-font-size);--awb-caption-title-transform:var(--h2_typography-text-transform);--awb-caption-title-line-height:var(--h2_typography-line-height);--awb-caption-title-letter-spacing:var(--h2_typography-letter-spacing);\"><span class=\"fusion-imageframe imageframe-none imageframe-2 hover-type-none\"><a class=\"fusion-no-lightbox\" href=\"https:\/\/www.toneluckswitches.com\/es\/interruptor-de-boton-ltv\/\" target=\"_blank\" aria-label=\"Interruptor de bot\u00f3n LTV\" rel=\"noopener noreferrer\"><img decoding=\"async\" width=\"500\" height=\"250\" alt=\"Interruptor de bot\u00f3n LTV\" src=\"https:\/\/www.toneluckswitches.com\/wp-content\/uploads\/2021\/10\/LTV.jpg\" class=\"img-responsive wp-image-2183\" srcset=\"https:\/\/www.toneluckswitches.com\/wp-content\/uploads\/2021\/10\/LTV-200x100.jpg 200w, https:\/\/www.toneluckswitches.com\/wp-content\/uploads\/2021\/10\/LTV-400x200.jpg 400w, https:\/\/www.toneluckswitches.com\/wp-content\/uploads\/2021\/10\/LTV.jpg 500w\" sizes=\"(max-width: 640px) 100vw, 500px\" title=\"\"><\/a><\/span><\/div><\/div><\/div><div class=\"fusion-layout-column fusion_builder_column_inner fusion-builder-nested-column-1 fusion_builder_column_inner_1_2 1_2 fusion-flex-column\" style=\"--awb-bg-size:cover;--awb-width-large:50%;--awb-margin-top-large:10px;--awb-spacing-right-large:3.84%;--awb-margin-bottom-large:10px;--awb-spacing-left-large:3.84%;--awb-width-medium:50%;--awb-order-medium:0;--awb-spacing-right-medium:3.84%;--awb-spacing-left-medium:3.84%;--awb-width-small:100%;--awb-order-small:0;--awb-spacing-right-small:1.92%;--awb-spacing-left-small:1.92%;\"><div class=\"fusion-column-wrapper fusion-column-has-shadow fusion-flex-justify-content-flex-start fusion-content-layout-column\">\n<table border=\"0\" width=\"100%\">\n<tbody>\n<tr bgcolor=\"#d2d2d2\">\n<th style=\"padding-left: 40px;\" align=\"left\" height=\"40\"><strong>Serie MPN<\/strong><\/th>\n<\/tr>\n<\/tbody>\n<\/table>\n<div class=\"fusion-text fusion-text-5\"><p>La serie MPN tiene una potencia nominal de 0,10 A y 30 V CC, con 10\u00a0000 ciclos el\u00e9ctricos certificados y una temperatura de funcionamiento de -10 \u00b0C a 60 \u00b0C. Se puede elegir entre autobloqueo y funci\u00f3n moment\u00e1nea, y el circuito el\u00e9ctrico est\u00e1 disponible en dos, cuatro o seis polos.<\/p>\n<\/div><div class=\"fusion-image-element\" style=\"--awb-caption-title-font-family:var(--h2_typography-font-family);--awb-caption-title-font-weight:var(--h2_typography-font-weight);--awb-caption-title-font-style:var(--h2_typography-font-style);--awb-caption-title-size:var(--h2_typography-font-size);--awb-caption-title-transform:var(--h2_typography-text-transform);--awb-caption-title-line-height:var(--h2_typography-line-height);--awb-caption-title-letter-spacing:var(--h2_typography-letter-spacing);\"><span class=\"fusion-imageframe imageframe-none imageframe-3 hover-type-none\"><a class=\"fusion-no-lightbox\" href=\"https:\/\/www.toneluckswitches.com\/es\/interruptores-de-encendido-y-apagado-con-boton-pulsador-mpn\/\" target=\"_blank\" aria-label=\"Interruptor de bot\u00f3n multipolar MPN\" rel=\"noopener noreferrer\"><img decoding=\"async\" width=\"500\" height=\"250\" alt=\"Interruptor de bot\u00f3n multipolar MPN\" src=\"https:\/\/www.toneluckswitches.com\/wp-content\/uploads\/2021\/10\/MPN.jpg\" class=\"img-responsive wp-image-2186\" srcset=\"https:\/\/www.toneluckswitches.com\/wp-content\/uploads\/2021\/10\/MPN-200x100.jpg 200w, https:\/\/www.toneluckswitches.com\/wp-content\/uploads\/2021\/10\/MPN-400x200.jpg 400w, https:\/\/www.toneluckswitches.com\/wp-content\/uploads\/2021\/10\/MPN.jpg 500w\" sizes=\"(max-width: 640px) 100vw, 500px\" title=\"\"><\/a><\/span><\/div><\/div><\/div><\/div><div class=\"fusion-builder-row fusion-builder-row-inner fusion-row fusion-flex-align-items-flex-start fusion-flex-content-wrap\" style=\"--awb-flex-grow:0;--awb-flex-grow-medium:0;--awb-flex-grow-small:0;--awb-flex-shrink:0;--awb-flex-shrink-medium:0;--awb-flex-shrink-small:0;width:104% !important;max-width:104% !important;margin-left: calc(-4% \/ 2 );margin-right: calc(-4% \/ 2 );\"><div class=\"fusion-layout-column fusion_builder_column_inner fusion-builder-nested-column-2 fusion_builder_column_inner_1_2 1_2 fusion-flex-column\" style=\"--awb-bg-size:cover;--awb-width-large:50%;--awb-margin-top-large:10px;--awb-spacing-right-large:3.84%;--awb-margin-bottom-large:10px;--awb-spacing-left-large:3.84%;--awb-width-medium:50%;--awb-order-medium:0;--awb-spacing-right-medium:3.84%;--awb-spacing-left-medium:3.84%;--awb-width-small:100%;--awb-order-small:0;--awb-spacing-right-small:1.92%;--awb-spacing-left-small:1.92%;\"><div class=\"fusion-column-wrapper fusion-column-has-shadow fusion-flex-justify-content-flex-start fusion-content-layout-column\">\n<table border=\"0\" width=\"100%\">\n<tbody>\n<tr bgcolor=\"#d2d2d2\">\n<th style=\"padding-left: 40px;\" align=\"left\" height=\"40\"><strong>Serie clave<\/strong><\/th>\n<\/tr>\n<\/tbody>\n<\/table>\n<div class=\"fusion-text fusion-text-6\"><p>La serie de interruptores de bot\u00f3n de llave es de tama\u00f1o peque\u00f1o con diferentes colores, su clasificaci\u00f3n es de 0,01 A 35 V CC 100 000 ciclos.<\/p>\n<\/div><div class=\"fusion-image-element\" style=\"--awb-caption-title-font-family:var(--h2_typography-font-family);--awb-caption-title-font-weight:var(--h2_typography-font-weight);--awb-caption-title-font-style:var(--h2_typography-font-style);--awb-caption-title-size:var(--h2_typography-font-size);--awb-caption-title-transform:var(--h2_typography-text-transform);--awb-caption-title-line-height:var(--h2_typography-line-height);--awb-caption-title-letter-spacing:var(--h2_typography-letter-spacing);\"><span class=\"fusion-imageframe imageframe-none imageframe-4 hover-type-none\"><a class=\"fusion-no-lightbox\" href=\"https:\/\/www.toneluckswitches.com\/es\/key-push-button-start-switch\/\" target=\"_blank\" aria-label=\"Interruptor pulsador mini KEY\" rel=\"noopener noreferrer\"><img decoding=\"async\" width=\"500\" height=\"250\" alt=\"Interruptor pulsador mini KEY\" src=\"https:\/\/www.toneluckswitches.com\/wp-content\/uploads\/2021\/10\/KEY.jpg\" class=\"img-responsive wp-image-2185\" srcset=\"https:\/\/www.toneluckswitches.com\/wp-content\/uploads\/2021\/10\/KEY-200x100.jpg 200w, https:\/\/www.toneluckswitches.com\/wp-content\/uploads\/2021\/10\/KEY-400x200.jpg 400w, https:\/\/www.toneluckswitches.com\/wp-content\/uploads\/2021\/10\/KEY.jpg 500w\" sizes=\"(max-width: 640px) 100vw, 500px\" title=\"\"><\/a><\/span><\/div><\/div><\/div><div class=\"fusion-layout-column fusion_builder_column_inner fusion-builder-nested-column-3 fusion_builder_column_inner_1_2 1_2 fusion-flex-column\" style=\"--awb-bg-size:cover;--awb-width-large:50%;--awb-margin-top-large:10px;--awb-spacing-right-large:3.84%;--awb-margin-bottom-large:10px;--awb-spacing-left-large:3.84%;--awb-width-medium:50%;--awb-order-medium:0;--awb-spacing-right-medium:3.84%;--awb-spacing-left-medium:3.84%;--awb-width-small:100%;--awb-order-small:0;--awb-spacing-right-small:1.92%;--awb-spacing-left-small:1.92%;\"><div class=\"fusion-column-wrapper fusion-column-has-shadow fusion-flex-justify-content-flex-start fusion-content-layout-column\">\n<table border=\"0\" width=\"100%\">\n<tbody>\n<tr bgcolor=\"#d2d2d2\">\n<th style=\"padding-left: 40px;\" align=\"left\" height=\"40\"><strong>Serie PBN<\/strong><\/th>\n<\/tr>\n<\/tbody>\n<\/table>\n<div class=\"fusion-text fusion-text-7\"><p>El PBN tambi\u00e9n ofrece una amplia variedad de polos, como de 2, 4 y 6. Adem\u00e1s, se puede elegir entre funciones de autobloqueo y sin bloqueo. Si necesita viajar, tambi\u00e9n disponemos de 3,5 mm y 2,5 mm.<\/p>\n<\/div><div class=\"fusion-image-element\" style=\"--awb-caption-title-font-family:var(--h2_typography-font-family);--awb-caption-title-font-weight:var(--h2_typography-font-weight);--awb-caption-title-font-style:var(--h2_typography-font-style);--awb-caption-title-size:var(--h2_typography-font-size);--awb-caption-title-transform:var(--h2_typography-text-transform);--awb-caption-title-line-height:var(--h2_typography-line-height);--awb-caption-title-letter-spacing:var(--h2_typography-letter-spacing);\"><span class=\"fusion-imageframe imageframe-none imageframe-5 hover-type-none\"><a class=\"fusion-no-lightbox\" href=\"https:\/\/www.toneluckswitches.com\/es\/boton-de-cambio-de-pbn\/\" target=\"_blank\" aria-label=\"Banco de botones PBN\" rel=\"noopener noreferrer\"><img decoding=\"async\" width=\"500\" height=\"250\" alt=\"Banco de botones PBN\" src=\"https:\/\/www.toneluckswitches.com\/wp-content\/uploads\/2021\/10\/PBN.jpg\" class=\"img-responsive wp-image-2184\" srcset=\"https:\/\/www.toneluckswitches.com\/wp-content\/uploads\/2021\/10\/PBN-200x100.jpg 200w, https:\/\/www.toneluckswitches.com\/wp-content\/uploads\/2021\/10\/PBN-400x200.jpg 400w, https:\/\/www.toneluckswitches.com\/wp-content\/uploads\/2021\/10\/PBN.jpg 500w\" sizes=\"(max-width: 640px) 100vw, 500px\" title=\"\"><\/a><\/span><\/div><\/div><\/div><\/div><div class=\"fusion-builder-row fusion-builder-row-inner fusion-row fusion-flex-align-items-flex-start fusion-flex-content-wrap\" style=\"--awb-flex-grow:0;--awb-flex-grow-medium:0;--awb-flex-grow-small:0;--awb-flex-shrink:0;--awb-flex-shrink-medium:0;--awb-flex-shrink-small:0;width:104% !important;max-width:104% !important;margin-left: calc(-4% \/ 2 );margin-right: calc(-4% \/ 2 );\"><div class=\"fusion-layout-column fusion_builder_column_inner fusion-builder-nested-column-4 fusion_builder_column_inner_1_2 1_2 fusion-flex-column\" style=\"--awb-bg-size:cover;--awb-width-large:50%;--awb-margin-top-large:10px;--awb-spacing-right-large:3.84%;--awb-margin-bottom-large:10px;--awb-spacing-left-large:3.84%;--awb-width-medium:50%;--awb-order-medium:0;--awb-spacing-right-medium:3.84%;--awb-spacing-left-medium:3.84%;--awb-width-small:100%;--awb-order-small:0;--awb-spacing-right-small:1.92%;--awb-spacing-left-small:1.92%;\"><div class=\"fusion-column-wrapper fusion-column-has-shadow fusion-flex-justify-content-flex-start fusion-content-layout-column\">\n<table border=\"0\" width=\"100%\">\n<tbody>\n<tr bgcolor=\"#d2d2d2\">\n<th style=\"padding-left: 40px;\" align=\"left\" height=\"40\"><span style=\"color: #333333;\"><strong>Serie MPV<\/strong><\/span><\/th>\n<\/tr>\n<\/tbody>\n<\/table>\n<div class=\"fusion-text fusion-text-8\"><p>El MPV es un interruptor pulsador de larga vida \u00fatil, con al menos 20\u00a0000 ciclos y una tensi\u00f3n nominal de 0,1 A y 30 V CC. El material de la carcasa cumple con el requisito de termopl\u00e1stico UL94 V-0.<\/p>\n<\/div><div class=\"fusion-image-element\" style=\"--awb-caption-title-font-family:var(--h2_typography-font-family);--awb-caption-title-font-weight:var(--h2_typography-font-weight);--awb-caption-title-font-style:var(--h2_typography-font-style);--awb-caption-title-size:var(--h2_typography-font-size);--awb-caption-title-transform:var(--h2_typography-text-transform);--awb-caption-title-line-height:var(--h2_typography-line-height);--awb-caption-title-letter-spacing:var(--h2_typography-letter-spacing);\"><span class=\"fusion-imageframe imageframe-none imageframe-6 hover-type-none\"><a class=\"fusion-no-lightbox\" href=\"https:\/\/www.toneluckswitches.com\/es\/interruptor-de-boton-pulsador-mpv\/\" target=\"_blank\" aria-label=\"Interruptor de tono MPV\" rel=\"noopener noreferrer\"><img decoding=\"async\" width=\"500\" height=\"250\" alt=\"Interruptor de tono MPV\" src=\"https:\/\/www.toneluckswitches.com\/wp-content\/uploads\/2021\/10\/MPV.jpg\" class=\"img-responsive wp-image-2187\" srcset=\"https:\/\/www.toneluckswitches.com\/wp-content\/uploads\/2021\/10\/MPV-200x100.jpg 200w, https:\/\/www.toneluckswitches.com\/wp-content\/uploads\/2021\/10\/MPV-400x200.jpg 400w, https:\/\/www.toneluckswitches.com\/wp-content\/uploads\/2021\/10\/MPV.jpg 500w\" sizes=\"(max-width: 640px) 100vw, 500px\" title=\"\"><\/a><\/span><\/div><\/div><\/div><div class=\"fusion-layout-column fusion_builder_column_inner fusion-builder-nested-column-5 fusion_builder_column_inner_1_2 1_2 fusion-flex-column\" style=\"--awb-bg-size:cover;--awb-width-large:50%;--awb-margin-top-large:10px;--awb-spacing-right-large:3.84%;--awb-margin-bottom-large:10px;--awb-spacing-left-large:3.84%;--awb-width-medium:50%;--awb-order-medium:0;--awb-spacing-right-medium:3.84%;--awb-spacing-left-medium:3.84%;--awb-width-small:100%;--awb-order-small:0;--awb-spacing-right-small:1.92%;--awb-spacing-left-small:1.92%;\"><div class=\"fusion-column-wrapper fusion-column-has-shadow fusion-flex-justify-content-flex-start fusion-content-layout-column\">\n<table border=\"0\" width=\"100%\">\n<tbody>\n<tr bgcolor=\"#d2d2d2\">\n<th style=\"padding-left: 40px;\" align=\"left\" height=\"40\"><strong>Serie de interruptores PBA<\/strong><\/th>\n<\/tr>\n<\/tbody>\n<\/table>\n<div class=\"fusion-text fusion-text-9\"><p>Toneluck PBA solo cuenta con 2 y 4 polos, que tambi\u00e9n pueden fabricarse como banco de interruptores. Su recorrido total es de 3,5 mm y el recorrido de bloqueo es de 2,5 mm.<\/p>\n<\/div><div class=\"fusion-image-element\" style=\"--awb-caption-title-font-family:var(--h2_typography-font-family);--awb-caption-title-font-weight:var(--h2_typography-font-weight);--awb-caption-title-font-style:var(--h2_typography-font-style);--awb-caption-title-size:var(--h2_typography-font-size);--awb-caption-title-transform:var(--h2_typography-text-transform);--awb-caption-title-line-height:var(--h2_typography-line-height);--awb-caption-title-letter-spacing:var(--h2_typography-letter-spacing);\"><span class=\"fusion-imageframe imageframe-none imageframe-7 hover-type-none\"><a class=\"fusion-no-lightbox\" href=\"https:\/\/www.toneluckswitches.com\/es\/interruptores-electricos-de-boton-pulsador-pba\/\" target=\"_blank\" aria-label=\"Bot\u00f3n pulsador PBA\" rel=\"noopener noreferrer\"><img decoding=\"async\" width=\"500\" height=\"250\" alt=\"Bot\u00f3n pulsador PBA\" src=\"https:\/\/www.toneluckswitches.com\/wp-content\/uploads\/2021\/10\/PBA.jpg\" class=\"img-responsive wp-image-2188\" srcset=\"https:\/\/www.toneluckswitches.com\/wp-content\/uploads\/2021\/10\/PBA-200x100.jpg 200w, https:\/\/www.toneluckswitches.com\/wp-content\/uploads\/2021\/10\/PBA-400x200.jpg 400w, https:\/\/www.toneluckswitches.com\/wp-content\/uploads\/2021\/10\/PBA.jpg 500w\" sizes=\"(max-width: 640px) 100vw, 500px\" title=\"\"><\/a><\/span><\/div><\/div><\/div><\/div><\/div><\/div><\/div><\/div>","protected":false},"excerpt":{"rendered":"","protected":false},"author":1,"featured_media":0,"parent":0,"menu_order":0,"comment_status":"closed","ping_status":"closed","template":"","meta":{"footnotes":""},"class_list":["post-62","page","type-page","status-publish","hentry"],"_links":{"self":[{"href":"https:\/\/www.toneluckswitches.com\/es\/wp-json\/wp\/v2\/pages\/62","targetHints":{"allow":["GET"]}}],"collection":[{"href":"https:\/\/www.toneluckswitches.com\/es\/wp-json\/wp\/v2\/pages"}],"about":[{"href":"https:\/\/www.toneluckswitches.com\/es\/wp-json\/wp\/v2\/types\/page"}],"author":[{"embeddable":true,"href":"https:\/\/www.toneluckswitches.com\/es\/wp-json\/wp\/v2\/users\/1"}],"replies":[{"embeddable":true,"href":"https:\/\/www.toneluckswitches.com\/es\/wp-json\/wp\/v2\/comments?post=62"}],"version-history":[{"count":7,"href":"https:\/\/www.toneluckswitches.com\/es\/wp-json\/wp\/v2\/pages\/62\/revisions"}],"predecessor-version":[{"id":2368,"href":"https:\/\/www.toneluckswitches.com\/es\/wp-json\/wp\/v2\/pages\/62\/revisions\/2368"}],"wp:attachment":[{"href":"https:\/\/www.toneluckswitches.com\/es\/wp-json\/wp\/v2\/media?parent=62"}],"curies":[{"name":"wp","href":"https:\/\/api.w.org\/{rel}","templated":true}]}}