{"id":3147,"date":"2022-11-17T07:35:20","date_gmt":"2022-11-17T07:35:20","guid":{"rendered":"https:\/\/www.toneluckswitches.com\/?page_id=3147"},"modified":"2022-11-17T07:35:20","modified_gmt":"2022-11-17T07:35:20","slug":"interruptor-de-presion-de-aire-ps","status":"publish","type":"page","link":"https:\/\/www.toneluckswitches.com\/es\/interruptor-de-presion-de-aire-ps\/","title":{"rendered":"Interruptor de presi\u00f3n de aire PS"},"content":{"rendered":"<p><div class=\"fusion-fullwidth fullwidth-box fusion-builder-row-1 fusion-flex-container nonhundred-percent-fullwidth non-hundred-percent-height-scrolling\" style=\"--awb-border-radius-top-left:0px;--awb-border-radius-top-right:0px;--awb-border-radius-bottom-right:0px;--awb-border-radius-bottom-left:0px;--awb-flex-wrap:wrap;\" ><div class=\"fusion-builder-row fusion-row fusion-flex-align-items-flex-start fusion-flex-content-wrap\" style=\"max-width:1560px;margin-left: calc(-4% \/ 2 );margin-right: calc(-4% \/ 2 );\"><div class=\"fusion-layout-column fusion_builder_column fusion-builder-column-0 fusion_builder_column_1_1 1_1 fusion-flex-column\" style=\"--awb-bg-size:cover;--awb-width-large:100%;--awb-margin-top-large:10px;--awb-spacing-right-large:1.92%;--awb-margin-bottom-large:10px;--awb-spacing-left-large:1.92%;--awb-width-medium:100%;--awb-order-medium:0;--awb-spacing-right-medium:1.92%;--awb-spacing-left-medium:1.92%;--awb-width-small:100%;--awb-order-small:0;--awb-spacing-right-small:1.92%;--awb-spacing-left-small:1.92%;\"><div class=\"fusion-column-wrapper fusion-column-has-shadow fusion-flex-justify-content-flex-start fusion-content-layout-column\"><div class=\"fusion-text fusion-text-1\"><p>Los presostatos de aire Toneluck PS son de alta calidad y reconocidos. Ofrecen opciones de presi\u00f3n negativa y positiva seg\u00fan la aplicaci\u00f3n del cliente. Se pueden configurar los valores de presi\u00f3n de encendido y apagado. Adem\u00e1s, la clasificaci\u00f3n de esta serie cumple con los requisitos de UL353. <a href=\"https:\/\/en.wikipedia.org\/wiki\/CE_marking\" target=\"_blank\" rel=\"noopener\">CE<\/a> requisito.<\/p>\n<\/div><div class=\"fusion-image-element\" style=\"text-align:center;--awb-max-width:1300px;--awb-caption-title-font-family:var(--h2_typography-font-family);--awb-caption-title-font-weight:var(--h2_typography-font-weight);--awb-caption-title-font-style:var(--h2_typography-font-style);--awb-caption-title-size:var(--h2_typography-font-size);--awb-caption-title-transform:var(--h2_typography-text-transform);--awb-caption-title-line-height:var(--h2_typography-line-height);--awb-caption-title-letter-spacing:var(--h2_typography-letter-spacing);\"><span class=\"fusion-imageframe imageframe-none imageframe-1 hover-type-none\"><img decoding=\"async\" width=\"1200\" height=\"480\" alt=\"Banner3 del interruptor de presi\u00f3n de aire PS\" title=\"Banner3 del interruptor de presi\u00f3n de aire PS\" src=\"https:\/\/www.toneluckswitches.com\/wp-content\/uploads\/2022\/11\/Air-pressure-switch-banner3.jpg\" class=\"img-responsive wp-image-3160\" srcset=\"https:\/\/www.toneluckswitches.com\/wp-content\/uploads\/2022\/11\/Air-pressure-switch-banner3-200x80.jpg 200w, https:\/\/www.toneluckswitches.com\/wp-content\/uploads\/2022\/11\/Air-pressure-switch-banner3-400x160.jpg 400w, https:\/\/www.toneluckswitches.com\/wp-content\/uploads\/2022\/11\/Air-pressure-switch-banner3-600x240.jpg 600w, https:\/\/www.toneluckswitches.com\/wp-content\/uploads\/2022\/11\/Air-pressure-switch-banner3-800x320.jpg 800w, https:\/\/www.toneluckswitches.com\/wp-content\/uploads\/2022\/11\/Air-pressure-switch-banner3.jpg 1200w\" sizes=\"(max-width: 640px) 100vw, 1200px\" \/><\/span><\/div><div class=\"fusion-title title fusion-title-1 fusion-sep-none fusion-title-text fusion-title-size-two\" style=\"--awb-margin-top-small:10px;--awb-margin-right-small:0px;--awb-margin-bottom-small:10px;--awb-margin-left-small:0px;--awb-font-size:22px;\"><h2 class=\"fusion-title-heading title-heading-left\" style=\"margin:0;font-size:1em;\"><h2><strong>\u00bfQu\u00e9 es el interruptor de presi\u00f3n de aire PS?<\/strong><\/h2><\/h2><\/div><div class=\"fusion-text fusion-text-2\"><p>El presostato de viento es un elemento de detecci\u00f3n que se utiliza generalmente en maquinaria que requiere presi\u00f3n de viento, como prensas neum\u00e1ticas, cizallas neum\u00e1ticas, calentadores de agua a gas, calderas a gas, hornos a gas, hornos murales y otros productos el\u00e9ctricos que utilizan gas. La presi\u00f3n est\u00e1tica del gas se utiliza para accionar el microinterruptor y activar o desactivar la corriente.<\/p>\n<p>La funci\u00f3n principal del presostato de aire es asegurar que el equipo cierre el canal de gas a tiempo cuando el aire de escape no es uniforme, evitando as\u00ed fugas de gas y protegiendo as\u00ed la seguridad personal. El fabricante del presostato de aire ofrece a sus clientes la presi\u00f3n personalizada.<\/p>\n<\/div><\/div><\/div><\/div><\/div><div class=\"fusion-fullwidth fullwidth-box fusion-builder-row-2 fusion-flex-container nonhundred-percent-fullwidth non-hundred-percent-height-scrolling\" style=\"--awb-border-radius-top-left:0px;--awb-border-radius-top-right:0px;--awb-border-radius-bottom-right:0px;--awb-border-radius-bottom-left:0px;--awb-background-color:#00205b;--awb-flex-wrap:wrap;\" ><div class=\"fusion-builder-row fusion-row fusion-flex-align-items-flex-start fusion-flex-content-wrap\" style=\"max-width:1560px;margin-left: calc(-4% \/ 2 );margin-right: calc(-4% \/ 2 );\"><div class=\"fusion-layout-column fusion_builder_column fusion-builder-column-1 fusion_builder_column_1_1 1_1 fusion-flex-column\" style=\"--awb-bg-size:cover;--awb-width-large:100%;--awb-margin-top-large:10px;--awb-spacing-right-large:1.92%;--awb-margin-bottom-large:10px;--awb-spacing-left-large:1.92%;--awb-width-medium:100%;--awb-order-medium:0;--awb-spacing-right-medium:1.92%;--awb-spacing-left-medium:1.92%;--awb-width-small:100%;--awb-order-small:0;--awb-spacing-right-small:1.92%;--awb-spacing-left-small:1.92%;\"><div class=\"fusion-column-wrapper fusion-column-has-shadow fusion-flex-justify-content-flex-start fusion-content-layout-column\"><div class=\"fusion-title title fusion-title-2 fusion-sep-none fusion-title-text fusion-title-size-three\" style=\"--awb-margin-top-small:10px;--awb-margin-right-small:0px;--awb-margin-bottom-small:10px;--awb-margin-left-small:0px;--awb-font-size:24px;\"><h3 class=\"fusion-title-heading title-heading-left\" style=\"margin:0;font-size:1em;\"><p style=\"padding-left: 40px;\"><span style=\"color: #ffffff;\"><strong>Productos de interruptores de presi\u00f3n de aire PS<\/strong><\/span><\/p><\/h3><\/div><\/div><\/div><\/div><\/div><div class=\"fusion-fullwidth fullwidth-box fusion-builder-row-3 fusion-flex-container nonhundred-percent-fullwidth non-hundred-percent-height-scrolling\" style=\"--awb-border-radius-top-left:0px;--awb-border-radius-top-right:0px;--awb-border-radius-bottom-right:0px;--awb-border-radius-bottom-left:0px;--awb-flex-wrap:wrap;\" ><div class=\"fusion-builder-row fusion-row fusion-flex-align-items-flex-start fusion-flex-content-wrap\" style=\"max-width:1560px;margin-left: calc(-4% \/ 2 );margin-right: calc(-4% \/ 2 );\"><div class=\"fusion-layout-column fusion_builder_column fusion-builder-column-2 fusion_builder_column_1_1 1_1 fusion-flex-column\" style=\"--awb-bg-size:cover;--awb-width-large:100%;--awb-margin-top-large:10px;--awb-spacing-right-large:1.92%;--awb-margin-bottom-large:10px;--awb-spacing-left-large:1.92%;--awb-width-medium:100%;--awb-order-medium:0;--awb-spacing-right-medium:1.92%;--awb-spacing-left-medium:1.92%;--awb-width-small:100%;--awb-order-small:0;--awb-spacing-right-small:1.92%;--awb-spacing-left-small:1.92%;\"><div class=\"fusion-column-wrapper fusion-column-has-shadow fusion-flex-justify-content-flex-start fusion-content-layout-column\"><div class=\"fusion-text fusion-text-3\"><p>Si necesita otro interruptor para obtener opciones, bienvenido a hacer clic en el enlace para ver nuestros productos. <a href=\"https:\/\/www.toneluckswitches.com\/es\/productos-toneluck\/\">https:\/\/www.toneluckswitches.com\/toneluck-products\/<\/a><\/p>\n<\/div><style type=\"text\/css\">.fusion-portfolio-wrapper#fusion-portfolio-1 .fusion-portfolio-content{ padding: 10px 10px 10px 10px; text-align: center; }<\/style><div class=\"fusion-recent-works fusion-portfolio-element fusion-portfolio fusion-portfolio-1 fusion-portfolio-grid fusion-portfolio-paging-load-more-button fusion-portfolio-four fusion-portfolio-boxed fusion-portfolio-text fusion-portfolio-equal-heights fusion-portfolio-rollover\" data-id=\"-rw-1\" data-columns=\"four\"><style type=\"text\/css\">.fusion-portfolio-1 .fusion-portfolio-wrapper .fusion-col-spacing{padding:5px;}<\/style><div class=\"fusion-portfolio-wrapper\" id=\"fusion-portfolio-1\" data-picturesize=\"auto\" data-pages=\"1\" style=\"margin:-5px;\"><article id=\"portfolio-1-post-3238\" class=\"fusion-portfolio-post ps-air-pressure-switch fusion-col-spacing post-3238\"><div class=\"fusion-portfolio-content-wrapper\" style=\"border:1px solid #f2f3f5;border-bottom-width:3px;background-color:rgba(255,255,255,0);\"><span class=\"vcard rich-snippet-hidden\"><span class=\"fn\"><a href=\"https:\/\/www.toneluckswitches.com\/es\/author\/toneluckadmin\/\" title=\"Entradas de ToneLuckAdmin\" rel=\"author\">Administrador de ToneLuck<\/a><\/span><\/span><span class=\"updated rich-snippet-hidden\">15\/02\/2023 01:53:50+00:00<\/span><div  class=\"fusion-image-wrapper\" aria-haspopup=\"true\">\n\t\t\t\t<img decoding=\"async\" width=\"800\" height=\"800\" src=\"https:\/\/www.toneluckswitches.com\/wp-content\/uploads\/2022\/11\/Furnace-Air-Pressure-Switch-38Pa-OFF-65Pa-ON-Low-Negative-1.jpg\" class=\"attachment-full size-full wp-post-image\" alt=\"Interruptor de presi\u00f3n de aire del horno 38 Pa APAGADO 65 Pa ENCENDIDO Negativo bajo (1)\" srcset=\"https:\/\/www.toneluckswitches.com\/wp-content\/uploads\/2022\/11\/Furnace-Air-Pressure-Switch-38Pa-OFF-65Pa-ON-Low-Negative-1-200x200.jpg 200w, https:\/\/www.toneluckswitches.com\/wp-content\/uploads\/2022\/11\/Furnace-Air-Pressure-Switch-38Pa-OFF-65Pa-ON-Low-Negative-1-400x400.jpg 400w, https:\/\/www.toneluckswitches.com\/wp-content\/uploads\/2022\/11\/Furnace-Air-Pressure-Switch-38Pa-OFF-65Pa-ON-Low-Negative-1-600x600.jpg 600w, https:\/\/www.toneluckswitches.com\/wp-content\/uploads\/2022\/11\/Furnace-Air-Pressure-Switch-38Pa-OFF-65Pa-ON-Low-Negative-1.jpg 800w\" sizes=\"(min-width: 2200px) 100vw, (min-width: 856px) 368px, (min-width: 784px) 490px, (min-width: 712px) 784px, (min-width: 640px) 712px, \" title=\"\"><div class=\"fusion-rollover\">\n\t<div class=\"fusion-rollover-content\">\n\n\t\t\t\t\t\t\t\t\t\t\t\t\t\t<a class=\"fusion-rollover-link\" href=\"https:\/\/www.toneluckswitches.com\/es\/producto\/furnace-air-pressure-switch\/\">Interruptor de presi\u00f3n de aire del horno negativo bajo (38 Pa APAGADO 65 Pa ENCENDIDO)<\/a>\n\t\t\t\n\t\t\t\t\t\t\t\t\n\t\t\n\t\t\t\t\t\t\t\t\t\t\t\t<h4 class=\"fusion-rollover-title\">\n\t\t\t\t\t<a class=\"fusion-rollover-title-link\" href=\"https:\/\/www.toneluckswitches.com\/es\/producto\/furnace-air-pressure-switch\/\">\n\t\t\t\t\t\tInterruptor de presi\u00f3n de aire del horno negativo bajo (38 Pa APAGADO 65 Pa ENCENDIDO)\t\t\t\t\t<\/a>\n\t\t\t\t<\/h4>\n\t\t\t\n\t\t\t\t\t\t\t\t\n\t\t\n\t\t\t\t\t\t<a class=\"fusion-link-wrapper\" href=\"https:\/\/www.toneluckswitches.com\/es\/producto\/furnace-air-pressure-switch\/\" aria-label=\"Interruptor de presi\u00f3n de aire del horno negativo bajo (38 Pa APAGADO 65 Pa ENCENDIDO)\"><\/a>\n\t<\/div>\n<\/div>\n<\/div>\n<div class=\"fusion-portfolio-content\" style=\"background-color:rgba(255,255,255,0);\"><h2 class=\"entry-title fusion-post-title\"><a href=\"https:\/\/www.toneluckswitches.com\/es\/producto\/furnace-air-pressure-switch\/\">Interruptor de presi\u00f3n de aire del horno negativo bajo (38 Pa APAGADO 65 Pa ENCENDIDO)<\/a><\/h2><div class=\"fusion-post-content\"><\/div><\/div><\/div><\/article><article id=\"portfolio-1-post-3116\" class=\"fusion-portfolio-post ps-air-pressure-switch fusion-col-spacing post-3116\"><div class=\"fusion-portfolio-content-wrapper\" style=\"border:1px solid #f2f3f5;border-bottom-width:3px;background-color:rgba(255,255,255,0);\"><span class=\"vcard rich-snippet-hidden\"><span class=\"fn\"><a href=\"https:\/\/www.toneluckswitches.com\/es\/author\/toneluckadmin\/\" title=\"Entradas de ToneLuckAdmin\" rel=\"author\">Administrador de ToneLuck<\/a><\/span><\/span><span class=\"updated rich-snippet-hidden\">2022-11-22T02:11:49+00:00<\/span><div  class=\"fusion-image-wrapper\" aria-haspopup=\"true\">\n\t\t\t\t<img decoding=\"async\" width=\"800\" height=\"800\" src=\"https:\/\/www.toneluckswitches.com\/wp-content\/uploads\/2022\/11\/PS113-NO-NC-Air-Pressure-Sensor-Switch-For-Boiler-Furnace-4.jpg\" class=\"attachment-full size-full wp-post-image\" alt=\"Interruptor de presi\u00f3n de aire PS113 NO NC para caldera (4)\" srcset=\"https:\/\/www.toneluckswitches.com\/wp-content\/uploads\/2022\/11\/PS113-NO-NC-Air-Pressure-Sensor-Switch-For-Boiler-Furnace-4-200x200.jpg 200w, https:\/\/www.toneluckswitches.com\/wp-content\/uploads\/2022\/11\/PS113-NO-NC-Air-Pressure-Sensor-Switch-For-Boiler-Furnace-4-400x400.jpg 400w, https:\/\/www.toneluckswitches.com\/wp-content\/uploads\/2022\/11\/PS113-NO-NC-Air-Pressure-Sensor-Switch-For-Boiler-Furnace-4-600x600.jpg 600w, https:\/\/www.toneluckswitches.com\/wp-content\/uploads\/2022\/11\/PS113-NO-NC-Air-Pressure-Sensor-Switch-For-Boiler-Furnace-4.jpg 800w\" sizes=\"(min-width: 2200px) 100vw, (min-width: 856px) 368px, (min-width: 784px) 490px, (min-width: 712px) 784px, (min-width: 640px) 712px, \" title=\"\"><div class=\"fusion-rollover\">\n\t<div class=\"fusion-rollover-content\">\n\n\t\t\t\t\t\t\t\t\t\t\t\t\t\t<a class=\"fusion-rollover-link\" href=\"https:\/\/www.toneluckswitches.com\/es\/producto\/air-pressure-sensor-switch\/\">Interruptor de presi\u00f3n de aire PS113 NO NC para caldera y horno<\/a>\n\t\t\t\n\t\t\t\t\t\t\t\t\n\t\t\n\t\t\t\t\t\t\t\t\t\t\t\t<h4 class=\"fusion-rollover-title\">\n\t\t\t\t\t<a class=\"fusion-rollover-title-link\" href=\"https:\/\/www.toneluckswitches.com\/es\/producto\/air-pressure-sensor-switch\/\">\n\t\t\t\t\t\tInterruptor de presi\u00f3n de aire PS113 NO NC para caldera y horno\t\t\t\t\t<\/a>\n\t\t\t\t<\/h4>\n\t\t\t\n\t\t\t\t\t\t\t\t\n\t\t\n\t\t\t\t\t\t<a class=\"fusion-link-wrapper\" href=\"https:\/\/www.toneluckswitches.com\/es\/producto\/air-pressure-sensor-switch\/\" aria-label=\"Interruptor de presi\u00f3n de aire PS113 NO NC para caldera y horno\"><\/a>\n\t<\/div>\n<\/div>\n<\/div>\n<div class=\"fusion-portfolio-content\" style=\"background-color:rgba(255,255,255,0);\"><h2 class=\"entry-title fusion-post-title\"><a href=\"https:\/\/www.toneluckswitches.com\/es\/producto\/air-pressure-sensor-switch\/\">Interruptor de presi\u00f3n de aire PS113 NO NC para caldera y horno<\/a><\/h2><div class=\"fusion-post-content\"><\/div><\/div><\/div><\/article><article id=\"portfolio-1-post-2156\" class=\"fusion-portfolio-post ps-air-pressure-switch fusion-col-spacing post-2156\"><div class=\"fusion-portfolio-content-wrapper\" style=\"border:1px solid #f2f3f5;border-bottom-width:3px;background-color:rgba(255,255,255,0);\"><span class=\"vcard rich-snippet-hidden\"><span class=\"fn\"><a href=\"https:\/\/www.toneluckswitches.com\/es\/author\/toneluckadmin\/\" title=\"Entradas de ToneLuckAdmin\" rel=\"author\">Administrador de ToneLuck<\/a><\/span><\/span><span class=\"updated rich-snippet-hidden\">13\/02\/2023 03:59:44<\/span><div  class=\"fusion-image-wrapper\" aria-haspopup=\"true\">\n\t\t\t\t<img decoding=\"async\" width=\"800\" height=\"800\" src=\"https:\/\/www.toneluckswitches.com\/wp-content\/uploads\/2021\/09\/1-8.jpg\" class=\"attachment-full size-full wp-post-image\" alt=\"interruptor de presi\u00f3n del calentador de agua PS100-A1310-C001\" srcset=\"https:\/\/www.toneluckswitches.com\/wp-content\/uploads\/2021\/09\/1-8-200x200.jpg 200w, https:\/\/www.toneluckswitches.com\/wp-content\/uploads\/2021\/09\/1-8-400x400.jpg 400w, https:\/\/www.toneluckswitches.com\/wp-content\/uploads\/2021\/09\/1-8-600x600.jpg 600w, https:\/\/www.toneluckswitches.com\/wp-content\/uploads\/2021\/09\/1-8.jpg 800w\" sizes=\"(min-width: 2200px) 100vw, (min-width: 856px) 368px, (min-width: 784px) 490px, (min-width: 712px) 784px, (min-width: 640px) 712px, \" title=\"\"><div class=\"fusion-rollover\">\n\t<div class=\"fusion-rollover-content\">\n\n\t\t\t\t\t\t\t\t\t\t\t\t\t\t<a class=\"fusion-rollover-link\" href=\"https:\/\/www.toneluckswitches.com\/es\/producto\/interruptor-de-presion-del-calentador-de-agua\/\">Interruptor de presi\u00f3n para calentador de agua de aire a gas caliente de 120 V CA a 30 V CC<\/a>\n\t\t\t\n\t\t\t\t\t\t\t\t\n\t\t\n\t\t\t\t\t\t\t\t\t\t\t\t<h4 class=\"fusion-rollover-title\">\n\t\t\t\t\t<a class=\"fusion-rollover-title-link\" href=\"https:\/\/www.toneluckswitches.com\/es\/producto\/interruptor-de-presion-del-calentador-de-agua\/\">\n\t\t\t\t\t\tInterruptor de presi\u00f3n para calentador de agua de aire a gas caliente de 120 V CA a 30 V CC\t\t\t\t\t<\/a>\n\t\t\t\t<\/h4>\n\t\t\t\n\t\t\t\t\t\t\t\t\n\t\t\n\t\t\t\t\t\t<a class=\"fusion-link-wrapper\" href=\"https:\/\/www.toneluckswitches.com\/es\/producto\/interruptor-de-presion-del-calentador-de-agua\/\" aria-label=\"Interruptor de presi\u00f3n para calentador de agua de aire a gas caliente de 120 V CA a 30 V CC\"><\/a>\n\t<\/div>\n<\/div>\n<\/div>\n<div class=\"fusion-portfolio-content\" style=\"background-color:rgba(255,255,255,0);\"><h2 class=\"entry-title fusion-post-title\"><a href=\"https:\/\/www.toneluckswitches.com\/es\/producto\/interruptor-de-presion-del-calentador-de-agua\/\">Interruptor de presi\u00f3n para calentador de agua de aire a gas caliente de 120 V CA a 30 V CC<\/a><\/h2><div class=\"fusion-post-content\"><\/div><\/div><\/div><\/article><\/div><\/div><\/div><\/div><\/div><\/div><\/p>","protected":false},"excerpt":{"rendered":"","protected":false},"author":1,"featured_media":0,"parent":0,"menu_order":0,"comment_status":"closed","ping_status":"closed","template":"","meta":{"footnotes":""},"class_list":["post-3147","page","type-page","status-publish","hentry"],"_links":{"self":[{"href":"https:\/\/www.toneluckswitches.com\/es\/wp-json\/wp\/v2\/pages\/3147","targetHints":{"allow":["GET"]}}],"collection":[{"href":"https:\/\/www.toneluckswitches.com\/es\/wp-json\/wp\/v2\/pages"}],"about":[{"href":"https:\/\/www.toneluckswitches.com\/es\/wp-json\/wp\/v2\/types\/page"}],"author":[{"embeddable":true,"href":"https:\/\/www.toneluckswitches.com\/es\/wp-json\/wp\/v2\/users\/1"}],"replies":[{"embeddable":true,"href":"https:\/\/www.toneluckswitches.com\/es\/wp-json\/wp\/v2\/comments?post=3147"}],"version-history":[{"count":21,"href":"https:\/\/www.toneluckswitches.com\/es\/wp-json\/wp\/v2\/pages\/3147\/revisions"}],"predecessor-version":[{"id":3171,"href":"https:\/\/www.toneluckswitches.com\/es\/wp-json\/wp\/v2\/pages\/3147\/revisions\/3171"}],"wp:attachment":[{"href":"https:\/\/www.toneluckswitches.com\/es\/wp-json\/wp\/v2\/media?parent=3147"}],"curies":[{"name":"wp","href":"https:\/\/api.w.org\/{rel}","templated":true}]}}