{"id":62,"date":"2021-01-11T07:59:31","date_gmt":"2021-01-11T07:59:31","guid":{"rendered":"https:\/\/www.toneluckswitches.com\/?page_id=62"},"modified":"2022-03-25T05:41:07","modified_gmt":"2022-03-25T05:41:07","slug":"druckknopfschalter","status":"publish","type":"page","link":"https:\/\/www.toneluckswitches.com\/de\/druckknopfschalter\/","title":{"rendered":"Druckknopfschalter"},"content":{"rendered":"<div class=\"fusion-fullwidth fullwidth-box fusion-builder-row-1 fusion-flex-container nonhundred-percent-fullwidth non-hundred-percent-height-scrolling\" style=\"--awb-border-radius-top-left:0px;--awb-border-radius-top-right:0px;--awb-border-radius-bottom-right:0px;--awb-border-radius-bottom-left:0px;--awb-flex-wrap:wrap;\" ><div class=\"fusion-builder-row fusion-row fusion-flex-align-items-flex-start fusion-flex-content-wrap\" style=\"max-width:1560px;margin-left: calc(-4% \/ 2 );margin-right: calc(-4% \/ 2 );\"><div class=\"fusion-layout-column fusion_builder_column fusion-builder-column-0 fusion_builder_column_1_1 1_1 fusion-flex-column\" style=\"--awb-bg-size:cover;--awb-width-large:100%;--awb-margin-top-large:10px;--awb-spacing-right-large:1.92%;--awb-margin-bottom-large:10px;--awb-spacing-left-large:1.92%;--awb-width-medium:100%;--awb-order-medium:0;--awb-spacing-right-medium:1.92%;--awb-spacing-left-medium:1.92%;--awb-width-small:100%;--awb-order-small:0;--awb-spacing-right-small:1.92%;--awb-spacing-left-small:1.92%;\"><div class=\"fusion-column-wrapper fusion-column-has-shadow fusion-flex-justify-content-flex-start fusion-content-layout-column\"><div class=\"fusion-text fusion-text-1\"><p class=\"entry-title fusion-responsive-typography-calculated\" data-fontsize=\"26\" data-lineheight=\"36.4px\">Als Hersteller und Lieferant von Drucktasterschaltern liefern wir nicht nur die Toneluck-Schalter, sondern bieten auch Projektdienstleistungen an. <a href=\"https:\/\/en.wikipedia.org\/wiki\/Original_equipment_manufacturer\" target=\"_blank\" rel=\"noopener\">OEM<\/a> Wir bieten Unterst\u00fctzung, um unseren Kunden Zeit und Geld zu sparen. Unser Switch ist nicht nur weltweit bekannt, sondern genie\u00dft auch Anerkennung bei Kunden aus verschiedenen L\u00e4ndern. Klicken Sie beispielsweise hier, um zu unserer Homepage zu gelangen und mehr zu erfahren. <a href=\"https:\/\/www.toneluckswitches.com\/de\/\" target=\"_blank\" rel=\"noopener\">unsere Kunden<\/a>. Dar\u00fcber hinaus bieten wir viele verschiedene Drucktaster zur Auswahl an. Zum Beispiel Key, LTV, MPN, MPV, PBA und PBN. Im Allgemeinen <span class=\"\">Momentaner Drucktaster, <\/span><span class=\"\">elektrischer Druckknopfschalter, <\/span><span class=\"\">12V-Druckknopfschalter, <\/span><span class=\"\">Ein-\/Ausschalter per Druckknopf.<\/span><\/p>\n<p class=\"entry-title fusion-responsive-typography-calculated\" data-fontsize=\"26\" data-lineheight=\"36.4px\">Unterdessen finden Drucktaster breite Anwendung in der Automobilindustrie, bei Audioger\u00e4ten, elektronischen Ger\u00e4ten usw.<\/p>\n<\/div><div class=\"fusion-text fusion-text-2\"><p class=\"entry-title fusion-responsive-typography-calculated\" data-fontsize=\"26\" data-lineheight=\"36.4px\">Dar\u00fcber hinaus kann der K\u00e4ufer die Parameter nach seinen Anforderungen ausw\u00e4hlen. Dazu geh\u00f6ren beispielsweise die Funktion (Momentanbetrieb, Selbstverriegelung, keine Verriegelung), die Nennstrom- und -spannungswerte sowie die Parameter des Spannungswandlers, der Kraft, des Kontakts usw.<\/p>\n<\/div><div class=\"fusion-text fusion-text-3\"><p>Alles in allem ist Toneluck ein Lieferant, dem Sie vertrauen k\u00f6nnen, denn wir wurden 1973 gegr\u00fcndet.<\/p>\n<ul>\n<li>F\u00fcr den Kunden: Bessere Produkte und bessere Dienstleistungen anbieten.<\/li>\n<li>F\u00fcr die Mitarbeiter: Weiterbildungsm\u00f6glichkeiten bieten, das Arbeitsumfeld und das Einkommen verbessern.<\/li>\n<li>F\u00fcr den Aktion\u00e4r: Verbesserung der Rendite und Qualit\u00e4t der Investition<\/li>\n<li>F\u00fcr den Partner: Gemeinsame Entwicklungen ausloten und Synergieeffekte maximieren.<\/li>\n<li>F\u00fcr die Gesellschaft: Arbeitspl\u00e4tze schaffen, Wirtschaft, Harmonie und Stabilit\u00e4t f\u00f6rdern.<\/li>\n<\/ul>\n<\/div><div class=\"fusion-separator fusion-full-width-sep\" style=\"align-self: center;margin-left: auto;margin-right: auto;margin-top:15px;margin-bottom:15px;width:100%;\"><\/div><div class=\"fusion-image-element\" style=\"text-align:left;--awb-caption-title-font-family:var(--h2_typography-font-family);--awb-caption-title-font-weight:var(--h2_typography-font-weight);--awb-caption-title-font-style:var(--h2_typography-font-style);--awb-caption-title-size:var(--h2_typography-font-size);--awb-caption-title-transform:var(--h2_typography-text-transform);--awb-caption-title-line-height:var(--h2_typography-line-height);--awb-caption-title-letter-spacing:var(--h2_typography-letter-spacing);\"><span class=\"fusion-imageframe imageframe-none imageframe-1 hover-type-none\"><img decoding=\"async\" width=\"1024\" height=\"320\" alt=\"Druckknopfschalter-Banner\" title=\"Druckknopfschalter-Banner\" src=\"https:\/\/www.toneluckswitches.com\/wp-content\/uploads\/2021\/04\/push-button-switch-1024x320.jpg\" class=\"img-responsive wp-image-1691\" srcset=\"https:\/\/www.toneluckswitches.com\/wp-content\/uploads\/2021\/04\/push-button-switch-200x63.jpg 200w, https:\/\/www.toneluckswitches.com\/wp-content\/uploads\/2021\/04\/push-button-switch-400x125.jpg 400w, https:\/\/www.toneluckswitches.com\/wp-content\/uploads\/2021\/04\/push-button-switch-600x188.jpg 600w, https:\/\/www.toneluckswitches.com\/wp-content\/uploads\/2021\/04\/push-button-switch-800x250.jpg 800w, https:\/\/www.toneluckswitches.com\/wp-content\/uploads\/2021\/04\/push-button-switch-1200x375.jpg 1200w, https:\/\/www.toneluckswitches.com\/wp-content\/uploads\/2021\/04\/push-button-switch.jpg 1920w\" sizes=\"(max-width: 640px) 100vw, 1024px\" \/><\/span><\/div><div class=\"fusion-separator fusion-full-width-sep\" style=\"align-self: center;margin-left: auto;margin-right: auto;margin-top:15px;margin-bottom:15px;width:100%;\"><\/div><div class=\"fusion-title title fusion-title-1 fusion-sep-none fusion-title-text fusion-title-size-two\" style=\"--awb-margin-top-small:10px;--awb-margin-right-small:0px;--awb-margin-bottom-small:10px;--awb-margin-left-small:0px;--awb-font-size:20px;\"><h2 class=\"fusion-title-heading title-heading-left\" style=\"margin:0;font-size:1em;\"><strong>Der Druckknopfschalter (Optionen)<\/strong><\/h2><\/div><div class=\"fusion-builder-row fusion-builder-row-inner fusion-row fusion-flex-align-items-flex-start fusion-flex-content-wrap\" style=\"--awb-flex-grow:0;--awb-flex-grow-medium:0;--awb-flex-grow-small:0;--awb-flex-shrink:0;--awb-flex-shrink-medium:0;--awb-flex-shrink-small:0;width:104% !important;max-width:104% !important;margin-left: calc(-4% \/ 2 );margin-right: calc(-4% \/ 2 );\"><div class=\"fusion-layout-column fusion_builder_column_inner fusion-builder-nested-column-0 fusion_builder_column_inner_1_2 1_2 fusion-flex-column\" style=\"--awb-bg-size:cover;--awb-width-large:50%;--awb-margin-top-large:10px;--awb-spacing-right-large:3.84%;--awb-margin-bottom-large:10px;--awb-spacing-left-large:3.84%;--awb-width-medium:50%;--awb-order-medium:0;--awb-spacing-right-medium:3.84%;--awb-spacing-left-medium:3.84%;--awb-width-small:100%;--awb-order-small:0;--awb-spacing-right-small:1.92%;--awb-spacing-left-small:1.92%;\"><div class=\"fusion-column-wrapper fusion-column-has-shadow fusion-flex-justify-content-flex-start fusion-content-layout-column\">\n<table border=\"0\" width=\"100%\">\n<tbody>\n<tr bgcolor=\"#d2d2d2\">\n<th style=\"padding-left: 40px;\" align=\"left\" height=\"40\"><strong>LTV-Serie<\/strong><\/th>\n<\/tr>\n<\/tbody>\n<\/table>\n<div class=\"fusion-text fusion-text-4\"><p>Die LTV-Serie umfasst die Modelle LTV-75 &amp; 76, LTV-77, LTV-85 &amp; 86, LTV-87, LTV-88 und LTV-89.<\/p>\n<\/div><div class=\"fusion-image-element\" style=\"--awb-caption-title-font-family:var(--h2_typography-font-family);--awb-caption-title-font-weight:var(--h2_typography-font-weight);--awb-caption-title-font-style:var(--h2_typography-font-style);--awb-caption-title-size:var(--h2_typography-font-size);--awb-caption-title-transform:var(--h2_typography-text-transform);--awb-caption-title-line-height:var(--h2_typography-line-height);--awb-caption-title-letter-spacing:var(--h2_typography-letter-spacing);\"><span class=\"fusion-imageframe imageframe-none imageframe-2 hover-type-none\"><a class=\"fusion-no-lightbox\" href=\"https:\/\/www.toneluckswitches.com\/de\/ltv-tastenschalter\/\" target=\"_blank\" aria-label=\"LTV-Tastenschalter\" rel=\"noopener noreferrer\"><img decoding=\"async\" width=\"500\" height=\"250\" alt=\"LTV-Tastenschalter\" src=\"https:\/\/www.toneluckswitches.com\/wp-content\/uploads\/2021\/10\/LTV.jpg\" class=\"img-responsive wp-image-2183\" srcset=\"https:\/\/www.toneluckswitches.com\/wp-content\/uploads\/2021\/10\/LTV-200x100.jpg 200w, https:\/\/www.toneluckswitches.com\/wp-content\/uploads\/2021\/10\/LTV-400x200.jpg 400w, https:\/\/www.toneluckswitches.com\/wp-content\/uploads\/2021\/10\/LTV.jpg 500w\" sizes=\"(max-width: 640px) 100vw, 500px\" title=\"\"><\/a><\/span><\/div><\/div><\/div><div class=\"fusion-layout-column fusion_builder_column_inner fusion-builder-nested-column-1 fusion_builder_column_inner_1_2 1_2 fusion-flex-column\" style=\"--awb-bg-size:cover;--awb-width-large:50%;--awb-margin-top-large:10px;--awb-spacing-right-large:3.84%;--awb-margin-bottom-large:10px;--awb-spacing-left-large:3.84%;--awb-width-medium:50%;--awb-order-medium:0;--awb-spacing-right-medium:3.84%;--awb-spacing-left-medium:3.84%;--awb-width-small:100%;--awb-order-small:0;--awb-spacing-right-small:1.92%;--awb-spacing-left-small:1.92%;\"><div class=\"fusion-column-wrapper fusion-column-has-shadow fusion-flex-justify-content-flex-start fusion-content-layout-column\">\n<table border=\"0\" width=\"100%\">\n<tbody>\n<tr bgcolor=\"#d2d2d2\">\n<th style=\"padding-left: 40px;\" align=\"left\" height=\"40\"><strong>MPN-Serie<\/strong><\/th>\n<\/tr>\n<\/tbody>\n<\/table>\n<div class=\"fusion-text fusion-text-5\"><p>Die MPN-Serie ist f\u00fcr 0,10 A bei 30 V DC ausgelegt und verf\u00fcgt \u00fcber 10.000 zertifizierte Schaltzyklen im Betriebstemperaturbereich von -10 \u00b0C bis 60 \u00b0C. K\u00e4ufer k\u00f6nnen zwischen Selbstverriegelungs- und Momentlichtfunktion w\u00e4hlen; die Ger\u00e4te sind mit zwei, vier oder sechs Polen erh\u00e4ltlich.<\/p>\n<\/div><div class=\"fusion-image-element\" style=\"--awb-caption-title-font-family:var(--h2_typography-font-family);--awb-caption-title-font-weight:var(--h2_typography-font-weight);--awb-caption-title-font-style:var(--h2_typography-font-style);--awb-caption-title-size:var(--h2_typography-font-size);--awb-caption-title-transform:var(--h2_typography-text-transform);--awb-caption-title-line-height:var(--h2_typography-line-height);--awb-caption-title-letter-spacing:var(--h2_typography-letter-spacing);\"><span class=\"fusion-imageframe imageframe-none imageframe-3 hover-type-none\"><a class=\"fusion-no-lightbox\" href=\"https:\/\/www.toneluckswitches.com\/de\/mpn-druckknopf-ein-ausschalter\/\" target=\"_blank\" aria-label=\"MPN mehrpoliger Druckknopfschalter\" rel=\"noopener noreferrer\"><img decoding=\"async\" width=\"500\" height=\"250\" alt=\"MPN mehrpoliger Druckknopfschalter\" src=\"https:\/\/www.toneluckswitches.com\/wp-content\/uploads\/2021\/10\/MPN.jpg\" class=\"img-responsive wp-image-2186\" srcset=\"https:\/\/www.toneluckswitches.com\/wp-content\/uploads\/2021\/10\/MPN-200x100.jpg 200w, https:\/\/www.toneluckswitches.com\/wp-content\/uploads\/2021\/10\/MPN-400x200.jpg 400w, https:\/\/www.toneluckswitches.com\/wp-content\/uploads\/2021\/10\/MPN.jpg 500w\" sizes=\"(max-width: 640px) 100vw, 500px\" title=\"\"><\/a><\/span><\/div><\/div><\/div><\/div><div class=\"fusion-builder-row fusion-builder-row-inner fusion-row fusion-flex-align-items-flex-start fusion-flex-content-wrap\" style=\"--awb-flex-grow:0;--awb-flex-grow-medium:0;--awb-flex-grow-small:0;--awb-flex-shrink:0;--awb-flex-shrink-medium:0;--awb-flex-shrink-small:0;width:104% !important;max-width:104% !important;margin-left: calc(-4% \/ 2 );margin-right: calc(-4% \/ 2 );\"><div class=\"fusion-layout-column fusion_builder_column_inner fusion-builder-nested-column-2 fusion_builder_column_inner_1_2 1_2 fusion-flex-column\" style=\"--awb-bg-size:cover;--awb-width-large:50%;--awb-margin-top-large:10px;--awb-spacing-right-large:3.84%;--awb-margin-bottom-large:10px;--awb-spacing-left-large:3.84%;--awb-width-medium:50%;--awb-order-medium:0;--awb-spacing-right-medium:3.84%;--awb-spacing-left-medium:3.84%;--awb-width-small:100%;--awb-order-small:0;--awb-spacing-right-small:1.92%;--awb-spacing-left-small:1.92%;\"><div class=\"fusion-column-wrapper fusion-column-has-shadow fusion-flex-justify-content-flex-start fusion-content-layout-column\">\n<table border=\"0\" width=\"100%\">\n<tbody>\n<tr bgcolor=\"#d2d2d2\">\n<th style=\"padding-left: 40px;\" align=\"left\" height=\"40\"><strong>Schl\u00fcsselserie<\/strong><\/th>\n<\/tr>\n<\/tbody>\n<\/table>\n<div class=\"fusion-text fusion-text-6\"><p>Die Tastenschalterserie ist klein und in verschiedenen Farben erh\u00e4ltlich; ihre Nennleistung betr\u00e4gt 0,01 A, 35 V DC und 100.000 Zyklen.<\/p>\n<\/div><div class=\"fusion-image-element\" style=\"--awb-caption-title-font-family:var(--h2_typography-font-family);--awb-caption-title-font-weight:var(--h2_typography-font-weight);--awb-caption-title-font-style:var(--h2_typography-font-style);--awb-caption-title-size:var(--h2_typography-font-size);--awb-caption-title-transform:var(--h2_typography-text-transform);--awb-caption-title-line-height:var(--h2_typography-line-height);--awb-caption-title-letter-spacing:var(--h2_typography-letter-spacing);\"><span class=\"fusion-imageframe imageframe-none imageframe-4 hover-type-none\"><a class=\"fusion-no-lightbox\" href=\"https:\/\/www.toneluckswitches.com\/de\/startschalter-per-knopfdruck\/\" target=\"_blank\" aria-label=\"KEY Mini-Druckknopfschalter\" rel=\"noopener noreferrer\"><img decoding=\"async\" width=\"500\" height=\"250\" alt=\"KEY Mini-Druckknopfschalter\" src=\"https:\/\/www.toneluckswitches.com\/wp-content\/uploads\/2021\/10\/KEY.jpg\" class=\"img-responsive wp-image-2185\" srcset=\"https:\/\/www.toneluckswitches.com\/wp-content\/uploads\/2021\/10\/KEY-200x100.jpg 200w, https:\/\/www.toneluckswitches.com\/wp-content\/uploads\/2021\/10\/KEY-400x200.jpg 400w, https:\/\/www.toneluckswitches.com\/wp-content\/uploads\/2021\/10\/KEY.jpg 500w\" sizes=\"(max-width: 640px) 100vw, 500px\" title=\"\"><\/a><\/span><\/div><\/div><\/div><div class=\"fusion-layout-column fusion_builder_column_inner fusion-builder-nested-column-3 fusion_builder_column_inner_1_2 1_2 fusion-flex-column\" style=\"--awb-bg-size:cover;--awb-width-large:50%;--awb-margin-top-large:10px;--awb-spacing-right-large:3.84%;--awb-margin-bottom-large:10px;--awb-spacing-left-large:3.84%;--awb-width-medium:50%;--awb-order-medium:0;--awb-spacing-right-medium:3.84%;--awb-spacing-left-medium:3.84%;--awb-width-small:100%;--awb-order-small:0;--awb-spacing-right-small:1.92%;--awb-spacing-left-small:1.92%;\"><div class=\"fusion-column-wrapper fusion-column-has-shadow fusion-flex-justify-content-flex-start fusion-content-layout-column\">\n<table border=\"0\" width=\"100%\">\n<tbody>\n<tr bgcolor=\"#d2d2d2\">\n<th style=\"padding-left: 40px;\" align=\"left\" height=\"40\"><strong>PBN-Serie<\/strong><\/th>\n<\/tr>\n<\/tbody>\n<\/table>\n<div class=\"fusion-text fusion-text-7\"><p>Das PBN bietet verschiedene Stangenvarianten an, darunter 2-, 4- und 6-Stangen-Sets. K\u00e4ufer k\u00f6nnen au\u00dferdem zwischen Modellen mit und ohne Selbstverriegelung w\u00e4hlen. F\u00fcr Reisen sind auch 3,5-mm- und 2,5-mm-Stanges erh\u00e4ltlich.<\/p>\n<\/div><div class=\"fusion-image-element\" style=\"--awb-caption-title-font-family:var(--h2_typography-font-family);--awb-caption-title-font-weight:var(--h2_typography-font-weight);--awb-caption-title-font-style:var(--h2_typography-font-style);--awb-caption-title-size:var(--h2_typography-font-size);--awb-caption-title-transform:var(--h2_typography-text-transform);--awb-caption-title-line-height:var(--h2_typography-line-height);--awb-caption-title-letter-spacing:var(--h2_typography-letter-spacing);\"><span class=\"fusion-imageframe imageframe-none imageframe-5 hover-type-none\"><a class=\"fusion-no-lightbox\" href=\"https:\/\/www.toneluckswitches.com\/de\/pbn-schalter\/\" target=\"_blank\" aria-label=\"PBN-Druckknopfbank\" rel=\"noopener noreferrer\"><img decoding=\"async\" width=\"500\" height=\"250\" alt=\"PBN-Druckknopfbank\" src=\"https:\/\/www.toneluckswitches.com\/wp-content\/uploads\/2021\/10\/PBN.jpg\" class=\"img-responsive wp-image-2184\" srcset=\"https:\/\/www.toneluckswitches.com\/wp-content\/uploads\/2021\/10\/PBN-200x100.jpg 200w, https:\/\/www.toneluckswitches.com\/wp-content\/uploads\/2021\/10\/PBN-400x200.jpg 400w, https:\/\/www.toneluckswitches.com\/wp-content\/uploads\/2021\/10\/PBN.jpg 500w\" sizes=\"(max-width: 640px) 100vw, 500px\" title=\"\"><\/a><\/span><\/div><\/div><\/div><\/div><div class=\"fusion-builder-row fusion-builder-row-inner fusion-row fusion-flex-align-items-flex-start fusion-flex-content-wrap\" style=\"--awb-flex-grow:0;--awb-flex-grow-medium:0;--awb-flex-grow-small:0;--awb-flex-shrink:0;--awb-flex-shrink-medium:0;--awb-flex-shrink-small:0;width:104% !important;max-width:104% !important;margin-left: calc(-4% \/ 2 );margin-right: calc(-4% \/ 2 );\"><div class=\"fusion-layout-column fusion_builder_column_inner fusion-builder-nested-column-4 fusion_builder_column_inner_1_2 1_2 fusion-flex-column\" style=\"--awb-bg-size:cover;--awb-width-large:50%;--awb-margin-top-large:10px;--awb-spacing-right-large:3.84%;--awb-margin-bottom-large:10px;--awb-spacing-left-large:3.84%;--awb-width-medium:50%;--awb-order-medium:0;--awb-spacing-right-medium:3.84%;--awb-spacing-left-medium:3.84%;--awb-width-small:100%;--awb-order-small:0;--awb-spacing-right-small:1.92%;--awb-spacing-left-small:1.92%;\"><div class=\"fusion-column-wrapper fusion-column-has-shadow fusion-flex-justify-content-flex-start fusion-content-layout-column\">\n<table border=\"0\" width=\"100%\">\n<tbody>\n<tr bgcolor=\"#d2d2d2\">\n<th style=\"padding-left: 40px;\" align=\"left\" height=\"40\"><span style=\"color: #333333;\"><strong>MPV-Serie<\/strong><\/span><\/th>\n<\/tr>\n<\/tbody>\n<\/table>\n<div class=\"fusion-text fusion-text-8\"><p>Der MPV ist ein langlebiger Drucktaster mit mindestens 20.000 Schaltzyklen bei einer Nennstromst\u00e4rke von 0,1 A und einer Spannung von 30 V DC. Das Geh\u00e4usematerial entspricht den Anforderungen der Norm UL94 V-0 f\u00fcr Thermoplaste.<\/p>\n<\/div><div class=\"fusion-image-element\" style=\"--awb-caption-title-font-family:var(--h2_typography-font-family);--awb-caption-title-font-weight:var(--h2_typography-font-weight);--awb-caption-title-font-style:var(--h2_typography-font-style);--awb-caption-title-size:var(--h2_typography-font-size);--awb-caption-title-transform:var(--h2_typography-text-transform);--awb-caption-title-line-height:var(--h2_typography-line-height);--awb-caption-title-letter-spacing:var(--h2_typography-letter-spacing);\"><span class=\"fusion-imageframe imageframe-none imageframe-6 hover-type-none\"><a class=\"fusion-no-lightbox\" href=\"https:\/\/www.toneluckswitches.com\/de\/mpv-druckknopfschalter\/\" target=\"_blank\" aria-label=\"MPV Toneluck Schalter\" rel=\"noopener noreferrer\"><img decoding=\"async\" width=\"500\" height=\"250\" alt=\"MPV Toneluck Schalter\" src=\"https:\/\/www.toneluckswitches.com\/wp-content\/uploads\/2021\/10\/MPV.jpg\" class=\"img-responsive wp-image-2187\" srcset=\"https:\/\/www.toneluckswitches.com\/wp-content\/uploads\/2021\/10\/MPV-200x100.jpg 200w, https:\/\/www.toneluckswitches.com\/wp-content\/uploads\/2021\/10\/MPV-400x200.jpg 400w, https:\/\/www.toneluckswitches.com\/wp-content\/uploads\/2021\/10\/MPV.jpg 500w\" sizes=\"(max-width: 640px) 100vw, 500px\" title=\"\"><\/a><\/span><\/div><\/div><\/div><div class=\"fusion-layout-column fusion_builder_column_inner fusion-builder-nested-column-5 fusion_builder_column_inner_1_2 1_2 fusion-flex-column\" style=\"--awb-bg-size:cover;--awb-width-large:50%;--awb-margin-top-large:10px;--awb-spacing-right-large:3.84%;--awb-margin-bottom-large:10px;--awb-spacing-left-large:3.84%;--awb-width-medium:50%;--awb-order-medium:0;--awb-spacing-right-medium:3.84%;--awb-spacing-left-medium:3.84%;--awb-width-small:100%;--awb-order-small:0;--awb-spacing-right-small:1.92%;--awb-spacing-left-small:1.92%;\"><div class=\"fusion-column-wrapper fusion-column-has-shadow fusion-flex-justify-content-flex-start fusion-content-layout-column\">\n<table border=\"0\" width=\"100%\">\n<tbody>\n<tr bgcolor=\"#d2d2d2\">\n<th style=\"padding-left: 40px;\" align=\"left\" height=\"40\"><strong>PBA-Schalterserie<\/strong><\/th>\n<\/tr>\n<\/tbody>\n<\/table>\n<div class=\"fusion-text fusion-text-9\"><p>Der Toneluck PBA ist nur in 2- und 4-poliger Ausf\u00fchrung erh\u00e4ltlich und kann auch als Schalterblock gefertigt werden. Sein Gesamtweg betr\u00e4gt 3,5 mm, der Arretierungsweg 2,5 mm.<\/p>\n<\/div><div class=\"fusion-image-element\" style=\"--awb-caption-title-font-family:var(--h2_typography-font-family);--awb-caption-title-font-weight:var(--h2_typography-font-weight);--awb-caption-title-font-style:var(--h2_typography-font-style);--awb-caption-title-size:var(--h2_typography-font-size);--awb-caption-title-transform:var(--h2_typography-text-transform);--awb-caption-title-line-height:var(--h2_typography-line-height);--awb-caption-title-letter-spacing:var(--h2_typography-letter-spacing);\"><span class=\"fusion-imageframe imageframe-none imageframe-7 hover-type-none\"><a class=\"fusion-no-lightbox\" href=\"https:\/\/www.toneluckswitches.com\/de\/pba-drucktaster-elektroschalter\/\" target=\"_blank\" aria-label=\"PBA-Druckknopf\" rel=\"noopener noreferrer\"><img decoding=\"async\" width=\"500\" height=\"250\" alt=\"PBA-Druckknopf\" src=\"https:\/\/www.toneluckswitches.com\/wp-content\/uploads\/2021\/10\/PBA.jpg\" class=\"img-responsive wp-image-2188\" srcset=\"https:\/\/www.toneluckswitches.com\/wp-content\/uploads\/2021\/10\/PBA-200x100.jpg 200w, https:\/\/www.toneluckswitches.com\/wp-content\/uploads\/2021\/10\/PBA-400x200.jpg 400w, https:\/\/www.toneluckswitches.com\/wp-content\/uploads\/2021\/10\/PBA.jpg 500w\" sizes=\"(max-width: 640px) 100vw, 500px\" title=\"\"><\/a><\/span><\/div><\/div><\/div><\/div><\/div><\/div><\/div><\/div>","protected":false},"excerpt":{"rendered":"","protected":false},"author":1,"featured_media":0,"parent":0,"menu_order":0,"comment_status":"closed","ping_status":"closed","template":"","meta":{"footnotes":""},"class_list":["post-62","page","type-page","status-publish","hentry"],"_links":{"self":[{"href":"https:\/\/www.toneluckswitches.com\/de\/wp-json\/wp\/v2\/pages\/62","targetHints":{"allow":["GET"]}}],"collection":[{"href":"https:\/\/www.toneluckswitches.com\/de\/wp-json\/wp\/v2\/pages"}],"about":[{"href":"https:\/\/www.toneluckswitches.com\/de\/wp-json\/wp\/v2\/types\/page"}],"author":[{"embeddable":true,"href":"https:\/\/www.toneluckswitches.com\/de\/wp-json\/wp\/v2\/users\/1"}],"replies":[{"embeddable":true,"href":"https:\/\/www.toneluckswitches.com\/de\/wp-json\/wp\/v2\/comments?post=62"}],"version-history":[{"count":7,"href":"https:\/\/www.toneluckswitches.com\/de\/wp-json\/wp\/v2\/pages\/62\/revisions"}],"predecessor-version":[{"id":2368,"href":"https:\/\/www.toneluckswitches.com\/de\/wp-json\/wp\/v2\/pages\/62\/revisions\/2368"}],"wp:attachment":[{"href":"https:\/\/www.toneluckswitches.com\/de\/wp-json\/wp\/v2\/media?parent=62"}],"curies":[{"name":"wp","href":"https:\/\/api.w.org\/{rel}","templated":true}]}}