{"id":1539,"date":"2021-03-29T10:13:51","date_gmt":"2021-03-29T10:13:51","guid":{"rendered":"https:\/\/www.toneluckswitches.com\/?page_id=1539"},"modified":"2021-03-29T10:23:28","modified_gmt":"2021-03-29T10:23:28","slug":"autoteile","status":"publish","type":"page","link":"https:\/\/www.toneluckswitches.com\/de\/autoteile\/","title":{"rendered":"Autoteile-OEM"},"content":{"rendered":"<div class=\"fusion-fullwidth fullwidth-box fusion-builder-row-1 fusion-flex-container nonhundred-percent-fullwidth non-hundred-percent-height-scrolling\" style=\"--awb-border-radius-top-left:0px;--awb-border-radius-top-right:0px;--awb-border-radius-bottom-right:0px;--awb-border-radius-bottom-left:0px;--awb-flex-wrap:wrap;\" ><div class=\"fusion-builder-row fusion-row fusion-flex-align-items-flex-start fusion-flex-content-wrap\" style=\"max-width:1560px;margin-left: calc(-4% \/ 2 );margin-right: calc(-4% \/ 2 );\"><div class=\"fusion-layout-column fusion_builder_column fusion-builder-column-0 fusion_builder_column_1_1 1_1 fusion-flex-column\" style=\"--awb-bg-size:cover;--awb-width-large:100%;--awb-margin-top-large:0px;--awb-spacing-right-large:1.92%;--awb-margin-bottom-large:0px;--awb-spacing-left-large:1.92%;--awb-width-medium:100%;--awb-spacing-right-medium:1.92%;--awb-spacing-left-medium:1.92%;--awb-width-small:100%;--awb-spacing-right-small:1.92%;--awb-spacing-left-small:1.92%;\"><div class=\"fusion-column-wrapper fusion-flex-justify-content-flex-start fusion-content-layout-column\"><div class=\"fusion-text fusion-text-1\"><p>Autoteil-OEM<\/p>\n<\/div><div class=\"fusion-recent-works fusion-portfolio-element fusion-portfolio fusion-portfolio-1 fusion-portfolio-carousel fusion-portfolio-paging-pagination recent-works-carousel portfolio-carousel picture-size-auto fusion-portfolio-rollover\" data-id=\"-rw-1\"><div class=\"awb-carousel awb-swiper awb-swiper-carousel\" style=\"--awb-columns:4;\" data-autoplay=\"no\" data-columns=\"4\" data-itemmargin=\"10\" data-itemwidth=\"180\" data-touchscroll=\"no\" data-imagesize=\"auto\"><div class=\"swiper-wrapper\"><div class=\"swiper-slide\"><div class=\"fusion-carousel-item-wrapper\"><span class=\"entry-title rich-snippet-hidden\">Kfz-Steuerstecker TONELUCK MQS-9A<\/span><span class=\"vcard rich-snippet-hidden\"><span class=\"fn\"><a href=\"https:\/\/www.toneluckswitches.com\/de\/author\/toneluckadmin\/\" title=\"Beitr\u00e4ge von ToneLuckAdmin\" rel=\"author\">ToneLuckAdmin<\/a><\/span><\/span><span class=\"updated rich-snippet-hidden\">2024-09-05T08:18:59+00:00<\/span><div  class=\"fusion-image-wrapper\" aria-haspopup=\"true\">\n\t\t\t\t<img decoding=\"async\" width=\"800\" height=\"800\" src=\"https:\/\/www.toneluckswitches.com\/wp-content\/uploads\/2024\/09\/1-12.jpg\" class=\"attachment-full size-full wp-post-image\" alt=\"\" srcset=\"https:\/\/www.toneluckswitches.com\/wp-content\/uploads\/2024\/09\/1-12-200x200.jpg 200w, https:\/\/www.toneluckswitches.com\/wp-content\/uploads\/2024\/09\/1-12-400x400.jpg 400w, https:\/\/www.toneluckswitches.com\/wp-content\/uploads\/2024\/09\/1-12-600x600.jpg 600w, https:\/\/www.toneluckswitches.com\/wp-content\/uploads\/2024\/09\/1-12.jpg 800w\" sizes=\"(min-width: 2200px) 100vw, (min-width: 856px) 368px, (min-width: 784px) 490px, (min-width: 712px) 784px, (min-width: 640px) 712px, \" title=\"\"><div class=\"fusion-rollover\">\n\t<div class=\"fusion-rollover-content\">\n\n\t\t\t\t\t\t\t\t\t\t\t\t\t\t<a class=\"fusion-rollover-link\" href=\"https:\/\/www.toneluckswitches.com\/de\/produkt\/kfz-steuerstecker-toneluck-mqs-9a\/\">Kfz-Steuerstecker TONELUCK MQS-9A<\/a>\n\t\t\t\n\t\t\t\t\t\t\t\t\n\t\t\n\t\t\t\t\t\t\t\t\t\t\t\t<h4 class=\"fusion-rollover-title\">\n\t\t\t\t\t<a class=\"fusion-rollover-title-link\" href=\"https:\/\/www.toneluckswitches.com\/de\/produkt\/kfz-steuerstecker-toneluck-mqs-9a\/\">\n\t\t\t\t\t\tKfz-Steuerstecker TONELUCK MQS-9A\t\t\t\t\t<\/a>\n\t\t\t\t<\/h4>\n\t\t\t\n\t\t\t\t\t\t\t\t\n\t\t\n\t\t\t\t\t\t<a class=\"fusion-link-wrapper\" href=\"https:\/\/www.toneluckswitches.com\/de\/produkt\/kfz-steuerstecker-toneluck-mqs-9a\/\" aria-label=\"Kfz-Steuerstecker TONELUCK MQS-9A\"><\/a>\n\t<\/div>\n<\/div>\n<\/div>\n<\/div><\/div><div class=\"swiper-slide\"><div class=\"fusion-carousel-item-wrapper\"><span class=\"entry-title rich-snippet-hidden\">TONELUCK EKT Stecker-Steuerschalter Nr. PP-GF30<\/span><span class=\"vcard rich-snippet-hidden\"><span class=\"fn\"><a href=\"https:\/\/www.toneluckswitches.com\/de\/author\/toneluckadmin\/\" title=\"Beitr\u00e4ge von ToneLuckAdmin\" rel=\"author\">ToneLuckAdmin<\/a><\/span><\/span><span class=\"updated rich-snippet-hidden\">2024-09-05T08:07:04+00:00<\/span><div  class=\"fusion-image-wrapper\" aria-haspopup=\"true\">\n\t\t\t\t<img decoding=\"async\" width=\"800\" height=\"800\" src=\"https:\/\/www.toneluckswitches.com\/wp-content\/uploads\/2024\/09\/1-11.jpg\" class=\"attachment-full size-full wp-post-image\" alt=\"\" srcset=\"https:\/\/www.toneluckswitches.com\/wp-content\/uploads\/2024\/09\/1-11-200x200.jpg 200w, https:\/\/www.toneluckswitches.com\/wp-content\/uploads\/2024\/09\/1-11-400x400.jpg 400w, https:\/\/www.toneluckswitches.com\/wp-content\/uploads\/2024\/09\/1-11-600x600.jpg 600w, https:\/\/www.toneluckswitches.com\/wp-content\/uploads\/2024\/09\/1-11.jpg 800w\" sizes=\"(min-width: 2200px) 100vw, (min-width: 856px) 368px, (min-width: 784px) 490px, (min-width: 712px) 784px, (min-width: 640px) 712px, \" title=\"\"><div class=\"fusion-rollover\">\n\t<div class=\"fusion-rollover-content\">\n\n\t\t\t\t\t\t\t\t\t\t\t\t\t\t<a class=\"fusion-rollover-link\" href=\"https:\/\/www.toneluckswitches.com\/de\/produkt\/toneluck-ekt-connector-control-switch-no-pp-gf30\/\">TONELUCK EKT Stecker-Steuerschalter Nr. PP-GF30<\/a>\n\t\t\t\n\t\t\t\t\t\t\t\t\n\t\t\n\t\t\t\t\t\t\t\t\t\t\t\t<h4 class=\"fusion-rollover-title\">\n\t\t\t\t\t<a class=\"fusion-rollover-title-link\" href=\"https:\/\/www.toneluckswitches.com\/de\/produkt\/toneluck-ekt-connector-control-switch-no-pp-gf30\/\">\n\t\t\t\t\t\tTONELUCK EKT Stecker-Steuerschalter Nr. PP-GF30\t\t\t\t\t<\/a>\n\t\t\t\t<\/h4>\n\t\t\t\n\t\t\t\t\t\t\t\t\n\t\t\n\t\t\t\t\t\t<a class=\"fusion-link-wrapper\" href=\"https:\/\/www.toneluckswitches.com\/de\/produkt\/toneluck-ekt-connector-control-switch-no-pp-gf30\/\" aria-label=\"TONELUCK EKT Stecker-Steuerschalter Nr. PP-GF30\"><\/a>\n\t<\/div>\n<\/div>\n<\/div>\n<\/div><\/div><div class=\"swiper-slide\"><div class=\"fusion-carousel-item-wrapper\"><span class=\"entry-title rich-snippet-hidden\">Fahrzeug-Konnektivit\u00e4ts-Controller-Steckdose Toneluck Nr. PBT-GF20 LH L1<\/span><span class=\"vcard rich-snippet-hidden\"><span class=\"fn\"><a href=\"https:\/\/www.toneluckswitches.com\/de\/author\/toneluckadmin\/\" title=\"Beitr\u00e4ge von ToneLuckAdmin\" rel=\"author\">ToneLuckAdmin<\/a><\/span><\/span><span class=\"updated rich-snippet-hidden\">2024-09-05T08:00:28+00:00<\/span><div  class=\"fusion-image-wrapper\" aria-haspopup=\"true\">\n\t\t\t\t<img decoding=\"async\" width=\"800\" height=\"800\" src=\"https:\/\/www.toneluckswitches.com\/wp-content\/uploads\/2024\/09\/3-10.jpg\" class=\"attachment-full size-full wp-post-image\" alt=\"\" srcset=\"https:\/\/www.toneluckswitches.com\/wp-content\/uploads\/2024\/09\/3-10-200x200.jpg 200w, https:\/\/www.toneluckswitches.com\/wp-content\/uploads\/2024\/09\/3-10-400x400.jpg 400w, https:\/\/www.toneluckswitches.com\/wp-content\/uploads\/2024\/09\/3-10-600x600.jpg 600w, https:\/\/www.toneluckswitches.com\/wp-content\/uploads\/2024\/09\/3-10.jpg 800w\" sizes=\"(min-width: 2200px) 100vw, (min-width: 856px) 368px, (min-width: 784px) 490px, (min-width: 712px) 784px, (min-width: 640px) 712px, \" title=\"\"><div class=\"fusion-rollover\">\n\t<div class=\"fusion-rollover-content\">\n\n\t\t\t\t\t\t\t\t\t\t\t\t\t\t<a class=\"fusion-rollover-link\" href=\"https:\/\/www.toneluckswitches.com\/de\/produkt\/car-connectivity-controller-plug-in-toneluck-no-pbt-gf20-lh-l1\/\">Fahrzeug-Konnektivit\u00e4ts-Controller-Steckdose Toneluck Nr. PBT-GF20 LH L1<\/a>\n\t\t\t\n\t\t\t\t\t\t\t\t\n\t\t\n\t\t\t\t\t\t\t\t\t\t\t\t<h4 class=\"fusion-rollover-title\">\n\t\t\t\t\t<a class=\"fusion-rollover-title-link\" href=\"https:\/\/www.toneluckswitches.com\/de\/produkt\/car-connectivity-controller-plug-in-toneluck-no-pbt-gf20-lh-l1\/\">\n\t\t\t\t\t\tFahrzeug-Konnektivit\u00e4ts-Controller-Steckdose Toneluck Nr. PBT-GF20 LH L1\t\t\t\t\t<\/a>\n\t\t\t\t<\/h4>\n\t\t\t\n\t\t\t\t\t\t\t\t\n\t\t\n\t\t\t\t\t\t<a class=\"fusion-link-wrapper\" href=\"https:\/\/www.toneluckswitches.com\/de\/produkt\/car-connectivity-controller-plug-in-toneluck-no-pbt-gf20-lh-l1\/\" aria-label=\"Fahrzeug-Konnektivit\u00e4ts-Controller-Steckdose Toneluck Nr. PBT-GF20 LH L1\"><\/a>\n\t<\/div>\n<\/div>\n<\/div>\n<\/div><\/div><div class=\"swiper-slide\"><div class=\"fusion-carousel-item-wrapper\"><span class=\"entry-title rich-snippet-hidden\">Toneluck Automotive EKT-Steckverbinder Nr. PBT+ABS+GF15<\/span><span class=\"vcard rich-snippet-hidden\"><span class=\"fn\"><a href=\"https:\/\/www.toneluckswitches.com\/de\/author\/toneluckadmin\/\" title=\"Beitr\u00e4ge von ToneLuckAdmin\" rel=\"author\">ToneLuckAdmin<\/a><\/span><\/span><span class=\"updated rich-snippet-hidden\">2024-09-05T08:10:57+00:00<\/span><div  class=\"fusion-image-wrapper\" aria-haspopup=\"true\">\n\t\t\t\t<img decoding=\"async\" width=\"800\" height=\"800\" src=\"https:\/\/www.toneluckswitches.com\/wp-content\/uploads\/2024\/09\/1-9.jpg\" class=\"attachment-full size-full wp-post-image\" alt=\"\" srcset=\"https:\/\/www.toneluckswitches.com\/wp-content\/uploads\/2024\/09\/1-9-200x200.jpg 200w, https:\/\/www.toneluckswitches.com\/wp-content\/uploads\/2024\/09\/1-9-400x400.jpg 400w, https:\/\/www.toneluckswitches.com\/wp-content\/uploads\/2024\/09\/1-9-600x600.jpg 600w, https:\/\/www.toneluckswitches.com\/wp-content\/uploads\/2024\/09\/1-9.jpg 800w\" sizes=\"(min-width: 2200px) 100vw, (min-width: 856px) 368px, (min-width: 784px) 490px, (min-width: 712px) 784px, (min-width: 640px) 712px, \" title=\"\"><div class=\"fusion-rollover\">\n\t<div class=\"fusion-rollover-content\">\n\n\t\t\t\t\t\t\t\t\t\t\t\t\t\t<a class=\"fusion-rollover-link\" href=\"https:\/\/www.toneluckswitches.com\/de\/produkt\/toneluck-automotive-ekt-connector-no-pbtabsgf15\/\">Toneluck Automotive EKT-Steckverbinder Nr. PBT+ABS+GF15<\/a>\n\t\t\t\n\t\t\t\t\t\t\t\t\n\t\t\n\t\t\t\t\t\t\t\t\t\t\t\t<h4 class=\"fusion-rollover-title\">\n\t\t\t\t\t<a class=\"fusion-rollover-title-link\" href=\"https:\/\/www.toneluckswitches.com\/de\/produkt\/toneluck-automotive-ekt-connector-no-pbtabsgf15\/\">\n\t\t\t\t\t\tToneluck Automotive EKT-Steckverbinder Nr. PBT+ABS+GF15\t\t\t\t\t<\/a>\n\t\t\t\t<\/h4>\n\t\t\t\n\t\t\t\t\t\t\t\t\n\t\t\n\t\t\t\t\t\t<a class=\"fusion-link-wrapper\" href=\"https:\/\/www.toneluckswitches.com\/de\/produkt\/toneluck-automotive-ekt-connector-no-pbtabsgf15\/\" aria-label=\"Toneluck Automotive EKT-Steckverbinder Nr. PBT+ABS+GF15\"><\/a>\n\t<\/div>\n<\/div>\n<\/div>\n<\/div><\/div><div class=\"swiper-slide\"><div class=\"fusion-carousel-item-wrapper\"><span class=\"entry-title rich-snippet-hidden\">Stecker f\u00fcr Konnektivit\u00e4tscontroller f\u00fcr Elektrofahrzeuge Nr. PBT 2<\/span><span class=\"vcard rich-snippet-hidden\"><span class=\"fn\"><a href=\"https:\/\/www.toneluckswitches.com\/de\/author\/toneluckadmin\/\" title=\"Beitr\u00e4ge von ToneLuckAdmin\" rel=\"author\">ToneLuckAdmin<\/a><\/span><\/span><span class=\"updated rich-snippet-hidden\">2024-09-05T07:35:53+00:00<\/span><div  class=\"fusion-image-wrapper\" aria-haspopup=\"true\">\n\t\t\t\t<img decoding=\"async\" width=\"800\" height=\"800\" src=\"https:\/\/www.toneluckswitches.com\/wp-content\/uploads\/2024\/09\/4-6.jpg\" class=\"attachment-full size-full wp-post-image\" alt=\"\" srcset=\"https:\/\/www.toneluckswitches.com\/wp-content\/uploads\/2024\/09\/4-6-200x200.jpg 200w, https:\/\/www.toneluckswitches.com\/wp-content\/uploads\/2024\/09\/4-6-400x400.jpg 400w, https:\/\/www.toneluckswitches.com\/wp-content\/uploads\/2024\/09\/4-6-600x600.jpg 600w, https:\/\/www.toneluckswitches.com\/wp-content\/uploads\/2024\/09\/4-6.jpg 800w\" sizes=\"(min-width: 2200px) 100vw, (min-width: 856px) 368px, (min-width: 784px) 490px, (min-width: 712px) 784px, (min-width: 640px) 712px, \" title=\"\"><div class=\"fusion-rollover\">\n\t<div class=\"fusion-rollover-content\">\n\n\t\t\t\t\t\t\t\t\t\t\t\t\t\t<a class=\"fusion-rollover-link\" href=\"https:\/\/www.toneluckswitches.com\/de\/produkt\/electric-car-connectivity-controller-plug-in-no-pbt-2\/\">Stecker f\u00fcr Konnektivit\u00e4tscontroller f\u00fcr Elektrofahrzeuge Nr. PBT 2<\/a>\n\t\t\t\n\t\t\t\t\t\t\t\t\n\t\t\n\t\t\t\t\t\t\t\t\t\t\t\t<h4 class=\"fusion-rollover-title\">\n\t\t\t\t\t<a class=\"fusion-rollover-title-link\" href=\"https:\/\/www.toneluckswitches.com\/de\/produkt\/electric-car-connectivity-controller-plug-in-no-pbt-2\/\">\n\t\t\t\t\t\tStecker f\u00fcr Konnektivit\u00e4tscontroller f\u00fcr Elektrofahrzeuge Nr. PBT 2\t\t\t\t\t<\/a>\n\t\t\t\t<\/h4>\n\t\t\t\n\t\t\t\t\t\t\t\t\n\t\t\n\t\t\t\t\t\t<a class=\"fusion-link-wrapper\" href=\"https:\/\/www.toneluckswitches.com\/de\/produkt\/electric-car-connectivity-controller-plug-in-no-pbt-2\/\" aria-label=\"Stecker f\u00fcr Konnektivit\u00e4tscontroller f\u00fcr Elektrofahrzeuge Nr. PBT 2\"><\/a>\n\t<\/div>\n<\/div>\n<\/div>\n<\/div><\/div><div class=\"swiper-slide\"><div class=\"fusion-carousel-item-wrapper\"><span class=\"entry-title rich-snippet-hidden\">Plug-in-Controller f\u00fcr Elektroautos PA6-GF10 L2<\/span><span class=\"vcard rich-snippet-hidden\"><span class=\"fn\"><a href=\"https:\/\/www.toneluckswitches.com\/de\/author\/toneluckadmin\/\" title=\"Beitr\u00e4ge von ToneLuckAdmin\" rel=\"author\">ToneLuckAdmin<\/a><\/span><\/span><span class=\"updated rich-snippet-hidden\">2024-09-05T07:12:43+00:00<\/span><div  class=\"fusion-image-wrapper\" aria-haspopup=\"true\">\n\t\t\t\t<img decoding=\"async\" width=\"800\" height=\"800\" src=\"https:\/\/www.toneluckswitches.com\/wp-content\/uploads\/2024\/09\/1-7.jpg\" class=\"attachment-full size-full wp-post-image\" alt=\"\" srcset=\"https:\/\/www.toneluckswitches.com\/wp-content\/uploads\/2024\/09\/1-7-200x200.jpg 200w, https:\/\/www.toneluckswitches.com\/wp-content\/uploads\/2024\/09\/1-7-400x400.jpg 400w, https:\/\/www.toneluckswitches.com\/wp-content\/uploads\/2024\/09\/1-7-600x600.jpg 600w, https:\/\/www.toneluckswitches.com\/wp-content\/uploads\/2024\/09\/1-7.jpg 800w\" sizes=\"(min-width: 2200px) 100vw, (min-width: 856px) 368px, (min-width: 784px) 490px, (min-width: 712px) 784px, (min-width: 640px) 712px, \" title=\"\"><div class=\"fusion-rollover\">\n\t<div class=\"fusion-rollover-content\">\n\n\t\t\t\t\t\t\t\t\t\t\t\t\t\t<a class=\"fusion-rollover-link\" href=\"https:\/\/www.toneluckswitches.com\/de\/produkt\/electric-car-connectivity-controller\/\">Plug-in-Controller f\u00fcr Elektroautos PA6-GF10 L2<\/a>\n\t\t\t\n\t\t\t\t\t\t\t\t\n\t\t\n\t\t\t\t\t\t\t\t\t\t\t\t<h4 class=\"fusion-rollover-title\">\n\t\t\t\t\t<a class=\"fusion-rollover-title-link\" href=\"https:\/\/www.toneluckswitches.com\/de\/produkt\/electric-car-connectivity-controller\/\">\n\t\t\t\t\t\tPlug-in-Controller f\u00fcr Elektroautos PA6-GF10 L2\t\t\t\t\t<\/a>\n\t\t\t\t<\/h4>\n\t\t\t\n\t\t\t\t\t\t\t\t\n\t\t\n\t\t\t\t\t\t<a class=\"fusion-link-wrapper\" href=\"https:\/\/www.toneluckswitches.com\/de\/produkt\/electric-car-connectivity-controller\/\" aria-label=\"Plug-in-Controller f\u00fcr Elektroautos PA6-GF10 L2\"><\/a>\n\t<\/div>\n<\/div>\n<\/div>\n<\/div><\/div><div class=\"swiper-slide\"><div class=\"fusion-carousel-item-wrapper\"><span class=\"entry-title rich-snippet-hidden\">Toneluck LH3 Autoteile<\/span><span class=\"vcard rich-snippet-hidden\"><span class=\"fn\"><a href=\"https:\/\/www.toneluckswitches.com\/de\/author\/toneluckadmin\/\" title=\"Beitr\u00e4ge von ToneLuckAdmin\" rel=\"author\">ToneLuckAdmin<\/a><\/span><\/span><span class=\"updated rich-snippet-hidden\">2024-09-05T06:39:23+00:00<\/span><div  class=\"fusion-image-wrapper\" aria-haspopup=\"true\">\n\t\t\t\t<img decoding=\"async\" width=\"800\" height=\"800\" src=\"https:\/\/www.toneluckswitches.com\/wp-content\/uploads\/2024\/09\/3-5.jpg\" class=\"attachment-full size-full wp-post-image\" alt=\"\" srcset=\"https:\/\/www.toneluckswitches.com\/wp-content\/uploads\/2024\/09\/3-5-200x200.jpg 200w, https:\/\/www.toneluckswitches.com\/wp-content\/uploads\/2024\/09\/3-5-400x400.jpg 400w, https:\/\/www.toneluckswitches.com\/wp-content\/uploads\/2024\/09\/3-5-600x600.jpg 600w, https:\/\/www.toneluckswitches.com\/wp-content\/uploads\/2024\/09\/3-5.jpg 800w\" sizes=\"(min-width: 2200px) 100vw, (min-width: 856px) 368px, (min-width: 784px) 490px, (min-width: 712px) 784px, (min-width: 640px) 712px, \" title=\"\"><div class=\"fusion-rollover\">\n\t<div class=\"fusion-rollover-content\">\n\n\t\t\t\t\t\t\t\t\t\t\t\t\t\t<a class=\"fusion-rollover-link\" href=\"https:\/\/www.toneluckswitches.com\/de\/produkt\/toneluck-lh3-autoteile\/\">Toneluck LH3 Autoteile<\/a>\n\t\t\t\n\t\t\t\t\t\t\t\t\n\t\t\n\t\t\t\t\t\t\t\t\t\t\t\t<h4 class=\"fusion-rollover-title\">\n\t\t\t\t\t<a class=\"fusion-rollover-title-link\" href=\"https:\/\/www.toneluckswitches.com\/de\/produkt\/toneluck-lh3-autoteile\/\">\n\t\t\t\t\t\tToneluck LH3 Autoteile\t\t\t\t\t<\/a>\n\t\t\t\t<\/h4>\n\t\t\t\n\t\t\t\t\t\t\t\t\n\t\t\n\t\t\t\t\t\t<a class=\"fusion-link-wrapper\" href=\"https:\/\/www.toneluckswitches.com\/de\/produkt\/toneluck-lh3-autoteile\/\" aria-label=\"Toneluck LH3 Autoteile\"><\/a>\n\t<\/div>\n<\/div>\n<\/div>\n<\/div><\/div><div class=\"swiper-slide\"><div class=\"fusion-carousel-item-wrapper\"><span class=\"entry-title rich-snippet-hidden\">Automobilsteckverbinder Tontluck MQS-8-2038701N<\/span><span class=\"vcard rich-snippet-hidden\"><span class=\"fn\"><a href=\"https:\/\/www.toneluckswitches.com\/de\/author\/toneluckadmin\/\" title=\"Beitr\u00e4ge von ToneLuckAdmin\" rel=\"author\">ToneLuckAdmin<\/a><\/span><\/span><span class=\"updated rich-snippet-hidden\">2024-09-05T07:16:57+00:00<\/span><div  class=\"fusion-image-wrapper\" aria-haspopup=\"true\">\n\t\t\t\t<img decoding=\"async\" width=\"800\" height=\"800\" src=\"https:\/\/www.toneluckswitches.com\/wp-content\/uploads\/2024\/09\/3-4.jpg\" class=\"attachment-full size-full wp-post-image\" alt=\"\" srcset=\"https:\/\/www.toneluckswitches.com\/wp-content\/uploads\/2024\/09\/3-4-200x200.jpg 200w, https:\/\/www.toneluckswitches.com\/wp-content\/uploads\/2024\/09\/3-4-400x400.jpg 400w, https:\/\/www.toneluckswitches.com\/wp-content\/uploads\/2024\/09\/3-4-600x600.jpg 600w, https:\/\/www.toneluckswitches.com\/wp-content\/uploads\/2024\/09\/3-4.jpg 800w\" sizes=\"(min-width: 2200px) 100vw, (min-width: 856px) 368px, (min-width: 784px) 490px, (min-width: 712px) 784px, (min-width: 640px) 712px, \" title=\"\"><div class=\"fusion-rollover\">\n\t<div class=\"fusion-rollover-content\">\n\n\t\t\t\t\t\t\t\t\t\t\t\t\t\t<a class=\"fusion-rollover-link\" href=\"https:\/\/www.toneluckswitches.com\/de\/produkt\/automobilsteckverbinder-tontluck\/\">Automobilsteckverbinder Tontluck MQS-8-2038701N<\/a>\n\t\t\t\n\t\t\t\t\t\t\t\t\n\t\t\n\t\t\t\t\t\t\t\t\t\t\t\t<h4 class=\"fusion-rollover-title\">\n\t\t\t\t\t<a class=\"fusion-rollover-title-link\" href=\"https:\/\/www.toneluckswitches.com\/de\/produkt\/automobilsteckverbinder-tontluck\/\">\n\t\t\t\t\t\tAutomobilsteckverbinder Tontluck MQS-8-2038701N\t\t\t\t\t<\/a>\n\t\t\t\t<\/h4>\n\t\t\t\n\t\t\t\t\t\t\t\t\n\t\t\n\t\t\t\t\t\t<a class=\"fusion-link-wrapper\" href=\"https:\/\/www.toneluckswitches.com\/de\/produkt\/automobilsteckverbinder-tontluck\/\" aria-label=\"Automobilsteckverbinder Tontluck MQS-8-2038701N\"><\/a>\n\t<\/div>\n<\/div>\n<\/div>\n<\/div><\/div><div class=\"swiper-slide\"><div class=\"fusion-carousel-item-wrapper\"><span class=\"entry-title rich-snippet-hidden\">EKT-Kfz-Steckverbinder Nr. 1852609N MQS-8 Kfz-Teileschalter<\/span><span class=\"vcard rich-snippet-hidden\"><span class=\"fn\"><a href=\"https:\/\/www.toneluckswitches.com\/de\/author\/toneluckadmin\/\" title=\"Beitr\u00e4ge von ToneLuckAdmin\" rel=\"author\">ToneLuckAdmin<\/a><\/span><\/span><span class=\"updated rich-snippet-hidden\">2024-09-05T06:15:37+00:00<\/span><div  class=\"fusion-image-wrapper\" aria-haspopup=\"true\">\n\t\t\t\t<img decoding=\"async\" width=\"800\" height=\"800\" src=\"https:\/\/www.toneluckswitches.com\/wp-content\/uploads\/2024\/09\/4-3.jpg\" class=\"attachment-full size-full wp-post-image\" alt=\"\" srcset=\"https:\/\/www.toneluckswitches.com\/wp-content\/uploads\/2024\/09\/4-3-200x200.jpg 200w, https:\/\/www.toneluckswitches.com\/wp-content\/uploads\/2024\/09\/4-3-400x400.jpg 400w, https:\/\/www.toneluckswitches.com\/wp-content\/uploads\/2024\/09\/4-3-600x600.jpg 600w, https:\/\/www.toneluckswitches.com\/wp-content\/uploads\/2024\/09\/4-3.jpg 800w\" sizes=\"(min-width: 2200px) 100vw, (min-width: 856px) 368px, (min-width: 784px) 490px, (min-width: 712px) 784px, (min-width: 640px) 712px, \" title=\"\"><div class=\"fusion-rollover\">\n\t<div class=\"fusion-rollover-content\">\n\n\t\t\t\t\t\t\t\t\t\t\t\t\t\t<a class=\"fusion-rollover-link\" href=\"https:\/\/www.toneluckswitches.com\/de\/produkt\/automobil-ekt-steckverbinder-1852609n-mqs-8\/\">EKT-Kfz-Steckverbinder Nr. 1852609N MQS-8 Kfz-Teileschalter<\/a>\n\t\t\t\n\t\t\t\t\t\t\t\t\n\t\t\n\t\t\t\t\t\t\t\t\t\t\t\t<h4 class=\"fusion-rollover-title\">\n\t\t\t\t\t<a class=\"fusion-rollover-title-link\" href=\"https:\/\/www.toneluckswitches.com\/de\/produkt\/automobil-ekt-steckverbinder-1852609n-mqs-8\/\">\n\t\t\t\t\t\tEKT-Kfz-Steckverbinder Nr. 1852609N MQS-8 Kfz-Teileschalter\t\t\t\t\t<\/a>\n\t\t\t\t<\/h4>\n\t\t\t\n\t\t\t\t\t\t\t\t\n\t\t\n\t\t\t\t\t\t<a class=\"fusion-link-wrapper\" href=\"https:\/\/www.toneluckswitches.com\/de\/produkt\/automobil-ekt-steckverbinder-1852609n-mqs-8\/\" aria-label=\"EKT-Kfz-Steckverbinder Nr. 1852609N MQS-8 Kfz-Teileschalter\"><\/a>\n\t<\/div>\n<\/div>\n<\/div>\n<\/div><\/div><div class=\"swiper-slide\"><div class=\"fusion-carousel-item-wrapper\"><span class=\"entry-title rich-snippet-hidden\">K\u00fchlschrank-Eisw\u00fcrfelbereiter-T\u00fcrantrieb 12V DC Haushaltsger\u00e4te-Zubeh\u00f6r<\/span><span class=\"vcard rich-snippet-hidden\"><span class=\"fn\"><a href=\"https:\/\/www.toneluckswitches.com\/de\/author\/toneluckadmin\/\" title=\"Beitr\u00e4ge von ToneLuckAdmin\" rel=\"author\">ToneLuckAdmin<\/a><\/span><\/span><span class=\"updated rich-snippet-hidden\">2021-09-14T06:46:55+00:00<\/span><div  class=\"fusion-image-wrapper\" aria-haspopup=\"true\">\n\t\t\t\t<img decoding=\"async\" width=\"800\" height=\"800\" src=\"https:\/\/www.toneluckswitches.com\/wp-content\/uploads\/2021\/05\/1-5.jpg\" class=\"attachment-full size-full wp-post-image\" alt=\"H244B-A002\" srcset=\"https:\/\/www.toneluckswitches.com\/wp-content\/uploads\/2021\/05\/1-5-200x200.jpg 200w, https:\/\/www.toneluckswitches.com\/wp-content\/uploads\/2021\/05\/1-5-400x400.jpg 400w, https:\/\/www.toneluckswitches.com\/wp-content\/uploads\/2021\/05\/1-5-600x600.jpg 600w, https:\/\/www.toneluckswitches.com\/wp-content\/uploads\/2021\/05\/1-5.jpg 800w\" sizes=\"(min-width: 2200px) 100vw, (min-width: 856px) 368px, (min-width: 784px) 490px, (min-width: 712px) 784px, (min-width: 640px) 712px, \" title=\"\"><div class=\"fusion-rollover\">\n\t<div class=\"fusion-rollover-content\">\n\n\t\t\t\t\t\t\t\t\t\t\t\t\t\t<a class=\"fusion-rollover-link\" href=\"https:\/\/www.toneluckswitches.com\/de\/produkt\/refrigerator-ice-door-actuator\/\">K\u00fchlschrank-Eisw\u00fcrfelbereiter-T\u00fcrantrieb 12V DC Haushaltsger\u00e4te-Zubeh\u00f6r<\/a>\n\t\t\t\n\t\t\t\t\t\t\t\t\n\t\t\n\t\t\t\t\t\t\t\t\t\t\t\t<h4 class=\"fusion-rollover-title\">\n\t\t\t\t\t<a class=\"fusion-rollover-title-link\" href=\"https:\/\/www.toneluckswitches.com\/de\/produkt\/refrigerator-ice-door-actuator\/\">\n\t\t\t\t\t\tK\u00fchlschrank-Eisw\u00fcrfelbereiter-T\u00fcrantrieb 12V DC Haushaltsger\u00e4te-Zubeh\u00f6r\t\t\t\t\t<\/a>\n\t\t\t\t<\/h4>\n\t\t\t\n\t\t\t\t\t\t\t\t\n\t\t\n\t\t\t\t\t\t<a class=\"fusion-link-wrapper\" href=\"https:\/\/www.toneluckswitches.com\/de\/produkt\/refrigerator-ice-door-actuator\/\" aria-label=\"K\u00fchlschrank-Eisw\u00fcrfelbereiter-T\u00fcrantrieb 12V DC Haushaltsger\u00e4te-Zubeh\u00f6r\"><\/a>\n\t<\/div>\n<\/div>\n<\/div>\n<\/div><\/div><div class=\"swiper-slide\"><div class=\"fusion-carousel-item-wrapper\"><span class=\"entry-title rich-snippet-hidden\">Kfz-Elektrik-Steckverbinder-Set mit Mikroschalter<\/span><span class=\"vcard rich-snippet-hidden\"><span class=\"fn\"><a href=\"https:\/\/www.toneluckswitches.com\/de\/author\/toneluckadmin\/\" title=\"Beitr\u00e4ge von ToneLuckAdmin\" rel=\"author\">ToneLuckAdmin<\/a><\/span><\/span><span class=\"updated rich-snippet-hidden\">2021-04-24T08:38:34+00:00<\/span><div  class=\"fusion-image-wrapper\" aria-haspopup=\"true\">\n\t\t\t\t<img decoding=\"async\" width=\"800\" height=\"800\" src=\"https:\/\/www.toneluckswitches.com\/wp-content\/uploads\/2021\/04\/1-6.jpg\" class=\"attachment-full size-full wp-post-image\" alt=\"1852609N MQS-8\" srcset=\"https:\/\/www.toneluckswitches.com\/wp-content\/uploads\/2021\/04\/1-6-200x200.jpg 200w, https:\/\/www.toneluckswitches.com\/wp-content\/uploads\/2021\/04\/1-6-400x400.jpg 400w, https:\/\/www.toneluckswitches.com\/wp-content\/uploads\/2021\/04\/1-6-600x600.jpg 600w, https:\/\/www.toneluckswitches.com\/wp-content\/uploads\/2021\/04\/1-6.jpg 800w\" sizes=\"(min-width: 2200px) 100vw, (min-width: 856px) 368px, (min-width: 784px) 490px, (min-width: 712px) 784px, (min-width: 640px) 712px, \" title=\"\"><div class=\"fusion-rollover\">\n\t<div class=\"fusion-rollover-content\">\n\n\t\t\t\t\t\t\t\t\t\t\t\t\t\t<a class=\"fusion-rollover-link\" href=\"https:\/\/www.toneluckswitches.com\/de\/produkt\/kfz-elektrik-anschlussset\/\">Kfz-Elektrik-Steckverbinder-Set mit Mikroschalter<\/a>\n\t\t\t\n\t\t\t\t\t\t\t\t\n\t\t\n\t\t\t\t\t\t\t\t\t\t\t\t<h4 class=\"fusion-rollover-title\">\n\t\t\t\t\t<a class=\"fusion-rollover-title-link\" href=\"https:\/\/www.toneluckswitches.com\/de\/produkt\/kfz-elektrik-anschlussset\/\">\n\t\t\t\t\t\tKfz-Elektrik-Steckverbinder-Set mit Mikroschalter\t\t\t\t\t<\/a>\n\t\t\t\t<\/h4>\n\t\t\t\n\t\t\t\t\t\t\t\t\n\t\t\n\t\t\t\t\t\t<a class=\"fusion-link-wrapper\" href=\"https:\/\/www.toneluckswitches.com\/de\/produkt\/kfz-elektrik-anschlussset\/\" aria-label=\"Kfz-Elektrik-Steckverbinder-Set mit Mikroschalter\"><\/a>\n\t<\/div>\n<\/div>\n<\/div>\n<\/div><\/div><\/div><div class=\"awb-swiper-button awb-swiper-button-prev\"><i class=\"awb-icon-angle-left\" aria-hidden=\"true\"><\/i><\/div><div class=\"awb-swiper-button awb-swiper-button-next\"><i class=\"awb-icon-angle-right\" aria-hidden=\"true\"><\/i><\/div><\/div><\/div><\/div><\/div><\/div><\/div>","protected":false},"excerpt":{"rendered":"","protected":false},"author":1,"featured_media":0,"parent":0,"menu_order":0,"comment_status":"closed","ping_status":"closed","template":"","meta":{"footnotes":""},"class_list":["post-1539","page","type-page","status-publish","hentry"],"_links":{"self":[{"href":"https:\/\/www.toneluckswitches.com\/de\/wp-json\/wp\/v2\/pages\/1539","targetHints":{"allow":["GET"]}}],"collection":[{"href":"https:\/\/www.toneluckswitches.com\/de\/wp-json\/wp\/v2\/pages"}],"about":[{"href":"https:\/\/www.toneluckswitches.com\/de\/wp-json\/wp\/v2\/types\/page"}],"author":[{"embeddable":true,"href":"https:\/\/www.toneluckswitches.com\/de\/wp-json\/wp\/v2\/users\/1"}],"replies":[{"embeddable":true,"href":"https:\/\/www.toneluckswitches.com\/de\/wp-json\/wp\/v2\/comments?post=1539"}],"version-history":[{"count":0,"href":"https:\/\/www.toneluckswitches.com\/de\/wp-json\/wp\/v2\/pages\/1539\/revisions"}],"wp:attachment":[{"href":"https:\/\/www.toneluckswitches.com\/de\/wp-json\/wp\/v2\/media?parent=1539"}],"curies":[{"name":"wp","href":"https:\/\/api.w.org\/{rel}","templated":true}]}}